{"id":18708,"date":"2013-06-19T15:57:46","date_gmt":"2013-06-19T13:57:46","guid":{"rendered":"https:\/\/test-oldwebsite.igcat.org\/about-igcat\/"},"modified":"2023-08-01T17:35:40","modified_gmt":"2023-08-01T15:35:40","slug":"sobre-igcat","status":"publish","type":"page","link":"https:\/\/test-oldwebsite.igcat.org\/es\/sobre-igcat\/","title":{"rendered":"Sobre IGCAT"},"content":{"rendered":"<div class=\"wpb-content-wrapper\"><p>[vc_row][vc_column]<h1 class=\"sc_title sc_title_regular sc_align_center\" style=\"margin-bottom:20px;text-align:center;\">Sobre IGCAT<\/h1>[\/vc_column][\/vc_row][vc_row][vc_column][vc_column_text]<strong>El objetivo de IGCAT es empoderar a las comunidades locales y sensibilizar sobre la importancia de salvaguardar y promover sus distintos recursos alimentarios, culturales, art\u00edsticos y de turismo sostenible. <\/strong><strong>Esto es esencial para equilibrar las tendencias alimentarias globalizadas que afectan a nuestro planeta, nuestra salud y nuestras econom\u00edas locales. <\/strong>[\/vc_column_text][\/vc_column][\/vc_row][vc_row][vc_column][vc_empty_space][\/vc_column][\/vc_row][vc_row][vc_column][vc_column_text]IGCAT es un Instituto sin \u00e1nimo de lucro inscrito desde 2010 en la demarcaci\u00f3n de Barcelona del Registro de Asociaciones de la Generalitat de Catalunya, Espa\u00f1a. IGCAT trabaja con consorcios de entidades y agentes regionales en el \u00e1mbito de la gastronom\u00eda, de la cultura, de las artes y del turismo. Cuenta con la experiencia de una <strong>red global de expertos independientes<\/strong> y trabaja en colaboraci\u00f3n con organizaciones intergubernamentales especializadas.[\/vc_column_text][\/vc_column][\/vc_row]<\/p>\n<\/div>","protected":false},"excerpt":{"rendered":"<p>[vc_row][vc_column][\/vc_column][\/vc_row][vc_row][vc_column][vc_column_text]El objetivo de IGCAT es empoderar a las comunidades locales y sensibilizar sobre la importancia de salvaguardar y promover sus distintos recursos alimentarios, culturales, art\u00edsticos y de turismo sostenible. Esto es esencial para equilibrar las tendencias alimentarias globalizadas que afectan a nuestro planeta, nuestra salud y nuestras econom\u00edas locales. [\/vc_column_text][\/vc_column][\/vc_row][vc_row][vc_column][vc_empty_space][\/vc_column][\/vc_row][vc_row][vc_column][vc_column_text]IGCAT es un Instituto sin \u00e1nimo [&hellip;]<\/p>\n","protected":false},"author":2,"featured_media":0,"parent":0,"menu_order":0,"comment_status":"closed","ping_status":"closed","template":"","meta":{"_acf_changed":false,"footnotes":""},"class_list":["post-18708","page","type-page","status-publish","hentry"],"acf":[],"yoast_head":"<!-- This site is optimized with the Yoast SEO plugin v26.0 - https:\/\/yoast.com\/wordpress\/plugins\/seo\/ -->\n<title>Sobre IGCAT<\/title>\n<meta name=\"description\" content=\"IGCAT es un Instituto sin \u00e1nimo de lucro que trabaja con consorcios de actores regionales en el campo de la gastronom\u00eda, la cultura, las artes y el turismo.\" \/>\n<meta name=\"robots\" content=\"noindex, follow, max-snippet:-1, max-image-preview:large, max-video-preview:-1\" \/>\n<meta property=\"og:locale\" content=\"es_ES\" \/>\n<meta property=\"og:type\" content=\"article\" \/>\n<meta property=\"og:title\" content=\"Sobre IGCAT\" \/>\n<meta property=\"og:description\" content=\"IGCAT es un Instituto sin \u00e1nimo de lucro que trabaja con consorcios de actores regionales en el campo de la gastronom\u00eda, la cultura, las artes y el turismo.\" \/>\n<meta property=\"og:url\" content=\"https:\/\/test-oldwebsite.igcat.org\/es\/sobre-igcat\/\" \/>\n<meta property=\"og:site_name\" content=\"IGCAT - International Institute of Gastronomy, Culture, Arts and Tourism\" \/>\n<meta property=\"article:publisher\" content=\"https:\/\/www.facebook.com\/IGCAT2\/\" \/>\n<meta property=\"article:modified_time\" content=\"2023-08-01T15:35:40+00:00\" \/>\n<meta name=\"twitter:card\" content=\"summary_large_image\" \/>\n<meta name=\"twitter:site\" content=\"@IGCAT2\" \/>\n<meta name=\"twitter:label1\" content=\"Tiempo de lectura\" \/>\n\t<meta name=\"twitter:data1\" content=\"1 minuto\" \/>\n<script type=\"application\/ld+json\" class=\"yoast-schema-graph\">{\"@context\":\"https:\/\/schema.org\",\"@graph\":[{\"@type\":\"WebPage\",\"@id\":\"https:\/\/test-oldwebsite.igcat.org\/es\/sobre-igcat\/\",\"url\":\"https:\/\/test-oldwebsite.igcat.org\/es\/sobre-igcat\/\",\"name\":\"Sobre IGCAT\",\"isPartOf\":{\"@id\":\"https:\/\/test-oldwebsite.igcat.org\/es\/#website\"},\"datePublished\":\"2013-06-19T13:57:46+00:00\",\"dateModified\":\"2023-08-01T15:35:40+00:00\",\"description\":\"IGCAT es un Instituto sin \u00e1nimo de lucro que trabaja con consorcios de actores regionales en el campo de la gastronom\u00eda, la cultura, las artes y el turismo.\",\"breadcrumb\":{\"@id\":\"https:\/\/test-oldwebsite.igcat.org\/es\/sobre-igcat\/#breadcrumb\"},\"inLanguage\":\"es\",\"potentialAction\":[{\"@type\":\"ReadAction\",\"target\":[\"https:\/\/test-oldwebsite.igcat.org\/es\/sobre-igcat\/\"]}]},{\"@type\":\"BreadcrumbList\",\"@id\":\"https:\/\/test-oldwebsite.igcat.org\/es\/sobre-igcat\/#breadcrumb\",\"itemListElement\":[{\"@type\":\"ListItem\",\"position\":1,\"name\":\"Home\",\"item\":\"https:\/\/test-oldwebsite.igcat.org\/es\/homepage\/\"},{\"@type\":\"ListItem\",\"position\":2,\"name\":\"Sobre IGCAT\"}]},{\"@type\":\"WebSite\",\"@id\":\"https:\/\/test-oldwebsite.igcat.org\/es\/#website\",\"url\":\"https:\/\/test-oldwebsite.igcat.org\/es\/\",\"name\":\"IGCAT - International Institute of Gastronomy, Culture, Arts and Tourism\",\"description\":\"International Institute of Gastronomy, Culture, Arts and Tourism\",\"publisher\":{\"@id\":\"https:\/\/test-oldwebsite.igcat.org\/es\/#organization\"},\"potentialAction\":[{\"@type\":\"SearchAction\",\"target\":{\"@type\":\"EntryPoint\",\"urlTemplate\":\"https:\/\/test-oldwebsite.igcat.org\/es\/?s={search_term_string}\"},\"query-input\":{\"@type\":\"PropertyValueSpecification\",\"valueRequired\":true,\"valueName\":\"search_term_string\"}}],\"inLanguage\":\"es\"},{\"@type\":\"Organization\",\"@id\":\"https:\/\/test-oldwebsite.igcat.org\/es\/#organization\",\"name\":\"IGCAT\",\"url\":\"https:\/\/test-oldwebsite.igcat.org\/es\/\",\"logo\":{\"@type\":\"ImageObject\",\"inLanguage\":\"es\",\"@id\":\"https:\/\/test-oldwebsite.igcat.org\/es\/#\/schema\/logo\/image\/\",\"url\":\"https:\/\/test-oldwebsite.igcat.org\/wp-content\/uploads\/2016\/02\/main_logo.png\",\"contentUrl\":\"https:\/\/test-oldwebsite.igcat.org\/wp-content\/uploads\/2016\/02\/main_logo.png\",\"width\":620,\"height\":228,\"caption\":\"IGCAT\"},\"image\":{\"@id\":\"https:\/\/test-oldwebsite.igcat.org\/es\/#\/schema\/logo\/image\/\"},\"sameAs\":[\"https:\/\/www.facebook.com\/IGCAT2\/\",\"https:\/\/x.com\/IGCAT2\",\"https:\/\/www.instagram.com\/igcat_org\/\",\"https:\/\/www.linkedin.com\/company\/igcat-international-institute-of-gastronomy-arts-and-tourism\/\",\"https:\/\/www.youtube.com\/channel\/UCL1xbT3vRbZh3bj-d0_0Vlg\"]}]}<\/script>\n<!-- \/ Yoast SEO plugin. -->","yoast_head_json":{"title":"Sobre IGCAT","description":"IGCAT es un Instituto sin \u00e1nimo de lucro que trabaja con consorcios de actores regionales en el campo de la gastronom\u00eda, la cultura, las artes y el turismo.","robots":{"index":"noindex","follow":"follow","max-snippet":"max-snippet:-1","max-image-preview":"max-image-preview:large","max-video-preview":"max-video-preview:-1"},"og_locale":"es_ES","og_type":"article","og_title":"Sobre IGCAT","og_description":"IGCAT es un Instituto sin \u00e1nimo de lucro que trabaja con consorcios de actores regionales en el campo de la gastronom\u00eda, la cultura, las artes y el turismo.","og_url":"https:\/\/test-oldwebsite.igcat.org\/es\/sobre-igcat\/","og_site_name":"IGCAT - International Institute of Gastronomy, Culture, Arts and Tourism","article_publisher":"https:\/\/www.facebook.com\/IGCAT2\/","article_modified_time":"2023-08-01T15:35:40+00:00","twitter_card":"summary_large_image","twitter_site":"@IGCAT2","twitter_misc":{"Tiempo de lectura":"1 minuto"},"schema":{"@context":"https:\/\/schema.org","@graph":[{"@type":"WebPage","@id":"https:\/\/test-oldwebsite.igcat.org\/es\/sobre-igcat\/","url":"https:\/\/test-oldwebsite.igcat.org\/es\/sobre-igcat\/","name":"Sobre IGCAT","isPartOf":{"@id":"https:\/\/test-oldwebsite.igcat.org\/es\/#website"},"datePublished":"2013-06-19T13:57:46+00:00","dateModified":"2023-08-01T15:35:40+00:00","description":"IGCAT es un Instituto sin \u00e1nimo de lucro que trabaja con consorcios de actores regionales en el campo de la gastronom\u00eda, la cultura, las artes y el turismo.","breadcrumb":{"@id":"https:\/\/test-oldwebsite.igcat.org\/es\/sobre-igcat\/#breadcrumb"},"inLanguage":"es","potentialAction":[{"@type":"ReadAction","target":["https:\/\/test-oldwebsite.igcat.org\/es\/sobre-igcat\/"]}]},{"@type":"BreadcrumbList","@id":"https:\/\/test-oldwebsite.igcat.org\/es\/sobre-igcat\/#breadcrumb","itemListElement":[{"@type":"ListItem","position":1,"name":"Home","item":"https:\/\/test-oldwebsite.igcat.org\/es\/homepage\/"},{"@type":"ListItem","position":2,"name":"Sobre IGCAT"}]},{"@type":"WebSite","@id":"https:\/\/test-oldwebsite.igcat.org\/es\/#website","url":"https:\/\/test-oldwebsite.igcat.org\/es\/","name":"IGCAT - International Institute of Gastronomy, Culture, Arts and Tourism","description":"International Institute of Gastronomy, Culture, Arts and Tourism","publisher":{"@id":"https:\/\/test-oldwebsite.igcat.org\/es\/#organization"},"potentialAction":[{"@type":"SearchAction","target":{"@type":"EntryPoint","urlTemplate":"https:\/\/test-oldwebsite.igcat.org\/es\/?s={search_term_string}"},"query-input":{"@type":"PropertyValueSpecification","valueRequired":true,"valueName":"search_term_string"}}],"inLanguage":"es"},{"@type":"Organization","@id":"https:\/\/test-oldwebsite.igcat.org\/es\/#organization","name":"IGCAT","url":"https:\/\/test-oldwebsite.igcat.org\/es\/","logo":{"@type":"ImageObject","inLanguage":"es","@id":"https:\/\/test-oldwebsite.igcat.org\/es\/#\/schema\/logo\/image\/","url":"https:\/\/test-oldwebsite.igcat.org\/wp-content\/uploads\/2016\/02\/main_logo.png","contentUrl":"https:\/\/test-oldwebsite.igcat.org\/wp-content\/uploads\/2016\/02\/main_logo.png","width":620,"height":228,"caption":"IGCAT"},"image":{"@id":"https:\/\/test-oldwebsite.igcat.org\/es\/#\/schema\/logo\/image\/"},"sameAs":["https:\/\/www.facebook.com\/IGCAT2\/","https:\/\/x.com\/IGCAT2","https:\/\/www.instagram.com\/igcat_org\/","https:\/\/www.linkedin.com\/company\/igcat-international-institute-of-gastronomy-arts-and-tourism\/","https:\/\/www.youtube.com\/channel\/UCL1xbT3vRbZh3bj-d0_0Vlg"]}]}},"_links":{"self":[{"href":"https:\/\/test-oldwebsite.igcat.org\/es\/wp-json\/wp\/v2\/pages\/18708","targetHints":{"allow":["GET"]}}],"collection":[{"href":"https:\/\/test-oldwebsite.igcat.org\/es\/wp-json\/wp\/v2\/pages"}],"about":[{"href":"https:\/\/test-oldwebsite.igcat.org\/es\/wp-json\/wp\/v2\/types\/page"}],"author":[{"embeddable":true,"href":"https:\/\/test-oldwebsite.igcat.org\/es\/wp-json\/wp\/v2\/users\/2"}],"replies":[{"embeddable":true,"href":"https:\/\/test-oldwebsite.igcat.org\/es\/wp-json\/wp\/v2\/comments?post=18708"}],"version-history":[{"count":0,"href":"https:\/\/test-oldwebsite.igcat.org\/es\/wp-json\/wp\/v2\/pages\/18708\/revisions"}],"wp:attachment":[{"href":"https:\/\/test-oldwebsite.igcat.org\/es\/wp-json\/wp\/v2\/media?parent=18708"}],"curies":[{"name":"wp","href":"https:\/\/api.w.org\/{rel}","templated":true}]}}