{"id":18746,"date":"2017-01-29T11:24:00","date_gmt":"2017-01-29T10:24:00","guid":{"rendered":"https:\/\/test-oldwebsite.igcat.org\/region-of-gastronomy-award\/"},"modified":"2024-08-20T14:22:44","modified_gmt":"2024-08-20T12:22:44","slug":"premio-region-de-gastronomia","status":"publish","type":"page","link":"https:\/\/test-oldwebsite.igcat.org\/es\/proyectos\/premio-region-de-gastronomia\/","title":{"rendered":"Premio Regi\u00f3n de Gastronom\u00eda"},"content":{"rendered":"<div class=\"wpb-content-wrapper\"><p>[vc_row][vc_column][vc_column_text css=\u00bb\u00bb]<img loading=\"lazy\" decoding=\"async\" class=\"wp-image-22794 size-full aligncenter\" src=\"https:\/\/test-oldwebsite.igcat.org\/wp-content\/uploads\/2021\/01\/WRG_ICON_WEB.png\" alt=\"Regi\u00f3n Mundial de la Gastronom\u00eda\" width=\"170\" height=\"100\" \/>[\/vc_column_text][vc_empty_space]<h1 class=\"sc_title sc_title_regular sc_align_center\" style=\"margin-bottom:30px;text-align:center;\">Region of Gastronomy Award<\/h1>[vc_column_text css=\u00bb\u00bb]<\/p>\n<p style=\"text-align: center;\"><iframe loading=\"lazy\" title=\"YouTube video player\" src=\"https:\/\/www.youtube.com\/embed\/lGnOIqO5xjs?si=NAb3anAmBPXZSu40\" width=\"560\" height=\"315\" frameborder=\"0\" allowfullscreen=\"allowfullscreen\"><\/iframe><\/p>\n<p style=\"text-align: right;\"><em><blockquote class=\"sc_quote sc_quote_style_light\"><p>El <strong>Premio Regi\u00f3n de Gastronom\u00eda<\/strong> tiene como objetivo contribuir a una mejor calidad de vida mediante la sensibilizaci\u00f3n sobre la importancia de la singularidad cultural y alimentaria, estimulando la creatividad y la innovaci\u00f3n gastron\u00f3mica, educando para una mejor nutrici\u00f3n, mejorando los est\u00e1ndares de turismo sostenible, destacando las culturas alimentarias distintivas y fortaleciendo el bienestar de la comunidad. <\/p><\/blockquote><\/em><\/p>\n<p>&nbsp;<\/p>\n<p><a href=\"https:\/\/test-oldwebsite.igcat.org\/es\/expertos\/red-global-de-expertos\/\">Expertos de IGCAT<\/a> desarroll\u00f3 el <strong><a href=\"https:\/\/test-oldwebsite.igcat.org\/wp-content\/uploads\/2024\/08\/World_Region_of_Gastronomy_Brochure_ES_2024.pdf\" target=\"_blank\" rel=\"noopener noreferrer\">Premio Regi\u00f3n de la Gastronom\u00eda<\/a><\/strong> para reconocer la creciente convergencia de los sectores de <strong>la alimentaci\u00f3n<\/strong>, la <strong>cultura<\/strong> y el <strong>turismo<\/strong> y los emocionantes desarrollos que se est\u00e1n produciendo a nivel local y que podr\u00edan apoyar el <strong>desarrollo regional<\/strong>.<br \/>\nLa idea del premio fue desarrollada por IGCAT durante varios a\u00f1os junto con 9 regiones europeas para identificar \u00e1reas de enfoque que pudieran responder a las necesidades de las regiones.<br \/>\nEn 2019, expertos de IGCAT de todo el mundo se reunieron para discutir cambios en <a href=\"https:\/\/test-oldwebsite.igcat.org\/world-regions-of-gastronomy-platform\/focus-areas\/\" target=\"_blank\" rel=\"noopener noreferrer\">las \u00e1reas de enfoque<\/a> con el fin de hacer que el premio sea mundial.<br \/>\nEn 2020, IGCAT abri\u00f3 oficialmente el premio a las regiones del mundo.[\/vc_column_text][\/vc_column][\/vc_row][vc_row][vc_column][vc_empty_space][\/vc_column][\/vc_row][vc_row][vc_column][vc_gallery type=\u00bbflexslider_slide\u00bb interval=\u00bb5&#8243; images=\u00bb18758,18759,18760,18761,18769,18762&#8243; img_size=\u00bblarge\u00bb onclick=\u00bb\u00bb][\/vc_column][\/vc_row][vc_row][vc_column][vc_column_text]Al concebir el Premio para estimular<br \/>\n<strong>innovaci\u00f3n gastron\u00f3mica<\/strong> y <strong>turismo sostenible<\/strong>, las regiones identificaron la necesidad <strong>de garantizar beneficios a largo plazo<\/strong> y, por lo tanto, se cre\u00f3 la <a href=\"https:\/\/test-oldwebsite.igcat.org\/es\/plataforma-de-regiones-mundiales-de-gastronomia\/\" target=\"_blank\" rel=\"noopener noreferrer\">Plataforma de la Regi\u00f3n de la Gastronom\u00eda<\/a> para respaldar y apoyar el <strong>intercambio de conocimientos<\/strong> entre las regiones participantes.<\/p>\n<p style=\"text-align: right;\"><em><blockquote class=\"sc_quote sc_quote_style_light\"><p>B<\/em><em>El Premio alienta a las partes interesadas de todos los sectores a unirse y encontrar soluciones compartidas a los desaf\u00edos del desarrollo regional.<\/p><\/blockquote><\/em><\/p>\n<p>IGCAT introducido en el<strong> Premio Regi\u00f3n de Gastronom\u00eda<\/strong> El concepto de un <strong>enfoque interdisciplinar<\/strong> (gastronom\u00eda, cultura, arte y turismo, y cada vez m\u00e1s agricultura, educaci\u00f3n y salud).<br \/>\nPara unirse a la Plataforma y solicitar el Premio, las regiones deben adaptarse al <strong>modelo de aprendizaje-servicio<\/strong> de IGCAT (creando un grupo regional de partes interesadas de instituciones p\u00fablicas, privadas, del tercer sector y del conocimiento) y, a trav\u00e9s de reuniones peri\u00f3dicas, identificar los desaf\u00edos de la regi\u00f3n y proponer acciones para apoyar el <strong>desarrollo de capacidades<\/strong> a nivel local.<br \/>\nEste enfoque ya ha tenido un \u00e9xito enorme. IGCAT anima a candidaturas para el <strong>Premio de la Regi\u00f3n de la Gastronom\u00eda<\/strong> de todos los continentes.[\/vc_column_text][\/vc_column][\/vc_row][vc_row][vc_column][vc_empty_space][\/vc_column][\/vc_row][vc_row content_placement=\u00bbmiddle\u00bb][vc_column]<figure class=\"sc_image  sc_image_shape_square\" style=\"margin-left:180px !important;width:300px;\"><a href=\"https:\/\/www.europeanregionofgastronomy.org\/\"><img decoding=\"async\" src=\"https:\/\/test-oldwebsite.igcat.org\/wp-content\/uploads\/2013\/06\/European_Region_Gastronomy_Main_Logo_600x224.png\" alt=\"\" \/><\/a><\/figure>[\/vc_column][\/vc_row][vc_row][vc_column][vc_empty_space height=\u00bb60px\u00bb][\/vc_column][\/vc_row][vc_row][vc_column][vc_column_text]<h4 class=\"sc_title sc_title_regular sc_align_center\" style=\"text-align:center;\">M\u00e1s informaci\u00f3n<\/h4>[\/vc_column_text][\/vc_column][\/vc_row][vc_row][vc_column][vc_btn title=\u00bbEMPODERANDO COMUNIDADES &#8211; Regi\u00f3n de Gastronom\u00eda Folleto\u00bb color=\u00bbwarning\u00bb align=\u00bbcenter\u00bb css=\u00bb\u00bb link=\u00bburl:https%3A%2F%2Figcat.org%2Fwp-content%2Fuploads%2F2024%2F08%2FWorld_Region_of_Gastronomy_Brochure_ES_2024.pdf|target:_blank\u00bb][\/vc_column][\/vc_row]<\/p>\n<\/div>","protected":false},"excerpt":{"rendered":"<p>[vc_row][vc_column][vc_column_text css=\u00bb\u00bb][\/vc_column_text][vc_empty_space][vc_column_text css=\u00bb\u00bb] &nbsp; Expertos de IGCAT desarroll\u00f3 el Premio Regi\u00f3n de la Gastronom\u00eda para reconocer la creciente convergencia de los sectores de la alimentaci\u00f3n, la cultura y el turismo y los emocionantes desarrollos que se est\u00e1n produciendo a nivel local y que podr\u00edan apoyar el desarrollo regional. La idea del premio fue desarrollada por [&hellip;]<\/p>\n","protected":false},"author":2,"featured_media":0,"parent":28182,"menu_order":0,"comment_status":"closed","ping_status":"closed","template":"","meta":{"_acf_changed":false,"footnotes":""},"class_list":["post-18746","page","type-page","status-publish","hentry"],"acf":[],"yoast_head":"<!-- This site is optimized with the Yoast SEO plugin v26.0 - https:\/\/yoast.com\/wordpress\/plugins\/seo\/ -->\n<title>Premio Regi\u00f3n de Gastronom\u00eda - IGCAT<\/title>\n<meta name=\"description\" content=\"El Premio Regi\u00f3n de la Gastronom\u00eda reconoce la creciente convergencia de la alimentaci\u00f3n, la cultura y el turismo y los emocionantes desarrollos que se producen a nivel local.\" \/>\n<meta name=\"robots\" content=\"noindex, follow, max-snippet:-1, max-image-preview:large, max-video-preview:-1\" \/>\n<meta property=\"og:locale\" content=\"es_ES\" \/>\n<meta property=\"og:type\" content=\"article\" \/>\n<meta property=\"og:title\" content=\"Premio Regi\u00f3n de Gastronom\u00eda - IGCAT\" \/>\n<meta property=\"og:description\" content=\"El Premio Regi\u00f3n de la Gastronom\u00eda reconoce la creciente convergencia de la alimentaci\u00f3n, la cultura y el turismo y los emocionantes desarrollos que se producen a nivel local.\" \/>\n<meta property=\"og:url\" content=\"https:\/\/test-oldwebsite.igcat.org\/es\/proyectos\/premio-region-de-gastronomia\/\" \/>\n<meta property=\"og:site_name\" content=\"IGCAT - International Institute of Gastronomy, Culture, Arts and Tourism\" \/>\n<meta property=\"article:publisher\" content=\"https:\/\/www.facebook.com\/IGCAT2\/\" \/>\n<meta property=\"article:modified_time\" content=\"2024-08-20T12:22:44+00:00\" \/>\n<meta property=\"og:image\" content=\"https:\/\/test-oldwebsite.igcat.org\/wp-content\/uploads\/2021\/01\/WRG_ICON_WEB.png\" \/>\n<meta name=\"twitter:card\" content=\"summary_large_image\" \/>\n<meta name=\"twitter:site\" content=\"@IGCAT2\" \/>\n<meta name=\"twitter:label1\" content=\"Tiempo de lectura\" \/>\n\t<meta name=\"twitter:data1\" content=\"4 minutos\" \/>\n<script type=\"application\/ld+json\" class=\"yoast-schema-graph\">{\"@context\":\"https:\/\/schema.org\",\"@graph\":[{\"@type\":\"WebPage\",\"@id\":\"https:\/\/test-oldwebsite.igcat.org\/es\/proyectos\/premio-region-de-gastronomia\/\",\"url\":\"https:\/\/test-oldwebsite.igcat.org\/es\/proyectos\/premio-region-de-gastronomia\/\",\"name\":\"Premio Regi\u00f3n de Gastronom\u00eda - IGCAT\",\"isPartOf\":{\"@id\":\"https:\/\/test-oldwebsite.igcat.org\/es\/#website\"},\"primaryImageOfPage\":{\"@id\":\"https:\/\/test-oldwebsite.igcat.org\/es\/proyectos\/premio-region-de-gastronomia\/#primaryimage\"},\"image\":{\"@id\":\"https:\/\/test-oldwebsite.igcat.org\/es\/proyectos\/premio-region-de-gastronomia\/#primaryimage\"},\"thumbnailUrl\":\"https:\/\/test-oldwebsite.igcat.org\/wp-content\/uploads\/2021\/01\/WRG_ICON_WEB.png\",\"datePublished\":\"2017-01-29T10:24:00+00:00\",\"dateModified\":\"2024-08-20T12:22:44+00:00\",\"description\":\"El Premio Regi\u00f3n de la Gastronom\u00eda reconoce la creciente convergencia de la alimentaci\u00f3n, la cultura y el turismo y los emocionantes desarrollos que se producen a nivel local.\",\"breadcrumb\":{\"@id\":\"https:\/\/test-oldwebsite.igcat.org\/es\/proyectos\/premio-region-de-gastronomia\/#breadcrumb\"},\"inLanguage\":\"es\",\"potentialAction\":[{\"@type\":\"ReadAction\",\"target\":[\"https:\/\/test-oldwebsite.igcat.org\/es\/proyectos\/premio-region-de-gastronomia\/\"]}]},{\"@type\":\"ImageObject\",\"inLanguage\":\"es\",\"@id\":\"https:\/\/test-oldwebsite.igcat.org\/es\/proyectos\/premio-region-de-gastronomia\/#primaryimage\",\"url\":\"https:\/\/test-oldwebsite.igcat.org\/wp-content\/uploads\/2021\/01\/WRG_ICON_WEB.png\",\"contentUrl\":\"https:\/\/test-oldwebsite.igcat.org\/wp-content\/uploads\/2021\/01\/WRG_ICON_WEB.png\"},{\"@type\":\"BreadcrumbList\",\"@id\":\"https:\/\/test-oldwebsite.igcat.org\/es\/proyectos\/premio-region-de-gastronomia\/#breadcrumb\",\"itemListElement\":[{\"@type\":\"ListItem\",\"position\":1,\"name\":\"Home\",\"item\":\"https:\/\/test-oldwebsite.igcat.org\/es\/homepage\/\"},{\"@type\":\"ListItem\",\"position\":2,\"name\":\"Proyectos\",\"item\":\"https:\/\/test-oldwebsite.igcat.org\/es\/proyectos\/\"},{\"@type\":\"ListItem\",\"position\":3,\"name\":\"Premio Regi\u00f3n de Gastronom\u00eda\"}]},{\"@type\":\"WebSite\",\"@id\":\"https:\/\/test-oldwebsite.igcat.org\/es\/#website\",\"url\":\"https:\/\/test-oldwebsite.igcat.org\/es\/\",\"name\":\"IGCAT - International Institute of Gastronomy, Culture, Arts and Tourism\",\"description\":\"International Institute of Gastronomy, Culture, Arts and Tourism\",\"publisher\":{\"@id\":\"https:\/\/test-oldwebsite.igcat.org\/es\/#organization\"},\"potentialAction\":[{\"@type\":\"SearchAction\",\"target\":{\"@type\":\"EntryPoint\",\"urlTemplate\":\"https:\/\/test-oldwebsite.igcat.org\/es\/?s={search_term_string}\"},\"query-input\":{\"@type\":\"PropertyValueSpecification\",\"valueRequired\":true,\"valueName\":\"search_term_string\"}}],\"inLanguage\":\"es\"},{\"@type\":\"Organization\",\"@id\":\"https:\/\/test-oldwebsite.igcat.org\/es\/#organization\",\"name\":\"IGCAT\",\"url\":\"https:\/\/test-oldwebsite.igcat.org\/es\/\",\"logo\":{\"@type\":\"ImageObject\",\"inLanguage\":\"es\",\"@id\":\"https:\/\/test-oldwebsite.igcat.org\/es\/#\/schema\/logo\/image\/\",\"url\":\"https:\/\/test-oldwebsite.igcat.org\/wp-content\/uploads\/2016\/02\/main_logo.png\",\"contentUrl\":\"https:\/\/test-oldwebsite.igcat.org\/wp-content\/uploads\/2016\/02\/main_logo.png\",\"width\":620,\"height\":228,\"caption\":\"IGCAT\"},\"image\":{\"@id\":\"https:\/\/test-oldwebsite.igcat.org\/es\/#\/schema\/logo\/image\/\"},\"sameAs\":[\"https:\/\/www.facebook.com\/IGCAT2\/\",\"https:\/\/x.com\/IGCAT2\",\"https:\/\/www.instagram.com\/igcat_org\/\",\"https:\/\/www.linkedin.com\/company\/igcat-international-institute-of-gastronomy-arts-and-tourism\/\",\"https:\/\/www.youtube.com\/channel\/UCL1xbT3vRbZh3bj-d0_0Vlg\"]}]}<\/script>\n<!-- \/ Yoast SEO plugin. -->","yoast_head_json":{"title":"Premio Regi\u00f3n de Gastronom\u00eda - IGCAT","description":"El Premio Regi\u00f3n de la Gastronom\u00eda reconoce la creciente convergencia de la alimentaci\u00f3n, la cultura y el turismo y los emocionantes desarrollos que se producen a nivel local.","robots":{"index":"noindex","follow":"follow","max-snippet":"max-snippet:-1","max-image-preview":"max-image-preview:large","max-video-preview":"max-video-preview:-1"},"og_locale":"es_ES","og_type":"article","og_title":"Premio Regi\u00f3n de Gastronom\u00eda - IGCAT","og_description":"El Premio Regi\u00f3n de la Gastronom\u00eda reconoce la creciente convergencia de la alimentaci\u00f3n, la cultura y el turismo y los emocionantes desarrollos que se producen a nivel local.","og_url":"https:\/\/test-oldwebsite.igcat.org\/es\/proyectos\/premio-region-de-gastronomia\/","og_site_name":"IGCAT - International Institute of Gastronomy, Culture, Arts and Tourism","article_publisher":"https:\/\/www.facebook.com\/IGCAT2\/","article_modified_time":"2024-08-20T12:22:44+00:00","og_image":[{"url":"https:\/\/test-oldwebsite.igcat.org\/wp-content\/uploads\/2021\/01\/WRG_ICON_WEB.png","type":"","width":"","height":""}],"twitter_card":"summary_large_image","twitter_site":"@IGCAT2","twitter_misc":{"Tiempo de lectura":"4 minutos"},"schema":{"@context":"https:\/\/schema.org","@graph":[{"@type":"WebPage","@id":"https:\/\/test-oldwebsite.igcat.org\/es\/proyectos\/premio-region-de-gastronomia\/","url":"https:\/\/test-oldwebsite.igcat.org\/es\/proyectos\/premio-region-de-gastronomia\/","name":"Premio Regi\u00f3n de Gastronom\u00eda - IGCAT","isPartOf":{"@id":"https:\/\/test-oldwebsite.igcat.org\/es\/#website"},"primaryImageOfPage":{"@id":"https:\/\/test-oldwebsite.igcat.org\/es\/proyectos\/premio-region-de-gastronomia\/#primaryimage"},"image":{"@id":"https:\/\/test-oldwebsite.igcat.org\/es\/proyectos\/premio-region-de-gastronomia\/#primaryimage"},"thumbnailUrl":"https:\/\/test-oldwebsite.igcat.org\/wp-content\/uploads\/2021\/01\/WRG_ICON_WEB.png","datePublished":"2017-01-29T10:24:00+00:00","dateModified":"2024-08-20T12:22:44+00:00","description":"El Premio Regi\u00f3n de la Gastronom\u00eda reconoce la creciente convergencia de la alimentaci\u00f3n, la cultura y el turismo y los emocionantes desarrollos que se producen a nivel local.","breadcrumb":{"@id":"https:\/\/test-oldwebsite.igcat.org\/es\/proyectos\/premio-region-de-gastronomia\/#breadcrumb"},"inLanguage":"es","potentialAction":[{"@type":"ReadAction","target":["https:\/\/test-oldwebsite.igcat.org\/es\/proyectos\/premio-region-de-gastronomia\/"]}]},{"@type":"ImageObject","inLanguage":"es","@id":"https:\/\/test-oldwebsite.igcat.org\/es\/proyectos\/premio-region-de-gastronomia\/#primaryimage","url":"https:\/\/test-oldwebsite.igcat.org\/wp-content\/uploads\/2021\/01\/WRG_ICON_WEB.png","contentUrl":"https:\/\/test-oldwebsite.igcat.org\/wp-content\/uploads\/2021\/01\/WRG_ICON_WEB.png"},{"@type":"BreadcrumbList","@id":"https:\/\/test-oldwebsite.igcat.org\/es\/proyectos\/premio-region-de-gastronomia\/#breadcrumb","itemListElement":[{"@type":"ListItem","position":1,"name":"Home","item":"https:\/\/test-oldwebsite.igcat.org\/es\/homepage\/"},{"@type":"ListItem","position":2,"name":"Proyectos","item":"https:\/\/test-oldwebsite.igcat.org\/es\/proyectos\/"},{"@type":"ListItem","position":3,"name":"Premio Regi\u00f3n de Gastronom\u00eda"}]},{"@type":"WebSite","@id":"https:\/\/test-oldwebsite.igcat.org\/es\/#website","url":"https:\/\/test-oldwebsite.igcat.org\/es\/","name":"IGCAT - International Institute of Gastronomy, Culture, Arts and Tourism","description":"International Institute of Gastronomy, Culture, Arts and Tourism","publisher":{"@id":"https:\/\/test-oldwebsite.igcat.org\/es\/#organization"},"potentialAction":[{"@type":"SearchAction","target":{"@type":"EntryPoint","urlTemplate":"https:\/\/test-oldwebsite.igcat.org\/es\/?s={search_term_string}"},"query-input":{"@type":"PropertyValueSpecification","valueRequired":true,"valueName":"search_term_string"}}],"inLanguage":"es"},{"@type":"Organization","@id":"https:\/\/test-oldwebsite.igcat.org\/es\/#organization","name":"IGCAT","url":"https:\/\/test-oldwebsite.igcat.org\/es\/","logo":{"@type":"ImageObject","inLanguage":"es","@id":"https:\/\/test-oldwebsite.igcat.org\/es\/#\/schema\/logo\/image\/","url":"https:\/\/test-oldwebsite.igcat.org\/wp-content\/uploads\/2016\/02\/main_logo.png","contentUrl":"https:\/\/test-oldwebsite.igcat.org\/wp-content\/uploads\/2016\/02\/main_logo.png","width":620,"height":228,"caption":"IGCAT"},"image":{"@id":"https:\/\/test-oldwebsite.igcat.org\/es\/#\/schema\/logo\/image\/"},"sameAs":["https:\/\/www.facebook.com\/IGCAT2\/","https:\/\/x.com\/IGCAT2","https:\/\/www.instagram.com\/igcat_org\/","https:\/\/www.linkedin.com\/company\/igcat-international-institute-of-gastronomy-arts-and-tourism\/","https:\/\/www.youtube.com\/channel\/UCL1xbT3vRbZh3bj-d0_0Vlg"]}]}},"_links":{"self":[{"href":"https:\/\/test-oldwebsite.igcat.org\/es\/wp-json\/wp\/v2\/pages\/18746","targetHints":{"allow":["GET"]}}],"collection":[{"href":"https:\/\/test-oldwebsite.igcat.org\/es\/wp-json\/wp\/v2\/pages"}],"about":[{"href":"https:\/\/test-oldwebsite.igcat.org\/es\/wp-json\/wp\/v2\/types\/page"}],"author":[{"embeddable":true,"href":"https:\/\/test-oldwebsite.igcat.org\/es\/wp-json\/wp\/v2\/users\/2"}],"replies":[{"embeddable":true,"href":"https:\/\/test-oldwebsite.igcat.org\/es\/wp-json\/wp\/v2\/comments?post=18746"}],"version-history":[{"count":0,"href":"https:\/\/test-oldwebsite.igcat.org\/es\/wp-json\/wp\/v2\/pages\/18746\/revisions"}],"up":[{"embeddable":true,"href":"https:\/\/test-oldwebsite.igcat.org\/es\/wp-json\/wp\/v2\/pages\/28182"}],"wp:attachment":[{"href":"https:\/\/test-oldwebsite.igcat.org\/es\/wp-json\/wp\/v2\/media?parent=18746"}],"curies":[{"name":"wp","href":"https:\/\/api.w.org\/{rel}","templated":true}]}}