{"id":18922,"date":"2014-05-08T13:24:44","date_gmt":"2014-05-08T11:24:44","guid":{"rendered":"https:\/\/test-oldwebsite.igcat.org\/sobre-igcat\/student-internship-opportunities\/"},"modified":"2022-06-07T09:29:23","modified_gmt":"2022-06-07T07:29:23","slug":"student-internship-opportunities","status":"publish","type":"page","link":"https:\/\/test-oldwebsite.igcat.org\/es\/sobre-igcat\/student-internship-opportunities\/","title":{"rendered":"Ofertas de pr\u00e1cticas para estudiantes"},"content":{"rendered":"<p><h2 class=\"sc_title sc_title_regular sc_align_left\" style=\"margin-top:10px;margin-bottom:15px;text-align:left;\">Ofertas de pr\u00e1cticas para estudiantes<\/h2><h4 class=\"sc_title sc_title_regular sc_align_left\" style=\"margin-bottom:10px;text-align:left;\">IGCAT ofrece per\u00edodos de pr\u00e1cticas de 6 \u2013 12 meses.<\/h4><br \/>\n<b>Ubicaci\u00f3n:<\/b> provincia de Barcelona<\/p>\n<p><strong>Per\u00edodos:<\/strong><br \/>\n12 meses<br \/>\n&#8211; septiembre-julio<br \/>\n6 meses<br \/>\n&#8211; septiembre-febrero<br \/>\n&#8211; febrero-julio<\/p>\n<p><b>Horario:<\/b> 5 d\u00edas a la semana (lun. \u2013 vie.), full-time.<\/p>\n<p><b>\u00c1reas de trabajo:<\/b><br \/>\nPrograma World\/European Region of Gastronomy (incluye actualizaci\u00f3n del sitio web y ayuda en la organizaci\u00f3n de reuniones)<br \/>\nEuropean Young Chef Award \u2013 rol de apoyo<br \/>\nWorld Food Gift Challenge \u2013 rol de apoyo<br \/>\nTop Websites for Foodie Travelers \u2013 rol de apoyo<br \/>\nFood Film Menu \u2013 rol de apoyo<br \/>\nReuniones de los expertos de IGCAT \u2013 organizaci\u00f3n y apoyo<br \/>\nSecci\u00f3n de noticias de IGCAT sobre turismo sostenible, cultura y gastronom\u00eda local y regional<br \/>\nBolet\u00edn de IGCAT y supervisi\u00f3n del mailing<br \/>\nMarketing y comunicaci\u00f3n (incluye la gesti\u00f3n de listas de contacto)<br \/>\nRecaudaci\u00f3n de fondos (patrocinios y solicitud de fondos europeos)<br \/>\nEstrategia de medios sociales de IGCAT (Facebook, Twitter, LinkedIn, Instagram)<br \/>\nReuniones de equipo y aportaci\u00f3n de ideas sobre los proyectos de IGCAT y su rumbo futuro<br \/>\nColaboraci\u00f3n, seg\u00fan sea necesario, en publicaciones y cursos de formaci\u00f3n<br \/>\nAyuda en la organizaci\u00f3n de reuniones internacionales, seg\u00fan sea necesario (fechas por determinar)<br \/>\nOtras tareas administrativas que puedan surgir<\/p>\n<p><strong>Candidatos:<\/strong><br \/>\nLos candidatos deber\u00e1n ser estudiantes de Master en turismo, gesti\u00f3n cultural, agricultura, hospitalidad o otros \u00e1mbitos relacionados.<br \/>\nSe agradecer\u00e1n especialmente conocimientos y capacidades en comunicaci\u00f3n, marketing y dise\u00f1o gr\u00e1fico.<br \/>\n<strong>SE REQUIERE UN BUEN NIVEL DE INGL\u00c9S.<\/strong><br \/>\nEl conocimiento del CATAL\u00c1N y\/o CASTELLANO ser\u00e1 valorado, pero no es indispensable.<\/p>\n<p>IGCAT no ofrecer\u00e1 ninguna remuneraci\u00f3n y los becarios deber\u00e1n cubrir sus propios gastos de alojamiento y transporte durante el per\u00edodo de pr\u00e1cticas.<\/p>\n<div>\n<p style=\"display: inline !important;\"><strong>Para postularse:\u00a0<\/strong><\/p>\n<p style=\"display: inline !important;\">enviar un correo que incluya la fecha de inicio deseada, las \u00e1reas de inter\u00e9s y un CV a\u00a0<a href=\"mailto:info@igcat.org\">info@igcat.org<\/a><\/p>\n<\/div>\n","protected":false},"excerpt":{"rendered":"<p>Ubicaci\u00f3n: provincia de Barcelona Per\u00edodos: 12 meses &#8211; septiembre-julio 6 meses &#8211; septiembre-febrero &#8211; febrero-julio Horario: 5 d\u00edas a la semana (lun. \u2013 vie.), full-time. \u00c1reas de trabajo: Programa World\/European Region of Gastronomy (incluye actualizaci\u00f3n del sitio web y ayuda en la organizaci\u00f3n de reuniones) European Young Chef Award \u2013 rol de apoyo World Food [&hellip;]<\/p>\n","protected":false},"author":2,"featured_media":0,"parent":18708,"menu_order":8,"comment_status":"closed","ping_status":"closed","template":"","meta":{"_acf_changed":false,"footnotes":""},"class_list":["post-18922","page","type-page","status-publish","hentry"],"acf":[],"yoast_head":"<!-- This site is optimized with the Yoast SEO plugin v26.0 - https:\/\/yoast.com\/wordpress\/plugins\/seo\/ -->\n<title>Ofertas de pr\u00e1cticas para estudiantes - IGCAT - International Institute of Gastronomy, Culture, Arts and Tourism<\/title>\n<meta name=\"robots\" content=\"noindex, follow, max-snippet:-1, max-image-preview:large, max-video-preview:-1\" \/>\n<meta property=\"og:locale\" content=\"es_ES\" \/>\n<meta property=\"og:type\" content=\"article\" \/>\n<meta property=\"og:title\" content=\"Ofertas de pr\u00e1cticas para estudiantes - IGCAT - International Institute of Gastronomy, Culture, Arts and Tourism\" \/>\n<meta property=\"og:description\" content=\"Ubicaci\u00f3n: provincia de Barcelona Per\u00edodos: 12 meses &#8211; septiembre-julio 6 meses &#8211; septiembre-febrero &#8211; febrero-julio Horario: 5 d\u00edas a la semana (lun. \u2013 vie.), full-time. \u00c1reas de trabajo: Programa World\/European Region of Gastronomy (incluye actualizaci\u00f3n del sitio web y ayuda en la organizaci\u00f3n de reuniones) European Young Chef Award \u2013 rol de apoyo World Food [&hellip;]\" \/>\n<meta property=\"og:url\" content=\"https:\/\/test-oldwebsite.igcat.org\/es\/sobre-igcat\/student-internship-opportunities\/\" \/>\n<meta property=\"og:site_name\" content=\"IGCAT - International Institute of Gastronomy, Culture, Arts and Tourism\" \/>\n<meta property=\"article:publisher\" content=\"https:\/\/www.facebook.com\/IGCAT2\/\" \/>\n<meta property=\"article:modified_time\" content=\"2022-06-07T07:29:23+00:00\" \/>\n<meta name=\"twitter:card\" content=\"summary_large_image\" \/>\n<meta name=\"twitter:site\" content=\"@IGCAT2\" \/>\n<meta name=\"twitter:label1\" content=\"Tiempo de lectura\" \/>\n\t<meta name=\"twitter:data1\" content=\"2 minutos\" \/>\n<script type=\"application\/ld+json\" class=\"yoast-schema-graph\">{\"@context\":\"https:\/\/schema.org\",\"@graph\":[{\"@type\":\"WebPage\",\"@id\":\"https:\/\/test-oldwebsite.igcat.org\/es\/sobre-igcat\/student-internship-opportunities\/\",\"url\":\"https:\/\/test-oldwebsite.igcat.org\/es\/sobre-igcat\/student-internship-opportunities\/\",\"name\":\"Ofertas de pr\u00e1cticas para estudiantes - IGCAT - International Institute of Gastronomy, Culture, Arts and Tourism\",\"isPartOf\":{\"@id\":\"https:\/\/test-oldwebsite.igcat.org\/es\/#website\"},\"datePublished\":\"2014-05-08T11:24:44+00:00\",\"dateModified\":\"2022-06-07T07:29:23+00:00\",\"breadcrumb\":{\"@id\":\"https:\/\/test-oldwebsite.igcat.org\/es\/sobre-igcat\/student-internship-opportunities\/#breadcrumb\"},\"inLanguage\":\"es\",\"potentialAction\":[{\"@type\":\"ReadAction\",\"target\":[\"https:\/\/test-oldwebsite.igcat.org\/es\/sobre-igcat\/student-internship-opportunities\/\"]}]},{\"@type\":\"BreadcrumbList\",\"@id\":\"https:\/\/test-oldwebsite.igcat.org\/es\/sobre-igcat\/student-internship-opportunities\/#breadcrumb\",\"itemListElement\":[{\"@type\":\"ListItem\",\"position\":1,\"name\":\"Home\",\"item\":\"https:\/\/test-oldwebsite.igcat.org\/es\/homepage\/\"},{\"@type\":\"ListItem\",\"position\":2,\"name\":\"Sobre IGCAT\",\"item\":\"https:\/\/test-oldwebsite.igcat.org\/es\/sobre-igcat\/\"},{\"@type\":\"ListItem\",\"position\":3,\"name\":\"Ofertas de pr\u00e1cticas para estudiantes\"}]},{\"@type\":\"WebSite\",\"@id\":\"https:\/\/test-oldwebsite.igcat.org\/es\/#website\",\"url\":\"https:\/\/test-oldwebsite.igcat.org\/es\/\",\"name\":\"IGCAT - International Institute of Gastronomy, Culture, Arts and Tourism\",\"description\":\"International Institute of Gastronomy, Culture, Arts and Tourism\",\"publisher\":{\"@id\":\"https:\/\/test-oldwebsite.igcat.org\/es\/#organization\"},\"potentialAction\":[{\"@type\":\"SearchAction\",\"target\":{\"@type\":\"EntryPoint\",\"urlTemplate\":\"https:\/\/test-oldwebsite.igcat.org\/es\/?s={search_term_string}\"},\"query-input\":{\"@type\":\"PropertyValueSpecification\",\"valueRequired\":true,\"valueName\":\"search_term_string\"}}],\"inLanguage\":\"es\"},{\"@type\":\"Organization\",\"@id\":\"https:\/\/test-oldwebsite.igcat.org\/es\/#organization\",\"name\":\"IGCAT\",\"url\":\"https:\/\/test-oldwebsite.igcat.org\/es\/\",\"logo\":{\"@type\":\"ImageObject\",\"inLanguage\":\"es\",\"@id\":\"https:\/\/test-oldwebsite.igcat.org\/es\/#\/schema\/logo\/image\/\",\"url\":\"https:\/\/test-oldwebsite.igcat.org\/wp-content\/uploads\/2016\/02\/main_logo.png\",\"contentUrl\":\"https:\/\/test-oldwebsite.igcat.org\/wp-content\/uploads\/2016\/02\/main_logo.png\",\"width\":620,\"height\":228,\"caption\":\"IGCAT\"},\"image\":{\"@id\":\"https:\/\/test-oldwebsite.igcat.org\/es\/#\/schema\/logo\/image\/\"},\"sameAs\":[\"https:\/\/www.facebook.com\/IGCAT2\/\",\"https:\/\/x.com\/IGCAT2\",\"https:\/\/www.instagram.com\/igcat_org\/\",\"https:\/\/www.linkedin.com\/company\/igcat-international-institute-of-gastronomy-arts-and-tourism\/\",\"https:\/\/www.youtube.com\/channel\/UCL1xbT3vRbZh3bj-d0_0Vlg\"]}]}<\/script>\n<!-- \/ Yoast SEO plugin. -->","yoast_head_json":{"title":"Ofertas de pr\u00e1cticas para estudiantes - IGCAT - International Institute of Gastronomy, Culture, Arts and Tourism","robots":{"index":"noindex","follow":"follow","max-snippet":"max-snippet:-1","max-image-preview":"max-image-preview:large","max-video-preview":"max-video-preview:-1"},"og_locale":"es_ES","og_type":"article","og_title":"Ofertas de pr\u00e1cticas para estudiantes - IGCAT - International Institute of Gastronomy, Culture, Arts and Tourism","og_description":"Ubicaci\u00f3n: provincia de Barcelona Per\u00edodos: 12 meses &#8211; septiembre-julio 6 meses &#8211; septiembre-febrero &#8211; febrero-julio Horario: 5 d\u00edas a la semana (lun. \u2013 vie.), full-time. \u00c1reas de trabajo: Programa World\/European Region of Gastronomy (incluye actualizaci\u00f3n del sitio web y ayuda en la organizaci\u00f3n de reuniones) European Young Chef Award \u2013 rol de apoyo World Food [&hellip;]","og_url":"https:\/\/test-oldwebsite.igcat.org\/es\/sobre-igcat\/student-internship-opportunities\/","og_site_name":"IGCAT - International Institute of Gastronomy, Culture, Arts and Tourism","article_publisher":"https:\/\/www.facebook.com\/IGCAT2\/","article_modified_time":"2022-06-07T07:29:23+00:00","twitter_card":"summary_large_image","twitter_site":"@IGCAT2","twitter_misc":{"Tiempo de lectura":"2 minutos"},"schema":{"@context":"https:\/\/schema.org","@graph":[{"@type":"WebPage","@id":"https:\/\/test-oldwebsite.igcat.org\/es\/sobre-igcat\/student-internship-opportunities\/","url":"https:\/\/test-oldwebsite.igcat.org\/es\/sobre-igcat\/student-internship-opportunities\/","name":"Ofertas de pr\u00e1cticas para estudiantes - IGCAT - International Institute of Gastronomy, Culture, Arts and Tourism","isPartOf":{"@id":"https:\/\/test-oldwebsite.igcat.org\/es\/#website"},"datePublished":"2014-05-08T11:24:44+00:00","dateModified":"2022-06-07T07:29:23+00:00","breadcrumb":{"@id":"https:\/\/test-oldwebsite.igcat.org\/es\/sobre-igcat\/student-internship-opportunities\/#breadcrumb"},"inLanguage":"es","potentialAction":[{"@type":"ReadAction","target":["https:\/\/test-oldwebsite.igcat.org\/es\/sobre-igcat\/student-internship-opportunities\/"]}]},{"@type":"BreadcrumbList","@id":"https:\/\/test-oldwebsite.igcat.org\/es\/sobre-igcat\/student-internship-opportunities\/#breadcrumb","itemListElement":[{"@type":"ListItem","position":1,"name":"Home","item":"https:\/\/test-oldwebsite.igcat.org\/es\/homepage\/"},{"@type":"ListItem","position":2,"name":"Sobre IGCAT","item":"https:\/\/test-oldwebsite.igcat.org\/es\/sobre-igcat\/"},{"@type":"ListItem","position":3,"name":"Ofertas de pr\u00e1cticas para estudiantes"}]},{"@type":"WebSite","@id":"https:\/\/test-oldwebsite.igcat.org\/es\/#website","url":"https:\/\/test-oldwebsite.igcat.org\/es\/","name":"IGCAT - International Institute of Gastronomy, Culture, Arts and Tourism","description":"International Institute of Gastronomy, Culture, Arts and Tourism","publisher":{"@id":"https:\/\/test-oldwebsite.igcat.org\/es\/#organization"},"potentialAction":[{"@type":"SearchAction","target":{"@type":"EntryPoint","urlTemplate":"https:\/\/test-oldwebsite.igcat.org\/es\/?s={search_term_string}"},"query-input":{"@type":"PropertyValueSpecification","valueRequired":true,"valueName":"search_term_string"}}],"inLanguage":"es"},{"@type":"Organization","@id":"https:\/\/test-oldwebsite.igcat.org\/es\/#organization","name":"IGCAT","url":"https:\/\/test-oldwebsite.igcat.org\/es\/","logo":{"@type":"ImageObject","inLanguage":"es","@id":"https:\/\/test-oldwebsite.igcat.org\/es\/#\/schema\/logo\/image\/","url":"https:\/\/test-oldwebsite.igcat.org\/wp-content\/uploads\/2016\/02\/main_logo.png","contentUrl":"https:\/\/test-oldwebsite.igcat.org\/wp-content\/uploads\/2016\/02\/main_logo.png","width":620,"height":228,"caption":"IGCAT"},"image":{"@id":"https:\/\/test-oldwebsite.igcat.org\/es\/#\/schema\/logo\/image\/"},"sameAs":["https:\/\/www.facebook.com\/IGCAT2\/","https:\/\/x.com\/IGCAT2","https:\/\/www.instagram.com\/igcat_org\/","https:\/\/www.linkedin.com\/company\/igcat-international-institute-of-gastronomy-arts-and-tourism\/","https:\/\/www.youtube.com\/channel\/UCL1xbT3vRbZh3bj-d0_0Vlg"]}]}},"_links":{"self":[{"href":"https:\/\/test-oldwebsite.igcat.org\/es\/wp-json\/wp\/v2\/pages\/18922","targetHints":{"allow":["GET"]}}],"collection":[{"href":"https:\/\/test-oldwebsite.igcat.org\/es\/wp-json\/wp\/v2\/pages"}],"about":[{"href":"https:\/\/test-oldwebsite.igcat.org\/es\/wp-json\/wp\/v2\/types\/page"}],"author":[{"embeddable":true,"href":"https:\/\/test-oldwebsite.igcat.org\/es\/wp-json\/wp\/v2\/users\/2"}],"replies":[{"embeddable":true,"href":"https:\/\/test-oldwebsite.igcat.org\/es\/wp-json\/wp\/v2\/comments?post=18922"}],"version-history":[{"count":0,"href":"https:\/\/test-oldwebsite.igcat.org\/es\/wp-json\/wp\/v2\/pages\/18922\/revisions"}],"up":[{"embeddable":true,"href":"https:\/\/test-oldwebsite.igcat.org\/es\/wp-json\/wp\/v2\/pages\/18708"}],"wp:attachment":[{"href":"https:\/\/test-oldwebsite.igcat.org\/es\/wp-json\/wp\/v2\/media?parent=18922"}],"curies":[{"name":"wp","href":"https:\/\/api.w.org\/{rel}","templated":true}]}}