{"id":19233,"date":"2016-01-13T14:42:12","date_gmt":"2016-01-13T13:42:12","guid":{"rendered":"https:\/\/test-oldwebsite.igcat.org\/global-experts-network\/"},"modified":"2023-02-06T17:32:06","modified_gmt":"2023-02-06T16:32:06","slug":"red-global-de-expertos","status":"publish","type":"page","link":"https:\/\/test-oldwebsite.igcat.org\/es\/expertos\/red-global-de-expertos\/","title":{"rendered":"Red Global de Expertos"},"content":{"rendered":"<div class=\"wpb-content-wrapper\"><p>[vc_row][vc_column][vc_column_text]<img loading=\"lazy\" decoding=\"async\" class=\"aligncenter wp-image-24476\" src=\"https:\/\/test-oldwebsite.igcat.org\/wp-content\/uploads\/2016\/09\/EN.png\" alt=\"Global Experts Network_Icon\" width=\"130\" height=\"130\" srcset=\"https:\/\/test-oldwebsite.igcat.org\/wp-content\/uploads\/2016\/09\/EN.png 170w, https:\/\/test-oldwebsite.igcat.org\/wp-content\/uploads\/2016\/09\/EN-75x75.png 75w\" sizes=\"auto, (max-width: 130px) 100vw, 130px\" \/>[\/vc_column_text]<h1 class=\"sc_title sc_title_regular sc_align_center\" style=\"margin-bottom:30px;text-align:center;\">Red Global de Expertos<\/h1>[vc_column_text]<\/p>\n<blockquote><p>Los <strong>expertos de IGCAT<\/strong> creen que la <strong>diversidad alimentaria y cultural<\/strong> es una fuente importante de orgullo y de oportunidades empresariales para aumentar la producci\u00f3n local y empoderar a las comunidades locales.<\/p>\n<p>&nbsp;<\/p>\n<p>Los <strong>expertos de IGCAT<\/strong> unen sus fuerzas para infundir orgullo local creando alianzas entre las comunidades locales y sectores diferentes para estimular el esp\u00edritu empresarial, la creatividad y la innovaci\u00f3n a partir de las tradiciones y el patrimonio cultural material e inmaterial, siendo \u00e9stos importantes recursos para <strong>fortalecer y preservar la expresi\u00f3n cultural<\/strong> en las comunidades locales.<\/p>\n<p>&nbsp;<\/p>\n<p>De este modo, <strong>IGCAT<\/strong> pretende tambi\u00e9n concienciar sobre las cuestiones relativas a los sistemas alimentarios sostenibles y estimular un consumo m\u00e1s responsable para el futuro.<\/p><\/blockquote>\n<p>[\/vc_column_text][vc_empty_space height=\u00bb80px\u00bb][\/vc_column][\/vc_row][vc_row][vc_column][vc_basic_grid post_type=\u00bbteam\u00bb max_items=\u00bb999&#8243; order=\u00bbASC\u00bb item=\u00bb21560&#8243; grid_id=\u00bbvc_gid:1643822045093-4d466aa5-d887-2&#8243; taxonomies=\u00bb507&#8243;][\/vc_column][\/vc_row]<\/p>\n<\/div>","protected":false},"excerpt":{"rendered":"<p>[vc_row][vc_column][vc_column_text][\/vc_column_text][vc_column_text] Los expertos de IGCAT creen que la diversidad alimentaria y cultural es una fuente importante de orgullo y de oportunidades empresariales para aumentar la producci\u00f3n local y empoderar a las comunidades locales. &nbsp; Los expertos de IGCAT unen sus fuerzas para infundir orgullo local creando alianzas entre las comunidades locales y sectores diferentes para [&hellip;]<\/p>\n","protected":false},"author":2,"featured_media":0,"parent":28095,"menu_order":0,"comment_status":"closed","ping_status":"closed","template":"","meta":{"_acf_changed":false,"footnotes":""},"class_list":["post-19233","page","type-page","status-publish","hentry"],"acf":[],"yoast_head":"<!-- This site is optimized with the Yoast SEO plugin v26.0 - https:\/\/yoast.com\/wordpress\/plugins\/seo\/ -->\n<title>Red Global de Expertos - IGCAT<\/title>\n<meta name=\"description\" content=\"Los expertos de IGCAT creen que la diversidad alimentaria y cultural es una fuente importante de orgullo y de oportunidades empresariales\" \/>\n<meta name=\"robots\" content=\"noindex, follow, max-snippet:-1, max-image-preview:large, max-video-preview:-1\" \/>\n<meta property=\"og:locale\" content=\"es_ES\" \/>\n<meta property=\"og:type\" content=\"article\" \/>\n<meta property=\"og:title\" content=\"Red Global de Expertos - IGCAT\" \/>\n<meta property=\"og:description\" content=\"Los expertos de IGCAT creen que la diversidad alimentaria y cultural es una fuente importante de orgullo y de oportunidades empresariales\" \/>\n<meta property=\"og:url\" content=\"https:\/\/test-oldwebsite.igcat.org\/es\/expertos\/red-global-de-expertos\/\" \/>\n<meta property=\"og:site_name\" content=\"IGCAT - International Institute of Gastronomy, Culture, Arts and Tourism\" \/>\n<meta property=\"article:publisher\" content=\"https:\/\/www.facebook.com\/IGCAT2\/\" \/>\n<meta property=\"article:modified_time\" content=\"2023-02-06T16:32:06+00:00\" \/>\n<meta property=\"og:image\" content=\"https:\/\/test-oldwebsite.igcat.org\/wp-content\/uploads\/2016\/09\/EN.png\" \/>\n<meta name=\"twitter:card\" content=\"summary_large_image\" \/>\n<meta name=\"twitter:site\" content=\"@IGCAT2\" \/>\n<meta name=\"twitter:label1\" content=\"Tiempo de lectura\" \/>\n\t<meta name=\"twitter:data1\" content=\"1 minuto\" \/>\n<script type=\"application\/ld+json\" class=\"yoast-schema-graph\">{\"@context\":\"https:\/\/schema.org\",\"@graph\":[{\"@type\":\"WebPage\",\"@id\":\"https:\/\/test-oldwebsite.igcat.org\/es\/expertos\/red-global-de-expertos\/\",\"url\":\"https:\/\/test-oldwebsite.igcat.org\/es\/expertos\/red-global-de-expertos\/\",\"name\":\"Red Global de Expertos - IGCAT\",\"isPartOf\":{\"@id\":\"https:\/\/test-oldwebsite.igcat.org\/es\/#website\"},\"primaryImageOfPage\":{\"@id\":\"https:\/\/test-oldwebsite.igcat.org\/es\/expertos\/red-global-de-expertos\/#primaryimage\"},\"image\":{\"@id\":\"https:\/\/test-oldwebsite.igcat.org\/es\/expertos\/red-global-de-expertos\/#primaryimage\"},\"thumbnailUrl\":\"https:\/\/test-oldwebsite.igcat.org\/wp-content\/uploads\/2016\/09\/EN.png\",\"datePublished\":\"2016-01-13T13:42:12+00:00\",\"dateModified\":\"2023-02-06T16:32:06+00:00\",\"description\":\"Los expertos de IGCAT creen que la diversidad alimentaria y cultural es una fuente importante de orgullo y de oportunidades empresariales\",\"breadcrumb\":{\"@id\":\"https:\/\/test-oldwebsite.igcat.org\/es\/expertos\/red-global-de-expertos\/#breadcrumb\"},\"inLanguage\":\"es\",\"potentialAction\":[{\"@type\":\"ReadAction\",\"target\":[\"https:\/\/test-oldwebsite.igcat.org\/es\/expertos\/red-global-de-expertos\/\"]}]},{\"@type\":\"ImageObject\",\"inLanguage\":\"es\",\"@id\":\"https:\/\/test-oldwebsite.igcat.org\/es\/expertos\/red-global-de-expertos\/#primaryimage\",\"url\":\"https:\/\/test-oldwebsite.igcat.org\/wp-content\/uploads\/2016\/09\/EN.png\",\"contentUrl\":\"https:\/\/test-oldwebsite.igcat.org\/wp-content\/uploads\/2016\/09\/EN.png\"},{\"@type\":\"BreadcrumbList\",\"@id\":\"https:\/\/test-oldwebsite.igcat.org\/es\/expertos\/red-global-de-expertos\/#breadcrumb\",\"itemListElement\":[{\"@type\":\"ListItem\",\"position\":1,\"name\":\"Home\",\"item\":\"https:\/\/test-oldwebsite.igcat.org\/es\/homepage\/\"},{\"@type\":\"ListItem\",\"position\":2,\"name\":\"Red Global de Expertos\"}]},{\"@type\":\"WebSite\",\"@id\":\"https:\/\/test-oldwebsite.igcat.org\/es\/#website\",\"url\":\"https:\/\/test-oldwebsite.igcat.org\/es\/\",\"name\":\"IGCAT - International Institute of Gastronomy, Culture, Arts and Tourism\",\"description\":\"International Institute of Gastronomy, Culture, Arts and Tourism\",\"publisher\":{\"@id\":\"https:\/\/test-oldwebsite.igcat.org\/es\/#organization\"},\"potentialAction\":[{\"@type\":\"SearchAction\",\"target\":{\"@type\":\"EntryPoint\",\"urlTemplate\":\"https:\/\/test-oldwebsite.igcat.org\/es\/?s={search_term_string}\"},\"query-input\":{\"@type\":\"PropertyValueSpecification\",\"valueRequired\":true,\"valueName\":\"search_term_string\"}}],\"inLanguage\":\"es\"},{\"@type\":\"Organization\",\"@id\":\"https:\/\/test-oldwebsite.igcat.org\/es\/#organization\",\"name\":\"IGCAT\",\"url\":\"https:\/\/test-oldwebsite.igcat.org\/es\/\",\"logo\":{\"@type\":\"ImageObject\",\"inLanguage\":\"es\",\"@id\":\"https:\/\/test-oldwebsite.igcat.org\/es\/#\/schema\/logo\/image\/\",\"url\":\"https:\/\/test-oldwebsite.igcat.org\/wp-content\/uploads\/2016\/02\/main_logo.png\",\"contentUrl\":\"https:\/\/test-oldwebsite.igcat.org\/wp-content\/uploads\/2016\/02\/main_logo.png\",\"width\":620,\"height\":228,\"caption\":\"IGCAT\"},\"image\":{\"@id\":\"https:\/\/test-oldwebsite.igcat.org\/es\/#\/schema\/logo\/image\/\"},\"sameAs\":[\"https:\/\/www.facebook.com\/IGCAT2\/\",\"https:\/\/x.com\/IGCAT2\",\"https:\/\/www.instagram.com\/igcat_org\/\",\"https:\/\/www.linkedin.com\/company\/igcat-international-institute-of-gastronomy-arts-and-tourism\/\",\"https:\/\/www.youtube.com\/channel\/UCL1xbT3vRbZh3bj-d0_0Vlg\"]}]}<\/script>\n<!-- \/ Yoast SEO plugin. -->","yoast_head_json":{"title":"Red Global de Expertos - IGCAT","description":"Los expertos de IGCAT creen que la diversidad alimentaria y cultural es una fuente importante de orgullo y de oportunidades empresariales","robots":{"index":"noindex","follow":"follow","max-snippet":"max-snippet:-1","max-image-preview":"max-image-preview:large","max-video-preview":"max-video-preview:-1"},"og_locale":"es_ES","og_type":"article","og_title":"Red Global de Expertos - IGCAT","og_description":"Los expertos de IGCAT creen que la diversidad alimentaria y cultural es una fuente importante de orgullo y de oportunidades empresariales","og_url":"https:\/\/test-oldwebsite.igcat.org\/es\/expertos\/red-global-de-expertos\/","og_site_name":"IGCAT - International Institute of Gastronomy, Culture, Arts and Tourism","article_publisher":"https:\/\/www.facebook.com\/IGCAT2\/","article_modified_time":"2023-02-06T16:32:06+00:00","og_image":[{"url":"https:\/\/test-oldwebsite.igcat.org\/wp-content\/uploads\/2016\/09\/EN.png","type":"","width":"","height":""}],"twitter_card":"summary_large_image","twitter_site":"@IGCAT2","twitter_misc":{"Tiempo de lectura":"1 minuto"},"schema":{"@context":"https:\/\/schema.org","@graph":[{"@type":"WebPage","@id":"https:\/\/test-oldwebsite.igcat.org\/es\/expertos\/red-global-de-expertos\/","url":"https:\/\/test-oldwebsite.igcat.org\/es\/expertos\/red-global-de-expertos\/","name":"Red Global de Expertos - IGCAT","isPartOf":{"@id":"https:\/\/test-oldwebsite.igcat.org\/es\/#website"},"primaryImageOfPage":{"@id":"https:\/\/test-oldwebsite.igcat.org\/es\/expertos\/red-global-de-expertos\/#primaryimage"},"image":{"@id":"https:\/\/test-oldwebsite.igcat.org\/es\/expertos\/red-global-de-expertos\/#primaryimage"},"thumbnailUrl":"https:\/\/test-oldwebsite.igcat.org\/wp-content\/uploads\/2016\/09\/EN.png","datePublished":"2016-01-13T13:42:12+00:00","dateModified":"2023-02-06T16:32:06+00:00","description":"Los expertos de IGCAT creen que la diversidad alimentaria y cultural es una fuente importante de orgullo y de oportunidades empresariales","breadcrumb":{"@id":"https:\/\/test-oldwebsite.igcat.org\/es\/expertos\/red-global-de-expertos\/#breadcrumb"},"inLanguage":"es","potentialAction":[{"@type":"ReadAction","target":["https:\/\/test-oldwebsite.igcat.org\/es\/expertos\/red-global-de-expertos\/"]}]},{"@type":"ImageObject","inLanguage":"es","@id":"https:\/\/test-oldwebsite.igcat.org\/es\/expertos\/red-global-de-expertos\/#primaryimage","url":"https:\/\/test-oldwebsite.igcat.org\/wp-content\/uploads\/2016\/09\/EN.png","contentUrl":"https:\/\/test-oldwebsite.igcat.org\/wp-content\/uploads\/2016\/09\/EN.png"},{"@type":"BreadcrumbList","@id":"https:\/\/test-oldwebsite.igcat.org\/es\/expertos\/red-global-de-expertos\/#breadcrumb","itemListElement":[{"@type":"ListItem","position":1,"name":"Home","item":"https:\/\/test-oldwebsite.igcat.org\/es\/homepage\/"},{"@type":"ListItem","position":2,"name":"Red Global de Expertos"}]},{"@type":"WebSite","@id":"https:\/\/test-oldwebsite.igcat.org\/es\/#website","url":"https:\/\/test-oldwebsite.igcat.org\/es\/","name":"IGCAT - International Institute of Gastronomy, Culture, Arts and Tourism","description":"International Institute of Gastronomy, Culture, Arts and Tourism","publisher":{"@id":"https:\/\/test-oldwebsite.igcat.org\/es\/#organization"},"potentialAction":[{"@type":"SearchAction","target":{"@type":"EntryPoint","urlTemplate":"https:\/\/test-oldwebsite.igcat.org\/es\/?s={search_term_string}"},"query-input":{"@type":"PropertyValueSpecification","valueRequired":true,"valueName":"search_term_string"}}],"inLanguage":"es"},{"@type":"Organization","@id":"https:\/\/test-oldwebsite.igcat.org\/es\/#organization","name":"IGCAT","url":"https:\/\/test-oldwebsite.igcat.org\/es\/","logo":{"@type":"ImageObject","inLanguage":"es","@id":"https:\/\/test-oldwebsite.igcat.org\/es\/#\/schema\/logo\/image\/","url":"https:\/\/test-oldwebsite.igcat.org\/wp-content\/uploads\/2016\/02\/main_logo.png","contentUrl":"https:\/\/test-oldwebsite.igcat.org\/wp-content\/uploads\/2016\/02\/main_logo.png","width":620,"height":228,"caption":"IGCAT"},"image":{"@id":"https:\/\/test-oldwebsite.igcat.org\/es\/#\/schema\/logo\/image\/"},"sameAs":["https:\/\/www.facebook.com\/IGCAT2\/","https:\/\/x.com\/IGCAT2","https:\/\/www.instagram.com\/igcat_org\/","https:\/\/www.linkedin.com\/company\/igcat-international-institute-of-gastronomy-arts-and-tourism\/","https:\/\/www.youtube.com\/channel\/UCL1xbT3vRbZh3bj-d0_0Vlg"]}]}},"_links":{"self":[{"href":"https:\/\/test-oldwebsite.igcat.org\/es\/wp-json\/wp\/v2\/pages\/19233","targetHints":{"allow":["GET"]}}],"collection":[{"href":"https:\/\/test-oldwebsite.igcat.org\/es\/wp-json\/wp\/v2\/pages"}],"about":[{"href":"https:\/\/test-oldwebsite.igcat.org\/es\/wp-json\/wp\/v2\/types\/page"}],"author":[{"embeddable":true,"href":"https:\/\/test-oldwebsite.igcat.org\/es\/wp-json\/wp\/v2\/users\/2"}],"replies":[{"embeddable":true,"href":"https:\/\/test-oldwebsite.igcat.org\/es\/wp-json\/wp\/v2\/comments?post=19233"}],"version-history":[{"count":0,"href":"https:\/\/test-oldwebsite.igcat.org\/es\/wp-json\/wp\/v2\/pages\/19233\/revisions"}],"up":[{"embeddable":true,"href":"https:\/\/test-oldwebsite.igcat.org\/es\/wp-json\/wp\/v2\/pages\/28095"}],"wp:attachment":[{"href":"https:\/\/test-oldwebsite.igcat.org\/es\/wp-json\/wp\/v2\/media?parent=19233"}],"curies":[{"name":"wp","href":"https:\/\/api.w.org\/{rel}","templated":true}]}}