{"id":20109,"date":"2020-02-11T19:20:35","date_gmt":"2020-02-11T18:20:35","guid":{"rendered":"https:\/\/test-oldwebsite.igcat.org\/?page_id=20109"},"modified":"2024-08-19T16:43:42","modified_gmt":"2024-08-19T14:43:42","slug":"hazte-socio","status":"publish","type":"page","link":"https:\/\/test-oldwebsite.igcat.org\/es\/hazte-socio\/","title":{"rendered":"Hazte socio"},"content":{"rendered":"<div class=\"wpb-content-wrapper\"><p>[vc_row][vc_column][vc_column_text]<\/p>\n<h2 style=\"text-align: center;\">Socios<\/h2>\n<p>[\/vc_column_text][\/vc_column][\/vc_row][vc_row][vc_column][vc_empty_space][\/vc_column][\/vc_row][vc_row][vc_column][vc_column_text]Vista la gran variedad de actores que en cada regi\u00f3n est\u00e1n interesados en la diversidad gastron\u00f3mica y cultural (hospitalidad, turismo, educaci\u00f3n, cultura, patrimonio cultural, medio ambiente, salud) y las preocupaciones y aspiraciones de los padres, los consumidores, los agricultores y las empresas, IGCAT considera que tener una representaci\u00f3n equilibrada de todos los stakeholders es esencial.<\/p>\n<p>Con la visi\u00f3n de garantizar que todos los actores involucrados en los sectores de la gastronom\u00eda, la cultura y el turismo est\u00e9n representados, los socios de IGCAT incluyen expertos individuales, autoridades locales o regionales, organismos intergubernamentales\/internacionales, organizaciones del tercer sector, asociaciones empresariales, organizaciones de la sociedad civil, instituciones de investigaci\u00f3n y acad\u00e9micas.<\/p>\n<p><strong>Tipolog\u00edas de socios:<\/strong>[\/vc_column_text][\/vc_column][\/vc_row][vc_row][vc_column][vc_empty_space][\/vc_column][\/vc_row][vc_row][vc_column]<div class=\"sc_toggles sc_toggles_style_1\" style=\"margin-left:30px;\"><div class=\"sc_toggles_item odd first\"><h5 class=\"sc_toggles_title\"><span class=\"sc_toggles_icon sc_toggles_icon_closed icon-plus\"><\/span><span class=\"sc_toggles_icon sc_toggles_icon_opened icon-minus\"><\/span>EXPERTOS INDIVIDUALES<\/h5><div class=\"sc_toggles_content\">[vc_column_text]Expertos individuales seleccionados por IGCAT en base a sus conocimientos y experiencia (previa entrega y aprobaci\u00f3n del curriculum vitae y firma del acuerdo de colaboraci\u00f3n de experto). Ver nuestros <a href=\"https:\/\/test-oldwebsite.igcat.org\/wp-content\/uploads\/2020\/02\/2017_Criteria-and-principles_IGCAT-Expert.pdf\" target=\"_blank\" rel=\"noopener noreferrer\">criterios para la selecci\u00f3n de expertos<\/a>.[\/vc_column_text]<\/div><\/div><div class=\"sc_toggles_item even\"><h5 class=\"sc_toggles_title\"><span class=\"sc_toggles_icon sc_toggles_icon_closed icon-plus\"><\/span><span class=\"sc_toggles_icon sc_toggles_icon_opened icon-minus\"><\/span>AUTORIDADES LOCALES O REGIONALES<\/h5><div class=\"sc_toggles_content\">[vc_column_text]Regiones candidatas o galardonadas con el t\u00edtulo de Regi\u00f3n de Gastronom\u00eda. Ver nuestro <a href=\"https:\/\/test-oldwebsite.igcat.org\/wp-content\/uploads\/2022\/03\/World_Region_of_Gastronomy_ES_2022_v3.pdf\" target=\"_blank\" rel=\"noopener noreferrer\">cat\u00e1logo informativo<\/a> para el proceso de adhesi\u00f3n.[\/vc_column_text]<\/div><\/div><div id=\"sc_toogles_item_Tue Feb 11 2020 18:13:49 GMT+0100 (Central European Standard Time)_1\" class=\"sc_toggles_item odd\"><h5 class=\"sc_toggles_title\"><span class=\"sc_toggles_icon sc_toggles_icon_closed icon-plus\"><\/span><span class=\"sc_toggles_icon sc_toggles_icon_opened icon-minus\"><\/span>ORGANISMOS INTERGUBERNAMENTALES \/ INTERNACIONALES<\/h5><div class=\"sc_toggles_content\">[vc_column_text]Cuota de 500\u20ac\/a\u00f1o (previa firma de un Memorando de Entendimiento).[\/vc_column_text]<\/div><\/div><div id=\"sc_toogles_item_Tue Feb 11 2020 18:15:38 GMT+0100 (Central European Standard Time)_3\" class=\"sc_toggles_item even\"><h5 class=\"sc_toggles_title\"><span class=\"sc_toggles_icon sc_toggles_icon_closed icon-plus\"><\/span><span class=\"sc_toggles_icon sc_toggles_icon_opened icon-minus\"><\/span>ORGANIZACIONES DEL TERCER SECTOR<\/h5><div class=\"sc_toggles_content\">[vc_column_text]Cuota de 100\u20ac\/a\u00f1o para festivales y organizaciones de la sociedad civil (previa firma de un Memorando de Entendimiento).[\/vc_column_text]<\/div><\/div><div id=\"sc_toogles_item_Tue Feb 11 2020 18:17:19 GMT+0100 (Central European Standard Time)_5\" class=\"sc_toggles_item odd\"><h5 class=\"sc_toggles_title\"><span class=\"sc_toggles_icon sc_toggles_icon_closed icon-plus\"><\/span><span class=\"sc_toggles_icon sc_toggles_icon_opened icon-minus\"><\/span>CIUDADES<\/h5><div class=\"sc_toggles_content\">[vc_column_text]Cuota de 1,000\u20ac\/a\u00f1o (previa firma de un Memorando de Entendimiento).[\/vc_column_text]<\/div><\/div><div id=\"sc_toogles_item_Tue Feb 11 2020 18:18:01 GMT+0100 (Central European Standard Time)_6\" class=\"sc_toggles_item even\"><h5 class=\"sc_toggles_title\"><span class=\"sc_toggles_icon sc_toggles_icon_closed icon-plus\"><\/span><span class=\"sc_toggles_icon sc_toggles_icon_opened icon-minus\"><\/span>UNIVERSIDADES, CENTROS \/ INSTITUCIONES DE INVESTIGACI\u00d3N, INNOVACI\u00d3N Y\/O CONOCIMIENTO<\/h5><div class=\"sc_toggles_content\">[vc_column_text]<strong>Instituciones que no representen intereses comerciales o que no tengan miembros corporativos.<\/strong><br \/>\nCuota de 500\u20ac\/a\u00f1o (previa firma de un Memorando de Entendimiento).[\/vc_column_text]<\/div><\/div><\/div>[\/vc_column][\/vc_row][vc_row][vc_column][vc_empty_space][\/vc_column][\/vc_row][vc_row][vc_column][vc_column_text]Si deseas hacerte socio, puedes enviarnos un correo a: <a href=\"mailto:info@igcat.org\" target=\"_blank\" rel=\"noopener noreferrer\">info@igcat.org<\/a>[\/vc_column_text][\/vc_column][\/vc_row]<\/p>\n<\/div>","protected":false},"excerpt":{"rendered":"<p>[vc_row][vc_column][vc_column_text] Socios [\/vc_column_text][\/vc_column][\/vc_row][vc_row][vc_column][vc_empty_space][\/vc_column][\/vc_row][vc_row][vc_column][vc_column_text]Vista la gran variedad de actores que en cada regi\u00f3n est\u00e1n interesados en la diversidad gastron\u00f3mica y cultural (hospitalidad, turismo, educaci\u00f3n, cultura, patrimonio cultural, medio ambiente, salud) y las preocupaciones y aspiraciones de los padres, los consumidores, los agricultores y las empresas, IGCAT considera que tener una representaci\u00f3n equilibrada de todos los stakeholders [&hellip;]<\/p>\n","protected":false},"author":33,"featured_media":0,"parent":0,"menu_order":0,"comment_status":"closed","ping_status":"closed","template":"","meta":{"_acf_changed":false,"footnotes":""},"class_list":["post-20109","page","type-page","status-publish","hentry"],"acf":[],"yoast_head":"<!-- This site is optimized with the Yoast SEO plugin v26.0 - https:\/\/yoast.com\/wordpress\/plugins\/seo\/ -->\n<title>Hazte socio - IGCAT<\/title>\n<meta name=\"description\" content=\"Los socios de IGCAT incluyen entre otros expertos individuales, autoridades locales, organismos intergubernamentales y organizaciones del tercer sector.\" \/>\n<meta name=\"robots\" content=\"noindex, follow, max-snippet:-1, max-image-preview:large, max-video-preview:-1\" \/>\n<meta property=\"og:locale\" content=\"es_ES\" \/>\n<meta property=\"og:type\" content=\"article\" \/>\n<meta property=\"og:title\" content=\"Hazte socio - IGCAT\" \/>\n<meta property=\"og:description\" content=\"Los socios de IGCAT incluyen entre otros expertos individuales, autoridades locales, organismos intergubernamentales y organizaciones del tercer sector.\" \/>\n<meta property=\"og:url\" content=\"https:\/\/test-oldwebsite.igcat.org\/es\/hazte-socio\/\" \/>\n<meta property=\"og:site_name\" content=\"IGCAT - International Institute of Gastronomy, Culture, Arts and Tourism\" \/>\n<meta property=\"article:publisher\" content=\"https:\/\/www.facebook.com\/IGCAT2\/\" \/>\n<meta property=\"article:modified_time\" content=\"2024-08-19T14:43:42+00:00\" \/>\n<meta name=\"twitter:card\" content=\"summary_large_image\" \/>\n<meta name=\"twitter:site\" content=\"@IGCAT2\" \/>\n<meta name=\"twitter:label1\" content=\"Tiempo de lectura\" \/>\n\t<meta name=\"twitter:data1\" content=\"2 minutos\" \/>\n<script type=\"application\/ld+json\" class=\"yoast-schema-graph\">{\"@context\":\"https:\/\/schema.org\",\"@graph\":[{\"@type\":\"WebPage\",\"@id\":\"https:\/\/test-oldwebsite.igcat.org\/es\/hazte-socio\/\",\"url\":\"https:\/\/test-oldwebsite.igcat.org\/es\/hazte-socio\/\",\"name\":\"Hazte socio - IGCAT\",\"isPartOf\":{\"@id\":\"https:\/\/test-oldwebsite.igcat.org\/es\/#website\"},\"datePublished\":\"2020-02-11T18:20:35+00:00\",\"dateModified\":\"2024-08-19T14:43:42+00:00\",\"description\":\"Los socios de IGCAT incluyen entre otros expertos individuales, autoridades locales, organismos intergubernamentales y organizaciones del tercer sector.\",\"breadcrumb\":{\"@id\":\"https:\/\/test-oldwebsite.igcat.org\/es\/hazte-socio\/#breadcrumb\"},\"inLanguage\":\"es\",\"potentialAction\":[{\"@type\":\"ReadAction\",\"target\":[\"https:\/\/test-oldwebsite.igcat.org\/es\/hazte-socio\/\"]}]},{\"@type\":\"BreadcrumbList\",\"@id\":\"https:\/\/test-oldwebsite.igcat.org\/es\/hazte-socio\/#breadcrumb\",\"itemListElement\":[{\"@type\":\"ListItem\",\"position\":1,\"name\":\"Home\",\"item\":\"https:\/\/test-oldwebsite.igcat.org\/es\/homepage\/\"},{\"@type\":\"ListItem\",\"position\":2,\"name\":\"Hazte socio\"}]},{\"@type\":\"WebSite\",\"@id\":\"https:\/\/test-oldwebsite.igcat.org\/es\/#website\",\"url\":\"https:\/\/test-oldwebsite.igcat.org\/es\/\",\"name\":\"IGCAT - International Institute of Gastronomy, Culture, Arts and Tourism\",\"description\":\"International Institute of Gastronomy, Culture, Arts and Tourism\",\"publisher\":{\"@id\":\"https:\/\/test-oldwebsite.igcat.org\/es\/#organization\"},\"potentialAction\":[{\"@type\":\"SearchAction\",\"target\":{\"@type\":\"EntryPoint\",\"urlTemplate\":\"https:\/\/test-oldwebsite.igcat.org\/es\/?s={search_term_string}\"},\"query-input\":{\"@type\":\"PropertyValueSpecification\",\"valueRequired\":true,\"valueName\":\"search_term_string\"}}],\"inLanguage\":\"es\"},{\"@type\":\"Organization\",\"@id\":\"https:\/\/test-oldwebsite.igcat.org\/es\/#organization\",\"name\":\"IGCAT\",\"url\":\"https:\/\/test-oldwebsite.igcat.org\/es\/\",\"logo\":{\"@type\":\"ImageObject\",\"inLanguage\":\"es\",\"@id\":\"https:\/\/test-oldwebsite.igcat.org\/es\/#\/schema\/logo\/image\/\",\"url\":\"https:\/\/test-oldwebsite.igcat.org\/wp-content\/uploads\/2016\/02\/main_logo.png\",\"contentUrl\":\"https:\/\/test-oldwebsite.igcat.org\/wp-content\/uploads\/2016\/02\/main_logo.png\",\"width\":620,\"height\":228,\"caption\":\"IGCAT\"},\"image\":{\"@id\":\"https:\/\/test-oldwebsite.igcat.org\/es\/#\/schema\/logo\/image\/\"},\"sameAs\":[\"https:\/\/www.facebook.com\/IGCAT2\/\",\"https:\/\/x.com\/IGCAT2\",\"https:\/\/www.instagram.com\/igcat_org\/\",\"https:\/\/www.linkedin.com\/company\/igcat-international-institute-of-gastronomy-arts-and-tourism\/\",\"https:\/\/www.youtube.com\/channel\/UCL1xbT3vRbZh3bj-d0_0Vlg\"]}]}<\/script>\n<!-- \/ Yoast SEO plugin. -->","yoast_head_json":{"title":"Hazte socio - IGCAT","description":"Los socios de IGCAT incluyen entre otros expertos individuales, autoridades locales, organismos intergubernamentales y organizaciones del tercer sector.","robots":{"index":"noindex","follow":"follow","max-snippet":"max-snippet:-1","max-image-preview":"max-image-preview:large","max-video-preview":"max-video-preview:-1"},"og_locale":"es_ES","og_type":"article","og_title":"Hazte socio - IGCAT","og_description":"Los socios de IGCAT incluyen entre otros expertos individuales, autoridades locales, organismos intergubernamentales y organizaciones del tercer sector.","og_url":"https:\/\/test-oldwebsite.igcat.org\/es\/hazte-socio\/","og_site_name":"IGCAT - International Institute of Gastronomy, Culture, Arts and Tourism","article_publisher":"https:\/\/www.facebook.com\/IGCAT2\/","article_modified_time":"2024-08-19T14:43:42+00:00","twitter_card":"summary_large_image","twitter_site":"@IGCAT2","twitter_misc":{"Tiempo de lectura":"2 minutos"},"schema":{"@context":"https:\/\/schema.org","@graph":[{"@type":"WebPage","@id":"https:\/\/test-oldwebsite.igcat.org\/es\/hazte-socio\/","url":"https:\/\/test-oldwebsite.igcat.org\/es\/hazte-socio\/","name":"Hazte socio - IGCAT","isPartOf":{"@id":"https:\/\/test-oldwebsite.igcat.org\/es\/#website"},"datePublished":"2020-02-11T18:20:35+00:00","dateModified":"2024-08-19T14:43:42+00:00","description":"Los socios de IGCAT incluyen entre otros expertos individuales, autoridades locales, organismos intergubernamentales y organizaciones del tercer sector.","breadcrumb":{"@id":"https:\/\/test-oldwebsite.igcat.org\/es\/hazte-socio\/#breadcrumb"},"inLanguage":"es","potentialAction":[{"@type":"ReadAction","target":["https:\/\/test-oldwebsite.igcat.org\/es\/hazte-socio\/"]}]},{"@type":"BreadcrumbList","@id":"https:\/\/test-oldwebsite.igcat.org\/es\/hazte-socio\/#breadcrumb","itemListElement":[{"@type":"ListItem","position":1,"name":"Home","item":"https:\/\/test-oldwebsite.igcat.org\/es\/homepage\/"},{"@type":"ListItem","position":2,"name":"Hazte socio"}]},{"@type":"WebSite","@id":"https:\/\/test-oldwebsite.igcat.org\/es\/#website","url":"https:\/\/test-oldwebsite.igcat.org\/es\/","name":"IGCAT - International Institute of Gastronomy, Culture, Arts and Tourism","description":"International Institute of Gastronomy, Culture, Arts and Tourism","publisher":{"@id":"https:\/\/test-oldwebsite.igcat.org\/es\/#organization"},"potentialAction":[{"@type":"SearchAction","target":{"@type":"EntryPoint","urlTemplate":"https:\/\/test-oldwebsite.igcat.org\/es\/?s={search_term_string}"},"query-input":{"@type":"PropertyValueSpecification","valueRequired":true,"valueName":"search_term_string"}}],"inLanguage":"es"},{"@type":"Organization","@id":"https:\/\/test-oldwebsite.igcat.org\/es\/#organization","name":"IGCAT","url":"https:\/\/test-oldwebsite.igcat.org\/es\/","logo":{"@type":"ImageObject","inLanguage":"es","@id":"https:\/\/test-oldwebsite.igcat.org\/es\/#\/schema\/logo\/image\/","url":"https:\/\/test-oldwebsite.igcat.org\/wp-content\/uploads\/2016\/02\/main_logo.png","contentUrl":"https:\/\/test-oldwebsite.igcat.org\/wp-content\/uploads\/2016\/02\/main_logo.png","width":620,"height":228,"caption":"IGCAT"},"image":{"@id":"https:\/\/test-oldwebsite.igcat.org\/es\/#\/schema\/logo\/image\/"},"sameAs":["https:\/\/www.facebook.com\/IGCAT2\/","https:\/\/x.com\/IGCAT2","https:\/\/www.instagram.com\/igcat_org\/","https:\/\/www.linkedin.com\/company\/igcat-international-institute-of-gastronomy-arts-and-tourism\/","https:\/\/www.youtube.com\/channel\/UCL1xbT3vRbZh3bj-d0_0Vlg"]}]}},"_links":{"self":[{"href":"https:\/\/test-oldwebsite.igcat.org\/es\/wp-json\/wp\/v2\/pages\/20109","targetHints":{"allow":["GET"]}}],"collection":[{"href":"https:\/\/test-oldwebsite.igcat.org\/es\/wp-json\/wp\/v2\/pages"}],"about":[{"href":"https:\/\/test-oldwebsite.igcat.org\/es\/wp-json\/wp\/v2\/types\/page"}],"author":[{"embeddable":true,"href":"https:\/\/test-oldwebsite.igcat.org\/es\/wp-json\/wp\/v2\/users\/33"}],"replies":[{"embeddable":true,"href":"https:\/\/test-oldwebsite.igcat.org\/es\/wp-json\/wp\/v2\/comments?post=20109"}],"version-history":[{"count":0,"href":"https:\/\/test-oldwebsite.igcat.org\/es\/wp-json\/wp\/v2\/pages\/20109\/revisions"}],"wp:attachment":[{"href":"https:\/\/test-oldwebsite.igcat.org\/es\/wp-json\/wp\/v2\/media?parent=20109"}],"curies":[{"name":"wp","href":"https:\/\/api.w.org\/{rel}","templated":true}]}}