{"id":20126,"date":"2019-10-08T14:32:27","date_gmt":"2019-10-08T12:32:27","guid":{"rendered":"https:\/\/test-oldwebsite.igcat.org\/flag\/"},"modified":"2020-09-02T11:39:43","modified_gmt":"2020-09-02T09:39:43","slug":"fondo-para-las-artes-y-la-gastronomia-locales","status":"publish","type":"page","link":"https:\/\/test-oldwebsite.igcat.org\/es\/fondo-para-las-artes-y-la-gastronomia-locales\/","title":{"rendered":"Fondo para las Artes y la Gastronom\u00eda Locales"},"content":{"rendered":"<h3 style=\"text-align: center;\"><strong>FLAG <\/strong><strong>(<\/strong><strong>Fondo para las Artes y la Gastronom\u00eda Locales)<\/strong><\/h3>\n<p>IGCAT es una organizaci\u00f3n sin \u00e1nimo de lucro cuyo trabajo es posible principalmente gracias a la Plataforma Mundial de Regiones de Gastronom\u00eda y la contribuci\u00f3n voluntaria de la red de expertos de IGCAT (actualmente 80 alrededor del mundo). Juntos, creemos firmemente que hemos de apoyar la diversidad cultural y gastron\u00f3mica para potenciar las comunidades y garantizar un futuro sostenible para el planeta.<\/p>\n<p>Sin embargo, hemos encontrado regiones que desean trabajar a plena capacidad pero no tienen los recursos necesarios para participar plenamente en nuestra comunidad. Por ello, la Junta de IGCAT ha lanzado este fondo para regiones del mundo econ\u00f3micamente menos desarrolladas.<\/p>\n<p>Estamos tan convencidos de que las ideas sostenibles son vitales para salvar nuestro planeta que queremos hacer todo lo posible para poner nuestro trabajo a disposici\u00f3n de las regiones que puedan beneficiarse de \u00e9l, tanto online como a trav\u00e9s de donaciones para la adquisici\u00f3n de recursos y la movilidad donde y cuando sea necesario.<\/p>\n<p>Si valoras nuestro trabajo y quieres apoyar nuestros esfuerzos, por favor haz una donaci\u00f3n para que podamos contribuir a potenciar m\u00e1s comunidades en el mundo.<\/p>\n<p>Si deseas destinar fondos a esta iniciativa, por favor env\u00eda un correo a: <a href=\"mailto:info@igcat.org\">info@igcat.org<\/a><\/p>\n","protected":false},"excerpt":{"rendered":"<p>FLAG (Fondo para las Artes y la Gastronom\u00eda Locales) IGCAT es una organizaci\u00f3n sin \u00e1nimo de lucro cuyo trabajo es posible principalmente gracias a la Plataforma Mundial de Regiones de Gastronom\u00eda y la contribuci\u00f3n voluntaria de la red de expertos de IGCAT (actualmente 80 alrededor del mundo). Juntos, creemos firmemente que hemos de apoyar la [&hellip;]<\/p>\n","protected":false},"author":2,"featured_media":0,"parent":0,"menu_order":0,"comment_status":"closed","ping_status":"closed","template":"","meta":{"_acf_changed":false,"footnotes":""},"class_list":["post-20126","page","type-page","status-publish","hentry"],"acf":[],"yoast_head":"<!-- This site is optimized with the Yoast SEO plugin v26.0 - https:\/\/yoast.com\/wordpress\/plugins\/seo\/ -->\n<title>Fondo para las Artes y la Gastronom\u00eda Locales - IGCAT<\/title>\n<meta name=\"description\" content=\"El Fondo para las Artes y la Gastronom\u00eda Locales (FLAG) de IGCAT pretende apoyar las regiones del mundo econ\u00f3micamente menos desarrolladas.\" \/>\n<meta name=\"robots\" content=\"noindex, follow, max-snippet:-1, max-image-preview:large, max-video-preview:-1\" \/>\n<meta property=\"og:locale\" content=\"es_ES\" \/>\n<meta property=\"og:type\" content=\"article\" \/>\n<meta property=\"og:title\" content=\"Fondo para las Artes y la Gastronom\u00eda Locales - IGCAT\" \/>\n<meta property=\"og:description\" content=\"El Fondo para las Artes y la Gastronom\u00eda Locales (FLAG) de IGCAT pretende apoyar las regiones del mundo econ\u00f3micamente menos desarrolladas.\" \/>\n<meta property=\"og:url\" content=\"https:\/\/test-oldwebsite.igcat.org\/es\/fondo-para-las-artes-y-la-gastronomia-locales\/\" \/>\n<meta property=\"og:site_name\" content=\"IGCAT - International Institute of Gastronomy, Culture, Arts and Tourism\" \/>\n<meta property=\"article:publisher\" content=\"https:\/\/www.facebook.com\/IGCAT2\/\" \/>\n<meta property=\"article:modified_time\" content=\"2020-09-02T09:39:43+00:00\" \/>\n<meta name=\"twitter:card\" content=\"summary_large_image\" \/>\n<meta name=\"twitter:site\" content=\"@IGCAT2\" \/>\n<meta name=\"twitter:label1\" content=\"Tiempo de lectura\" \/>\n\t<meta name=\"twitter:data1\" content=\"1 minuto\" \/>\n<script type=\"application\/ld+json\" class=\"yoast-schema-graph\">{\"@context\":\"https:\/\/schema.org\",\"@graph\":[{\"@type\":\"WebPage\",\"@id\":\"https:\/\/test-oldwebsite.igcat.org\/es\/fondo-para-las-artes-y-la-gastronomia-locales\/\",\"url\":\"https:\/\/test-oldwebsite.igcat.org\/es\/fondo-para-las-artes-y-la-gastronomia-locales\/\",\"name\":\"Fondo para las Artes y la Gastronom\u00eda Locales - IGCAT\",\"isPartOf\":{\"@id\":\"https:\/\/test-oldwebsite.igcat.org\/es\/#website\"},\"datePublished\":\"2019-10-08T12:32:27+00:00\",\"dateModified\":\"2020-09-02T09:39:43+00:00\",\"description\":\"El Fondo para las Artes y la Gastronom\u00eda Locales (FLAG) de IGCAT pretende apoyar las regiones del mundo econ\u00f3micamente menos desarrolladas.\",\"breadcrumb\":{\"@id\":\"https:\/\/test-oldwebsite.igcat.org\/es\/fondo-para-las-artes-y-la-gastronomia-locales\/#breadcrumb\"},\"inLanguage\":\"es\",\"potentialAction\":[{\"@type\":\"ReadAction\",\"target\":[\"https:\/\/test-oldwebsite.igcat.org\/es\/fondo-para-las-artes-y-la-gastronomia-locales\/\"]}]},{\"@type\":\"BreadcrumbList\",\"@id\":\"https:\/\/test-oldwebsite.igcat.org\/es\/fondo-para-las-artes-y-la-gastronomia-locales\/#breadcrumb\",\"itemListElement\":[{\"@type\":\"ListItem\",\"position\":1,\"name\":\"Home\",\"item\":\"https:\/\/test-oldwebsite.igcat.org\/es\/homepage\/\"},{\"@type\":\"ListItem\",\"position\":2,\"name\":\"Fondo para las Artes y la Gastronom\u00eda Locales\"}]},{\"@type\":\"WebSite\",\"@id\":\"https:\/\/test-oldwebsite.igcat.org\/es\/#website\",\"url\":\"https:\/\/test-oldwebsite.igcat.org\/es\/\",\"name\":\"IGCAT - International Institute of Gastronomy, Culture, Arts and Tourism\",\"description\":\"International Institute of Gastronomy, Culture, Arts and Tourism\",\"publisher\":{\"@id\":\"https:\/\/test-oldwebsite.igcat.org\/es\/#organization\"},\"potentialAction\":[{\"@type\":\"SearchAction\",\"target\":{\"@type\":\"EntryPoint\",\"urlTemplate\":\"https:\/\/test-oldwebsite.igcat.org\/es\/?s={search_term_string}\"},\"query-input\":{\"@type\":\"PropertyValueSpecification\",\"valueRequired\":true,\"valueName\":\"search_term_string\"}}],\"inLanguage\":\"es\"},{\"@type\":\"Organization\",\"@id\":\"https:\/\/test-oldwebsite.igcat.org\/es\/#organization\",\"name\":\"IGCAT\",\"url\":\"https:\/\/test-oldwebsite.igcat.org\/es\/\",\"logo\":{\"@type\":\"ImageObject\",\"inLanguage\":\"es\",\"@id\":\"https:\/\/test-oldwebsite.igcat.org\/es\/#\/schema\/logo\/image\/\",\"url\":\"https:\/\/test-oldwebsite.igcat.org\/wp-content\/uploads\/2016\/02\/main_logo.png\",\"contentUrl\":\"https:\/\/test-oldwebsite.igcat.org\/wp-content\/uploads\/2016\/02\/main_logo.png\",\"width\":620,\"height\":228,\"caption\":\"IGCAT\"},\"image\":{\"@id\":\"https:\/\/test-oldwebsite.igcat.org\/es\/#\/schema\/logo\/image\/\"},\"sameAs\":[\"https:\/\/www.facebook.com\/IGCAT2\/\",\"https:\/\/x.com\/IGCAT2\",\"https:\/\/www.instagram.com\/igcat_org\/\",\"https:\/\/www.linkedin.com\/company\/igcat-international-institute-of-gastronomy-arts-and-tourism\/\",\"https:\/\/www.youtube.com\/channel\/UCL1xbT3vRbZh3bj-d0_0Vlg\"]}]}<\/script>\n<!-- \/ Yoast SEO plugin. -->","yoast_head_json":{"title":"Fondo para las Artes y la Gastronom\u00eda Locales - IGCAT","description":"El Fondo para las Artes y la Gastronom\u00eda Locales (FLAG) de IGCAT pretende apoyar las regiones del mundo econ\u00f3micamente menos desarrolladas.","robots":{"index":"noindex","follow":"follow","max-snippet":"max-snippet:-1","max-image-preview":"max-image-preview:large","max-video-preview":"max-video-preview:-1"},"og_locale":"es_ES","og_type":"article","og_title":"Fondo para las Artes y la Gastronom\u00eda Locales - IGCAT","og_description":"El Fondo para las Artes y la Gastronom\u00eda Locales (FLAG) de IGCAT pretende apoyar las regiones del mundo econ\u00f3micamente menos desarrolladas.","og_url":"https:\/\/test-oldwebsite.igcat.org\/es\/fondo-para-las-artes-y-la-gastronomia-locales\/","og_site_name":"IGCAT - International Institute of Gastronomy, Culture, Arts and Tourism","article_publisher":"https:\/\/www.facebook.com\/IGCAT2\/","article_modified_time":"2020-09-02T09:39:43+00:00","twitter_card":"summary_large_image","twitter_site":"@IGCAT2","twitter_misc":{"Tiempo de lectura":"1 minuto"},"schema":{"@context":"https:\/\/schema.org","@graph":[{"@type":"WebPage","@id":"https:\/\/test-oldwebsite.igcat.org\/es\/fondo-para-las-artes-y-la-gastronomia-locales\/","url":"https:\/\/test-oldwebsite.igcat.org\/es\/fondo-para-las-artes-y-la-gastronomia-locales\/","name":"Fondo para las Artes y la Gastronom\u00eda Locales - IGCAT","isPartOf":{"@id":"https:\/\/test-oldwebsite.igcat.org\/es\/#website"},"datePublished":"2019-10-08T12:32:27+00:00","dateModified":"2020-09-02T09:39:43+00:00","description":"El Fondo para las Artes y la Gastronom\u00eda Locales (FLAG) de IGCAT pretende apoyar las regiones del mundo econ\u00f3micamente menos desarrolladas.","breadcrumb":{"@id":"https:\/\/test-oldwebsite.igcat.org\/es\/fondo-para-las-artes-y-la-gastronomia-locales\/#breadcrumb"},"inLanguage":"es","potentialAction":[{"@type":"ReadAction","target":["https:\/\/test-oldwebsite.igcat.org\/es\/fondo-para-las-artes-y-la-gastronomia-locales\/"]}]},{"@type":"BreadcrumbList","@id":"https:\/\/test-oldwebsite.igcat.org\/es\/fondo-para-las-artes-y-la-gastronomia-locales\/#breadcrumb","itemListElement":[{"@type":"ListItem","position":1,"name":"Home","item":"https:\/\/test-oldwebsite.igcat.org\/es\/homepage\/"},{"@type":"ListItem","position":2,"name":"Fondo para las Artes y la Gastronom\u00eda Locales"}]},{"@type":"WebSite","@id":"https:\/\/test-oldwebsite.igcat.org\/es\/#website","url":"https:\/\/test-oldwebsite.igcat.org\/es\/","name":"IGCAT - International Institute of Gastronomy, Culture, Arts and Tourism","description":"International Institute of Gastronomy, Culture, Arts and Tourism","publisher":{"@id":"https:\/\/test-oldwebsite.igcat.org\/es\/#organization"},"potentialAction":[{"@type":"SearchAction","target":{"@type":"EntryPoint","urlTemplate":"https:\/\/test-oldwebsite.igcat.org\/es\/?s={search_term_string}"},"query-input":{"@type":"PropertyValueSpecification","valueRequired":true,"valueName":"search_term_string"}}],"inLanguage":"es"},{"@type":"Organization","@id":"https:\/\/test-oldwebsite.igcat.org\/es\/#organization","name":"IGCAT","url":"https:\/\/test-oldwebsite.igcat.org\/es\/","logo":{"@type":"ImageObject","inLanguage":"es","@id":"https:\/\/test-oldwebsite.igcat.org\/es\/#\/schema\/logo\/image\/","url":"https:\/\/test-oldwebsite.igcat.org\/wp-content\/uploads\/2016\/02\/main_logo.png","contentUrl":"https:\/\/test-oldwebsite.igcat.org\/wp-content\/uploads\/2016\/02\/main_logo.png","width":620,"height":228,"caption":"IGCAT"},"image":{"@id":"https:\/\/test-oldwebsite.igcat.org\/es\/#\/schema\/logo\/image\/"},"sameAs":["https:\/\/www.facebook.com\/IGCAT2\/","https:\/\/x.com\/IGCAT2","https:\/\/www.instagram.com\/igcat_org\/","https:\/\/www.linkedin.com\/company\/igcat-international-institute-of-gastronomy-arts-and-tourism\/","https:\/\/www.youtube.com\/channel\/UCL1xbT3vRbZh3bj-d0_0Vlg"]}]}},"_links":{"self":[{"href":"https:\/\/test-oldwebsite.igcat.org\/es\/wp-json\/wp\/v2\/pages\/20126","targetHints":{"allow":["GET"]}}],"collection":[{"href":"https:\/\/test-oldwebsite.igcat.org\/es\/wp-json\/wp\/v2\/pages"}],"about":[{"href":"https:\/\/test-oldwebsite.igcat.org\/es\/wp-json\/wp\/v2\/types\/page"}],"author":[{"embeddable":true,"href":"https:\/\/test-oldwebsite.igcat.org\/es\/wp-json\/wp\/v2\/users\/2"}],"replies":[{"embeddable":true,"href":"https:\/\/test-oldwebsite.igcat.org\/es\/wp-json\/wp\/v2\/comments?post=20126"}],"version-history":[{"count":0,"href":"https:\/\/test-oldwebsite.igcat.org\/es\/wp-json\/wp\/v2\/pages\/20126\/revisions"}],"wp:attachment":[{"href":"https:\/\/test-oldwebsite.igcat.org\/es\/wp-json\/wp\/v2\/media?parent=20126"}],"curies":[{"name":"wp","href":"https:\/\/api.w.org\/{rel}","templated":true}]}}