{"id":20704,"date":"2016-10-05T08:59:54","date_gmt":"2016-10-05T06:59:54","guid":{"rendered":"https:\/\/test-oldwebsite.igcat.org\/newsletter-signup\/"},"modified":"2024-07-24T19:49:38","modified_gmt":"2024-07-24T17:49:38","slug":"newsletter-signup","status":"publish","type":"page","link":"https:\/\/test-oldwebsite.igcat.org\/es\/newsletter-signup\/","title":{"rendered":"Suscripci\u00f3n al bolet\u00edn de noticias"},"content":{"rendered":"<div class=\"wpb-content-wrapper\"><p>[vc_row][vc_column][vc_column_text]<\/p>\n<h1 style=\"text-align: center;\">Suscripci\u00f3n al bolet\u00edn de noticias<\/h1>\n<p>[\/vc_column_text][\/vc_column][\/vc_row][vc_row][vc_column][vc_empty_space][\/vc_column][\/vc_row][vc_row][vc_column][vc_column_text]<\/p>\n<p style=\"text-align: center;\">El IGCAT lleva a cabo investigaciones, recopila conocimientos y desarrolla proyectos para apoyar soluciones creativas en el desarrollo regional y local. Nuestro bolet\u00edn es una peque\u00f1a selecci\u00f3n trimestral gratuita de noticias, tendencias y hechos de todo el mundo.<\/p>\n<p style=\"text-align: center;\"><strong>\u00a1Suscr\u00edbete ahora al bolet\u00edn de IGCAT para recibir nuestras \u00faltimas actualizaciones!<\/strong><\/p>\n<p>[\/vc_column_text][\/vc_column][\/vc_row][vc_row][vc_column][vc_empty_space][\/vc_column][\/vc_row][vc_row disable_element=\u00bbyes\u00bb][vc_column][vc_column_text]<div class=\"frm_forms  with_frm_style frm_style_newsletter-style\" id=\"frm_form_8_container\" >\n<form enctype=\"multipart\/form-data\" method=\"post\" class=\"frm-show-form  frm_pro_form \" id=\"form_yvoed\" >\n<div class=\"frm_form_fields \">\n<fieldset>\n<legend class=\"frm_screen_reader\">Newsletter Subscription<\/legend>\r\n\r\n<div class=\"frm_fields_container\">\n<input type=\"hidden\" name=\"frm_action\" value=\"create\" \/>\n<input type=\"hidden\" name=\"form_id\" value=\"8\" \/>\n<input type=\"hidden\" name=\"frm_hide_fields_8\" id=\"frm_hide_fields_8\" value=\"\" \/>\n<input type=\"hidden\" name=\"form_key\" value=\"yvoed\" \/>\n<input type=\"hidden\" name=\"item_meta[0]\" value=\"\" \/>\n<input type=\"hidden\" id=\"frm_submit_entry_8\" name=\"frm_submit_entry_8\" value=\"e93e427dbc\" \/><input type=\"hidden\" name=\"_wp_http_referer\" value=\"\/es\/wp-json\/wp\/v2\/pages\/20704\" \/><div id=\"frm_field_87_container\" class=\"frm_form_field form-field  frm_required_field frm_top_container\">\r\n    <label for=\"field_qq084\" class=\"frm_primary_label\">Email\r\n        <span class=\"frm_required\">*<\/span>\r\n    <\/label>\r\n    <input type=\"email\" id=\"field_qq084\" name=\"item_meta[87]\" value=\"\"  data-reqmsg=\"Email cannot be blank.\" aria-required=\"true\" data-invmsg=\"Email is invalid\" aria-invalid=\"false\"  \/>\r\n    \r\n    \r\n<\/div>\n<div id=\"frm_field_85_container\" class=\"frm_form_field form-field  frm_hidden_container vertical_radio\">\r\n    <label for=\"field_wgye9\" class=\"frm_primary_label\">Terms & Conditions\r\n        <span class=\"frm_required\"><\/span>\r\n    <\/label>\r\n    <div class=\"frm_opt_container\">\t\t<div class=\"frm_checkbox\" id=\"frm_checkbox_85-0\">\t\t\t<label  for=\"field_wgye9-0\">\n\t\t\t<input type=\"checkbox\" name=\"item_meta[85][]\" id=\"field_wgye9-0\" value=\"By subscribing you agree to receive our free quarterly newsletter and agree with our &lt;a href=&quot;https:\/\/test-oldwebsite.igcat.org\/about\/privacy-policy\/&quot;&gt;Privacy Policy&lt;\/a&gt;. You may unsubscribe at any time.\"  data-invmsg=\"Terms &amp; Conditions no es v\u00e1lido\" aria-invalid=\"false\"   \/> By subscribing you agree to receive our free quarterly newsletter and agree with our <a href=\"https:\/\/test-oldwebsite.igcat.org\/about\/privacy-policy\/\">Privacy Policy<\/a>. You may unsubscribe at any time.<\/label><\/div>\n<\/div>\r\n    \r\n    \r\n<\/div>\n<div id=\"frm_field_129_container\" class=\"frm_form_field form-field \">\n\t<div class=\"frm_submit\">\r\n\r\n<button class=\"frm_button_submit frm_final_submit\" type=\"submit\"   formnovalidate=\"formnovalidate\">Subscribe<\/button>\r\n\r\n<\/div>\n<\/div>\n\t<input type=\"hidden\" name=\"item_key\" value=\"\" \/>\n\t\t\t<div id=\"frm_field_130_container\">\n\t\t\t<label for=\"field_n695q\" >\n\t\t\t\tSi eres humano, deja este campo en blanco.\t\t\t<\/label>\n\t\t\t<input  id=\"field_n695q\" type=\"text\" class=\"frm_form_field form-field frm_verify\" name=\"item_meta[130]\" value=\"\"  \/>\n\t\t<\/div>\n\t\t<input name=\"frm_state\" type=\"hidden\" value=\"pJKSdrf6rhNg+xD8LHeeFLSwNo0OeDOUEOaGDhNcieRk2ch3uEDLRqCc5mnZp3Co\" \/><\/div>\n<\/fieldset>\n<\/div>\n\n<\/form>\n<\/div>\n[\/vc_column_text][\/vc_column][\/vc_row][vc_row][vc_column][vc_column_text]  \n  \n  <div class=\"\n    mailpoet_form_popup_overlay\n      \"><\/div>\n  <div\n    id=\"mailpoet_form_2\"\n    class=\"\n      mailpoet_form\n      mailpoet_form_shortcode\n      mailpoet_form_position_\n      mailpoet_form_animation_\n    \"\n      >\n\n    <style type=\"text\/css\">\n     #mailpoet_form_2 .mailpoet_form {  }\n#mailpoet_form_2 .mailpoet_column_with_background { padding: 10px; }\n#mailpoet_form_2 .mailpoet_form_column:not(:first-child) { margin-left: 20px; }\n#mailpoet_form_2 .mailpoet_paragraph { line-height: 20px; margin-bottom: 20px; }\n#mailpoet_form_2 .mailpoet_segment_label, #mailpoet_form_2 .mailpoet_text_label, #mailpoet_form_2 .mailpoet_textarea_label, #mailpoet_form_2 .mailpoet_select_label, #mailpoet_form_2 .mailpoet_radio_label, #mailpoet_form_2 .mailpoet_checkbox_label, #mailpoet_form_2 .mailpoet_list_label, #mailpoet_form_2 .mailpoet_date_label { display: block; font-weight: normal; }\n#mailpoet_form_2 .mailpoet_text, #mailpoet_form_2 .mailpoet_textarea, #mailpoet_form_2 .mailpoet_select, #mailpoet_form_2 .mailpoet_date_month, #mailpoet_form_2 .mailpoet_date_day, #mailpoet_form_2 .mailpoet_date_year, #mailpoet_form_2 .mailpoet_date { display: block; }\n#mailpoet_form_2 .mailpoet_text, #mailpoet_form_2 .mailpoet_textarea { width: 200px; }\n#mailpoet_form_2 .mailpoet_checkbox {  }\n#mailpoet_form_2 .mailpoet_submit {  }\n#mailpoet_form_2 .mailpoet_divider {  }\n#mailpoet_form_2 .mailpoet_message {  }\n#mailpoet_form_2 .mailpoet_form_loading { width: 30px; text-align: center; line-height: normal; }\n#mailpoet_form_2 .mailpoet_form_loading > span { width: 5px; height: 5px; background-color: #5b5b5b; }#mailpoet_form_2{border-radius: 0px;text-align: left;}#mailpoet_form_2 form.mailpoet_form {padding: 20px;}#mailpoet_form_2{width: 100%;}#mailpoet_form_2 .mailpoet_message {margin: 0; padding: 0 20px;}#mailpoet_form_2 .mailpoet_paragraph.last {margin-bottom: 0} @media (max-width: 500px) {#mailpoet_form_2 {background-image: none;}} @media (min-width: 500px) {#mailpoet_form_2 .last .mailpoet_paragraph:last-child {margin-bottom: 0}}  @media (max-width: 500px) {#mailpoet_form_2 .mailpoet_form_column:last-child .mailpoet_paragraph:last-child {margin-bottom: 0}} \n    <\/style>\n\n    <form\n      target=\"_self\"\n      method=\"post\"\n      action=\"https:\/\/test-oldwebsite.igcat.org\/wp-admin\/admin-post.php?action=mailpoet_subscription_form\"\n      class=\"mailpoet_form mailpoet_form_form mailpoet_form_shortcode\"\n      novalidate\n      data-delay=\"\"\n      data-exit-intent-enabled=\"\"\n      data-font-family=\"\"\n      data-cookie-expiration-time=\"\"\n    >\n      <input type=\"hidden\" name=\"data[form_id]\" value=\"2\" \/>\n      <input type=\"hidden\" name=\"token\" value=\"f0bc4e2023\" \/>\n      <input type=\"hidden\" name=\"api_version\" value=\"v1\" \/>\n      <input type=\"hidden\" name=\"endpoint\" value=\"subscribers\" \/>\n      <input type=\"hidden\" name=\"mailpoet_method\" value=\"subscribe\" \/>\n\n      <label class=\"mailpoet_hp_email_label\" style=\"display: none !important;\">Por favor, deja este campo vac\u00edo<input type=\"email\" name=\"data[email]\"\/><\/label><div class=\"mailpoet_paragraph \"><input type=\"text\" autocomplete=\"given-name\" class=\"mailpoet_text\" id=\"form_first_name_2\" name=\"data[form_field_ODkxMWUxZDNhMWJmX2ZpcnN0X25hbWU=]\" title=\"First name\" value=\"\" style=\"width:100%;box-sizing:border-box;padding:5px;margin: 0 auto 0 0;\" data-automation-id=\"form_first_name\"  placeholder=\"First name\" aria-label=\"First name\" data-parsley-errors-container=\".mailpoet_error_1fq0e\" data-parsley-names='[&quot;Por favor, especifica un nombre v\u00e1lido.&quot;,&quot;No est\u00e1n permitidas las direcciones en los nombres. Por favor, a\u00f1ade tu nombre en su lugar.&quot;]'\/><span class=\"mailpoet_error_1fq0e\"><\/span><\/div>\n<div class=\"mailpoet_paragraph \"><input type=\"text\" autocomplete=\"family-name\" class=\"mailpoet_text\" id=\"form_last_name_2\" name=\"data[form_field_NDk1MTRhMDc3NGZlX2xhc3RfbmFtZQ==]\" title=\"Last name\" value=\"\" style=\"width:100%;box-sizing:border-box;padding:5px;margin: 0 auto 0 0;\" data-automation-id=\"form_last_name\"  placeholder=\"Last name\" aria-label=\"Last name\" data-parsley-errors-container=\".mailpoet_error_17516\" data-parsley-names='[&quot;Por favor, especifica un nombre v\u00e1lido.&quot;,&quot;No est\u00e1n permitidas las direcciones en los nombres. Por favor, a\u00f1ade tu nombre en su lugar.&quot;]'\/><span class=\"mailpoet_error_17516\"><\/span><\/div>\n<div class=\"mailpoet_paragraph \"><label for=\"form_email_2\" class=\"mailpoet_text_label\"  data-automation-id=\"form_email_label\" >Correo Electr\u00f3nico <span class=\"mailpoet_required\" aria-hidden=\"true\">*<\/span><\/label><input type=\"email\" autocomplete=\"email\" class=\"mailpoet_text\" id=\"form_email_2\" name=\"data[form_field_ZWM5YjRjMjcyN2JmX2VtYWls]\" title=\"Correo Electr\u00f3nico\" value=\"\" style=\"padding:5px;margin: 0 auto 0 0;\" data-automation-id=\"form_email\" data-parsley-errors-container=\".mailpoet_error_n1864\" data-parsley-required=\"true\" required aria-required=\"true\" data-parsley-minlength=\"6\" data-parsley-maxlength=\"150\" data-parsley-type-message=\"Este valor debe ser un correo electr\u00f3nico v\u00e1lido.\" data-parsley-required-message=\"Este campo es obligatorio.\"\/><span class=\"mailpoet_error_n1864\"><\/span><\/div>\n<div class=\"mailpoet_paragraph \"><input type=\"submit\" class=\"mailpoet_submit\" value=\"\u00a1Suscr\u00edbete!\" data-automation-id=\"subscribe-submit-button\" style=\"padding:5px;margin: 0 auto 0 0;border-color:transparent;\" \/><span class=\"mailpoet_form_loading\"><span class=\"mailpoet_bounce1\"><\/span><span class=\"mailpoet_bounce2\"><\/span><span class=\"mailpoet_bounce3\"><\/span><\/span><\/div>\n\n      <div class=\"mailpoet_message\">\n        <p class=\"mailpoet_validate_success\"\n                style=\"display:none;\"\n                >Please visit your inbox and look for an email sent from info@igcat.org and then click on the confirmation link inside that email to subscribe. If you can&#039;t find the confirmation email, please check your spam or junk folder.\n        <\/p>\n        <p class=\"mailpoet_validate_error\"\n                style=\"display:none;\"\n                >        <\/p>\n      <\/div>\n    <\/form>\n\n      <\/div>\n\n  [\/vc_column_text][\/vc_column][\/vc_row][vc_row][vc_column][\/vc_column][\/vc_row]<\/p>\n<\/div>","protected":false},"excerpt":{"rendered":"<p>[vc_row][vc_column][vc_column_text] Suscripci\u00f3n al bolet\u00edn de noticias [\/vc_column_text][\/vc_column][\/vc_row][vc_row][vc_column][vc_empty_space][\/vc_column][\/vc_row][vc_row][vc_column][vc_column_text] El IGCAT lleva a cabo investigaciones, recopila conocimientos y desarrolla proyectos para apoyar soluciones creativas en el desarrollo regional y local. Nuestro bolet\u00edn es una peque\u00f1a selecci\u00f3n trimestral gratuita de noticias, tendencias y hechos de todo el mundo. \u00a1Suscr\u00edbete ahora al bolet\u00edn de IGCAT para recibir nuestras \u00faltimas [&hellip;]<\/p>\n","protected":false},"author":2,"featured_media":0,"parent":0,"menu_order":0,"comment_status":"closed","ping_status":"closed","template":"","meta":{"_acf_changed":false,"footnotes":""},"class_list":["post-20704","page","type-page","status-publish","hentry"],"acf":[],"yoast_head":"<!-- This site is optimized with the Yoast SEO plugin v26.0 - https:\/\/yoast.com\/wordpress\/plugins\/seo\/ -->\n<title>Suscripci\u00f3n al bolet\u00edn de noticias - IGCAT<\/title>\n<meta name=\"description\" content=\"Suscr\u00edbete a nuestro bolet\u00edn trimestral gratuito para recibir tendencias y datos de todo el mundo, y las \u00faltimas actualizaciones de IGCAT y las Regiones de Gastronom\u00eda.\" \/>\n<meta name=\"robots\" content=\"noindex, follow, max-snippet:-1, max-image-preview:large, max-video-preview:-1\" \/>\n<meta property=\"og:locale\" content=\"es_ES\" \/>\n<meta property=\"og:type\" content=\"article\" \/>\n<meta property=\"og:title\" content=\"Suscripci\u00f3n al bolet\u00edn de noticias - IGCAT\" \/>\n<meta property=\"og:description\" content=\"Suscr\u00edbete a nuestro bolet\u00edn trimestral gratuito para recibir tendencias y datos de todo el mundo, y las \u00faltimas actualizaciones de IGCAT y las Regiones de Gastronom\u00eda.\" \/>\n<meta property=\"og:url\" content=\"https:\/\/test-oldwebsite.igcat.org\/es\/newsletter-signup\/\" \/>\n<meta property=\"og:site_name\" content=\"IGCAT - International Institute of Gastronomy, Culture, Arts and Tourism\" \/>\n<meta property=\"article:publisher\" content=\"https:\/\/www.facebook.com\/IGCAT2\/\" \/>\n<meta property=\"article:modified_time\" content=\"2024-07-24T17:49:38+00:00\" \/>\n<meta name=\"twitter:card\" content=\"summary_large_image\" \/>\n<meta name=\"twitter:site\" content=\"@IGCAT2\" \/>\n<meta name=\"twitter:label1\" content=\"Tiempo de lectura\" \/>\n\t<meta name=\"twitter:data1\" content=\"1 minuto\" \/>\n<script type=\"application\/ld+json\" class=\"yoast-schema-graph\">{\"@context\":\"https:\/\/schema.org\",\"@graph\":[{\"@type\":\"WebPage\",\"@id\":\"https:\/\/test-oldwebsite.igcat.org\/es\/newsletter-signup\/\",\"url\":\"https:\/\/test-oldwebsite.igcat.org\/es\/newsletter-signup\/\",\"name\":\"Suscripci\u00f3n al bolet\u00edn de noticias - IGCAT\",\"isPartOf\":{\"@id\":\"https:\/\/test-oldwebsite.igcat.org\/es\/#website\"},\"datePublished\":\"2016-10-05T06:59:54+00:00\",\"dateModified\":\"2024-07-24T17:49:38+00:00\",\"description\":\"Suscr\u00edbete a nuestro bolet\u00edn trimestral gratuito para recibir tendencias y datos de todo el mundo, y las \u00faltimas actualizaciones de IGCAT y las Regiones de Gastronom\u00eda.\",\"breadcrumb\":{\"@id\":\"https:\/\/test-oldwebsite.igcat.org\/es\/newsletter-signup\/#breadcrumb\"},\"inLanguage\":\"es\",\"potentialAction\":[{\"@type\":\"ReadAction\",\"target\":[\"https:\/\/test-oldwebsite.igcat.org\/es\/newsletter-signup\/\"]}]},{\"@type\":\"BreadcrumbList\",\"@id\":\"https:\/\/test-oldwebsite.igcat.org\/es\/newsletter-signup\/#breadcrumb\",\"itemListElement\":[{\"@type\":\"ListItem\",\"position\":1,\"name\":\"Home\",\"item\":\"https:\/\/test-oldwebsite.igcat.org\/es\/homepage\/\"},{\"@type\":\"ListItem\",\"position\":2,\"name\":\"Suscripci\u00f3n al bolet\u00edn de noticias\"}]},{\"@type\":\"WebSite\",\"@id\":\"https:\/\/test-oldwebsite.igcat.org\/es\/#website\",\"url\":\"https:\/\/test-oldwebsite.igcat.org\/es\/\",\"name\":\"IGCAT - International Institute of Gastronomy, Culture, Arts and Tourism\",\"description\":\"International Institute of Gastronomy, Culture, Arts and Tourism\",\"publisher\":{\"@id\":\"https:\/\/test-oldwebsite.igcat.org\/es\/#organization\"},\"potentialAction\":[{\"@type\":\"SearchAction\",\"target\":{\"@type\":\"EntryPoint\",\"urlTemplate\":\"https:\/\/test-oldwebsite.igcat.org\/es\/?s={search_term_string}\"},\"query-input\":{\"@type\":\"PropertyValueSpecification\",\"valueRequired\":true,\"valueName\":\"search_term_string\"}}],\"inLanguage\":\"es\"},{\"@type\":\"Organization\",\"@id\":\"https:\/\/test-oldwebsite.igcat.org\/es\/#organization\",\"name\":\"IGCAT\",\"url\":\"https:\/\/test-oldwebsite.igcat.org\/es\/\",\"logo\":{\"@type\":\"ImageObject\",\"inLanguage\":\"es\",\"@id\":\"https:\/\/test-oldwebsite.igcat.org\/es\/#\/schema\/logo\/image\/\",\"url\":\"https:\/\/test-oldwebsite.igcat.org\/wp-content\/uploads\/2016\/02\/main_logo.png\",\"contentUrl\":\"https:\/\/test-oldwebsite.igcat.org\/wp-content\/uploads\/2016\/02\/main_logo.png\",\"width\":620,\"height\":228,\"caption\":\"IGCAT\"},\"image\":{\"@id\":\"https:\/\/test-oldwebsite.igcat.org\/es\/#\/schema\/logo\/image\/\"},\"sameAs\":[\"https:\/\/www.facebook.com\/IGCAT2\/\",\"https:\/\/x.com\/IGCAT2\",\"https:\/\/www.instagram.com\/igcat_org\/\",\"https:\/\/www.linkedin.com\/company\/igcat-international-institute-of-gastronomy-arts-and-tourism\/\",\"https:\/\/www.youtube.com\/channel\/UCL1xbT3vRbZh3bj-d0_0Vlg\"]}]}<\/script>\n<!-- \/ Yoast SEO plugin. -->","yoast_head_json":{"title":"Suscripci\u00f3n al bolet\u00edn de noticias - IGCAT","description":"Suscr\u00edbete a nuestro bolet\u00edn trimestral gratuito para recibir tendencias y datos de todo el mundo, y las \u00faltimas actualizaciones de IGCAT y las Regiones de Gastronom\u00eda.","robots":{"index":"noindex","follow":"follow","max-snippet":"max-snippet:-1","max-image-preview":"max-image-preview:large","max-video-preview":"max-video-preview:-1"},"og_locale":"es_ES","og_type":"article","og_title":"Suscripci\u00f3n al bolet\u00edn de noticias - IGCAT","og_description":"Suscr\u00edbete a nuestro bolet\u00edn trimestral gratuito para recibir tendencias y datos de todo el mundo, y las \u00faltimas actualizaciones de IGCAT y las Regiones de Gastronom\u00eda.","og_url":"https:\/\/test-oldwebsite.igcat.org\/es\/newsletter-signup\/","og_site_name":"IGCAT - International Institute of Gastronomy, Culture, Arts and Tourism","article_publisher":"https:\/\/www.facebook.com\/IGCAT2\/","article_modified_time":"2024-07-24T17:49:38+00:00","twitter_card":"summary_large_image","twitter_site":"@IGCAT2","twitter_misc":{"Tiempo de lectura":"1 minuto"},"schema":{"@context":"https:\/\/schema.org","@graph":[{"@type":"WebPage","@id":"https:\/\/test-oldwebsite.igcat.org\/es\/newsletter-signup\/","url":"https:\/\/test-oldwebsite.igcat.org\/es\/newsletter-signup\/","name":"Suscripci\u00f3n al bolet\u00edn de noticias - IGCAT","isPartOf":{"@id":"https:\/\/test-oldwebsite.igcat.org\/es\/#website"},"datePublished":"2016-10-05T06:59:54+00:00","dateModified":"2024-07-24T17:49:38+00:00","description":"Suscr\u00edbete a nuestro bolet\u00edn trimestral gratuito para recibir tendencias y datos de todo el mundo, y las \u00faltimas actualizaciones de IGCAT y las Regiones de Gastronom\u00eda.","breadcrumb":{"@id":"https:\/\/test-oldwebsite.igcat.org\/es\/newsletter-signup\/#breadcrumb"},"inLanguage":"es","potentialAction":[{"@type":"ReadAction","target":["https:\/\/test-oldwebsite.igcat.org\/es\/newsletter-signup\/"]}]},{"@type":"BreadcrumbList","@id":"https:\/\/test-oldwebsite.igcat.org\/es\/newsletter-signup\/#breadcrumb","itemListElement":[{"@type":"ListItem","position":1,"name":"Home","item":"https:\/\/test-oldwebsite.igcat.org\/es\/homepage\/"},{"@type":"ListItem","position":2,"name":"Suscripci\u00f3n al bolet\u00edn de noticias"}]},{"@type":"WebSite","@id":"https:\/\/test-oldwebsite.igcat.org\/es\/#website","url":"https:\/\/test-oldwebsite.igcat.org\/es\/","name":"IGCAT - International Institute of Gastronomy, Culture, Arts and Tourism","description":"International Institute of Gastronomy, Culture, Arts and Tourism","publisher":{"@id":"https:\/\/test-oldwebsite.igcat.org\/es\/#organization"},"potentialAction":[{"@type":"SearchAction","target":{"@type":"EntryPoint","urlTemplate":"https:\/\/test-oldwebsite.igcat.org\/es\/?s={search_term_string}"},"query-input":{"@type":"PropertyValueSpecification","valueRequired":true,"valueName":"search_term_string"}}],"inLanguage":"es"},{"@type":"Organization","@id":"https:\/\/test-oldwebsite.igcat.org\/es\/#organization","name":"IGCAT","url":"https:\/\/test-oldwebsite.igcat.org\/es\/","logo":{"@type":"ImageObject","inLanguage":"es","@id":"https:\/\/test-oldwebsite.igcat.org\/es\/#\/schema\/logo\/image\/","url":"https:\/\/test-oldwebsite.igcat.org\/wp-content\/uploads\/2016\/02\/main_logo.png","contentUrl":"https:\/\/test-oldwebsite.igcat.org\/wp-content\/uploads\/2016\/02\/main_logo.png","width":620,"height":228,"caption":"IGCAT"},"image":{"@id":"https:\/\/test-oldwebsite.igcat.org\/es\/#\/schema\/logo\/image\/"},"sameAs":["https:\/\/www.facebook.com\/IGCAT2\/","https:\/\/x.com\/IGCAT2","https:\/\/www.instagram.com\/igcat_org\/","https:\/\/www.linkedin.com\/company\/igcat-international-institute-of-gastronomy-arts-and-tourism\/","https:\/\/www.youtube.com\/channel\/UCL1xbT3vRbZh3bj-d0_0Vlg"]}]}},"_links":{"self":[{"href":"https:\/\/test-oldwebsite.igcat.org\/es\/wp-json\/wp\/v2\/pages\/20704","targetHints":{"allow":["GET"]}}],"collection":[{"href":"https:\/\/test-oldwebsite.igcat.org\/es\/wp-json\/wp\/v2\/pages"}],"about":[{"href":"https:\/\/test-oldwebsite.igcat.org\/es\/wp-json\/wp\/v2\/types\/page"}],"author":[{"embeddable":true,"href":"https:\/\/test-oldwebsite.igcat.org\/es\/wp-json\/wp\/v2\/users\/2"}],"replies":[{"embeddable":true,"href":"https:\/\/test-oldwebsite.igcat.org\/es\/wp-json\/wp\/v2\/comments?post=20704"}],"version-history":[{"count":0,"href":"https:\/\/test-oldwebsite.igcat.org\/es\/wp-json\/wp\/v2\/pages\/20704\/revisions"}],"wp:attachment":[{"href":"https:\/\/test-oldwebsite.igcat.org\/es\/wp-json\/wp\/v2\/media?parent=20704"}],"curies":[{"name":"wp","href":"https:\/\/api.w.org\/{rel}","templated":true}]}}