{"id":22897,"date":"2016-05-30T16:13:47","date_gmt":"2016-05-30T14:13:47","guid":{"rendered":"https:\/\/test-oldwebsite.igcat.org\/european-food-gift-challenge\/"},"modified":"2023-06-27T17:08:00","modified_gmt":"2023-06-27T15:08:00","slug":"world-food-gift-challenge","status":"publish","type":"page","link":"https:\/\/test-oldwebsite.igcat.org\/es\/world-food-gift-challenge\/","title":{"rendered":"World Food Gift Challenge"},"content":{"rendered":"<div class=\"wpb-content-wrapper\"><p>[vc_row gap=\u00bb30&#8243;][vc_column width=\u00bb3\/4&#8243;][vc_column_text]<img loading=\"lazy\" decoding=\"async\" class=\"aligncenter wp-image-21667\" src=\"https:\/\/test-oldwebsite.igcat.org\/wp-content\/uploads\/2019\/04\/Iconos-60x40cm-verde-2019-300x200.jpg\" alt=\"European Food Gift Challenge_Icon\" width=\"195\" height=\"130\" \/>[\/vc_column_text][vc_empty_space]<h1 class=\"sc_title sc_title_regular sc_align_center\" style=\"margin-bottom:30px;text-align:center;\">World Food Gift Challenge<\/h1>[vc_video link=\u00bbhttps:\/\/youtu.be\/KJETOp3E3eI\u00bb align=\u00bbcenter\u00bb][vc_empty_space][vc_column_text]<\/p>\n<p class=\"p1\">El <strong>World Food Gift Challenge<\/strong> es una competici\u00f3n organizada por IGCAT para reconocer y dar visibilidad internacional a obsequios culinarios artesanales y de alta calidad procedentes de las <a href=\"https:\/\/test-oldwebsite.igcat.org\/es\/proyectos\/premio-region-de-gastronomia\/\" target=\"_blank\" rel=\"noopener\">Regiones Europeas y Mundiales de Gastronom\u00eda<\/a>.<\/p>\n<p class=\"p1\">A trav\u00e9s del World Food Gift Challenge, las Regiones Europeas y Mundiales de Gastronom\u00eda pueden apoyar los peque\u00f1os y medianos productores de productos tradicionales y destacar las historias que conectan esos productos a sus regiones, creando valor a\u00f1adido para sus territorios.<\/p>\n<p class=\"p1\">El World Food Gift Challenge permite que los productores locales en las Regiones Europeas y Mundiales de Gastronom\u00eda aprovechen la demanda creciente por parte de los visitadores de obsequios culinarios artesanales excepcionales, junto con su b\u00fasqueda de autenticidad y singularidad y su mayor atenci\u00f3n a los productos sostenibles.<\/p>\n<p>El <strong>World Food Gift Challenge 2023<\/strong> tuvo lugar en <a href=\"https:\/\/www.europeanregionofgastronomy.org\/platform\/south-aegean-2019\/\" target=\"_blank\" rel=\"noopener\">South Aegean, Regi\u00f3n Europea de Gastronom\u00eda 2019<\/a> desde el 26 hasta el 29 de abril de 2023.[\/vc_column_text][vc_empty_space height=\u00bb50px\u00bb][vc_text_separator title=\u00bbCONT\u00c1CTANOS\u00bb color=\u00bbcustom\u00bb border_width=\u00bb2&#8243; el_width=\u00bb30&#8243; accent_color=\u00bb#72b22a\u00bb][vc_empty_space height=\u00bb20px\u00bb][vc_column_text]Para m\u00e1s informaci\u00f3n y la convocatoria completa, puedes contactar con la secretar\u00eda de IGCAT:\u00a0<a href=\"mailto:info@igcat.org\" target=\"_blank\" rel=\"noopener\">info@igcat.org<\/a>[\/vc_column_text][vc_empty_space][\/vc_column][vc_column width=\u00bb1\/4&#8243;][vc_column_text]<\/p>\n<p style=\"text-align: center;\"><strong>EMBAJADORA OFICIAL<\/strong><\/p>\n<p>[\/vc_column_text][vc_empty_space height=\u00bb15px\u00bb]<figure class=\"sc_image  sc_image_shape_square\"><img decoding=\"async\" src=\"https:\/\/test-oldwebsite.igcat.org\/wp-content\/uploads\/2022\/01\/Ana-Ros\u030c_aside.jpg\" alt=\"\" \/><\/figure>[vc_column_text css=\u00bb.vc_custom_1642418827358{padding-top: 20px !important;padding-right: 20px !important;padding-bottom: 20px !important;padding-left: 20px !important;background-color: #72b22a !important;}\u00bb]<\/p>\n<p style=\"color: white; text-align: center;\">\u00abAplaudo el World Food Gift Challenge por centrarse en la gastronom\u00eda desde un punto de vista m\u00e1s amplio. Tenemos que apoyar m\u00e1s a los peque\u00f1os productores. La cadena de valor alimenticia es s\u00f3lo una y tenemos que defender su integridad.\u00bb<\/p>\n<p style=\"color: white; text-align: center;\">ANA RO\u0160<\/p>\n<p>[\/vc_column_text][vc_empty_space height=\u00bb20px\u00bb][vc_column_text]<\/p>\n<p style=\"text-align: center;\"><strong>EDICIONES PASADAS<\/strong><\/p>\n<p>[\/vc_column_text][vc_empty_space height=\u00bb15px\u00bb]<figure class=\"sc_image  sc_image_shape_square\"><img decoding=\"async\" src=\"https:\/\/test-oldwebsite.igcat.org\/wp-content\/uploads\/2023\/06\/World-Food-Gift-Challenge-2023_General-1.png\" alt=\"\" \/><\/figure>[vc_btn title=\u00bbWORLD FOOD GIFT CHALLENGE 2023&#8243; style=\u00bbcustom\u00bb custom_background=\u00bb#72b22a\u00bb custom_text=\u00bb#ffffff\u00bb shape=\u00bbsquare\u00bb size=\u00bblg\u00bb align=\u00bbcenter\u00bb button_block=\u00bbtrue\u00bb link=\u00bburl:https%3A%2F%2Figcat.org%2Fes%2Fworld-food-gifts-2023%2F|target:_blank\u00bb][vc_empty_space height=\u00bb10px\u00bb]<figure class=\"sc_image  sc_image_shape_square\"><img decoding=\"async\" src=\"https:\/\/test-oldwebsite.igcat.org\/wp-content\/uploads\/2022\/05\/World-Food-Gift-Challenge-2022_General.png\" alt=\"\" \/><\/figure>[vc_btn title=\u00bbWORLD FOOD GIFT CHALLENGE 2022&#8243; style=\u00bbcustom\u00bb custom_background=\u00bb#72b22a\u00bb custom_text=\u00bb#ffffff\u00bb shape=\u00bbsquare\u00bb size=\u00bblg\u00bb align=\u00bbcenter\u00bb button_block=\u00bbtrue\u00bb link=\u00bburl:https%3A%2F%2Figcat.org%2Fes%2Fworld-food-gift-challenge%2Fworld-food-gifts-2022%2F|target:_blank\u00bb][vc_empty_space height=\u00bb10px\u00bb]<figure class=\"sc_image  sc_image_shape_square\"><img decoding=\"async\" src=\"https:\/\/test-oldwebsite.igcat.org\/wp-content\/uploads\/2021\/08\/EUROPEAN-FOOD-GIFT-CHALLENGE-2021-1.png\" alt=\"\" \/><\/figure>[vc_btn title=\u00bbEUROPEAN FOOD GIFT CHALLENGE 2021&#8243; style=\u00bbcustom\u00bb custom_background=\u00bb#72b22a\u00bb custom_text=\u00bb#ffffff\u00bb shape=\u00bbsquare\u00bb size=\u00bblg\u00bb align=\u00bbcenter\u00bb button_block=\u00bbtrue\u00bb link=\u00bburl:https%3A%2F%2Figcat.org%2Fes%2Fworld-food-gift-challenge%2Feuropean-food-gifts-2021%2F|target:_blank\u00bb][vc_empty_space height=\u00bb10px\u00bb]<figure class=\"sc_image  sc_image_shape_square\"><img decoding=\"async\" src=\"https:\/\/test-oldwebsite.igcat.org\/wp-content\/uploads\/2021\/03\/EUROPEAN-FOOD-GIFT-CHALLENGE-2021.png\" alt=\"\" \/><\/figure>[vc_btn title=\u00bbEUROPEAN FOOD GIFT CHALLENGE 2020&#8243; style=\u00bbcustom\u00bb custom_background=\u00bb#72b22a\u00bb custom_text=\u00bb#ffffff\u00bb shape=\u00bbsquare\u00bb size=\u00bblg\u00bb align=\u00bbcenter\u00bb button_block=\u00bbtrue\u00bb link=\u00bburl:https%3A%2F%2Figcat.org%2Fes%2Fworld-food-gift-challenge%2Feuropean-food-gifts-2020%2F|target:_blank\u00bb][vc_column_text]<\/p>\n<p style=\"text-align: center;\"><strong>V\u00cdDEOS<\/strong><\/p>\n<p>[\/vc_column_text][vc_empty_space height=\u00bb15px\u00bb][vc_video link=\u00bbhttps:\/\/youtu.be\/ZD1XAmOu4j0&#8243;][vc_btn title=\u00bbWORLD FOOD GIFT CHALLENGE 2022&#8243; style=\u00bbcustom\u00bb custom_background=\u00bb#72b22a\u00bb custom_text=\u00bb#ffffff\u00bb shape=\u00bbsquare\u00bb size=\u00bblg\u00bb align=\u00bbcenter\u00bb button_block=\u00bbtrue\u00bb link=\u00bburl:https%3A%2F%2Fyoutu.be%2FZD1XAmOu4j0|target:_blank\u00bb][vc_empty_space height=\u00bb10px\u00bb][vc_video link=\u00bbhttps:\/\/youtu.be\/IyVb0c0vGxs\u00bb][vc_btn title=\u00bbAWARD CEREMONY 2022 STREAMING\u00bb style=\u00bbcustom\u00bb custom_background=\u00bb#72b22a\u00bb custom_text=\u00bb#ffffff\u00bb shape=\u00bbsquare\u00bb size=\u00bblg\u00bb align=\u00bbcenter\u00bb button_block=\u00bbtrue\u00bb link=\u00bburl:https%3A%2F%2Fyoutu.be%2FIyVb0c0vGxs|target:_blank\u00bb][vc_empty_space height=\u00bb10px\u00bb][vc_video link=\u00bbhttps:\/\/youtu.be\/eEAjDekOWR8&#8243;][vc_btn title=\u00bbEUROPEAN FOOD GIFT CHALLENGE 2020&#8243; style=\u00bbcustom\u00bb custom_background=\u00bb#72b22a\u00bb custom_text=\u00bb#ffffff\u00bb shape=\u00bbsquare\u00bb size=\u00bblg\u00bb align=\u00bbcenter\u00bb button_block=\u00bbtrue\u00bb link=\u00bburl:https%3A%2F%2Fyoutu.be%2FeEAjDekOWR8|target:_blank\u00bb][\/vc_column][\/vc_row]<\/p>\n<\/div>","protected":false},"excerpt":{"rendered":"<p>[vc_row gap=\u00bb30&#8243;][vc_column width=\u00bb3\/4&#8243;][vc_column_text][\/vc_column_text][vc_empty_space][vc_video link=\u00bbhttps:\/\/youtu.be\/KJETOp3E3eI\u00bb align=\u00bbcenter\u00bb][vc_empty_space][vc_column_text] El World Food Gift Challenge es una competici\u00f3n organizada por IGCAT para reconocer y dar visibilidad internacional a obsequios culinarios artesanales y de alta calidad procedentes de las Regiones Europeas y Mundiales de Gastronom\u00eda. A trav\u00e9s del World Food Gift Challenge, las Regiones Europeas y Mundiales de Gastronom\u00eda pueden apoyar [&hellip;]<\/p>\n","protected":false},"author":2,"featured_media":0,"parent":0,"menu_order":0,"comment_status":"closed","ping_status":"closed","template":"","meta":{"_acf_changed":false,"footnotes":""},"class_list":["post-22897","page","type-page","status-publish","hentry"],"acf":[],"yoast_head":"<!-- This site is optimized with the Yoast SEO plugin v26.0 - https:\/\/yoast.com\/wordpress\/plugins\/seo\/ -->\n<title>World Food Gift Challenge - IGCAT<\/title>\n<meta name=\"description\" content=\"Una iniciativa de IGCAT para apoyar la creaci\u00f3n de obsequios culinarios sostenibles que promuevan la diversidad cultural y alimentaria regional.\" \/>\n<meta name=\"robots\" content=\"noindex, follow, max-snippet:-1, max-image-preview:large, max-video-preview:-1\" \/>\n<meta property=\"og:locale\" content=\"es_ES\" \/>\n<meta property=\"og:type\" content=\"article\" \/>\n<meta property=\"og:title\" content=\"World Food Gift Challenge - IGCAT\" \/>\n<meta property=\"og:description\" content=\"Una iniciativa de IGCAT para apoyar la creaci\u00f3n de obsequios culinarios sostenibles que promuevan la diversidad cultural y alimentaria regional.\" \/>\n<meta property=\"og:url\" content=\"https:\/\/test-oldwebsite.igcat.org\/es\/world-food-gift-challenge\/\" \/>\n<meta property=\"og:site_name\" content=\"IGCAT - International Institute of Gastronomy, Culture, Arts and Tourism\" \/>\n<meta property=\"article:publisher\" content=\"https:\/\/www.facebook.com\/IGCAT2\/\" \/>\n<meta property=\"article:modified_time\" content=\"2023-06-27T15:08:00+00:00\" \/>\n<meta property=\"og:image\" content=\"https:\/\/test-oldwebsite.igcat.org\/wp-content\/uploads\/2019\/04\/Iconos-60x40cm-verde-2019-300x200.jpg\" \/>\n<meta name=\"twitter:card\" content=\"summary_large_image\" \/>\n<meta name=\"twitter:site\" content=\"@IGCAT2\" \/>\n<meta name=\"twitter:label1\" content=\"Tiempo de lectura\" \/>\n\t<meta name=\"twitter:data1\" content=\"2 minutos\" \/>\n<script type=\"application\/ld+json\" class=\"yoast-schema-graph\">{\"@context\":\"https:\/\/schema.org\",\"@graph\":[{\"@type\":\"WebPage\",\"@id\":\"https:\/\/test-oldwebsite.igcat.org\/es\/world-food-gift-challenge\/\",\"url\":\"https:\/\/test-oldwebsite.igcat.org\/es\/world-food-gift-challenge\/\",\"name\":\"World Food Gift Challenge - IGCAT\",\"isPartOf\":{\"@id\":\"https:\/\/test-oldwebsite.igcat.org\/es\/#website\"},\"primaryImageOfPage\":{\"@id\":\"https:\/\/test-oldwebsite.igcat.org\/es\/world-food-gift-challenge\/#primaryimage\"},\"image\":{\"@id\":\"https:\/\/test-oldwebsite.igcat.org\/es\/world-food-gift-challenge\/#primaryimage\"},\"thumbnailUrl\":\"https:\/\/test-oldwebsite.igcat.org\/wp-content\/uploads\/2019\/04\/Iconos-60x40cm-verde-2019-300x200.jpg\",\"datePublished\":\"2016-05-30T14:13:47+00:00\",\"dateModified\":\"2023-06-27T15:08:00+00:00\",\"description\":\"Una iniciativa de IGCAT para apoyar la creaci\u00f3n de obsequios culinarios sostenibles que promuevan la diversidad cultural y alimentaria regional.\",\"breadcrumb\":{\"@id\":\"https:\/\/test-oldwebsite.igcat.org\/es\/world-food-gift-challenge\/#breadcrumb\"},\"inLanguage\":\"es\",\"potentialAction\":[{\"@type\":\"ReadAction\",\"target\":[\"https:\/\/test-oldwebsite.igcat.org\/es\/world-food-gift-challenge\/\"]}]},{\"@type\":\"ImageObject\",\"inLanguage\":\"es\",\"@id\":\"https:\/\/test-oldwebsite.igcat.org\/es\/world-food-gift-challenge\/#primaryimage\",\"url\":\"https:\/\/test-oldwebsite.igcat.org\/wp-content\/uploads\/2019\/04\/Iconos-60x40cm-verde-2019-300x200.jpg\",\"contentUrl\":\"https:\/\/test-oldwebsite.igcat.org\/wp-content\/uploads\/2019\/04\/Iconos-60x40cm-verde-2019-300x200.jpg\"},{\"@type\":\"BreadcrumbList\",\"@id\":\"https:\/\/test-oldwebsite.igcat.org\/es\/world-food-gift-challenge\/#breadcrumb\",\"itemListElement\":[{\"@type\":\"ListItem\",\"position\":1,\"name\":\"Home\",\"item\":\"https:\/\/test-oldwebsite.igcat.org\/es\/homepage\/\"},{\"@type\":\"ListItem\",\"position\":2,\"name\":\"World Food Gift Challenge\"}]},{\"@type\":\"WebSite\",\"@id\":\"https:\/\/test-oldwebsite.igcat.org\/es\/#website\",\"url\":\"https:\/\/test-oldwebsite.igcat.org\/es\/\",\"name\":\"IGCAT - International Institute of Gastronomy, Culture, Arts and Tourism\",\"description\":\"International Institute of Gastronomy, Culture, Arts and Tourism\",\"publisher\":{\"@id\":\"https:\/\/test-oldwebsite.igcat.org\/es\/#organization\"},\"potentialAction\":[{\"@type\":\"SearchAction\",\"target\":{\"@type\":\"EntryPoint\",\"urlTemplate\":\"https:\/\/test-oldwebsite.igcat.org\/es\/?s={search_term_string}\"},\"query-input\":{\"@type\":\"PropertyValueSpecification\",\"valueRequired\":true,\"valueName\":\"search_term_string\"}}],\"inLanguage\":\"es\"},{\"@type\":\"Organization\",\"@id\":\"https:\/\/test-oldwebsite.igcat.org\/es\/#organization\",\"name\":\"IGCAT\",\"url\":\"https:\/\/test-oldwebsite.igcat.org\/es\/\",\"logo\":{\"@type\":\"ImageObject\",\"inLanguage\":\"es\",\"@id\":\"https:\/\/test-oldwebsite.igcat.org\/es\/#\/schema\/logo\/image\/\",\"url\":\"https:\/\/test-oldwebsite.igcat.org\/wp-content\/uploads\/2016\/02\/main_logo.png\",\"contentUrl\":\"https:\/\/test-oldwebsite.igcat.org\/wp-content\/uploads\/2016\/02\/main_logo.png\",\"width\":620,\"height\":228,\"caption\":\"IGCAT\"},\"image\":{\"@id\":\"https:\/\/test-oldwebsite.igcat.org\/es\/#\/schema\/logo\/image\/\"},\"sameAs\":[\"https:\/\/www.facebook.com\/IGCAT2\/\",\"https:\/\/x.com\/IGCAT2\",\"https:\/\/www.instagram.com\/igcat_org\/\",\"https:\/\/www.linkedin.com\/company\/igcat-international-institute-of-gastronomy-arts-and-tourism\/\",\"https:\/\/www.youtube.com\/channel\/UCL1xbT3vRbZh3bj-d0_0Vlg\"]}]}<\/script>\n<!-- \/ Yoast SEO plugin. -->","yoast_head_json":{"title":"World Food Gift Challenge - IGCAT","description":"Una iniciativa de IGCAT para apoyar la creaci\u00f3n de obsequios culinarios sostenibles que promuevan la diversidad cultural y alimentaria regional.","robots":{"index":"noindex","follow":"follow","max-snippet":"max-snippet:-1","max-image-preview":"max-image-preview:large","max-video-preview":"max-video-preview:-1"},"og_locale":"es_ES","og_type":"article","og_title":"World Food Gift Challenge - IGCAT","og_description":"Una iniciativa de IGCAT para apoyar la creaci\u00f3n de obsequios culinarios sostenibles que promuevan la diversidad cultural y alimentaria regional.","og_url":"https:\/\/test-oldwebsite.igcat.org\/es\/world-food-gift-challenge\/","og_site_name":"IGCAT - International Institute of Gastronomy, Culture, Arts and Tourism","article_publisher":"https:\/\/www.facebook.com\/IGCAT2\/","article_modified_time":"2023-06-27T15:08:00+00:00","og_image":[{"url":"https:\/\/test-oldwebsite.igcat.org\/wp-content\/uploads\/2019\/04\/Iconos-60x40cm-verde-2019-300x200.jpg","type":"","width":"","height":""}],"twitter_card":"summary_large_image","twitter_site":"@IGCAT2","twitter_misc":{"Tiempo de lectura":"2 minutos"},"schema":{"@context":"https:\/\/schema.org","@graph":[{"@type":"WebPage","@id":"https:\/\/test-oldwebsite.igcat.org\/es\/world-food-gift-challenge\/","url":"https:\/\/test-oldwebsite.igcat.org\/es\/world-food-gift-challenge\/","name":"World Food Gift Challenge - IGCAT","isPartOf":{"@id":"https:\/\/test-oldwebsite.igcat.org\/es\/#website"},"primaryImageOfPage":{"@id":"https:\/\/test-oldwebsite.igcat.org\/es\/world-food-gift-challenge\/#primaryimage"},"image":{"@id":"https:\/\/test-oldwebsite.igcat.org\/es\/world-food-gift-challenge\/#primaryimage"},"thumbnailUrl":"https:\/\/test-oldwebsite.igcat.org\/wp-content\/uploads\/2019\/04\/Iconos-60x40cm-verde-2019-300x200.jpg","datePublished":"2016-05-30T14:13:47+00:00","dateModified":"2023-06-27T15:08:00+00:00","description":"Una iniciativa de IGCAT para apoyar la creaci\u00f3n de obsequios culinarios sostenibles que promuevan la diversidad cultural y alimentaria regional.","breadcrumb":{"@id":"https:\/\/test-oldwebsite.igcat.org\/es\/world-food-gift-challenge\/#breadcrumb"},"inLanguage":"es","potentialAction":[{"@type":"ReadAction","target":["https:\/\/test-oldwebsite.igcat.org\/es\/world-food-gift-challenge\/"]}]},{"@type":"ImageObject","inLanguage":"es","@id":"https:\/\/test-oldwebsite.igcat.org\/es\/world-food-gift-challenge\/#primaryimage","url":"https:\/\/test-oldwebsite.igcat.org\/wp-content\/uploads\/2019\/04\/Iconos-60x40cm-verde-2019-300x200.jpg","contentUrl":"https:\/\/test-oldwebsite.igcat.org\/wp-content\/uploads\/2019\/04\/Iconos-60x40cm-verde-2019-300x200.jpg"},{"@type":"BreadcrumbList","@id":"https:\/\/test-oldwebsite.igcat.org\/es\/world-food-gift-challenge\/#breadcrumb","itemListElement":[{"@type":"ListItem","position":1,"name":"Home","item":"https:\/\/test-oldwebsite.igcat.org\/es\/homepage\/"},{"@type":"ListItem","position":2,"name":"World Food Gift Challenge"}]},{"@type":"WebSite","@id":"https:\/\/test-oldwebsite.igcat.org\/es\/#website","url":"https:\/\/test-oldwebsite.igcat.org\/es\/","name":"IGCAT - International Institute of Gastronomy, Culture, Arts and Tourism","description":"International Institute of Gastronomy, Culture, Arts and Tourism","publisher":{"@id":"https:\/\/test-oldwebsite.igcat.org\/es\/#organization"},"potentialAction":[{"@type":"SearchAction","target":{"@type":"EntryPoint","urlTemplate":"https:\/\/test-oldwebsite.igcat.org\/es\/?s={search_term_string}"},"query-input":{"@type":"PropertyValueSpecification","valueRequired":true,"valueName":"search_term_string"}}],"inLanguage":"es"},{"@type":"Organization","@id":"https:\/\/test-oldwebsite.igcat.org\/es\/#organization","name":"IGCAT","url":"https:\/\/test-oldwebsite.igcat.org\/es\/","logo":{"@type":"ImageObject","inLanguage":"es","@id":"https:\/\/test-oldwebsite.igcat.org\/es\/#\/schema\/logo\/image\/","url":"https:\/\/test-oldwebsite.igcat.org\/wp-content\/uploads\/2016\/02\/main_logo.png","contentUrl":"https:\/\/test-oldwebsite.igcat.org\/wp-content\/uploads\/2016\/02\/main_logo.png","width":620,"height":228,"caption":"IGCAT"},"image":{"@id":"https:\/\/test-oldwebsite.igcat.org\/es\/#\/schema\/logo\/image\/"},"sameAs":["https:\/\/www.facebook.com\/IGCAT2\/","https:\/\/x.com\/IGCAT2","https:\/\/www.instagram.com\/igcat_org\/","https:\/\/www.linkedin.com\/company\/igcat-international-institute-of-gastronomy-arts-and-tourism\/","https:\/\/www.youtube.com\/channel\/UCL1xbT3vRbZh3bj-d0_0Vlg"]}]}},"_links":{"self":[{"href":"https:\/\/test-oldwebsite.igcat.org\/es\/wp-json\/wp\/v2\/pages\/22897","targetHints":{"allow":["GET"]}}],"collection":[{"href":"https:\/\/test-oldwebsite.igcat.org\/es\/wp-json\/wp\/v2\/pages"}],"about":[{"href":"https:\/\/test-oldwebsite.igcat.org\/es\/wp-json\/wp\/v2\/types\/page"}],"author":[{"embeddable":true,"href":"https:\/\/test-oldwebsite.igcat.org\/es\/wp-json\/wp\/v2\/users\/2"}],"replies":[{"embeddable":true,"href":"https:\/\/test-oldwebsite.igcat.org\/es\/wp-json\/wp\/v2\/comments?post=22897"}],"version-history":[{"count":0,"href":"https:\/\/test-oldwebsite.igcat.org\/es\/wp-json\/wp\/v2\/pages\/22897\/revisions"}],"wp:attachment":[{"href":"https:\/\/test-oldwebsite.igcat.org\/es\/wp-json\/wp\/v2\/media?parent=22897"}],"curies":[{"name":"wp","href":"https:\/\/api.w.org\/{rel}","templated":true}]}}