{"id":23290,"date":"2021-06-30T10:19:06","date_gmt":"2021-06-30T08:19:06","guid":{"rendered":"https:\/\/test-oldwebsite.igcat.org\/premio-region-de-gastronomia\/open-call-for-2025\/"},"modified":"2025-06-25T18:48:20","modified_gmt":"2025-06-25T16:48:20","slug":"convocatoria-2027","status":"publish","type":"page","link":"https:\/\/test-oldwebsite.igcat.org\/es\/proyectos\/premio-region-de-gastronomia\/convocatoria-2027\/","title":{"rendered":"Convocatoria abierta para 2028"},"content":{"rendered":"<div class=\"wpb-content-wrapper\"><p>[vc_row][vc_column][vc_column_text]<img loading=\"lazy\" decoding=\"async\" class=\"aligncenter wp-image-22794\" src=\"https:\/\/test-oldwebsite.igcat.org\/wp-content\/uploads\/2021\/01\/WRG_ICON_WEB.png\" alt=\"Regi\u00f3n Mundial de la Gastronom\u00eda\" width=\"170\" height=\"100\">[\/vc_column_text][vc_empty_space]<h1 class=\"sc_title sc_title_regular sc_align_center\" style=\"margin-bottom:30px;text-align:center;\">Open Call for<br \/>\nWorld Regions of Gastronomy<\/h1>[\/vc_column][\/vc_row][vc_row][vc_column width=\u00bb1\/6&#8243;]<figure class=\"sc_image  sc_image_shape_square\"><img decoding=\"async\" src=\"https:\/\/test-oldwebsite.igcat.org\/wp-content\/uploads\/2019\/05\/Feeding-the-Planet.png\" alt=\"\" \/><\/figure>[\/vc_column][vc_column width=\u00bb1\/6&#8243;]<figure class=\"sc_image  sc_image_shape_square\"><img decoding=\"async\" src=\"https:\/\/test-oldwebsite.igcat.org\/wp-content\/uploads\/2019\/05\/Innovation-Creativity-and-Job-Opportunities-e1558729498256.png\" alt=\"\" \/><\/figure>[\/vc_column][vc_column width=\u00bb1\/6&#8243;]<figure class=\"sc_image  sc_image_shape_square\"><img decoding=\"async\" src=\"https:\/\/test-oldwebsite.igcat.org\/wp-content\/uploads\/2019\/05\/Educating-for-our-future.png\" alt=\"\" \/><\/figure>[\/vc_column][vc_column width=\u00bb1\/6&#8243;]<figure class=\"sc_image  sc_image_shape_square\"><img decoding=\"async\" src=\"https:\/\/test-oldwebsite.igcat.org\/wp-content\/uploads\/2019\/05\/Balanced-and-Sustainable-Tourism.png\" alt=\"\" \/><\/figure>[\/vc_column][vc_column width=\u00bb1\/6&#8243;]<figure class=\"sc_image  sc_image_shape_square\"><img decoding=\"async\" src=\"https:\/\/test-oldwebsite.igcat.org\/wp-content\/uploads\/2019\/05\/Linking-Urban-and-Rural.png\" alt=\"\" \/><\/figure>[\/vc_column][vc_column width=\u00bb1\/6&#8243;]<figure class=\"sc_image  sc_image_shape_square\"><img decoding=\"async\" src=\"https:\/\/test-oldwebsite.igcat.org\/wp-content\/uploads\/2019\/05\/Well-being-and-Healthier-Living.png\" alt=\"\" \/><\/figure>[\/vc_column][\/vc_row][vc_row][vc_column][vc_empty_space][\/vc_column][\/vc_row][vc_row][vc_column][vc_column_text css=\u00bb\u00bb]Las regiones que esperan ser galardonadas con el premio MUNDIAL o REGI\u00d3N EUROPEA DE LA GASTRONOM\u00cdA 2029 o 2030 est\u00e1n ahora invitadas a unirse a la creciente Plataforma de IGCAT de regiones que est\u00e1n trabajando juntas para proteger y promover su diversidad cultural y alimentaria.<\/p>\n<p>La <b>Plataforma<\/b> est\u00e1 abierta a las regiones que declaran la obligaci\u00f3n moral de:<\/p>\n<ul>\n<li>Concienciar sobre la importancia de la singularidad cultural y alimentaria<\/li>\n<li>Estimular la creatividad y la innovaci\u00f3n gastron\u00f3mica<\/li>\n<li>Educar para una mejor nutrici\u00f3n y una mayor creatividad<\/li>\n<li>Fomentar ofertas tur\u00edsticas sostenibles y equilibradas<\/li>\n<li>Destacar las culturas gastron\u00f3micas distintivas<\/li>\n<li>Fortalecer el bienestar de la comunidad<\/li>\n<li>Aumentar las posibilidades de una mejor econom\u00eda circular<\/li>\n<\/ul>\n<p>Ser miembro de la Plataforma es el primer paso importante para ser galardonado con las Regiones <b>Mundiales<\/b> <b>de la Gastronom\u00eda<\/b> y es una iniciativa para fomentar la <b>transferencia de conocimientos<\/b> , as\u00ed como para apoyar <b>proyectos conjuntos<\/b> que den una mayor visibilidad y reconocimiento nacional e internacional a las regiones participantes.<\/p>\n<p>Para adherirse a la Plataforma, las regiones deben reunir a un grupo de partes interesadas de instituciones p\u00fablicas, privadas, del tercer sector y del conocimiento que abarquen diferentes sectores, como la cultura, la gastronom\u00eda, las artes, el turismo, la agricultura, la salud, las empresas y la educaci\u00f3n. El objetivo es garantizar un <b>di\u00e1logo intersectorial<\/b> y <b>una visi\u00f3n compartida<\/b> para la regi\u00f3n.<\/p>\n<p>Se puede lograr mucho <b>aprendiendo de otras regiones<\/b> y, por lo tanto, IGCAT apoya a las regiones que participan en la Plataforma para establecer <b>m\u00faltiples conexiones<\/b> con las buenas pr\u00e1cticas en regiones de todo el mundo. Al hacerlo, IGCAT ayuda a las comunidades locales a compartir soluciones inteligentes para que cada una pueda ser m\u00e1s fuerte y m\u00e1s resiliente.<\/p>\n<p>Trabajando juntos, tenemos los ingredientes para construir un futuro mejor.<\/p>\n<p>Para m\u00e1s informaci\u00f3n, p\u00f3ngase en contacto con IGCAT: <a href=\"mailto:info@igcat.org\" target=\"_blank\" rel=\"noopener\">info@igcat.org<\/a><\/p>\n<p>Los plazos de presentaci\u00f3n de candidaturas para adherirse a la Plataforma para las regiones que deseen optar al Premio 2029 son:<\/p>\n<ul>\n<li>Premio Regi\u00f3n Europea de Gastronom\u00eda:<strong> 31 de enero de 2026<\/strong><\/li>\n<li>Premio Regi\u00f3n Mundial de Gastronom\u00eda: <strong>31 de mayo de 2026<\/strong><\/li>\n<\/ul>\n<p>Fecha l\u00edmite para el Premio 2030:<\/p>\n<ul>\n<li>Premio de la Regi\u00f3n Mundial y Europea de Gastronom\u00eda:<strong> 31 de mayo de 2027<\/strong><\/li>\n<\/ul>\n<p>Sin embargo, se recomienda encarecidamente a las regiones que se unan lo antes posible para recibir apoyo en su proceso de solicitud de licitaci\u00f3n.[\/vc_column_text][\/vc_column][\/vc_row]<\/p>\n<\/div>","protected":false},"excerpt":{"rendered":"<p>[vc_row][vc_column][vc_column_text][\/vc_column_text][vc_empty_space][\/vc_column][\/vc_row][vc_row][vc_column width=\u00bb1\/6&#8243;][\/vc_column][vc_column width=\u00bb1\/6&#8243;][\/vc_column][vc_column width=\u00bb1\/6&#8243;][\/vc_column][vc_column width=\u00bb1\/6&#8243;][\/vc_column][vc_column width=\u00bb1\/6&#8243;][\/vc_column][vc_column width=\u00bb1\/6&#8243;][\/vc_column][\/vc_row][vc_row][vc_column][vc_empty_space][\/vc_column][\/vc_row][vc_row][vc_column][vc_column_text css=\u00bb\u00bb]Las regiones que esperan ser galardonadas con el premio MUNDIAL o REGI\u00d3N EUROPEA DE LA GASTRONOM\u00cdA 2029 o 2030 est\u00e1n ahora invitadas a unirse a la creciente Plataforma de IGCAT de regiones que est\u00e1n trabajando juntas para proteger y promover su diversidad cultural y alimentaria. La Plataforma est\u00e1 [&hellip;]<\/p>\n","protected":false},"author":33,"featured_media":0,"parent":18746,"menu_order":0,"comment_status":"closed","ping_status":"closed","template":"","meta":{"_acf_changed":false,"footnotes":""},"class_list":["post-23290","page","type-page","status-publish","hentry"],"acf":[],"yoast_head":"<!-- This site is optimized with the Yoast SEO plugin v26.0 - https:\/\/yoast.com\/wordpress\/plugins\/seo\/ -->\n<title>Convocatoria abierta para 2028 - IGCAT - International Institute of Gastronomy, Culture, Arts and Tourism<\/title>\n<meta name=\"description\" content=\"Se abre la convocatoria para regiones que esperan ser galardonadas con el Premio Mundial o Europeo de la Regi\u00f3n de Gastronom\u00eda 2028 y unirse a la creciente Plataforma de IGCAT.\" \/>\n<meta name=\"robots\" content=\"noindex, follow, max-snippet:-1, max-image-preview:large, max-video-preview:-1\" \/>\n<meta property=\"og:locale\" content=\"es_ES\" \/>\n<meta property=\"og:type\" content=\"article\" \/>\n<meta property=\"og:title\" content=\"Convocatoria abierta para 2028 - IGCAT - International Institute of Gastronomy, Culture, Arts and Tourism\" \/>\n<meta property=\"og:description\" content=\"Se abre la convocatoria para regiones que esperan ser galardonadas con el Premio Mundial o Europeo de la Regi\u00f3n de Gastronom\u00eda 2028 y unirse a la creciente Plataforma de IGCAT.\" \/>\n<meta property=\"og:url\" content=\"https:\/\/test-oldwebsite.igcat.org\/es\/proyectos\/premio-region-de-gastronomia\/convocatoria-2027\/\" \/>\n<meta property=\"og:site_name\" content=\"IGCAT - International Institute of Gastronomy, Culture, Arts and Tourism\" \/>\n<meta property=\"article:publisher\" content=\"https:\/\/www.facebook.com\/IGCAT2\/\" \/>\n<meta property=\"article:modified_time\" content=\"2025-06-25T16:48:20+00:00\" \/>\n<meta property=\"og:image\" content=\"https:\/\/test-oldwebsite.igcat.org\/wp-content\/uploads\/2021\/01\/WRG_ICON_WEB.png\" \/>\n\t<meta property=\"og:image:width\" content=\"170\" \/>\n\t<meta property=\"og:image:height\" content=\"100\" \/>\n\t<meta property=\"og:image:type\" content=\"image\/png\" \/>\n<meta name=\"twitter:card\" content=\"summary_large_image\" \/>\n<meta name=\"twitter:site\" content=\"@IGCAT2\" \/>\n<meta name=\"twitter:label1\" content=\"Tiempo de lectura\" \/>\n\t<meta name=\"twitter:data1\" content=\"2 minutos\" \/>\n<script type=\"application\/ld+json\" class=\"yoast-schema-graph\">{\"@context\":\"https:\/\/schema.org\",\"@graph\":[{\"@type\":\"WebPage\",\"@id\":\"https:\/\/test-oldwebsite.igcat.org\/es\/proyectos\/premio-region-de-gastronomia\/convocatoria-2027\/\",\"url\":\"https:\/\/test-oldwebsite.igcat.org\/es\/proyectos\/premio-region-de-gastronomia\/convocatoria-2027\/\",\"name\":\"Convocatoria abierta para 2028 - IGCAT - International Institute of Gastronomy, Culture, Arts and Tourism\",\"isPartOf\":{\"@id\":\"https:\/\/test-oldwebsite.igcat.org\/es\/#website\"},\"primaryImageOfPage\":{\"@id\":\"https:\/\/test-oldwebsite.igcat.org\/es\/proyectos\/premio-region-de-gastronomia\/convocatoria-2027\/#primaryimage\"},\"image\":{\"@id\":\"https:\/\/test-oldwebsite.igcat.org\/es\/proyectos\/premio-region-de-gastronomia\/convocatoria-2027\/#primaryimage\"},\"thumbnailUrl\":\"https:\/\/test-oldwebsite.igcat.org\/wp-content\/uploads\/2021\/01\/WRG_ICON_WEB.png\",\"datePublished\":\"2021-06-30T08:19:06+00:00\",\"dateModified\":\"2025-06-25T16:48:20+00:00\",\"description\":\"Se abre la convocatoria para regiones que esperan ser galardonadas con el Premio Mundial o Europeo de la Regi\u00f3n de Gastronom\u00eda 2028 y unirse a la creciente Plataforma de IGCAT.\",\"breadcrumb\":{\"@id\":\"https:\/\/test-oldwebsite.igcat.org\/es\/proyectos\/premio-region-de-gastronomia\/convocatoria-2027\/#breadcrumb\"},\"inLanguage\":\"es\",\"potentialAction\":[{\"@type\":\"ReadAction\",\"target\":[\"https:\/\/test-oldwebsite.igcat.org\/es\/proyectos\/premio-region-de-gastronomia\/convocatoria-2027\/\"]}]},{\"@type\":\"ImageObject\",\"inLanguage\":\"es\",\"@id\":\"https:\/\/test-oldwebsite.igcat.org\/es\/proyectos\/premio-region-de-gastronomia\/convocatoria-2027\/#primaryimage\",\"url\":\"https:\/\/test-oldwebsite.igcat.org\/wp-content\/uploads\/2021\/01\/WRG_ICON_WEB.png\",\"contentUrl\":\"https:\/\/test-oldwebsite.igcat.org\/wp-content\/uploads\/2021\/01\/WRG_ICON_WEB.png\"},{\"@type\":\"BreadcrumbList\",\"@id\":\"https:\/\/test-oldwebsite.igcat.org\/es\/proyectos\/premio-region-de-gastronomia\/convocatoria-2027\/#breadcrumb\",\"itemListElement\":[{\"@type\":\"ListItem\",\"position\":1,\"name\":\"Home\",\"item\":\"https:\/\/test-oldwebsite.igcat.org\/es\/homepage\/\"},{\"@type\":\"ListItem\",\"position\":2,\"name\":\"Proyectos\",\"item\":\"https:\/\/test-oldwebsite.igcat.org\/es\/proyectos\/\"},{\"@type\":\"ListItem\",\"position\":3,\"name\":\"Premio Regi\u00f3n de Gastronom\u00eda\",\"item\":\"https:\/\/test-oldwebsite.igcat.org\/es\/proyectos\/premio-region-de-gastronomia\/\"},{\"@type\":\"ListItem\",\"position\":4,\"name\":\"Convocatoria abierta para 2028\"}]},{\"@type\":\"WebSite\",\"@id\":\"https:\/\/test-oldwebsite.igcat.org\/es\/#website\",\"url\":\"https:\/\/test-oldwebsite.igcat.org\/es\/\",\"name\":\"IGCAT - International Institute of Gastronomy, Culture, Arts and Tourism\",\"description\":\"International Institute of Gastronomy, Culture, Arts and Tourism\",\"publisher\":{\"@id\":\"https:\/\/test-oldwebsite.igcat.org\/es\/#organization\"},\"potentialAction\":[{\"@type\":\"SearchAction\",\"target\":{\"@type\":\"EntryPoint\",\"urlTemplate\":\"https:\/\/test-oldwebsite.igcat.org\/es\/?s={search_term_string}\"},\"query-input\":{\"@type\":\"PropertyValueSpecification\",\"valueRequired\":true,\"valueName\":\"search_term_string\"}}],\"inLanguage\":\"es\"},{\"@type\":\"Organization\",\"@id\":\"https:\/\/test-oldwebsite.igcat.org\/es\/#organization\",\"name\":\"IGCAT\",\"url\":\"https:\/\/test-oldwebsite.igcat.org\/es\/\",\"logo\":{\"@type\":\"ImageObject\",\"inLanguage\":\"es\",\"@id\":\"https:\/\/test-oldwebsite.igcat.org\/es\/#\/schema\/logo\/image\/\",\"url\":\"https:\/\/test-oldwebsite.igcat.org\/wp-content\/uploads\/2016\/02\/main_logo.png\",\"contentUrl\":\"https:\/\/test-oldwebsite.igcat.org\/wp-content\/uploads\/2016\/02\/main_logo.png\",\"width\":620,\"height\":228,\"caption\":\"IGCAT\"},\"image\":{\"@id\":\"https:\/\/test-oldwebsite.igcat.org\/es\/#\/schema\/logo\/image\/\"},\"sameAs\":[\"https:\/\/www.facebook.com\/IGCAT2\/\",\"https:\/\/x.com\/IGCAT2\",\"https:\/\/www.instagram.com\/igcat_org\/\",\"https:\/\/www.linkedin.com\/company\/igcat-international-institute-of-gastronomy-arts-and-tourism\/\",\"https:\/\/www.youtube.com\/channel\/UCL1xbT3vRbZh3bj-d0_0Vlg\"]}]}<\/script>\n<!-- \/ Yoast SEO plugin. -->","yoast_head_json":{"title":"Convocatoria abierta para 2028 - IGCAT - International Institute of Gastronomy, Culture, Arts and Tourism","description":"Se abre la convocatoria para regiones que esperan ser galardonadas con el Premio Mundial o Europeo de la Regi\u00f3n de Gastronom\u00eda 2028 y unirse a la creciente Plataforma de IGCAT.","robots":{"index":"noindex","follow":"follow","max-snippet":"max-snippet:-1","max-image-preview":"max-image-preview:large","max-video-preview":"max-video-preview:-1"},"og_locale":"es_ES","og_type":"article","og_title":"Convocatoria abierta para 2028 - IGCAT - International Institute of Gastronomy, Culture, Arts and Tourism","og_description":"Se abre la convocatoria para regiones que esperan ser galardonadas con el Premio Mundial o Europeo de la Regi\u00f3n de Gastronom\u00eda 2028 y unirse a la creciente Plataforma de IGCAT.","og_url":"https:\/\/test-oldwebsite.igcat.org\/es\/proyectos\/premio-region-de-gastronomia\/convocatoria-2027\/","og_site_name":"IGCAT - International Institute of Gastronomy, Culture, Arts and Tourism","article_publisher":"https:\/\/www.facebook.com\/IGCAT2\/","article_modified_time":"2025-06-25T16:48:20+00:00","og_image":[{"width":170,"height":100,"url":"https:\/\/test-oldwebsite.igcat.org\/wp-content\/uploads\/2021\/01\/WRG_ICON_WEB.png","type":"image\/png"}],"twitter_card":"summary_large_image","twitter_site":"@IGCAT2","twitter_misc":{"Tiempo de lectura":"2 minutos"},"schema":{"@context":"https:\/\/schema.org","@graph":[{"@type":"WebPage","@id":"https:\/\/test-oldwebsite.igcat.org\/es\/proyectos\/premio-region-de-gastronomia\/convocatoria-2027\/","url":"https:\/\/test-oldwebsite.igcat.org\/es\/proyectos\/premio-region-de-gastronomia\/convocatoria-2027\/","name":"Convocatoria abierta para 2028 - IGCAT - International Institute of Gastronomy, Culture, Arts and Tourism","isPartOf":{"@id":"https:\/\/test-oldwebsite.igcat.org\/es\/#website"},"primaryImageOfPage":{"@id":"https:\/\/test-oldwebsite.igcat.org\/es\/proyectos\/premio-region-de-gastronomia\/convocatoria-2027\/#primaryimage"},"image":{"@id":"https:\/\/test-oldwebsite.igcat.org\/es\/proyectos\/premio-region-de-gastronomia\/convocatoria-2027\/#primaryimage"},"thumbnailUrl":"https:\/\/test-oldwebsite.igcat.org\/wp-content\/uploads\/2021\/01\/WRG_ICON_WEB.png","datePublished":"2021-06-30T08:19:06+00:00","dateModified":"2025-06-25T16:48:20+00:00","description":"Se abre la convocatoria para regiones que esperan ser galardonadas con el Premio Mundial o Europeo de la Regi\u00f3n de Gastronom\u00eda 2028 y unirse a la creciente Plataforma de IGCAT.","breadcrumb":{"@id":"https:\/\/test-oldwebsite.igcat.org\/es\/proyectos\/premio-region-de-gastronomia\/convocatoria-2027\/#breadcrumb"},"inLanguage":"es","potentialAction":[{"@type":"ReadAction","target":["https:\/\/test-oldwebsite.igcat.org\/es\/proyectos\/premio-region-de-gastronomia\/convocatoria-2027\/"]}]},{"@type":"ImageObject","inLanguage":"es","@id":"https:\/\/test-oldwebsite.igcat.org\/es\/proyectos\/premio-region-de-gastronomia\/convocatoria-2027\/#primaryimage","url":"https:\/\/test-oldwebsite.igcat.org\/wp-content\/uploads\/2021\/01\/WRG_ICON_WEB.png","contentUrl":"https:\/\/test-oldwebsite.igcat.org\/wp-content\/uploads\/2021\/01\/WRG_ICON_WEB.png"},{"@type":"BreadcrumbList","@id":"https:\/\/test-oldwebsite.igcat.org\/es\/proyectos\/premio-region-de-gastronomia\/convocatoria-2027\/#breadcrumb","itemListElement":[{"@type":"ListItem","position":1,"name":"Home","item":"https:\/\/test-oldwebsite.igcat.org\/es\/homepage\/"},{"@type":"ListItem","position":2,"name":"Proyectos","item":"https:\/\/test-oldwebsite.igcat.org\/es\/proyectos\/"},{"@type":"ListItem","position":3,"name":"Premio Regi\u00f3n de Gastronom\u00eda","item":"https:\/\/test-oldwebsite.igcat.org\/es\/proyectos\/premio-region-de-gastronomia\/"},{"@type":"ListItem","position":4,"name":"Convocatoria abierta para 2028"}]},{"@type":"WebSite","@id":"https:\/\/test-oldwebsite.igcat.org\/es\/#website","url":"https:\/\/test-oldwebsite.igcat.org\/es\/","name":"IGCAT - International Institute of Gastronomy, Culture, Arts and Tourism","description":"International Institute of Gastronomy, Culture, Arts and Tourism","publisher":{"@id":"https:\/\/test-oldwebsite.igcat.org\/es\/#organization"},"potentialAction":[{"@type":"SearchAction","target":{"@type":"EntryPoint","urlTemplate":"https:\/\/test-oldwebsite.igcat.org\/es\/?s={search_term_string}"},"query-input":{"@type":"PropertyValueSpecification","valueRequired":true,"valueName":"search_term_string"}}],"inLanguage":"es"},{"@type":"Organization","@id":"https:\/\/test-oldwebsite.igcat.org\/es\/#organization","name":"IGCAT","url":"https:\/\/test-oldwebsite.igcat.org\/es\/","logo":{"@type":"ImageObject","inLanguage":"es","@id":"https:\/\/test-oldwebsite.igcat.org\/es\/#\/schema\/logo\/image\/","url":"https:\/\/test-oldwebsite.igcat.org\/wp-content\/uploads\/2016\/02\/main_logo.png","contentUrl":"https:\/\/test-oldwebsite.igcat.org\/wp-content\/uploads\/2016\/02\/main_logo.png","width":620,"height":228,"caption":"IGCAT"},"image":{"@id":"https:\/\/test-oldwebsite.igcat.org\/es\/#\/schema\/logo\/image\/"},"sameAs":["https:\/\/www.facebook.com\/IGCAT2\/","https:\/\/x.com\/IGCAT2","https:\/\/www.instagram.com\/igcat_org\/","https:\/\/www.linkedin.com\/company\/igcat-international-institute-of-gastronomy-arts-and-tourism\/","https:\/\/www.youtube.com\/channel\/UCL1xbT3vRbZh3bj-d0_0Vlg"]}]}},"_links":{"self":[{"href":"https:\/\/test-oldwebsite.igcat.org\/es\/wp-json\/wp\/v2\/pages\/23290","targetHints":{"allow":["GET"]}}],"collection":[{"href":"https:\/\/test-oldwebsite.igcat.org\/es\/wp-json\/wp\/v2\/pages"}],"about":[{"href":"https:\/\/test-oldwebsite.igcat.org\/es\/wp-json\/wp\/v2\/types\/page"}],"author":[{"embeddable":true,"href":"https:\/\/test-oldwebsite.igcat.org\/es\/wp-json\/wp\/v2\/users\/33"}],"replies":[{"embeddable":true,"href":"https:\/\/test-oldwebsite.igcat.org\/es\/wp-json\/wp\/v2\/comments?post=23290"}],"version-history":[{"count":0,"href":"https:\/\/test-oldwebsite.igcat.org\/es\/wp-json\/wp\/v2\/pages\/23290\/revisions"}],"up":[{"embeddable":true,"href":"https:\/\/test-oldwebsite.igcat.org\/es\/wp-json\/wp\/v2\/pages\/18746"}],"wp:attachment":[{"href":"https:\/\/test-oldwebsite.igcat.org\/es\/wp-json\/wp\/v2\/media?parent=23290"}],"curies":[{"name":"wp","href":"https:\/\/api.w.org\/{rel}","templated":true}]}}