{"id":24811,"date":"2013-08-23T11:43:57","date_gmt":"2013-08-23T09:43:57","guid":{"rendered":"https:\/\/test-oldwebsite.igcat.org\/top-websites-for-foodie-travelers\/"},"modified":"2025-01-15T16:24:31","modified_gmt":"2025-01-15T15:24:31","slug":"top-websites-for-foodie-travelers","status":"publish","type":"page","link":"https:\/\/test-oldwebsite.igcat.org\/es\/top-websites-for-foodie-travelers\/","title":{"rendered":"Los mejores sitios web para viajeros amantes de la comida"},"content":{"rendered":"<div class=\"wpb-content-wrapper\"><p>[vc_row gap=\u00bb30&#8243;][vc_column width=\u00bb3\/4&#8243;][vc_column_text css=\u00bb\u00bb]<img loading=\"lazy\" decoding=\"async\" class=\"wp-image-31306 aligncenter\" src=\"https:\/\/test-oldwebsite.igcat.org\/wp-content\/uploads\/2025\/01\/TWFT_Dark-Teal_no-text-300x214.png\" alt=\"TWFT_Dark Teal_no texto\" width=\"275\" height=\"234\">[\/vc_column_text][vc_empty_space][vc_column_text]<\/p>\n<h2 style=\"text-align: center;\">LOS MEJORES SITIOS WEB PARA VIAJEROS AMANTES DE LA COMIDA<\/h2>\n<p>[\/vc_column_text][vc_empty_space][vc_column_text]El <strong>premio Top Websites for Foodie Travelers<\/strong> es un reconocimiento otorgado por IGCAT a los mejores sitios web que brindan experiencias creativas, culturales y gastron\u00f3micas \u00fanicas en todo el mundo. A trav\u00e9s de este proyecto, IGCAT pretende fomentar la experimentaci\u00f3n creativa, art\u00edstica y sensorial para construir nuevas y \u00fanicas experiencias gastron\u00f3micas. Al publicar una lista anual de los mejores sitios web para viajeros amantes de la comida del candidato y de las regiones mundiales y europeas de gastronom\u00eda galardonadas, IGCAT: <\/p>\n<ul>\n<li>Aumentar el acceso de los visitantes internacionales a alimentos y experiencias culturales de calidad;<\/li>\n<li>Dar visibilidad internacional a las experiencias gastron\u00f3micas y culturales de nicho;<\/li>\n<li>Recompensar portales y aplicaciones que apoyen a las microempresas y contribuyan al desarrollo territorial sostenible.<\/li>\n<\/ul>\n<p>Las webs presentadas ser\u00e1n evaluadas por un jurado internacional de expertos de IGCAT y las Top Websites for Foodie Travelers se promocionar\u00e1n en la web y en las redes sociales de IGCAT.[\/vc_column_text][vc_empty_space height=\u00bb40px\u00bb][vc_text_separator title=\u00bbCONVOCATORIAS ABIERTAS\u00bb color=\u00bbcustom\u00bb border_width=\u00bb2&#8243; el_width=\u00bb30&#8243; accent_color=\u00bb#90549e\u00bb][vc_empty_space height=\u00bb20px\u00bb][vc_column_text css=\u00bb\u00bb]Abierta la convocatoria de los mejores sitios web para viajeros amantes de la comida 2025.[\/vc_column_text][vc_empty_space height=\u00bb20px\u00bb][vc_btn title=\u00bbDESCARGAR CONVOCATORIA ABIERTA\u00bb style=\u00bbcustom\u00bb custom_background=\u00bb#90549e\u00bb custom_text=\u00bb#ffffff\u00bb css=\u00bb\u00bb link=\u00bburl:https%3A%2F%2Figcat.org%2Fwp-content%2Fuploads%2F2024%2F11%2FIGCAT_TWFT-2025_Open-Call.pdf|target:_blank|\u00bb][vc_empty_space height=\u00bb40px\u00bb][vc_text_separator title=\u00bbCONT\u00c1CTENOS\u00bb color=\u00bbcustom\u00bb border_width=\u00bb2&#8243; el_width=\u00bb30&#8243; accent_color=\u00bb#90549e\u00bb][vc_empty_space height=\u00bb20px\u00bb][vc_column_text]<\/p>\n<div class=\"wpb_text_column wpb_content_element \">\n<div class=\"wpb_wrapper\">\n<p>Para m\u00e1s informaci\u00f3n, p\u00f3ngase en contacto con la secretar\u00eda del IGCAT en <a href=\"mailto:info@igcat.org\" target=\"_blank\" rel=\"noopener\">info@igcat.org<\/a><\/p>\n<\/div>\n<\/div>\n<p>[\/vc_column_text][\/vc_column][vc_column width=\u00bb1\/4&#8243;][vc_column_text]<\/p>\n<p style=\"text-align: center;\"><strong>CONVOCATORIAS ABIERTAS<\/strong><\/p>\n<p>[\/vc_column_text][vc_empty_space height=\u00bb15px\u00bb]<figure class=\"sc_image  sc_image_shape_square\"><img decoding=\"async\" src=\"https:\/\/test-oldwebsite.igcat.org\/wp-content\/uploads\/2022\/11\/Top-Websites-for-Foodie-Travelers_Open-call.png\" alt=\"\" \/><\/figure>[vc_btn title=\u00bbLOS MEJORES SITIOS WEB PARA VIAJEROS AMANTES DE LA COMIDA 2025&#8243; style=\u00bbcustom\u00bb custom_background=\u00bb#90549e\u00bb custom_text=\u00bb#ffffff\u00bb shape=\u00bbsquare\u00bb size=\u00bblg\u00bb align=\u00bbcenter\u00bb css=\u00bb\u00bb button_block=\u00bbtrue\u00bb link=\u00bburl:https%3A%2F%2Figcat.org%2Fwp-content%2Fuploads%2F2024%2F11%2FIGCAT_TWFT-2025_Open-Call.pdf|target:_blank|\u00bb][vc_column_text]<\/p>\n<p style=\"text-align: center;\"><strong>EDICIONES PASADAS<\/strong><\/p>\n<p>[\/vc_column_text][vc_empty_space height=\u00bb15px\u00bb]<figure class=\"sc_image  sc_image_shape_square\"><img decoding=\"async\" src=\"https:\/\/test-oldwebsite.igcat.org\/wp-content\/uploads\/2024\/02\/Want-a-tasty-adventure-See-IGCATs-Top-10-Websites-for-Foodie-Travelers-for-2024_Small.jpg\" alt=\"\" \/><\/figure>[vc_btn title=\u00bbLOS MEJORES SITIOS WEB PARA VIAJEROS AMANTES DE LA COMIDA 2024&#8243; style=\u00bbcustom\u00bb custom_background=\u00bb#90549e\u00bb custom_text=\u00bb#ffffff\u00bb shape=\u00bbsquare\u00bb size=\u00bblg\u00bb align=\u00bbcenter\u00bb button_block=\u00bbtrue\u00bb link=\u00bburl:https%3A%2F%2Figcat.org%2Fes%2Ftop-websites-for-foodie-travelers%2Ftop-10-websites-for-foodie-travelers-2024%2F|target:_blank|\u00bb][vc_empty_space height=\u00bb10px\u00bb]<figure class=\"sc_image  sc_image_shape_square\"><img decoding=\"async\" src=\"https:\/\/test-oldwebsite.igcat.org\/wp-content\/uploads\/2023\/06\/Top-10-Websites-for-Foodie-Travelers-2023-awarded-by-IGCAT_Website.jpg\" alt=\"\" \/><\/figure>[vc_btn title=\u00bbLOS MEJORES SITIOS WEB PARA VIAJEROS AMANTES DE LA COMIDA 2023&#8243; style=\u00bbcustom\u00bb custom_background=\u00bb#90549e\u00bb custom_text=\u00bb#ffffff\u00bb shape=\u00bbsquare\u00bb size=\u00bblg\u00bb align=\u00bbcenter\u00bb button_block=\u00bbtrue\u00bb link=\u00bburl:https%3A%2F%2Figcat.org%2Fwp-content%2Fuploads%2F2023%2F12%2FIGCAT_TWFT-2024_Open-Call-1.pdf|target:_blank|\u00bb][vc_empty_space height=\u00bb10px\u00bb]<figure class=\"sc_image  sc_image_shape_square\"><img decoding=\"async\" src=\"https:\/\/test-oldwebsite.igcat.org\/wp-content\/uploads\/2022\/04\/Top-10-Websites-for-Foodie-Travelers-2022-announced.jpg\" alt=\"\" \/><\/figure>[vc_btn title=\u00bbLOS MEJORES SITIOS WEB PARA VIAJEROS AMANTES DE LA COMIDA 2022&#8243; style=\u00bbcustom\u00bb custom_background=\u00bb#90549e\u00bb custom_text=\u00bb#ffffff\u00bb shape=\u00bbsquare\u00bb size=\u00bblg\u00bb align=\u00bbcenter\u00bb css=\u00bb\u00bb button_block=\u00bbtrue\u00bb link=\u00bburl:https%3A%2F%2Figcat.org%2Fes%2Ftop-websites-for-foodie-travelers%2Ftop-10-websites-for-foodie-travelers-2022%2F|target:_blank|\u00bb][vc_empty_space height=\u00bb10px\u00bb]<figure class=\"sc_image  sc_image_shape_square\"><img decoding=\"async\" src=\"https:\/\/test-oldwebsite.igcat.org\/wp-content\/uploads\/2022\/04\/Top-Websites-for-Foodie-Travelers_Banner.png\" alt=\"\" \/><\/figure>[vc_btn title=\u00bbENTREGA DE PREMIOS 2022 STREAMING\u00bb style=\u00bbcustom\u00bb custom_background=\u00bb#90549e\u00bb custom_text=\u00bb#ffffff\u00bb shape=\u00bbsquare\u00bb size=\u00bblg\u00bb align=\u00bbcenter\u00bb button_block=\u00bbtrue\u00bb link=\u00bburl:https%3A%2F%2Fyoutu.be%2F_yt_W10-etY|target:_blank|\u00bb][\/vc_column][\/vc_row]<\/p>\n<\/div>","protected":false},"excerpt":{"rendered":"<p>[vc_row gap=\u00bb30&#8243;][vc_column width=\u00bb3\/4&#8243;][vc_column_text css=\u00bb\u00bb][\/vc_column_text][vc_empty_space][vc_column_text] LOS MEJORES SITIOS WEB PARA VIAJEROS AMANTES DE LA COMIDA [\/vc_column_text][vc_empty_space][vc_column_text]El premio Top Websites for Foodie Travelers es un reconocimiento otorgado por IGCAT a los mejores sitios web que brindan experiencias creativas, culturales y gastron\u00f3micas \u00fanicas en todo el mundo. A trav\u00e9s de este proyecto, IGCAT pretende fomentar la experimentaci\u00f3n creativa, [&hellip;]<\/p>\n","protected":false},"author":2,"featured_media":0,"parent":0,"menu_order":5,"comment_status":"closed","ping_status":"closed","template":"","meta":{"_acf_changed":false,"footnotes":""},"class_list":["post-24811","page","type-page","status-publish","hentry"],"acf":[],"yoast_head":"<!-- This site is optimized with the Yoast SEO plugin v26.0 - https:\/\/yoast.com\/wordpress\/plugins\/seo\/ -->\n<title>Los mejores sitios web para viajeros amantes de la comida - IGCAT<\/title>\n<meta name=\"description\" content=\"El premio Top Websites for Foodie Travelers da visibilidad a las experiencias creativas, culturales y gastron\u00f3micas en las Regiones de la Gastronom\u00eda.\" \/>\n<meta name=\"robots\" content=\"noindex, follow, max-snippet:-1, max-image-preview:large, max-video-preview:-1\" \/>\n<meta property=\"og:locale\" content=\"es_ES\" \/>\n<meta property=\"og:type\" content=\"article\" \/>\n<meta property=\"og:title\" content=\"Los mejores sitios web para viajeros amantes de la comida - IGCAT\" \/>\n<meta property=\"og:description\" content=\"El premio Top Websites for Foodie Travelers da visibilidad a las experiencias creativas, culturales y gastron\u00f3micas en las Regiones de la Gastronom\u00eda.\" \/>\n<meta property=\"og:url\" content=\"https:\/\/test-oldwebsite.igcat.org\/es\/top-websites-for-foodie-travelers\/\" \/>\n<meta property=\"og:site_name\" content=\"IGCAT - International Institute of Gastronomy, Culture, Arts and Tourism\" \/>\n<meta property=\"article:publisher\" content=\"https:\/\/www.facebook.com\/IGCAT2\/\" \/>\n<meta property=\"article:modified_time\" content=\"2025-01-15T15:24:31+00:00\" \/>\n<meta property=\"og:image\" content=\"https:\/\/test-oldwebsite.igcat.org\/wp-content\/uploads\/2025\/01\/TWFT_Dark-Teal_no-text-e1736954521559.png\" \/>\n\t<meta property=\"og:image:width\" content=\"640\" \/>\n\t<meta property=\"og:image:height\" content=\"544\" \/>\n\t<meta property=\"og:image:type\" content=\"image\/png\" \/>\n<meta name=\"twitter:card\" content=\"summary_large_image\" \/>\n<meta name=\"twitter:site\" content=\"@IGCAT2\" \/>\n<meta name=\"twitter:label1\" content=\"Tiempo de lectura\" \/>\n\t<meta name=\"twitter:data1\" content=\"3 minutos\" \/>\n<script type=\"application\/ld+json\" class=\"yoast-schema-graph\">{\"@context\":\"https:\/\/schema.org\",\"@graph\":[{\"@type\":\"WebPage\",\"@id\":\"https:\/\/test-oldwebsite.igcat.org\/es\/top-websites-for-foodie-travelers\/\",\"url\":\"https:\/\/test-oldwebsite.igcat.org\/es\/top-websites-for-foodie-travelers\/\",\"name\":\"Los mejores sitios web para viajeros amantes de la comida - IGCAT\",\"isPartOf\":{\"@id\":\"https:\/\/test-oldwebsite.igcat.org\/es\/#website\"},\"primaryImageOfPage\":{\"@id\":\"https:\/\/test-oldwebsite.igcat.org\/es\/top-websites-for-foodie-travelers\/#primaryimage\"},\"image\":{\"@id\":\"https:\/\/test-oldwebsite.igcat.org\/es\/top-websites-for-foodie-travelers\/#primaryimage\"},\"thumbnailUrl\":\"https:\/\/test-oldwebsite.igcat.org\/wp-content\/uploads\/2025\/01\/TWFT_Dark-Teal_no-text-300x214.png\",\"datePublished\":\"2013-08-23T09:43:57+00:00\",\"dateModified\":\"2025-01-15T15:24:31+00:00\",\"description\":\"El premio Top Websites for Foodie Travelers da visibilidad a las experiencias creativas, culturales y gastron\u00f3micas en las Regiones de la Gastronom\u00eda.\",\"breadcrumb\":{\"@id\":\"https:\/\/test-oldwebsite.igcat.org\/es\/top-websites-for-foodie-travelers\/#breadcrumb\"},\"inLanguage\":\"es\",\"potentialAction\":[{\"@type\":\"ReadAction\",\"target\":[\"https:\/\/test-oldwebsite.igcat.org\/es\/top-websites-for-foodie-travelers\/\"]}]},{\"@type\":\"ImageObject\",\"inLanguage\":\"es\",\"@id\":\"https:\/\/test-oldwebsite.igcat.org\/es\/top-websites-for-foodie-travelers\/#primaryimage\",\"url\":\"https:\/\/test-oldwebsite.igcat.org\/wp-content\/uploads\/2025\/01\/TWFT_Dark-Teal_no-text-300x214.png\",\"contentUrl\":\"https:\/\/test-oldwebsite.igcat.org\/wp-content\/uploads\/2025\/01\/TWFT_Dark-Teal_no-text-300x214.png\"},{\"@type\":\"BreadcrumbList\",\"@id\":\"https:\/\/test-oldwebsite.igcat.org\/es\/top-websites-for-foodie-travelers\/#breadcrumb\",\"itemListElement\":[{\"@type\":\"ListItem\",\"position\":1,\"name\":\"Home\",\"item\":\"https:\/\/test-oldwebsite.igcat.org\/es\/homepage\/\"},{\"@type\":\"ListItem\",\"position\":2,\"name\":\"Los mejores sitios web para viajeros amantes de la comida\"}]},{\"@type\":\"WebSite\",\"@id\":\"https:\/\/test-oldwebsite.igcat.org\/es\/#website\",\"url\":\"https:\/\/test-oldwebsite.igcat.org\/es\/\",\"name\":\"IGCAT - International Institute of Gastronomy, Culture, Arts and Tourism\",\"description\":\"International Institute of Gastronomy, Culture, Arts and Tourism\",\"publisher\":{\"@id\":\"https:\/\/test-oldwebsite.igcat.org\/es\/#organization\"},\"potentialAction\":[{\"@type\":\"SearchAction\",\"target\":{\"@type\":\"EntryPoint\",\"urlTemplate\":\"https:\/\/test-oldwebsite.igcat.org\/es\/?s={search_term_string}\"},\"query-input\":{\"@type\":\"PropertyValueSpecification\",\"valueRequired\":true,\"valueName\":\"search_term_string\"}}],\"inLanguage\":\"es\"},{\"@type\":\"Organization\",\"@id\":\"https:\/\/test-oldwebsite.igcat.org\/es\/#organization\",\"name\":\"IGCAT\",\"url\":\"https:\/\/test-oldwebsite.igcat.org\/es\/\",\"logo\":{\"@type\":\"ImageObject\",\"inLanguage\":\"es\",\"@id\":\"https:\/\/test-oldwebsite.igcat.org\/es\/#\/schema\/logo\/image\/\",\"url\":\"https:\/\/test-oldwebsite.igcat.org\/wp-content\/uploads\/2016\/02\/main_logo.png\",\"contentUrl\":\"https:\/\/test-oldwebsite.igcat.org\/wp-content\/uploads\/2016\/02\/main_logo.png\",\"width\":620,\"height\":228,\"caption\":\"IGCAT\"},\"image\":{\"@id\":\"https:\/\/test-oldwebsite.igcat.org\/es\/#\/schema\/logo\/image\/\"},\"sameAs\":[\"https:\/\/www.facebook.com\/IGCAT2\/\",\"https:\/\/x.com\/IGCAT2\",\"https:\/\/www.instagram.com\/igcat_org\/\",\"https:\/\/www.linkedin.com\/company\/igcat-international-institute-of-gastronomy-arts-and-tourism\/\",\"https:\/\/www.youtube.com\/channel\/UCL1xbT3vRbZh3bj-d0_0Vlg\"]}]}<\/script>\n<!-- \/ Yoast SEO plugin. -->","yoast_head_json":{"title":"Los mejores sitios web para viajeros amantes de la comida - IGCAT","description":"El premio Top Websites for Foodie Travelers da visibilidad a las experiencias creativas, culturales y gastron\u00f3micas en las Regiones de la Gastronom\u00eda.","robots":{"index":"noindex","follow":"follow","max-snippet":"max-snippet:-1","max-image-preview":"max-image-preview:large","max-video-preview":"max-video-preview:-1"},"og_locale":"es_ES","og_type":"article","og_title":"Los mejores sitios web para viajeros amantes de la comida - IGCAT","og_description":"El premio Top Websites for Foodie Travelers da visibilidad a las experiencias creativas, culturales y gastron\u00f3micas en las Regiones de la Gastronom\u00eda.","og_url":"https:\/\/test-oldwebsite.igcat.org\/es\/top-websites-for-foodie-travelers\/","og_site_name":"IGCAT - International Institute of Gastronomy, Culture, Arts and Tourism","article_publisher":"https:\/\/www.facebook.com\/IGCAT2\/","article_modified_time":"2025-01-15T15:24:31+00:00","og_image":[{"width":640,"height":544,"url":"https:\/\/test-oldwebsite.igcat.org\/wp-content\/uploads\/2025\/01\/TWFT_Dark-Teal_no-text-e1736954521559.png","type":"image\/png"}],"twitter_card":"summary_large_image","twitter_site":"@IGCAT2","twitter_misc":{"Tiempo de lectura":"3 minutos"},"schema":{"@context":"https:\/\/schema.org","@graph":[{"@type":"WebPage","@id":"https:\/\/test-oldwebsite.igcat.org\/es\/top-websites-for-foodie-travelers\/","url":"https:\/\/test-oldwebsite.igcat.org\/es\/top-websites-for-foodie-travelers\/","name":"Los mejores sitios web para viajeros amantes de la comida - IGCAT","isPartOf":{"@id":"https:\/\/test-oldwebsite.igcat.org\/es\/#website"},"primaryImageOfPage":{"@id":"https:\/\/test-oldwebsite.igcat.org\/es\/top-websites-for-foodie-travelers\/#primaryimage"},"image":{"@id":"https:\/\/test-oldwebsite.igcat.org\/es\/top-websites-for-foodie-travelers\/#primaryimage"},"thumbnailUrl":"https:\/\/test-oldwebsite.igcat.org\/wp-content\/uploads\/2025\/01\/TWFT_Dark-Teal_no-text-300x214.png","datePublished":"2013-08-23T09:43:57+00:00","dateModified":"2025-01-15T15:24:31+00:00","description":"El premio Top Websites for Foodie Travelers da visibilidad a las experiencias creativas, culturales y gastron\u00f3micas en las Regiones de la Gastronom\u00eda.","breadcrumb":{"@id":"https:\/\/test-oldwebsite.igcat.org\/es\/top-websites-for-foodie-travelers\/#breadcrumb"},"inLanguage":"es","potentialAction":[{"@type":"ReadAction","target":["https:\/\/test-oldwebsite.igcat.org\/es\/top-websites-for-foodie-travelers\/"]}]},{"@type":"ImageObject","inLanguage":"es","@id":"https:\/\/test-oldwebsite.igcat.org\/es\/top-websites-for-foodie-travelers\/#primaryimage","url":"https:\/\/test-oldwebsite.igcat.org\/wp-content\/uploads\/2025\/01\/TWFT_Dark-Teal_no-text-300x214.png","contentUrl":"https:\/\/test-oldwebsite.igcat.org\/wp-content\/uploads\/2025\/01\/TWFT_Dark-Teal_no-text-300x214.png"},{"@type":"BreadcrumbList","@id":"https:\/\/test-oldwebsite.igcat.org\/es\/top-websites-for-foodie-travelers\/#breadcrumb","itemListElement":[{"@type":"ListItem","position":1,"name":"Home","item":"https:\/\/test-oldwebsite.igcat.org\/es\/homepage\/"},{"@type":"ListItem","position":2,"name":"Los mejores sitios web para viajeros amantes de la comida"}]},{"@type":"WebSite","@id":"https:\/\/test-oldwebsite.igcat.org\/es\/#website","url":"https:\/\/test-oldwebsite.igcat.org\/es\/","name":"IGCAT - International Institute of Gastronomy, Culture, Arts and Tourism","description":"International Institute of Gastronomy, Culture, Arts and Tourism","publisher":{"@id":"https:\/\/test-oldwebsite.igcat.org\/es\/#organization"},"potentialAction":[{"@type":"SearchAction","target":{"@type":"EntryPoint","urlTemplate":"https:\/\/test-oldwebsite.igcat.org\/es\/?s={search_term_string}"},"query-input":{"@type":"PropertyValueSpecification","valueRequired":true,"valueName":"search_term_string"}}],"inLanguage":"es"},{"@type":"Organization","@id":"https:\/\/test-oldwebsite.igcat.org\/es\/#organization","name":"IGCAT","url":"https:\/\/test-oldwebsite.igcat.org\/es\/","logo":{"@type":"ImageObject","inLanguage":"es","@id":"https:\/\/test-oldwebsite.igcat.org\/es\/#\/schema\/logo\/image\/","url":"https:\/\/test-oldwebsite.igcat.org\/wp-content\/uploads\/2016\/02\/main_logo.png","contentUrl":"https:\/\/test-oldwebsite.igcat.org\/wp-content\/uploads\/2016\/02\/main_logo.png","width":620,"height":228,"caption":"IGCAT"},"image":{"@id":"https:\/\/test-oldwebsite.igcat.org\/es\/#\/schema\/logo\/image\/"},"sameAs":["https:\/\/www.facebook.com\/IGCAT2\/","https:\/\/x.com\/IGCAT2","https:\/\/www.instagram.com\/igcat_org\/","https:\/\/www.linkedin.com\/company\/igcat-international-institute-of-gastronomy-arts-and-tourism\/","https:\/\/www.youtube.com\/channel\/UCL1xbT3vRbZh3bj-d0_0Vlg"]}]}},"_links":{"self":[{"href":"https:\/\/test-oldwebsite.igcat.org\/es\/wp-json\/wp\/v2\/pages\/24811","targetHints":{"allow":["GET"]}}],"collection":[{"href":"https:\/\/test-oldwebsite.igcat.org\/es\/wp-json\/wp\/v2\/pages"}],"about":[{"href":"https:\/\/test-oldwebsite.igcat.org\/es\/wp-json\/wp\/v2\/types\/page"}],"author":[{"embeddable":true,"href":"https:\/\/test-oldwebsite.igcat.org\/es\/wp-json\/wp\/v2\/users\/2"}],"replies":[{"embeddable":true,"href":"https:\/\/test-oldwebsite.igcat.org\/es\/wp-json\/wp\/v2\/comments?post=24811"}],"version-history":[{"count":0,"href":"https:\/\/test-oldwebsite.igcat.org\/es\/wp-json\/wp\/v2\/pages\/24811\/revisions"}],"wp:attachment":[{"href":"https:\/\/test-oldwebsite.igcat.org\/es\/wp-json\/wp\/v2\/media?parent=24811"}],"curies":[{"name":"wp","href":"https:\/\/api.w.org\/{rel}","templated":true}]}}