{"id":27779,"date":"2022-05-02T19:52:00","date_gmt":"2022-05-02T17:52:00","guid":{"rendered":"https:\/\/test-oldwebsite.igcat.org\/nemos-erasmus\/"},"modified":"2024-04-18T19:26:47","modified_gmt":"2024-04-18T17:26:47","slug":"nemos-erasmus","status":"publish","type":"page","link":"https:\/\/test-oldwebsite.igcat.org\/fr\/nemos-erasmus\/","title":{"rendered":"NEMOS &#8211; Erasmus+"},"content":{"rendered":"<div class=\"wpb-content-wrapper\"><p>[vc_row][vc_column][vc_column_text]<img loading=\"lazy\" decoding=\"async\" class=\"alignnone size-medium wp-image-25031 aligncenter\" src=\"https:\/\/test-oldwebsite.igcat.org\/wp-content\/uploads\/2022\/06\/nemos-simple-trans-300x57.png\" alt=\"NEMOS_Logo\" width=\"300\" height=\"57\" srcset=\"https:\/\/test-oldwebsite.igcat.org\/wp-content\/uploads\/2022\/06\/nemos-simple-trans-300x57.png 300w, https:\/\/test-oldwebsite.igcat.org\/wp-content\/uploads\/2022\/06\/nemos-simple-trans-390x74.png 390w, https:\/\/test-oldwebsite.igcat.org\/wp-content\/uploads\/2022\/06\/nemos-simple-trans-370x70.png 370w, https:\/\/test-oldwebsite.igcat.org\/wp-content\/uploads\/2022\/06\/nemos-simple-trans.png 839w\" sizes=\"auto, (max-width: 300px) 100vw, 300px\" \/>[\/vc_column_text][\/vc_column][\/vc_row][vc_row][vc_column]<h2 class=\"sc_title sc_title_regular sc_align_center\" style=\"text-align:center;\"><\/p>\n<p style=\"text-align: center;\">Un nouveau mod\u00e8le p\u00e9dagogique pour l\u2019acquisition de comp\u00e9tences en mati\u00e8re de durabilit\u00e9 gr\u00e2ce \u00e0 l\u2019apprentissage par le service<\/p>\n<p><\/h2>[\/vc_column][\/vc_row][vc_row][vc_column][vc_column_text]<img loading=\"lazy\" decoding=\"async\" class=\"aligncenter wp-image-25042\" src=\"https:\/\/test-oldwebsite.igcat.org\/wp-content\/uploads\/2022\/06\/EN-Co-Funded-by-the-EU_POS-300x63.png\" alt=\"EN Cofinanc\u00e9 par le EU_POS\" width=\"238\" height=\"50\" srcset=\"https:\/\/test-oldwebsite.igcat.org\/wp-content\/uploads\/2022\/06\/EN-Co-Funded-by-the-EU_POS-300x63.png 300w, https:\/\/test-oldwebsite.igcat.org\/wp-content\/uploads\/2022\/06\/EN-Co-Funded-by-the-EU_POS-1024x215.png 1024w, https:\/\/test-oldwebsite.igcat.org\/wp-content\/uploads\/2022\/06\/EN-Co-Funded-by-the-EU_POS-1536x322.png 1536w, https:\/\/test-oldwebsite.igcat.org\/wp-content\/uploads\/2022\/06\/EN-Co-Funded-by-the-EU_POS-2048x430.png 2048w, https:\/\/test-oldwebsite.igcat.org\/wp-content\/uploads\/2022\/06\/EN-Co-Funded-by-the-EU_POS-1170x245.png 1170w, https:\/\/test-oldwebsite.igcat.org\/wp-content\/uploads\/2022\/06\/EN-Co-Funded-by-the-EU_POS-870x183.png 870w, https:\/\/test-oldwebsite.igcat.org\/wp-content\/uploads\/2022\/06\/EN-Co-Funded-by-the-EU_POS-390x82.png 390w, https:\/\/test-oldwebsite.igcat.org\/wp-content\/uploads\/2022\/06\/EN-Co-Funded-by-the-EU_POS-370x78.png 370w, https:\/\/test-oldwebsite.igcat.org\/wp-content\/uploads\/2022\/06\/EN-Co-Funded-by-the-EU_POS-1320x277.png 1320w\" sizes=\"auto, (max-width: 238px) 100vw, 238px\" \/>[\/vc_column_text][\/vc_column][\/vc_row][vc_row][vc_column][vc_empty_space][\/vc_column][\/vc_row][vc_row][vc_column][vc_column_text]Le <strong>projet NEMOS<\/strong> (<a href=\"https:\/\/www.nemosproject.com\/\" target=\"_blank\" rel=\"noopener\">www.nemosproject.com<\/a>) reconna\u00eet que <strong>la durabilit\u00e9<\/strong> est une comp\u00e9tence de plus en plus cruciale pour les \u00e9tudiants des cycles sup\u00e9rieurs et postdoctoraux afin de relever d\u2019importants d\u00e9fis mondiaux tels que le changement climatique, le gaspillage alimentaire et la perte de biodiversit\u00e9 dans leur avenir professionnel.<\/p>\n<p><strong>Par cons\u00e9quent, le projet vise \u00e0 d\u00e9finir un nouveau mod\u00e8le \u00e9ducatif pour int\u00e9grer les comp\u00e9tences en mati\u00e8re de durabilit\u00e9 dans les programmes d\u2019\u00e9tudes des dipl\u00f4mes li\u00e9s \u00e0 l\u2019alimentation par le biais de l\u2019apprentissage par le service.<\/strong><\/p>\n<p>Dans la pratique, en \u00e9laborant un <strong>profil de durabilit\u00e9 alimentaire<\/strong> pour les \u00e9tudiants et un <strong>manuel m\u00e9thodologique<\/strong>, NEMOS cr\u00e9era un cadre d\u2019orientation, des bo\u00eetes \u00e0 outils et des mod\u00e8les de pratiques \u00e9ducatives pour l\u2019acquisition de comp\u00e9tences en mati\u00e8re de durabilit\u00e9 par le biais de p\u00e9dagogies vertes et d\u2019apprentissage par le service.<\/p>\n<p>L\u2019objectif final sera de contribuer \u00e0 la r\u00e9alisation des <strong>objectifs de d\u00e9veloppement durable de l\u2019ONU :<\/strong><\/p>\n<p><img loading=\"lazy\" decoding=\"async\" class=\"size-medium wp-image-25039 aligncenter\" src=\"https:\/\/test-oldwebsite.igcat.org\/wp-content\/uploads\/2022\/06\/SDGs-2-and-12-1-300x129.png\" alt=\"ODD 2 et 12\" width=\"300\" height=\"129\" srcset=\"https:\/\/test-oldwebsite.igcat.org\/wp-content\/uploads\/2022\/06\/SDGs-2-and-12-1-300x129.png 300w, https:\/\/test-oldwebsite.igcat.org\/wp-content\/uploads\/2022\/06\/SDGs-2-and-12-1-390x167.png 390w, https:\/\/test-oldwebsite.igcat.org\/wp-content\/uploads\/2022\/06\/SDGs-2-and-12-1-370x159.png 370w, https:\/\/test-oldwebsite.igcat.org\/wp-content\/uploads\/2022\/06\/SDGs-2-and-12-1.png 700w\" sizes=\"auto, (max-width: 300px) 100vw, 300px\" \/>[\/vc_column_text][\/vc_column][\/vc_row][vc_row][vc_column][vc_empty_space height=&#8221;50px&#8221;][\/vc_column][\/vc_row][vc_row][vc_column][vc_column_text]R\u00e9sultats:[\/vc_column_text][vc_empty_space height=&#8221;20px&#8221;][\/vc_column][\/vc_row][vc_row][vc_column width=&#8221;1\/4&#8243;]<figure class=\"sc_image  sc_image_shape_square\"><img decoding=\"async\" src=\"https:\/\/test-oldwebsite.igcat.org\/wp-content\/uploads\/2024\/03\/NEMOS-Handbook_Cover.png\" alt=\"\" \/><\/figure>[\/vc_column][vc_column width=&#8221;3\/4&#8243;][vc_column_text]<\/p>\n<h3>Manuel m\u00e9thodologique sur la durabilit\u00e9 par l\u2019apprentissage par le service<\/h3>\n<p>&nbsp;<\/p>\n<p><span class=\"value\">Ce manuel d\u00e9crit comment l\u2019apprentissage par le service peut \u00eatre mis en \u0153uvre dans les programmes d\u2019\u00e9tudes au niveau universitaire, qu\u2019il s\u2019agisse de programmes de licence ou de master. En plus des informations de base, des exemples sp\u00e9cifiques sont d\u00e9crits en d\u00e9tail sur la mani\u00e8re dont l\u2019apprentissage par le service peut am\u00e9liorer la formation des \u00e9tudiants en \u00e9tudes li\u00e9es \u00e0 l\u2019alimentation dans le domaine de la durabilit\u00e9.<\/span><\/p>\n<p>Le manuel est disponible sous licence Creative Commons Attribution 4.0 International (CC BY 4.0).<br \/>\n[\/vc_column_text][vc_empty_space height=&#8221;50px&#8221;][vc_btn title=&#8221;T\u00e9l\u00e9charger le manuel m\u00e9thodologique&#8221; color=&#8221;green&#8221; link=&#8221;url:https%3A%2F%2Fwww.nemosproject.com%2Fresults%2F|target:_blank|&#8221;][\/vc_column][\/vc_row][vc_row][vc_column][vc_empty_space height=&#8221;50px&#8221;][\/vc_column][\/vc_row][vc_row][vc_column][vc_column_text]<\/p>\n<p style=\"text-align: left;\">Partenaire principal :<\/p>\n<p><a href=\"https:\/\/www.unavarra.es\/home\" target=\"_blank\" rel=\"noopener\"><img loading=\"lazy\" decoding=\"async\" class=\"alignnone wp-image-25060\" src=\"https:\/\/test-oldwebsite.igcat.org\/wp-content\/uploads\/2022\/06\/UPNA_Logo-300x200.jpeg\" alt=\"UPNA_Logo\" width=\"150\" height=\"100\" srcset=\"https:\/\/test-oldwebsite.igcat.org\/wp-content\/uploads\/2022\/06\/UPNA_Logo-300x200.jpeg 300w, https:\/\/test-oldwebsite.igcat.org\/wp-content\/uploads\/2022\/06\/UPNA_Logo-390x260.jpeg 390w, https:\/\/test-oldwebsite.igcat.org\/wp-content\/uploads\/2022\/06\/UPNA_Logo-370x247.jpeg 370w, https:\/\/test-oldwebsite.igcat.org\/wp-content\/uploads\/2022\/06\/UPNA_Logo.jpeg 600w\" sizes=\"auto, (max-width: 150px) 100vw, 150px\" \/><\/a>[\/vc_column_text][vc_empty_space][vc_column_text]Partenaires du consortium :<\/p>\n<p><a href=\"https:\/\/www.tudublin.ie\/\" target=\"_blank\" rel=\"noopener\"><img loading=\"lazy\" decoding=\"async\" class=\"alignnone wp-image-25054\" src=\"https:\/\/test-oldwebsite.igcat.org\/wp-content\/uploads\/2022\/06\/TU-Dublin_Logo-300x200.jpeg\" alt=\"TU Dublin_Logo\" width=\"150\" height=\"100\" srcset=\"https:\/\/test-oldwebsite.igcat.org\/wp-content\/uploads\/2022\/06\/TU-Dublin_Logo-300x200.jpeg 300w, https:\/\/test-oldwebsite.igcat.org\/wp-content\/uploads\/2022\/06\/TU-Dublin_Logo-390x260.jpeg 390w, https:\/\/test-oldwebsite.igcat.org\/wp-content\/uploads\/2022\/06\/TU-Dublin_Logo-370x247.jpeg 370w, https:\/\/test-oldwebsite.igcat.org\/wp-content\/uploads\/2022\/06\/TU-Dublin_Logo.jpeg 600w\" sizes=\"auto, (max-width: 150px) 100vw, 150px\" \/><\/a> <a href=\"https:\/\/www.tugraz.at\/en\/home\/\" target=\"_blank\" rel=\"noopener\"><img loading=\"lazy\" decoding=\"async\" class=\"alignnone wp-image-25056\" src=\"https:\/\/test-oldwebsite.igcat.org\/wp-content\/uploads\/2022\/06\/TU-Graz_Logo-300x200.jpeg\" alt=\"TU Graz_Logo\" width=\"150\" height=\"100\" srcset=\"https:\/\/test-oldwebsite.igcat.org\/wp-content\/uploads\/2022\/06\/TU-Graz_Logo-300x200.jpeg 300w, https:\/\/test-oldwebsite.igcat.org\/wp-content\/uploads\/2022\/06\/TU-Graz_Logo-390x260.jpeg 390w, https:\/\/test-oldwebsite.igcat.org\/wp-content\/uploads\/2022\/06\/TU-Graz_Logo-370x247.jpeg 370w, https:\/\/test-oldwebsite.igcat.org\/wp-content\/uploads\/2022\/06\/TU-Graz_Logo.jpeg 600w\" sizes=\"auto, (max-width: 150px) 100vw, 150px\" \/><\/a> <a href=\"https:\/\/isara.fr\/en\/\" target=\"_blank\" rel=\"noopener\"><img loading=\"lazy\" decoding=\"async\" class=\"alignnone wp-image-25050\" src=\"https:\/\/test-oldwebsite.igcat.org\/wp-content\/uploads\/2022\/06\/Isara_Logo-300x200.jpeg\" alt=\"Isara_Logo\" width=\"150\" height=\"100\" srcset=\"https:\/\/test-oldwebsite.igcat.org\/wp-content\/uploads\/2022\/06\/Isara_Logo-300x200.jpeg 300w, https:\/\/test-oldwebsite.igcat.org\/wp-content\/uploads\/2022\/06\/Isara_Logo-390x260.jpeg 390w, https:\/\/test-oldwebsite.igcat.org\/wp-content\/uploads\/2022\/06\/Isara_Logo-370x247.jpeg 370w, https:\/\/test-oldwebsite.igcat.org\/wp-content\/uploads\/2022\/06\/Isara_Logo.jpeg 600w\" sizes=\"auto, (max-width: 150px) 100vw, 150px\" \/><\/a> <a href=\"https:\/\/www.unipi.it\/index.php\/english\" target=\"_blank\" rel=\"noopener\"><img loading=\"lazy\" decoding=\"async\" class=\"alignnone wp-image-25058\" src=\"https:\/\/test-oldwebsite.igcat.org\/wp-content\/uploads\/2022\/06\/UNIPI_Logo-300x200.jpeg\" alt=\"UNIPI_Logo\" width=\"150\" height=\"100\" srcset=\"https:\/\/test-oldwebsite.igcat.org\/wp-content\/uploads\/2022\/06\/UNIPI_Logo-300x200.jpeg 300w, https:\/\/test-oldwebsite.igcat.org\/wp-content\/uploads\/2022\/06\/UNIPI_Logo-390x260.jpeg 390w, https:\/\/test-oldwebsite.igcat.org\/wp-content\/uploads\/2022\/06\/UNIPI_Logo-370x247.jpeg 370w, https:\/\/test-oldwebsite.igcat.org\/wp-content\/uploads\/2022\/06\/UNIPI_Logo.jpeg 600w\" sizes=\"auto, (max-width: 150px) 100vw, 150px\" \/><\/a> <a href=\"https:\/\/test-oldwebsite.igcat.org\/fr\/\" target=\"_blank\" rel=\"noopener\"><img loading=\"lazy\" decoding=\"async\" class=\"alignnone wp-image-25048\" src=\"https:\/\/test-oldwebsite.igcat.org\/wp-content\/uploads\/2022\/06\/IGCAT_Logo-300x200.png\" alt=\"IGCAT_Logo\" width=\"150\" height=\"100\" srcset=\"https:\/\/test-oldwebsite.igcat.org\/wp-content\/uploads\/2022\/06\/IGCAT_Logo-300x200.png 300w, https:\/\/test-oldwebsite.igcat.org\/wp-content\/uploads\/2022\/06\/IGCAT_Logo-390x260.png 390w, https:\/\/test-oldwebsite.igcat.org\/wp-content\/uploads\/2022\/06\/IGCAT_Logo-370x247.png 370w, https:\/\/test-oldwebsite.igcat.org\/wp-content\/uploads\/2022\/06\/IGCAT_Logo.png 600w\" sizes=\"auto, (max-width: 150px) 100vw, 150px\" \/><\/a>[\/vc_column_text][\/vc_column][\/vc_row]<\/p>\n<\/div>","protected":false},"excerpt":{"rendered":"<p>[vc_row][vc_column][vc_column_text][\/vc_column_text][\/vc_column][\/vc_row][vc_row][vc_column][\/vc_column][\/vc_row][vc_row][vc_column][vc_column_text][\/vc_column_text][\/vc_column][\/vc_row][vc_row][vc_column][vc_empty_space][\/vc_column][\/vc_row][vc_row][vc_column][vc_column_text]Le projet NEMOS (www.nemosproject.com) reconna\u00eet que la durabilit\u00e9 est une comp\u00e9tence de plus en plus cruciale pour les \u00e9tudiants des cycles sup\u00e9rieurs et postdoctoraux afin de relever d\u2019importants d\u00e9fis mondiaux tels que le changement climatique, le gaspillage alimentaire et la perte de biodiversit\u00e9 dans leur avenir professionnel. Par cons\u00e9quent, le projet vise \u00e0 d\u00e9finir un [&hellip;]<\/p>\n","protected":false},"author":33,"featured_media":0,"parent":0,"menu_order":0,"comment_status":"closed","ping_status":"closed","template":"","meta":{"_acf_changed":false,"footnotes":""},"class_list":["post-27779","page","type-page","status-publish","hentry"],"acf":[],"yoast_head":"<!-- This site is optimized with the Yoast SEO plugin v26.0 - https:\/\/yoast.com\/wordpress\/plugins\/seo\/ -->\n<title>NEMOS - Erasmus+ - IGCAT - International Institute of Gastronomy, Culture, Arts and Tourism<\/title>\n<meta name=\"description\" content=\"L\u2019IGCAT est partenaire du consortium du projet Erasmus+ NEMOS - Un nouveau mod\u00e8le \u00e9ducatif pour l\u2019acquisition de comp\u00e9tences en mati\u00e8re de durabilit\u00e9 gr\u00e2ce \u00e0 l\u2019apprentissage par le service\" \/>\n<meta name=\"robots\" content=\"noindex, follow, max-snippet:-1, max-image-preview:large, max-video-preview:-1\" \/>\n<meta property=\"og:locale\" content=\"fr_FR\" \/>\n<meta property=\"og:type\" content=\"article\" \/>\n<meta property=\"og:title\" content=\"NEMOS - Erasmus+ - IGCAT - International Institute of Gastronomy, Culture, Arts and Tourism\" \/>\n<meta property=\"og:description\" content=\"L\u2019IGCAT est partenaire du consortium du projet Erasmus+ NEMOS - Un nouveau mod\u00e8le \u00e9ducatif pour l\u2019acquisition de comp\u00e9tences en mati\u00e8re de durabilit\u00e9 gr\u00e2ce \u00e0 l\u2019apprentissage par le service\" \/>\n<meta property=\"og:url\" content=\"https:\/\/test-oldwebsite.igcat.org\/fr\/nemos-erasmus\/\" \/>\n<meta property=\"og:site_name\" content=\"IGCAT - International Institute of Gastronomy, Culture, Arts and Tourism\" \/>\n<meta property=\"article:publisher\" content=\"https:\/\/www.facebook.com\/IGCAT2\/\" \/>\n<meta property=\"article:modified_time\" content=\"2024-04-18T17:26:47+00:00\" \/>\n<meta property=\"og:image\" content=\"https:\/\/test-oldwebsite.igcat.org\/wp-content\/uploads\/2022\/06\/nemos-simple-trans-300x57.png\" \/>\n<meta name=\"twitter:card\" content=\"summary_large_image\" \/>\n<meta name=\"twitter:site\" content=\"@IGCAT2\" \/>\n<meta name=\"twitter:label1\" content=\"Dur\u00e9e de lecture estim\u00e9e\" \/>\n\t<meta name=\"twitter:data1\" content=\"4 minutes\" \/>\n<script type=\"application\/ld+json\" class=\"yoast-schema-graph\">{\"@context\":\"https:\/\/schema.org\",\"@graph\":[{\"@type\":\"WebPage\",\"@id\":\"https:\/\/test-oldwebsite.igcat.org\/fr\/nemos-erasmus\/\",\"url\":\"https:\/\/test-oldwebsite.igcat.org\/fr\/nemos-erasmus\/\",\"name\":\"NEMOS - Erasmus+ - IGCAT - International Institute of Gastronomy, Culture, Arts and Tourism\",\"isPartOf\":{\"@id\":\"https:\/\/test-oldwebsite.igcat.org\/fr\/#website\"},\"primaryImageOfPage\":{\"@id\":\"https:\/\/test-oldwebsite.igcat.org\/fr\/nemos-erasmus\/#primaryimage\"},\"image\":{\"@id\":\"https:\/\/test-oldwebsite.igcat.org\/fr\/nemos-erasmus\/#primaryimage\"},\"thumbnailUrl\":\"https:\/\/test-oldwebsite.igcat.org\/wp-content\/uploads\/2022\/06\/nemos-simple-trans-300x57.png\",\"datePublished\":\"2022-05-02T17:52:00+00:00\",\"dateModified\":\"2024-04-18T17:26:47+00:00\",\"description\":\"L\u2019IGCAT est partenaire du consortium du projet Erasmus+ NEMOS - Un nouveau mod\u00e8le \u00e9ducatif pour l\u2019acquisition de comp\u00e9tences en mati\u00e8re de durabilit\u00e9 gr\u00e2ce \u00e0 l\u2019apprentissage par le service\",\"breadcrumb\":{\"@id\":\"https:\/\/test-oldwebsite.igcat.org\/fr\/nemos-erasmus\/#breadcrumb\"},\"inLanguage\":\"fr-FR\",\"potentialAction\":[{\"@type\":\"ReadAction\",\"target\":[\"https:\/\/test-oldwebsite.igcat.org\/fr\/nemos-erasmus\/\"]}]},{\"@type\":\"ImageObject\",\"inLanguage\":\"fr-FR\",\"@id\":\"https:\/\/test-oldwebsite.igcat.org\/fr\/nemos-erasmus\/#primaryimage\",\"url\":\"https:\/\/test-oldwebsite.igcat.org\/wp-content\/uploads\/2022\/06\/nemos-simple-trans-300x57.png\",\"contentUrl\":\"https:\/\/test-oldwebsite.igcat.org\/wp-content\/uploads\/2022\/06\/nemos-simple-trans-300x57.png\"},{\"@type\":\"BreadcrumbList\",\"@id\":\"https:\/\/test-oldwebsite.igcat.org\/fr\/nemos-erasmus\/#breadcrumb\",\"itemListElement\":[{\"@type\":\"ListItem\",\"position\":1,\"name\":\"Home\",\"item\":\"https:\/\/test-oldwebsite.igcat.org\/fr\/page-daccueil\/\"},{\"@type\":\"ListItem\",\"position\":2,\"name\":\"NEMOS &#8211; Erasmus+\"}]},{\"@type\":\"WebSite\",\"@id\":\"https:\/\/test-oldwebsite.igcat.org\/fr\/#website\",\"url\":\"https:\/\/test-oldwebsite.igcat.org\/fr\/\",\"name\":\"IGCAT - International Institute of Gastronomy, Culture, Arts and Tourism\",\"description\":\"International Institute of Gastronomy, Culture, Arts and Tourism\",\"publisher\":{\"@id\":\"https:\/\/test-oldwebsite.igcat.org\/fr\/#organization\"},\"potentialAction\":[{\"@type\":\"SearchAction\",\"target\":{\"@type\":\"EntryPoint\",\"urlTemplate\":\"https:\/\/test-oldwebsite.igcat.org\/fr\/?s={search_term_string}\"},\"query-input\":{\"@type\":\"PropertyValueSpecification\",\"valueRequired\":true,\"valueName\":\"search_term_string\"}}],\"inLanguage\":\"fr-FR\"},{\"@type\":\"Organization\",\"@id\":\"https:\/\/test-oldwebsite.igcat.org\/fr\/#organization\",\"name\":\"IGCAT\",\"url\":\"https:\/\/test-oldwebsite.igcat.org\/fr\/\",\"logo\":{\"@type\":\"ImageObject\",\"inLanguage\":\"fr-FR\",\"@id\":\"https:\/\/test-oldwebsite.igcat.org\/fr\/#\/schema\/logo\/image\/\",\"url\":\"https:\/\/test-oldwebsite.igcat.org\/wp-content\/uploads\/2016\/02\/main_logo.png\",\"contentUrl\":\"https:\/\/test-oldwebsite.igcat.org\/wp-content\/uploads\/2016\/02\/main_logo.png\",\"width\":620,\"height\":228,\"caption\":\"IGCAT\"},\"image\":{\"@id\":\"https:\/\/test-oldwebsite.igcat.org\/fr\/#\/schema\/logo\/image\/\"},\"sameAs\":[\"https:\/\/www.facebook.com\/IGCAT2\/\",\"https:\/\/x.com\/IGCAT2\",\"https:\/\/www.instagram.com\/igcat_org\/\",\"https:\/\/www.linkedin.com\/company\/igcat-international-institute-of-gastronomy-arts-and-tourism\/\",\"https:\/\/www.youtube.com\/channel\/UCL1xbT3vRbZh3bj-d0_0Vlg\"]}]}<\/script>\n<!-- \/ Yoast SEO plugin. -->","yoast_head_json":{"title":"NEMOS - Erasmus+ - IGCAT - International Institute of Gastronomy, Culture, Arts and Tourism","description":"L\u2019IGCAT est partenaire du consortium du projet Erasmus+ NEMOS - Un nouveau mod\u00e8le \u00e9ducatif pour l\u2019acquisition de comp\u00e9tences en mati\u00e8re de durabilit\u00e9 gr\u00e2ce \u00e0 l\u2019apprentissage par le service","robots":{"index":"noindex","follow":"follow","max-snippet":"max-snippet:-1","max-image-preview":"max-image-preview:large","max-video-preview":"max-video-preview:-1"},"og_locale":"fr_FR","og_type":"article","og_title":"NEMOS - Erasmus+ - IGCAT - International Institute of Gastronomy, Culture, Arts and Tourism","og_description":"L\u2019IGCAT est partenaire du consortium du projet Erasmus+ NEMOS - Un nouveau mod\u00e8le \u00e9ducatif pour l\u2019acquisition de comp\u00e9tences en mati\u00e8re de durabilit\u00e9 gr\u00e2ce \u00e0 l\u2019apprentissage par le service","og_url":"https:\/\/test-oldwebsite.igcat.org\/fr\/nemos-erasmus\/","og_site_name":"IGCAT - International Institute of Gastronomy, Culture, Arts and Tourism","article_publisher":"https:\/\/www.facebook.com\/IGCAT2\/","article_modified_time":"2024-04-18T17:26:47+00:00","og_image":[{"url":"https:\/\/test-oldwebsite.igcat.org\/wp-content\/uploads\/2022\/06\/nemos-simple-trans-300x57.png","type":"","width":"","height":""}],"twitter_card":"summary_large_image","twitter_site":"@IGCAT2","twitter_misc":{"Dur\u00e9e de lecture estim\u00e9e":"4 minutes"},"schema":{"@context":"https:\/\/schema.org","@graph":[{"@type":"WebPage","@id":"https:\/\/test-oldwebsite.igcat.org\/fr\/nemos-erasmus\/","url":"https:\/\/test-oldwebsite.igcat.org\/fr\/nemos-erasmus\/","name":"NEMOS - Erasmus+ - IGCAT - International Institute of Gastronomy, Culture, Arts and Tourism","isPartOf":{"@id":"https:\/\/test-oldwebsite.igcat.org\/fr\/#website"},"primaryImageOfPage":{"@id":"https:\/\/test-oldwebsite.igcat.org\/fr\/nemos-erasmus\/#primaryimage"},"image":{"@id":"https:\/\/test-oldwebsite.igcat.org\/fr\/nemos-erasmus\/#primaryimage"},"thumbnailUrl":"https:\/\/test-oldwebsite.igcat.org\/wp-content\/uploads\/2022\/06\/nemos-simple-trans-300x57.png","datePublished":"2022-05-02T17:52:00+00:00","dateModified":"2024-04-18T17:26:47+00:00","description":"L\u2019IGCAT est partenaire du consortium du projet Erasmus+ NEMOS - Un nouveau mod\u00e8le \u00e9ducatif pour l\u2019acquisition de comp\u00e9tences en mati\u00e8re de durabilit\u00e9 gr\u00e2ce \u00e0 l\u2019apprentissage par le service","breadcrumb":{"@id":"https:\/\/test-oldwebsite.igcat.org\/fr\/nemos-erasmus\/#breadcrumb"},"inLanguage":"fr-FR","potentialAction":[{"@type":"ReadAction","target":["https:\/\/test-oldwebsite.igcat.org\/fr\/nemos-erasmus\/"]}]},{"@type":"ImageObject","inLanguage":"fr-FR","@id":"https:\/\/test-oldwebsite.igcat.org\/fr\/nemos-erasmus\/#primaryimage","url":"https:\/\/test-oldwebsite.igcat.org\/wp-content\/uploads\/2022\/06\/nemos-simple-trans-300x57.png","contentUrl":"https:\/\/test-oldwebsite.igcat.org\/wp-content\/uploads\/2022\/06\/nemos-simple-trans-300x57.png"},{"@type":"BreadcrumbList","@id":"https:\/\/test-oldwebsite.igcat.org\/fr\/nemos-erasmus\/#breadcrumb","itemListElement":[{"@type":"ListItem","position":1,"name":"Home","item":"https:\/\/test-oldwebsite.igcat.org\/fr\/page-daccueil\/"},{"@type":"ListItem","position":2,"name":"NEMOS &#8211; Erasmus+"}]},{"@type":"WebSite","@id":"https:\/\/test-oldwebsite.igcat.org\/fr\/#website","url":"https:\/\/test-oldwebsite.igcat.org\/fr\/","name":"IGCAT - International Institute of Gastronomy, Culture, Arts and Tourism","description":"International Institute of Gastronomy, Culture, Arts and Tourism","publisher":{"@id":"https:\/\/test-oldwebsite.igcat.org\/fr\/#organization"},"potentialAction":[{"@type":"SearchAction","target":{"@type":"EntryPoint","urlTemplate":"https:\/\/test-oldwebsite.igcat.org\/fr\/?s={search_term_string}"},"query-input":{"@type":"PropertyValueSpecification","valueRequired":true,"valueName":"search_term_string"}}],"inLanguage":"fr-FR"},{"@type":"Organization","@id":"https:\/\/test-oldwebsite.igcat.org\/fr\/#organization","name":"IGCAT","url":"https:\/\/test-oldwebsite.igcat.org\/fr\/","logo":{"@type":"ImageObject","inLanguage":"fr-FR","@id":"https:\/\/test-oldwebsite.igcat.org\/fr\/#\/schema\/logo\/image\/","url":"https:\/\/test-oldwebsite.igcat.org\/wp-content\/uploads\/2016\/02\/main_logo.png","contentUrl":"https:\/\/test-oldwebsite.igcat.org\/wp-content\/uploads\/2016\/02\/main_logo.png","width":620,"height":228,"caption":"IGCAT"},"image":{"@id":"https:\/\/test-oldwebsite.igcat.org\/fr\/#\/schema\/logo\/image\/"},"sameAs":["https:\/\/www.facebook.com\/IGCAT2\/","https:\/\/x.com\/IGCAT2","https:\/\/www.instagram.com\/igcat_org\/","https:\/\/www.linkedin.com\/company\/igcat-international-institute-of-gastronomy-arts-and-tourism\/","https:\/\/www.youtube.com\/channel\/UCL1xbT3vRbZh3bj-d0_0Vlg"]}]}},"_links":{"self":[{"href":"https:\/\/test-oldwebsite.igcat.org\/fr\/wp-json\/wp\/v2\/pages\/27779","targetHints":{"allow":["GET"]}}],"collection":[{"href":"https:\/\/test-oldwebsite.igcat.org\/fr\/wp-json\/wp\/v2\/pages"}],"about":[{"href":"https:\/\/test-oldwebsite.igcat.org\/fr\/wp-json\/wp\/v2\/types\/page"}],"author":[{"embeddable":true,"href":"https:\/\/test-oldwebsite.igcat.org\/fr\/wp-json\/wp\/v2\/users\/33"}],"replies":[{"embeddable":true,"href":"https:\/\/test-oldwebsite.igcat.org\/fr\/wp-json\/wp\/v2\/comments?post=27779"}],"version-history":[{"count":0,"href":"https:\/\/test-oldwebsite.igcat.org\/fr\/wp-json\/wp\/v2\/pages\/27779\/revisions"}],"wp:attachment":[{"href":"https:\/\/test-oldwebsite.igcat.org\/fr\/wp-json\/wp\/v2\/media?parent=27779"}],"curies":[{"name":"wp","href":"https:\/\/api.w.org\/{rel}","templated":true}]}}