{"id":28061,"date":"2021-06-30T10:19:06","date_gmt":"2021-06-30T08:19:06","guid":{"rendered":"https:\/\/test-oldwebsite.igcat.org\/appel-a-candidatures-pour-2027\/"},"modified":"2025-06-25T18:48:20","modified_gmt":"2025-06-25T16:48:20","slug":"appel-a-candidatures-pour-2027","status":"publish","type":"page","link":"https:\/\/test-oldwebsite.igcat.org\/fr\/projets\/prix-de-la-region-de-la-gastronomie\/appel-a-candidatures-pour-2027\/","title":{"rendered":"Appel ouvert pour 2028"},"content":{"rendered":"<div class=\"wpb-content-wrapper\"><p>[vc_row][vc_column][vc_column_text]<img loading=\"lazy\" decoding=\"async\" class=\"aligncenter wp-image-22794\" src=\"https:\/\/test-oldwebsite.igcat.org\/wp-content\/uploads\/2021\/01\/WRG_ICON_WEB.png\" alt=\"R\u00e9gion Mondiale de la Gastronomie\" width=\"170\" height=\"100\">[\/vc_column_text][vc_empty_space]<h1 class=\"sc_title sc_title_regular sc_align_center\" style=\"margin-bottom:30px;text-align:center;\">Open Call for<br \/>\nWorld Regions of Gastronomy<\/h1>[\/vc_column][\/vc_row][vc_row][vc_column width=&#8221;1\/6&#8243;]<figure class=\"sc_image  sc_image_shape_square\"><img decoding=\"async\" src=\"https:\/\/test-oldwebsite.igcat.org\/wp-content\/uploads\/2019\/05\/Feeding-the-Planet.png\" alt=\"\" \/><\/figure>[\/vc_column][vc_column width=&#8221;1\/6&#8243;]<figure class=\"sc_image  sc_image_shape_square\"><img decoding=\"async\" src=\"https:\/\/test-oldwebsite.igcat.org\/wp-content\/uploads\/2019\/05\/Innovation-Creativity-and-Job-Opportunities-e1558729498256.png\" alt=\"\" \/><\/figure>[\/vc_column][vc_column width=&#8221;1\/6&#8243;]<figure class=\"sc_image  sc_image_shape_square\"><img decoding=\"async\" src=\"https:\/\/test-oldwebsite.igcat.org\/wp-content\/uploads\/2019\/05\/Educating-for-our-future.png\" alt=\"\" \/><\/figure>[\/vc_column][vc_column width=&#8221;1\/6&#8243;]<figure class=\"sc_image  sc_image_shape_square\"><img decoding=\"async\" src=\"https:\/\/test-oldwebsite.igcat.org\/wp-content\/uploads\/2019\/05\/Balanced-and-Sustainable-Tourism.png\" alt=\"\" \/><\/figure>[\/vc_column][vc_column width=&#8221;1\/6&#8243;]<figure class=\"sc_image  sc_image_shape_square\"><img decoding=\"async\" src=\"https:\/\/test-oldwebsite.igcat.org\/wp-content\/uploads\/2019\/05\/Linking-Urban-and-Rural.png\" alt=\"\" \/><\/figure>[\/vc_column][vc_column width=&#8221;1\/6&#8243;]<figure class=\"sc_image  sc_image_shape_square\"><img decoding=\"async\" src=\"https:\/\/test-oldwebsite.igcat.org\/wp-content\/uploads\/2019\/05\/Well-being-and-Healthier-Living.png\" alt=\"\" \/><\/figure>[\/vc_column][\/vc_row][vc_row][vc_column][vc_empty_space][\/vc_column][\/vc_row][vc_row][vc_column][vc_column_text css=&#8221;&#8221;]Les r\u00e9gions qui esp\u00e8rent \u00eatre r\u00e9compens\u00e9es par le titre MONDIAL ou R\u00c9GION EUROP\u00c9ENNE DE LA GASTRONOMIE 2029 ou 2030 sont maintenant invit\u00e9es \u00e0 rejoindre la plate-forme croissante de l\u2019IGCAT des r\u00e9gions qui travaillent ensemble pour prot\u00e9ger et promouvoir leur diversit\u00e9 culturelle et alimentaire.<\/p>\n<p>La <b>Plateforme<\/b> est ouverte aux r\u00e9gions qui d\u00e9clarent avoir l\u2019obligation morale de :<\/p>\n<ul>\n<li>sensibiliser \u00e0 l\u2019importance de l\u2019unicit\u00e9 culturelle et alimentaire<\/li>\n<li>stimuler la cr\u00e9ativit\u00e9 et l\u2019innovation gastronomique<\/li>\n<li>\u00e9duquer pour une meilleure nutrition et une plus grande cr\u00e9ativit\u00e9<\/li>\n<li>encourager une offre touristique durable et \u00e9quilibr\u00e9e<\/li>\n<li>mettre en valeur des cultures alimentaires distinctives<\/li>\n<li>renforcer le bien-\u00eatre de la collectivit\u00e9 ;<\/li>\n<li>accro\u00eetre les possibilit\u00e9s d\u2019am\u00e9lioration de l\u2019\u00e9conomie circulaire<\/li>\n<\/ul>\n<p>\u00catre membre de la Plateforme est la premi\u00e8re \u00e9tape importante pour obtenir le <b>titre de R\u00e9gions du Monde de la Gastronomie<\/b> et constitue une initiative visant \u00e0 favoriser le <b>transfert de connaissances<\/b> ainsi qu\u2019\u00e0 soutenir des <b>projets communs<\/b> qui donnent une plus grande visibilit\u00e9 et reconnaissance nationale\/internationale aux r\u00e9gions participantes.<b><\/b><\/p>\n<p>Pour adh\u00e9rer \u00e0 la Plateforme, les r\u00e9gions doivent r\u00e9unir un groupe de parties prenantes compos\u00e9 d\u2019institutions publiques, priv\u00e9es, du secteur tertiaire et du savoir couvrant diff\u00e9rents secteurs, notamment la culture, la gastronomie, les arts, le tourisme, l\u2019agriculture, la sant\u00e9, les affaires et l\u2019\u00e9ducation. L\u2019objectif est d\u2019assurer un <b>dialogue intersectoriel<\/b> et <b>une vision partag\u00e9e<\/b> pour la r\u00e9gion.<\/p>\n<p>Il est possible d\u2019accomplir beaucoup de choses en <b>apprenant de l\u2019exp\u00e9rience d\u2019autres r\u00e9gions<\/b> et, par cons\u00e9quent, le IGCAT aide les r\u00e9gions qui participent \u00e0 la plate-forme \u00e0 \u00e9tablir de <b>multiples liens<\/b> avec les bonnes pratiques dans les r\u00e9gions du monde entier. Ce faisant, l\u2019IGCAT aide les communaut\u00e9s locales \u00e0 partager des solutions intelligentes afin que chacune puisse devenir plus forte et plus r\u00e9siliente.<\/p>\n<p>En travaillant ensemble, nous avons les ingr\u00e9dients pour b\u00e2tir un avenir meilleur.<\/p>\n<p>Pour de plus amples informations, veuillez contacter IGCAT : <a href=\"mailto:info@igcat.org\" target=\"_blank\" rel=\"noopener\">info@igcat.org<\/a><\/p>\n<p>Les dates limites de d\u00e9p\u00f4t des candidatures pour rejoindre la Plateforme pour les r\u00e9gions souhaitant postuler au Prix 2029 sont les suivantes :<\/p>\n<ul>\n<li>Prix de la R\u00e9gion Europ\u00e9enne de la Gastronomie :<strong> 31 janvier 2026<\/strong><\/li>\n<li>Prix de la R\u00e9gion Mondiale de la Gastronomie : <strong>31 mai 2026<\/strong><\/li>\n<\/ul>\n<p>Date limite pour l\u2019attribution du prix en 2030 :<\/p>\n<ul>\n<li>Prix de la Gastronomie pour la R\u00e9gion Mondiale et Europ\u00e9enne :<strong> 31 mai 2027<\/strong><\/li>\n<\/ul>\n<p>Cependant, les r\u00e9gions sont fortement encourag\u00e9es \u00e0 s\u2019inscrire le plus t\u00f4t possible afin d\u2019\u00eatre soutenues dans leur processus de candidature \u00e0 l\u2019appel d\u2019offres.[\/vc_column_text][\/vc_column][\/vc_row]<\/p>\n<\/div>","protected":false},"excerpt":{"rendered":"<p>[vc_row][vc_column][vc_column_text][\/vc_column_text][vc_empty_space][\/vc_column][\/vc_row][vc_row][vc_column width=&#8221;1\/6&#8243;][\/vc_column][vc_column width=&#8221;1\/6&#8243;][\/vc_column][vc_column width=&#8221;1\/6&#8243;][\/vc_column][vc_column width=&#8221;1\/6&#8243;][\/vc_column][vc_column width=&#8221;1\/6&#8243;][\/vc_column][vc_column width=&#8221;1\/6&#8243;][\/vc_column][\/vc_row][vc_row][vc_column][vc_empty_space][\/vc_column][\/vc_row][vc_row][vc_column][vc_column_text css=&#8221;&#8221;]Les r\u00e9gions qui esp\u00e8rent \u00eatre r\u00e9compens\u00e9es par le titre MONDIAL ou R\u00c9GION EUROP\u00c9ENNE DE LA GASTRONOMIE 2029 ou 2030 sont maintenant invit\u00e9es \u00e0 rejoindre la plate-forme croissante de l\u2019IGCAT des r\u00e9gions qui travaillent ensemble pour prot\u00e9ger et promouvoir leur diversit\u00e9 culturelle et alimentaire. La Plateforme est ouverte aux [&hellip;]<\/p>\n","protected":false},"author":33,"featured_media":0,"parent":28311,"menu_order":0,"comment_status":"closed","ping_status":"closed","template":"","meta":{"_acf_changed":false,"footnotes":""},"class_list":["post-28061","page","type-page","status-publish","hentry"],"acf":[],"yoast_head":"<!-- This site is optimized with the Yoast SEO plugin v26.0 - https:\/\/yoast.com\/wordpress\/plugins\/seo\/ -->\n<title>Appel ouvert pour 2028 - IGCAT - International Institute of Gastronomy, Culture, Arts and Tourism<\/title>\n<meta name=\"description\" content=\"L\u2019appel est ouvert pour les r\u00e9gions qui esp\u00e8rent \u00eatre r\u00e9compens\u00e9es par le prix de la r\u00e9gion mondiale ou europ\u00e9enne de la gastronomie 2028 et rejoindre la plateforme en pleine croissance de l\u2019IGCAT.\" \/>\n<meta name=\"robots\" content=\"noindex, follow, max-snippet:-1, max-image-preview:large, max-video-preview:-1\" \/>\n<meta property=\"og:locale\" content=\"fr_FR\" \/>\n<meta property=\"og:type\" content=\"article\" \/>\n<meta property=\"og:title\" content=\"Appel ouvert pour 2028 - IGCAT - International Institute of Gastronomy, Culture, Arts and Tourism\" \/>\n<meta property=\"og:description\" content=\"L\u2019appel est ouvert pour les r\u00e9gions qui esp\u00e8rent \u00eatre r\u00e9compens\u00e9es par le prix de la r\u00e9gion mondiale ou europ\u00e9enne de la gastronomie 2028 et rejoindre la plateforme en pleine croissance de l\u2019IGCAT.\" \/>\n<meta property=\"og:url\" content=\"https:\/\/test-oldwebsite.igcat.org\/fr\/projets\/prix-de-la-region-de-la-gastronomie\/appel-a-candidatures-pour-2027\/\" \/>\n<meta property=\"og:site_name\" content=\"IGCAT - International Institute of Gastronomy, Culture, Arts and Tourism\" \/>\n<meta property=\"article:publisher\" content=\"https:\/\/www.facebook.com\/IGCAT2\/\" \/>\n<meta property=\"article:modified_time\" content=\"2025-06-25T16:48:20+00:00\" \/>\n<meta property=\"og:image\" content=\"https:\/\/test-oldwebsite.igcat.org\/wp-content\/uploads\/2021\/01\/WRG_ICON_WEB.png\" \/>\n\t<meta property=\"og:image:width\" content=\"170\" \/>\n\t<meta property=\"og:image:height\" content=\"100\" \/>\n\t<meta property=\"og:image:type\" content=\"image\/png\" \/>\n<meta name=\"twitter:card\" content=\"summary_large_image\" \/>\n<meta name=\"twitter:site\" content=\"@IGCAT2\" \/>\n<meta name=\"twitter:label1\" content=\"Dur\u00e9e de lecture estim\u00e9e\" \/>\n\t<meta name=\"twitter:data1\" content=\"3 minutes\" \/>\n<script type=\"application\/ld+json\" class=\"yoast-schema-graph\">{\"@context\":\"https:\/\/schema.org\",\"@graph\":[{\"@type\":\"WebPage\",\"@id\":\"https:\/\/test-oldwebsite.igcat.org\/fr\/projets\/prix-de-la-region-de-la-gastronomie\/appel-a-candidatures-pour-2027\/\",\"url\":\"https:\/\/test-oldwebsite.igcat.org\/fr\/projets\/prix-de-la-region-de-la-gastronomie\/appel-a-candidatures-pour-2027\/\",\"name\":\"Appel ouvert pour 2028 - IGCAT - International Institute of Gastronomy, Culture, Arts and Tourism\",\"isPartOf\":{\"@id\":\"https:\/\/test-oldwebsite.igcat.org\/fr\/#website\"},\"primaryImageOfPage\":{\"@id\":\"https:\/\/test-oldwebsite.igcat.org\/fr\/projets\/prix-de-la-region-de-la-gastronomie\/appel-a-candidatures-pour-2027\/#primaryimage\"},\"image\":{\"@id\":\"https:\/\/test-oldwebsite.igcat.org\/fr\/projets\/prix-de-la-region-de-la-gastronomie\/appel-a-candidatures-pour-2027\/#primaryimage\"},\"thumbnailUrl\":\"https:\/\/test-oldwebsite.igcat.org\/wp-content\/uploads\/2021\/01\/WRG_ICON_WEB.png\",\"datePublished\":\"2021-06-30T08:19:06+00:00\",\"dateModified\":\"2025-06-25T16:48:20+00:00\",\"description\":\"L\u2019appel est ouvert pour les r\u00e9gions qui esp\u00e8rent \u00eatre r\u00e9compens\u00e9es par le prix de la r\u00e9gion mondiale ou europ\u00e9enne de la gastronomie 2028 et rejoindre la plateforme en pleine croissance de l\u2019IGCAT.\",\"breadcrumb\":{\"@id\":\"https:\/\/test-oldwebsite.igcat.org\/fr\/projets\/prix-de-la-region-de-la-gastronomie\/appel-a-candidatures-pour-2027\/#breadcrumb\"},\"inLanguage\":\"fr-FR\",\"potentialAction\":[{\"@type\":\"ReadAction\",\"target\":[\"https:\/\/test-oldwebsite.igcat.org\/fr\/projets\/prix-de-la-region-de-la-gastronomie\/appel-a-candidatures-pour-2027\/\"]}]},{\"@type\":\"ImageObject\",\"inLanguage\":\"fr-FR\",\"@id\":\"https:\/\/test-oldwebsite.igcat.org\/fr\/projets\/prix-de-la-region-de-la-gastronomie\/appel-a-candidatures-pour-2027\/#primaryimage\",\"url\":\"https:\/\/test-oldwebsite.igcat.org\/wp-content\/uploads\/2021\/01\/WRG_ICON_WEB.png\",\"contentUrl\":\"https:\/\/test-oldwebsite.igcat.org\/wp-content\/uploads\/2021\/01\/WRG_ICON_WEB.png\"},{\"@type\":\"BreadcrumbList\",\"@id\":\"https:\/\/test-oldwebsite.igcat.org\/fr\/projets\/prix-de-la-region-de-la-gastronomie\/appel-a-candidatures-pour-2027\/#breadcrumb\",\"itemListElement\":[{\"@type\":\"ListItem\",\"position\":1,\"name\":\"Home\",\"item\":\"https:\/\/test-oldwebsite.igcat.org\/fr\/page-daccueil\/\"},{\"@type\":\"ListItem\",\"position\":2,\"name\":\"Projets\",\"item\":\"https:\/\/test-oldwebsite.igcat.org\/fr\/projets\/\"},{\"@type\":\"ListItem\",\"position\":3,\"name\":\"Prix de la R\u00e9gion de la Gastronomie\",\"item\":\"https:\/\/test-oldwebsite.igcat.org\/fr\/projets\/prix-de-la-region-de-la-gastronomie\/\"},{\"@type\":\"ListItem\",\"position\":4,\"name\":\"Appel ouvert pour 2028\"}]},{\"@type\":\"WebSite\",\"@id\":\"https:\/\/test-oldwebsite.igcat.org\/fr\/#website\",\"url\":\"https:\/\/test-oldwebsite.igcat.org\/fr\/\",\"name\":\"IGCAT - International Institute of Gastronomy, Culture, Arts and Tourism\",\"description\":\"International Institute of Gastronomy, Culture, Arts and Tourism\",\"publisher\":{\"@id\":\"https:\/\/test-oldwebsite.igcat.org\/fr\/#organization\"},\"potentialAction\":[{\"@type\":\"SearchAction\",\"target\":{\"@type\":\"EntryPoint\",\"urlTemplate\":\"https:\/\/test-oldwebsite.igcat.org\/fr\/?s={search_term_string}\"},\"query-input\":{\"@type\":\"PropertyValueSpecification\",\"valueRequired\":true,\"valueName\":\"search_term_string\"}}],\"inLanguage\":\"fr-FR\"},{\"@type\":\"Organization\",\"@id\":\"https:\/\/test-oldwebsite.igcat.org\/fr\/#organization\",\"name\":\"IGCAT\",\"url\":\"https:\/\/test-oldwebsite.igcat.org\/fr\/\",\"logo\":{\"@type\":\"ImageObject\",\"inLanguage\":\"fr-FR\",\"@id\":\"https:\/\/test-oldwebsite.igcat.org\/fr\/#\/schema\/logo\/image\/\",\"url\":\"https:\/\/test-oldwebsite.igcat.org\/wp-content\/uploads\/2016\/02\/main_logo.png\",\"contentUrl\":\"https:\/\/test-oldwebsite.igcat.org\/wp-content\/uploads\/2016\/02\/main_logo.png\",\"width\":620,\"height\":228,\"caption\":\"IGCAT\"},\"image\":{\"@id\":\"https:\/\/test-oldwebsite.igcat.org\/fr\/#\/schema\/logo\/image\/\"},\"sameAs\":[\"https:\/\/www.facebook.com\/IGCAT2\/\",\"https:\/\/x.com\/IGCAT2\",\"https:\/\/www.instagram.com\/igcat_org\/\",\"https:\/\/www.linkedin.com\/company\/igcat-international-institute-of-gastronomy-arts-and-tourism\/\",\"https:\/\/www.youtube.com\/channel\/UCL1xbT3vRbZh3bj-d0_0Vlg\"]}]}<\/script>\n<!-- \/ Yoast SEO plugin. -->","yoast_head_json":{"title":"Appel ouvert pour 2028 - IGCAT - International Institute of Gastronomy, Culture, Arts and Tourism","description":"L\u2019appel est ouvert pour les r\u00e9gions qui esp\u00e8rent \u00eatre r\u00e9compens\u00e9es par le prix de la r\u00e9gion mondiale ou europ\u00e9enne de la gastronomie 2028 et rejoindre la plateforme en pleine croissance de l\u2019IGCAT.","robots":{"index":"noindex","follow":"follow","max-snippet":"max-snippet:-1","max-image-preview":"max-image-preview:large","max-video-preview":"max-video-preview:-1"},"og_locale":"fr_FR","og_type":"article","og_title":"Appel ouvert pour 2028 - IGCAT - International Institute of Gastronomy, Culture, Arts and Tourism","og_description":"L\u2019appel est ouvert pour les r\u00e9gions qui esp\u00e8rent \u00eatre r\u00e9compens\u00e9es par le prix de la r\u00e9gion mondiale ou europ\u00e9enne de la gastronomie 2028 et rejoindre la plateforme en pleine croissance de l\u2019IGCAT.","og_url":"https:\/\/test-oldwebsite.igcat.org\/fr\/projets\/prix-de-la-region-de-la-gastronomie\/appel-a-candidatures-pour-2027\/","og_site_name":"IGCAT - International Institute of Gastronomy, Culture, Arts and Tourism","article_publisher":"https:\/\/www.facebook.com\/IGCAT2\/","article_modified_time":"2025-06-25T16:48:20+00:00","og_image":[{"width":170,"height":100,"url":"https:\/\/test-oldwebsite.igcat.org\/wp-content\/uploads\/2021\/01\/WRG_ICON_WEB.png","type":"image\/png"}],"twitter_card":"summary_large_image","twitter_site":"@IGCAT2","twitter_misc":{"Dur\u00e9e de lecture estim\u00e9e":"3 minutes"},"schema":{"@context":"https:\/\/schema.org","@graph":[{"@type":"WebPage","@id":"https:\/\/test-oldwebsite.igcat.org\/fr\/projets\/prix-de-la-region-de-la-gastronomie\/appel-a-candidatures-pour-2027\/","url":"https:\/\/test-oldwebsite.igcat.org\/fr\/projets\/prix-de-la-region-de-la-gastronomie\/appel-a-candidatures-pour-2027\/","name":"Appel ouvert pour 2028 - IGCAT - International Institute of Gastronomy, Culture, Arts and Tourism","isPartOf":{"@id":"https:\/\/test-oldwebsite.igcat.org\/fr\/#website"},"primaryImageOfPage":{"@id":"https:\/\/test-oldwebsite.igcat.org\/fr\/projets\/prix-de-la-region-de-la-gastronomie\/appel-a-candidatures-pour-2027\/#primaryimage"},"image":{"@id":"https:\/\/test-oldwebsite.igcat.org\/fr\/projets\/prix-de-la-region-de-la-gastronomie\/appel-a-candidatures-pour-2027\/#primaryimage"},"thumbnailUrl":"https:\/\/test-oldwebsite.igcat.org\/wp-content\/uploads\/2021\/01\/WRG_ICON_WEB.png","datePublished":"2021-06-30T08:19:06+00:00","dateModified":"2025-06-25T16:48:20+00:00","description":"L\u2019appel est ouvert pour les r\u00e9gions qui esp\u00e8rent \u00eatre r\u00e9compens\u00e9es par le prix de la r\u00e9gion mondiale ou europ\u00e9enne de la gastronomie 2028 et rejoindre la plateforme en pleine croissance de l\u2019IGCAT.","breadcrumb":{"@id":"https:\/\/test-oldwebsite.igcat.org\/fr\/projets\/prix-de-la-region-de-la-gastronomie\/appel-a-candidatures-pour-2027\/#breadcrumb"},"inLanguage":"fr-FR","potentialAction":[{"@type":"ReadAction","target":["https:\/\/test-oldwebsite.igcat.org\/fr\/projets\/prix-de-la-region-de-la-gastronomie\/appel-a-candidatures-pour-2027\/"]}]},{"@type":"ImageObject","inLanguage":"fr-FR","@id":"https:\/\/test-oldwebsite.igcat.org\/fr\/projets\/prix-de-la-region-de-la-gastronomie\/appel-a-candidatures-pour-2027\/#primaryimage","url":"https:\/\/test-oldwebsite.igcat.org\/wp-content\/uploads\/2021\/01\/WRG_ICON_WEB.png","contentUrl":"https:\/\/test-oldwebsite.igcat.org\/wp-content\/uploads\/2021\/01\/WRG_ICON_WEB.png"},{"@type":"BreadcrumbList","@id":"https:\/\/test-oldwebsite.igcat.org\/fr\/projets\/prix-de-la-region-de-la-gastronomie\/appel-a-candidatures-pour-2027\/#breadcrumb","itemListElement":[{"@type":"ListItem","position":1,"name":"Home","item":"https:\/\/test-oldwebsite.igcat.org\/fr\/page-daccueil\/"},{"@type":"ListItem","position":2,"name":"Projets","item":"https:\/\/test-oldwebsite.igcat.org\/fr\/projets\/"},{"@type":"ListItem","position":3,"name":"Prix de la R\u00e9gion de la Gastronomie","item":"https:\/\/test-oldwebsite.igcat.org\/fr\/projets\/prix-de-la-region-de-la-gastronomie\/"},{"@type":"ListItem","position":4,"name":"Appel ouvert pour 2028"}]},{"@type":"WebSite","@id":"https:\/\/test-oldwebsite.igcat.org\/fr\/#website","url":"https:\/\/test-oldwebsite.igcat.org\/fr\/","name":"IGCAT - International Institute of Gastronomy, Culture, Arts and Tourism","description":"International Institute of Gastronomy, Culture, Arts and Tourism","publisher":{"@id":"https:\/\/test-oldwebsite.igcat.org\/fr\/#organization"},"potentialAction":[{"@type":"SearchAction","target":{"@type":"EntryPoint","urlTemplate":"https:\/\/test-oldwebsite.igcat.org\/fr\/?s={search_term_string}"},"query-input":{"@type":"PropertyValueSpecification","valueRequired":true,"valueName":"search_term_string"}}],"inLanguage":"fr-FR"},{"@type":"Organization","@id":"https:\/\/test-oldwebsite.igcat.org\/fr\/#organization","name":"IGCAT","url":"https:\/\/test-oldwebsite.igcat.org\/fr\/","logo":{"@type":"ImageObject","inLanguage":"fr-FR","@id":"https:\/\/test-oldwebsite.igcat.org\/fr\/#\/schema\/logo\/image\/","url":"https:\/\/test-oldwebsite.igcat.org\/wp-content\/uploads\/2016\/02\/main_logo.png","contentUrl":"https:\/\/test-oldwebsite.igcat.org\/wp-content\/uploads\/2016\/02\/main_logo.png","width":620,"height":228,"caption":"IGCAT"},"image":{"@id":"https:\/\/test-oldwebsite.igcat.org\/fr\/#\/schema\/logo\/image\/"},"sameAs":["https:\/\/www.facebook.com\/IGCAT2\/","https:\/\/x.com\/IGCAT2","https:\/\/www.instagram.com\/igcat_org\/","https:\/\/www.linkedin.com\/company\/igcat-international-institute-of-gastronomy-arts-and-tourism\/","https:\/\/www.youtube.com\/channel\/UCL1xbT3vRbZh3bj-d0_0Vlg"]}]}},"_links":{"self":[{"href":"https:\/\/test-oldwebsite.igcat.org\/fr\/wp-json\/wp\/v2\/pages\/28061","targetHints":{"allow":["GET"]}}],"collection":[{"href":"https:\/\/test-oldwebsite.igcat.org\/fr\/wp-json\/wp\/v2\/pages"}],"about":[{"href":"https:\/\/test-oldwebsite.igcat.org\/fr\/wp-json\/wp\/v2\/types\/page"}],"author":[{"embeddable":true,"href":"https:\/\/test-oldwebsite.igcat.org\/fr\/wp-json\/wp\/v2\/users\/33"}],"replies":[{"embeddable":true,"href":"https:\/\/test-oldwebsite.igcat.org\/fr\/wp-json\/wp\/v2\/comments?post=28061"}],"version-history":[{"count":0,"href":"https:\/\/test-oldwebsite.igcat.org\/fr\/wp-json\/wp\/v2\/pages\/28061\/revisions"}],"up":[{"embeddable":true,"href":"https:\/\/test-oldwebsite.igcat.org\/fr\/wp-json\/wp\/v2\/pages\/28311"}],"wp:attachment":[{"href":"https:\/\/test-oldwebsite.igcat.org\/fr\/wp-json\/wp\/v2\/media?parent=28061"}],"curies":[{"name":"wp","href":"https:\/\/api.w.org\/{rel}","templated":true}]}}