{"id":28087,"date":"2013-06-19T15:57:46","date_gmt":"2013-06-19T13:57:46","guid":{"rendered":"https:\/\/test-oldwebsite.igcat.org\/a-propos-de-ligcat\/"},"modified":"2024-04-18T19:07:57","modified_gmt":"2024-04-18T17:07:57","slug":"a-propos-de-ligcat","status":"publish","type":"page","link":"https:\/\/test-oldwebsite.igcat.org\/fr\/a-propos-de-ligcat\/","title":{"rendered":"\u00c0 propos de l\u2019IGCAT"},"content":{"rendered":"<div class=\"wpb-content-wrapper\"><p>[vc_row][vc_column]<h1 class=\"sc_title sc_title_regular sc_align_center\" style=\"margin-bottom:20px;text-align:center;\">\u00c0 propos de l\u2019IGCAT<\/h1>[\/vc_column][\/vc_row][vc_row][vc_column][vc_column_text]<strong>L\u2019IGCAT vise \u00e0 autonomiser les communaut\u00e9s locales en les sensibilisant \u00e0 l\u2019importance de sauvegarder et de promouvoir des atouts distincts en mati\u00e8re d\u2019alimentation, de culture, d\u2019arts et de tourisme durable. C\u2019est essentiel pour contrer les tendances alimentaires mondialis\u00e9es qui ont un impact sur notre plan\u00e8te, notre sant\u00e9 et les \u00e9conomies locales.<\/strong>[\/vc_column_text][\/vc_column][\/vc_row][vc_row][vc_column][vc_empty_space][\/vc_column][\/vc_row][vc_row][vc_column][vc_column_text]L\u2019IGCAT est un institut \u00e0 but non lucratif enregistr\u00e9 depuis 2010 aupr\u00e8s du minist\u00e8re de la Justice, \u00e0 Barcelone, en Espagne, et qui travaille avec des consortiums r\u00e9gionaux d\u2019acteurs dans les domaines de la gastronomie, de la culture, des arts et du tourisme. Elle s\u2019appuie sur <strong>l\u2019expertise d\u2019un r\u00e9seau mondial d\u2019experts ind\u00e9pendants<\/strong> et travaille en partenariat avec des organisations intergouvernementales sp\u00e9cialis\u00e9es.[\/vc_column_text][\/vc_column][\/vc_row]<\/p>\n<\/div>","protected":false},"excerpt":{"rendered":"<p>[vc_row][vc_column][\/vc_column][\/vc_row][vc_row][vc_column][vc_column_text]L\u2019IGCAT vise \u00e0 autonomiser les communaut\u00e9s locales en les sensibilisant \u00e0 l\u2019importance de sauvegarder et de promouvoir des atouts distincts en mati\u00e8re d\u2019alimentation, de culture, d\u2019arts et de tourisme durable. C\u2019est essentiel pour contrer les tendances alimentaires mondialis\u00e9es qui ont un impact sur notre plan\u00e8te, notre sant\u00e9 et les \u00e9conomies locales.[\/vc_column_text][\/vc_column][\/vc_row][vc_row][vc_column][vc_empty_space][\/vc_column][\/vc_row][vc_row][vc_column][vc_column_text]L\u2019IGCAT est un institut \u00e0 [&hellip;]<\/p>\n","protected":false},"author":2,"featured_media":0,"parent":0,"menu_order":0,"comment_status":"closed","ping_status":"closed","template":"","meta":{"_acf_changed":false,"footnotes":""},"class_list":["post-28087","page","type-page","status-publish","hentry"],"acf":[],"yoast_head":"<!-- This site is optimized with the Yoast SEO plugin v26.0 - https:\/\/yoast.com\/wordpress\/plugins\/seo\/ -->\n<title>\u00c0 propos - IGCAT<\/title>\n<meta name=\"description\" content=\"L\u2019IGCAT est un institut \u00e0 but non lucratif cr\u00e9\u00e9 en 2010 qui travaille avec des consortiums r\u00e9gionaux d\u2019acteurs dans les domaines de la gastronomie, de la culture, des arts et du tourisme.\" \/>\n<meta name=\"robots\" content=\"noindex, follow, max-snippet:-1, max-image-preview:large, max-video-preview:-1\" \/>\n<meta property=\"og:locale\" content=\"fr_FR\" \/>\n<meta property=\"og:type\" content=\"article\" \/>\n<meta property=\"og:title\" content=\"\u00c0 propos - IGCAT\" \/>\n<meta property=\"og:description\" content=\"L\u2019IGCAT est un institut \u00e0 but non lucratif cr\u00e9\u00e9 en 2010 qui travaille avec des consortiums r\u00e9gionaux d\u2019acteurs dans les domaines de la gastronomie, de la culture, des arts et du tourisme.\" \/>\n<meta property=\"og:url\" content=\"https:\/\/test-oldwebsite.igcat.org\/fr\/a-propos-de-ligcat\/\" \/>\n<meta property=\"og:site_name\" content=\"IGCAT - International Institute of Gastronomy, Culture, Arts and Tourism\" \/>\n<meta property=\"article:publisher\" content=\"https:\/\/www.facebook.com\/IGCAT2\/\" \/>\n<meta property=\"article:modified_time\" content=\"2024-04-18T17:07:57+00:00\" \/>\n<meta name=\"twitter:card\" content=\"summary_large_image\" \/>\n<meta name=\"twitter:site\" content=\"@IGCAT2\" \/>\n<meta name=\"twitter:label1\" content=\"Dur\u00e9e de lecture estim\u00e9e\" \/>\n\t<meta name=\"twitter:data1\" content=\"1 minute\" \/>\n<script type=\"application\/ld+json\" class=\"yoast-schema-graph\">{\"@context\":\"https:\/\/schema.org\",\"@graph\":[{\"@type\":\"WebPage\",\"@id\":\"https:\/\/test-oldwebsite.igcat.org\/fr\/a-propos-de-ligcat\/\",\"url\":\"https:\/\/test-oldwebsite.igcat.org\/fr\/a-propos-de-ligcat\/\",\"name\":\"\u00c0 propos - IGCAT\",\"isPartOf\":{\"@id\":\"https:\/\/test-oldwebsite.igcat.org\/fr\/#website\"},\"datePublished\":\"2013-06-19T13:57:46+00:00\",\"dateModified\":\"2024-04-18T17:07:57+00:00\",\"description\":\"L\u2019IGCAT est un institut \u00e0 but non lucratif cr\u00e9\u00e9 en 2010 qui travaille avec des consortiums r\u00e9gionaux d\u2019acteurs dans les domaines de la gastronomie, de la culture, des arts et du tourisme.\",\"breadcrumb\":{\"@id\":\"https:\/\/test-oldwebsite.igcat.org\/fr\/a-propos-de-ligcat\/#breadcrumb\"},\"inLanguage\":\"fr-FR\",\"potentialAction\":[{\"@type\":\"ReadAction\",\"target\":[\"https:\/\/test-oldwebsite.igcat.org\/fr\/a-propos-de-ligcat\/\"]}]},{\"@type\":\"BreadcrumbList\",\"@id\":\"https:\/\/test-oldwebsite.igcat.org\/fr\/a-propos-de-ligcat\/#breadcrumb\",\"itemListElement\":[{\"@type\":\"ListItem\",\"position\":1,\"name\":\"Home\",\"item\":\"https:\/\/test-oldwebsite.igcat.org\/fr\/page-daccueil\/\"},{\"@type\":\"ListItem\",\"position\":2,\"name\":\"\u00c0 propos de l\u2019IGCAT\"}]},{\"@type\":\"WebSite\",\"@id\":\"https:\/\/test-oldwebsite.igcat.org\/fr\/#website\",\"url\":\"https:\/\/test-oldwebsite.igcat.org\/fr\/\",\"name\":\"IGCAT - International Institute of Gastronomy, Culture, Arts and Tourism\",\"description\":\"International Institute of Gastronomy, Culture, Arts and Tourism\",\"publisher\":{\"@id\":\"https:\/\/test-oldwebsite.igcat.org\/fr\/#organization\"},\"potentialAction\":[{\"@type\":\"SearchAction\",\"target\":{\"@type\":\"EntryPoint\",\"urlTemplate\":\"https:\/\/test-oldwebsite.igcat.org\/fr\/?s={search_term_string}\"},\"query-input\":{\"@type\":\"PropertyValueSpecification\",\"valueRequired\":true,\"valueName\":\"search_term_string\"}}],\"inLanguage\":\"fr-FR\"},{\"@type\":\"Organization\",\"@id\":\"https:\/\/test-oldwebsite.igcat.org\/fr\/#organization\",\"name\":\"IGCAT\",\"url\":\"https:\/\/test-oldwebsite.igcat.org\/fr\/\",\"logo\":{\"@type\":\"ImageObject\",\"inLanguage\":\"fr-FR\",\"@id\":\"https:\/\/test-oldwebsite.igcat.org\/fr\/#\/schema\/logo\/image\/\",\"url\":\"https:\/\/test-oldwebsite.igcat.org\/wp-content\/uploads\/2016\/02\/main_logo.png\",\"contentUrl\":\"https:\/\/test-oldwebsite.igcat.org\/wp-content\/uploads\/2016\/02\/main_logo.png\",\"width\":620,\"height\":228,\"caption\":\"IGCAT\"},\"image\":{\"@id\":\"https:\/\/test-oldwebsite.igcat.org\/fr\/#\/schema\/logo\/image\/\"},\"sameAs\":[\"https:\/\/www.facebook.com\/IGCAT2\/\",\"https:\/\/x.com\/IGCAT2\",\"https:\/\/www.instagram.com\/igcat_org\/\",\"https:\/\/www.linkedin.com\/company\/igcat-international-institute-of-gastronomy-arts-and-tourism\/\",\"https:\/\/www.youtube.com\/channel\/UCL1xbT3vRbZh3bj-d0_0Vlg\"]}]}<\/script>\n<!-- \/ Yoast SEO plugin. -->","yoast_head_json":{"title":"\u00c0 propos - IGCAT","description":"L\u2019IGCAT est un institut \u00e0 but non lucratif cr\u00e9\u00e9 en 2010 qui travaille avec des consortiums r\u00e9gionaux d\u2019acteurs dans les domaines de la gastronomie, de la culture, des arts et du tourisme.","robots":{"index":"noindex","follow":"follow","max-snippet":"max-snippet:-1","max-image-preview":"max-image-preview:large","max-video-preview":"max-video-preview:-1"},"og_locale":"fr_FR","og_type":"article","og_title":"\u00c0 propos - IGCAT","og_description":"L\u2019IGCAT est un institut \u00e0 but non lucratif cr\u00e9\u00e9 en 2010 qui travaille avec des consortiums r\u00e9gionaux d\u2019acteurs dans les domaines de la gastronomie, de la culture, des arts et du tourisme.","og_url":"https:\/\/test-oldwebsite.igcat.org\/fr\/a-propos-de-ligcat\/","og_site_name":"IGCAT - International Institute of Gastronomy, Culture, Arts and Tourism","article_publisher":"https:\/\/www.facebook.com\/IGCAT2\/","article_modified_time":"2024-04-18T17:07:57+00:00","twitter_card":"summary_large_image","twitter_site":"@IGCAT2","twitter_misc":{"Dur\u00e9e de lecture estim\u00e9e":"1 minute"},"schema":{"@context":"https:\/\/schema.org","@graph":[{"@type":"WebPage","@id":"https:\/\/test-oldwebsite.igcat.org\/fr\/a-propos-de-ligcat\/","url":"https:\/\/test-oldwebsite.igcat.org\/fr\/a-propos-de-ligcat\/","name":"\u00c0 propos - IGCAT","isPartOf":{"@id":"https:\/\/test-oldwebsite.igcat.org\/fr\/#website"},"datePublished":"2013-06-19T13:57:46+00:00","dateModified":"2024-04-18T17:07:57+00:00","description":"L\u2019IGCAT est un institut \u00e0 but non lucratif cr\u00e9\u00e9 en 2010 qui travaille avec des consortiums r\u00e9gionaux d\u2019acteurs dans les domaines de la gastronomie, de la culture, des arts et du tourisme.","breadcrumb":{"@id":"https:\/\/test-oldwebsite.igcat.org\/fr\/a-propos-de-ligcat\/#breadcrumb"},"inLanguage":"fr-FR","potentialAction":[{"@type":"ReadAction","target":["https:\/\/test-oldwebsite.igcat.org\/fr\/a-propos-de-ligcat\/"]}]},{"@type":"BreadcrumbList","@id":"https:\/\/test-oldwebsite.igcat.org\/fr\/a-propos-de-ligcat\/#breadcrumb","itemListElement":[{"@type":"ListItem","position":1,"name":"Home","item":"https:\/\/test-oldwebsite.igcat.org\/fr\/page-daccueil\/"},{"@type":"ListItem","position":2,"name":"\u00c0 propos de l\u2019IGCAT"}]},{"@type":"WebSite","@id":"https:\/\/test-oldwebsite.igcat.org\/fr\/#website","url":"https:\/\/test-oldwebsite.igcat.org\/fr\/","name":"IGCAT - International Institute of Gastronomy, Culture, Arts and Tourism","description":"International Institute of Gastronomy, Culture, Arts and Tourism","publisher":{"@id":"https:\/\/test-oldwebsite.igcat.org\/fr\/#organization"},"potentialAction":[{"@type":"SearchAction","target":{"@type":"EntryPoint","urlTemplate":"https:\/\/test-oldwebsite.igcat.org\/fr\/?s={search_term_string}"},"query-input":{"@type":"PropertyValueSpecification","valueRequired":true,"valueName":"search_term_string"}}],"inLanguage":"fr-FR"},{"@type":"Organization","@id":"https:\/\/test-oldwebsite.igcat.org\/fr\/#organization","name":"IGCAT","url":"https:\/\/test-oldwebsite.igcat.org\/fr\/","logo":{"@type":"ImageObject","inLanguage":"fr-FR","@id":"https:\/\/test-oldwebsite.igcat.org\/fr\/#\/schema\/logo\/image\/","url":"https:\/\/test-oldwebsite.igcat.org\/wp-content\/uploads\/2016\/02\/main_logo.png","contentUrl":"https:\/\/test-oldwebsite.igcat.org\/wp-content\/uploads\/2016\/02\/main_logo.png","width":620,"height":228,"caption":"IGCAT"},"image":{"@id":"https:\/\/test-oldwebsite.igcat.org\/fr\/#\/schema\/logo\/image\/"},"sameAs":["https:\/\/www.facebook.com\/IGCAT2\/","https:\/\/x.com\/IGCAT2","https:\/\/www.instagram.com\/igcat_org\/","https:\/\/www.linkedin.com\/company\/igcat-international-institute-of-gastronomy-arts-and-tourism\/","https:\/\/www.youtube.com\/channel\/UCL1xbT3vRbZh3bj-d0_0Vlg"]}]}},"_links":{"self":[{"href":"https:\/\/test-oldwebsite.igcat.org\/fr\/wp-json\/wp\/v2\/pages\/28087","targetHints":{"allow":["GET"]}}],"collection":[{"href":"https:\/\/test-oldwebsite.igcat.org\/fr\/wp-json\/wp\/v2\/pages"}],"about":[{"href":"https:\/\/test-oldwebsite.igcat.org\/fr\/wp-json\/wp\/v2\/types\/page"}],"author":[{"embeddable":true,"href":"https:\/\/test-oldwebsite.igcat.org\/fr\/wp-json\/wp\/v2\/users\/2"}],"replies":[{"embeddable":true,"href":"https:\/\/test-oldwebsite.igcat.org\/fr\/wp-json\/wp\/v2\/comments?post=28087"}],"version-history":[{"count":0,"href":"https:\/\/test-oldwebsite.igcat.org\/fr\/wp-json\/wp\/v2\/pages\/28087\/revisions"}],"wp:attachment":[{"href":"https:\/\/test-oldwebsite.igcat.org\/fr\/wp-json\/wp\/v2\/media?parent=28087"}],"curies":[{"name":"wp","href":"https:\/\/api.w.org\/{rel}","templated":true}]}}