{"id":28142,"date":"2014-05-08T13:24:44","date_gmt":"2014-05-08T11:24:44","guid":{"rendered":"https:\/\/test-oldwebsite.igcat.org\/a-propos-de-ligcat\/opportunites-de-stages-pour-etudiants\/"},"modified":"2014-05-08T13:24:44","modified_gmt":"2014-05-08T11:24:44","slug":"opportunites-de-stages-pour-etudiants","status":"publish","type":"page","link":"https:\/\/test-oldwebsite.igcat.org\/fr\/a-propos-de-ligcat\/opportunites-de-stages-pour-etudiants\/","title":{"rendered":"Opportunit\u00e9s de stages pour \u00e9tudiants"},"content":{"rendered":"<p><h2 class=\"sc_title sc_title_regular sc_align_left\" style=\"margin-top:10px;margin-bottom:15px;text-align:left;\">Opportunit\u00e9s de stages pour \u00e9tudiants<\/h2><h4 class=\"sc_title sc_title_regular sc_align_left\" style=\"margin-bottom:10px;text-align:left;\">L\u2019IGCAT offre des possibilit\u00e9s de stage pour des p\u00e9riodes de 6 \u00e0 12 mois.<\/h4><br \/>\n<b>Localisation&nbsp;:<\/b> province de Barcelone<\/p>\n<p><strong>P\u00e9riodes:<\/strong><br \/>\n12 mois<br \/>\n&#8211; Septembre-Juillet<br \/>\n6 mois<br \/>\n&#8211; Septembre-F\u00e9vrier<br \/>\n&#8211; F\u00e9vrier-Juillet<\/p>\n<p><b>Horaires&nbsp;:<\/b> 5 jours par semaine (du lundi au vendredi), \u00e0 temps plein.<\/p>\n<p><b>Zones de travail :<\/b><br \/>\nProgramme de la r\u00e9gion mondiale et europ\u00e9enne de la gastronomie, y compris les mises \u00e0 jour du site Web et l\u2019assistance aux r\u00e9unions.<br \/>\nPrix europ\u00e9en du jeune chef &#8211; r\u00f4le de soutien.<br \/>\nD\u00e9fi mondial des dons alimentaires &#8211; r\u00f4le de soutien.<br \/>\nMeilleurs sites Web pour les voyageurs gourmands &#8211; r\u00f4le de soutien.<br \/>\nFood Film Menu &#8211; r\u00f4le de soutien.<br \/>\nTable ronde d\u2019experts de l\u2019IGCAT &#8211; organisation et accompagnement.<br \/>\nSection d\u2019actualit\u00e9s du site web de l\u2019IGCAT sur le tourisme durable, la culture locale et r\u00e9gionale et la gastronomie.<br \/>\nBulletin d\u2019information de l\u2019IGCAT et superviser l\u2019envoi postal.<br \/>\nMarketing et communications (y compris les listes de diffusion).<br \/>\nLev\u00e9e de fonds (dossier de sponsoring et demandes de financement europ\u00e9en selon les besoins).<br \/>\nStrat\u00e9gie de m\u00e9dias sociaux IGCAT sur Facebook\/Twitter\/LinkedIn\/Instagram.<br \/>\nR\u00e9unions d\u2019\u00e9quipe et brainstorming sur les projets et l\u2019orientation future de l\u2019IGCAT.<br \/>\nSoutien (au besoin) pour les publications et les cours de formation.<br \/>\nParticiper \u00e0 l\u2019organisation de rencontres internationales selon les besoins (dates \u00e0 d\u00e9terminer).<br \/>\nD\u2019autres t\u00e2ches de bureau g\u00e9n\u00e9rales au fur et \u00e0 mesure qu\u2019elles se pr\u00e9sentent.<\/p>\n<p><strong>Candidat:<\/strong><br \/>\nLe\/la candidat(e) doit \u00eatre un(e) \u00e9tudiant(e) \u00e0 la ma\u00eetrise en tourisme, en gestion culturelle, en agriculture, en h\u00f4tellerie ou dans d\u2019autres domaines connexes.<br \/>\nDes connaissances et des comp\u00e9tences en communication, marketing et graphisme seront particuli\u00e8rement appr\u00e9ci\u00e9es.<br \/>\n<strong>UN BON NIVEAU D\u2019ANGLAIS EST REQUIS.<\/strong><br \/>\nCATALAN et\/ou CASTELLANO (ESPAGNOL) serait un avantage mais pas indispensable.<\/p>\n<p>L\u2019IGCAT ne fournira aucune r\u00e9mun\u00e9ration et les stagiaires devront couvrir leurs propres frais d\u2019h\u00e9bergement et de transport pendant la p\u00e9riode de stage.<\/p>\n<div>\n<p style=\"display: inline !important;\"><strong>Pour postuler :  <\/strong><\/p>\n<p style=\"display: inline !important;\">veuillez envoyer un e-mail indiquant la date de d\u00e9but souhait\u00e9e, vos centres d\u2019int\u00e9r\u00eat et un CV \u00e0 <a href=\"mailto:info@igcat.org\">info@igcat.org<\/a><\/p>\n<\/div>\n","protected":false},"excerpt":{"rendered":"<p>Localisation&nbsp;: province de Barcelone P\u00e9riodes: 12 mois &#8211; Septembre-Juillet 6 mois &#8211; Septembre-F\u00e9vrier &#8211; F\u00e9vrier-Juillet Horaires&nbsp;: 5 jours par semaine (du lundi au vendredi), \u00e0 temps plein. Zones de travail : Programme de la r\u00e9gion mondiale et europ\u00e9enne de la gastronomie, y compris les mises \u00e0 jour du site Web et l\u2019assistance aux r\u00e9unions. Prix [&hellip;]<\/p>\n","protected":false},"author":2,"featured_media":0,"parent":28087,"menu_order":8,"comment_status":"closed","ping_status":"closed","template":"","meta":{"_acf_changed":false,"footnotes":""},"class_list":["post-28142","page","type-page","status-publish","hentry"],"acf":[],"yoast_head":"<!-- This site is optimized with the Yoast SEO plugin v26.0 - https:\/\/yoast.com\/wordpress\/plugins\/seo\/ -->\n<title>Opportunit\u00e9s de stages pour \u00e9tudiants - IGCAT - International Institute of Gastronomy, Culture, Arts and Tourism<\/title>\n<meta name=\"robots\" content=\"noindex, follow, max-snippet:-1, max-image-preview:large, max-video-preview:-1\" \/>\n<meta property=\"og:locale\" content=\"fr_FR\" \/>\n<meta property=\"og:type\" content=\"article\" \/>\n<meta property=\"og:title\" content=\"Opportunit\u00e9s de stages pour \u00e9tudiants - IGCAT - International Institute of Gastronomy, Culture, Arts and Tourism\" \/>\n<meta property=\"og:description\" content=\"Localisation&nbsp;: province de Barcelone P\u00e9riodes: 12 mois &#8211; Septembre-Juillet 6 mois &#8211; Septembre-F\u00e9vrier &#8211; F\u00e9vrier-Juillet Horaires&nbsp;: 5 jours par semaine (du lundi au vendredi), \u00e0 temps plein. Zones de travail : Programme de la r\u00e9gion mondiale et europ\u00e9enne de la gastronomie, y compris les mises \u00e0 jour du site Web et l\u2019assistance aux r\u00e9unions. Prix [&hellip;]\" \/>\n<meta property=\"og:url\" content=\"https:\/\/test-oldwebsite.igcat.org\/fr\/a-propos-de-ligcat\/opportunites-de-stages-pour-etudiants\/\" \/>\n<meta property=\"og:site_name\" content=\"IGCAT - International Institute of Gastronomy, Culture, Arts and Tourism\" \/>\n<meta property=\"article:publisher\" content=\"https:\/\/www.facebook.com\/IGCAT2\/\" \/>\n<meta name=\"twitter:card\" content=\"summary_large_image\" \/>\n<meta name=\"twitter:site\" content=\"@IGCAT2\" \/>\n<meta name=\"twitter:label1\" content=\"Dur\u00e9e de lecture estim\u00e9e\" \/>\n\t<meta name=\"twitter:data1\" content=\"2 minutes\" \/>\n<script type=\"application\/ld+json\" class=\"yoast-schema-graph\">{\"@context\":\"https:\/\/schema.org\",\"@graph\":[{\"@type\":\"WebPage\",\"@id\":\"https:\/\/test-oldwebsite.igcat.org\/fr\/a-propos-de-ligcat\/opportunites-de-stages-pour-etudiants\/\",\"url\":\"https:\/\/test-oldwebsite.igcat.org\/fr\/a-propos-de-ligcat\/opportunites-de-stages-pour-etudiants\/\",\"name\":\"Opportunit\u00e9s de stages pour \u00e9tudiants - IGCAT - International Institute of Gastronomy, Culture, Arts and Tourism\",\"isPartOf\":{\"@id\":\"https:\/\/test-oldwebsite.igcat.org\/fr\/#website\"},\"datePublished\":\"2014-05-08T11:24:44+00:00\",\"breadcrumb\":{\"@id\":\"https:\/\/test-oldwebsite.igcat.org\/fr\/a-propos-de-ligcat\/opportunites-de-stages-pour-etudiants\/#breadcrumb\"},\"inLanguage\":\"fr-FR\",\"potentialAction\":[{\"@type\":\"ReadAction\",\"target\":[\"https:\/\/test-oldwebsite.igcat.org\/fr\/a-propos-de-ligcat\/opportunites-de-stages-pour-etudiants\/\"]}]},{\"@type\":\"BreadcrumbList\",\"@id\":\"https:\/\/test-oldwebsite.igcat.org\/fr\/a-propos-de-ligcat\/opportunites-de-stages-pour-etudiants\/#breadcrumb\",\"itemListElement\":[{\"@type\":\"ListItem\",\"position\":1,\"name\":\"Home\",\"item\":\"https:\/\/test-oldwebsite.igcat.org\/fr\/page-daccueil\/\"},{\"@type\":\"ListItem\",\"position\":2,\"name\":\"\u00c0 propos de l\u2019IGCAT\",\"item\":\"https:\/\/test-oldwebsite.igcat.org\/fr\/a-propos-de-ligcat\/\"},{\"@type\":\"ListItem\",\"position\":3,\"name\":\"Opportunit\u00e9s de stages pour \u00e9tudiants\"}]},{\"@type\":\"WebSite\",\"@id\":\"https:\/\/test-oldwebsite.igcat.org\/fr\/#website\",\"url\":\"https:\/\/test-oldwebsite.igcat.org\/fr\/\",\"name\":\"IGCAT - International Institute of Gastronomy, Culture, Arts and Tourism\",\"description\":\"International Institute of Gastronomy, Culture, Arts and Tourism\",\"publisher\":{\"@id\":\"https:\/\/test-oldwebsite.igcat.org\/fr\/#organization\"},\"potentialAction\":[{\"@type\":\"SearchAction\",\"target\":{\"@type\":\"EntryPoint\",\"urlTemplate\":\"https:\/\/test-oldwebsite.igcat.org\/fr\/?s={search_term_string}\"},\"query-input\":{\"@type\":\"PropertyValueSpecification\",\"valueRequired\":true,\"valueName\":\"search_term_string\"}}],\"inLanguage\":\"fr-FR\"},{\"@type\":\"Organization\",\"@id\":\"https:\/\/test-oldwebsite.igcat.org\/fr\/#organization\",\"name\":\"IGCAT\",\"url\":\"https:\/\/test-oldwebsite.igcat.org\/fr\/\",\"logo\":{\"@type\":\"ImageObject\",\"inLanguage\":\"fr-FR\",\"@id\":\"https:\/\/test-oldwebsite.igcat.org\/fr\/#\/schema\/logo\/image\/\",\"url\":\"https:\/\/test-oldwebsite.igcat.org\/wp-content\/uploads\/2016\/02\/main_logo.png\",\"contentUrl\":\"https:\/\/test-oldwebsite.igcat.org\/wp-content\/uploads\/2016\/02\/main_logo.png\",\"width\":620,\"height\":228,\"caption\":\"IGCAT\"},\"image\":{\"@id\":\"https:\/\/test-oldwebsite.igcat.org\/fr\/#\/schema\/logo\/image\/\"},\"sameAs\":[\"https:\/\/www.facebook.com\/IGCAT2\/\",\"https:\/\/x.com\/IGCAT2\",\"https:\/\/www.instagram.com\/igcat_org\/\",\"https:\/\/www.linkedin.com\/company\/igcat-international-institute-of-gastronomy-arts-and-tourism\/\",\"https:\/\/www.youtube.com\/channel\/UCL1xbT3vRbZh3bj-d0_0Vlg\"]}]}<\/script>\n<!-- \/ Yoast SEO plugin. -->","yoast_head_json":{"title":"Opportunit\u00e9s de stages pour \u00e9tudiants - IGCAT - International Institute of Gastronomy, Culture, Arts and Tourism","robots":{"index":"noindex","follow":"follow","max-snippet":"max-snippet:-1","max-image-preview":"max-image-preview:large","max-video-preview":"max-video-preview:-1"},"og_locale":"fr_FR","og_type":"article","og_title":"Opportunit\u00e9s de stages pour \u00e9tudiants - IGCAT - International Institute of Gastronomy, Culture, Arts and Tourism","og_description":"Localisation&nbsp;: province de Barcelone P\u00e9riodes: 12 mois &#8211; Septembre-Juillet 6 mois &#8211; Septembre-F\u00e9vrier &#8211; F\u00e9vrier-Juillet Horaires&nbsp;: 5 jours par semaine (du lundi au vendredi), \u00e0 temps plein. Zones de travail : Programme de la r\u00e9gion mondiale et europ\u00e9enne de la gastronomie, y compris les mises \u00e0 jour du site Web et l\u2019assistance aux r\u00e9unions. Prix [&hellip;]","og_url":"https:\/\/test-oldwebsite.igcat.org\/fr\/a-propos-de-ligcat\/opportunites-de-stages-pour-etudiants\/","og_site_name":"IGCAT - International Institute of Gastronomy, Culture, Arts and Tourism","article_publisher":"https:\/\/www.facebook.com\/IGCAT2\/","twitter_card":"summary_large_image","twitter_site":"@IGCAT2","twitter_misc":{"Dur\u00e9e de lecture estim\u00e9e":"2 minutes"},"schema":{"@context":"https:\/\/schema.org","@graph":[{"@type":"WebPage","@id":"https:\/\/test-oldwebsite.igcat.org\/fr\/a-propos-de-ligcat\/opportunites-de-stages-pour-etudiants\/","url":"https:\/\/test-oldwebsite.igcat.org\/fr\/a-propos-de-ligcat\/opportunites-de-stages-pour-etudiants\/","name":"Opportunit\u00e9s de stages pour \u00e9tudiants - IGCAT - International Institute of Gastronomy, Culture, Arts and Tourism","isPartOf":{"@id":"https:\/\/test-oldwebsite.igcat.org\/fr\/#website"},"datePublished":"2014-05-08T11:24:44+00:00","breadcrumb":{"@id":"https:\/\/test-oldwebsite.igcat.org\/fr\/a-propos-de-ligcat\/opportunites-de-stages-pour-etudiants\/#breadcrumb"},"inLanguage":"fr-FR","potentialAction":[{"@type":"ReadAction","target":["https:\/\/test-oldwebsite.igcat.org\/fr\/a-propos-de-ligcat\/opportunites-de-stages-pour-etudiants\/"]}]},{"@type":"BreadcrumbList","@id":"https:\/\/test-oldwebsite.igcat.org\/fr\/a-propos-de-ligcat\/opportunites-de-stages-pour-etudiants\/#breadcrumb","itemListElement":[{"@type":"ListItem","position":1,"name":"Home","item":"https:\/\/test-oldwebsite.igcat.org\/fr\/page-daccueil\/"},{"@type":"ListItem","position":2,"name":"\u00c0 propos de l\u2019IGCAT","item":"https:\/\/test-oldwebsite.igcat.org\/fr\/a-propos-de-ligcat\/"},{"@type":"ListItem","position":3,"name":"Opportunit\u00e9s de stages pour \u00e9tudiants"}]},{"@type":"WebSite","@id":"https:\/\/test-oldwebsite.igcat.org\/fr\/#website","url":"https:\/\/test-oldwebsite.igcat.org\/fr\/","name":"IGCAT - International Institute of Gastronomy, Culture, Arts and Tourism","description":"International Institute of Gastronomy, Culture, Arts and Tourism","publisher":{"@id":"https:\/\/test-oldwebsite.igcat.org\/fr\/#organization"},"potentialAction":[{"@type":"SearchAction","target":{"@type":"EntryPoint","urlTemplate":"https:\/\/test-oldwebsite.igcat.org\/fr\/?s={search_term_string}"},"query-input":{"@type":"PropertyValueSpecification","valueRequired":true,"valueName":"search_term_string"}}],"inLanguage":"fr-FR"},{"@type":"Organization","@id":"https:\/\/test-oldwebsite.igcat.org\/fr\/#organization","name":"IGCAT","url":"https:\/\/test-oldwebsite.igcat.org\/fr\/","logo":{"@type":"ImageObject","inLanguage":"fr-FR","@id":"https:\/\/test-oldwebsite.igcat.org\/fr\/#\/schema\/logo\/image\/","url":"https:\/\/test-oldwebsite.igcat.org\/wp-content\/uploads\/2016\/02\/main_logo.png","contentUrl":"https:\/\/test-oldwebsite.igcat.org\/wp-content\/uploads\/2016\/02\/main_logo.png","width":620,"height":228,"caption":"IGCAT"},"image":{"@id":"https:\/\/test-oldwebsite.igcat.org\/fr\/#\/schema\/logo\/image\/"},"sameAs":["https:\/\/www.facebook.com\/IGCAT2\/","https:\/\/x.com\/IGCAT2","https:\/\/www.instagram.com\/igcat_org\/","https:\/\/www.linkedin.com\/company\/igcat-international-institute-of-gastronomy-arts-and-tourism\/","https:\/\/www.youtube.com\/channel\/UCL1xbT3vRbZh3bj-d0_0Vlg"]}]}},"_links":{"self":[{"href":"https:\/\/test-oldwebsite.igcat.org\/fr\/wp-json\/wp\/v2\/pages\/28142","targetHints":{"allow":["GET"]}}],"collection":[{"href":"https:\/\/test-oldwebsite.igcat.org\/fr\/wp-json\/wp\/v2\/pages"}],"about":[{"href":"https:\/\/test-oldwebsite.igcat.org\/fr\/wp-json\/wp\/v2\/types\/page"}],"author":[{"embeddable":true,"href":"https:\/\/test-oldwebsite.igcat.org\/fr\/wp-json\/wp\/v2\/users\/2"}],"replies":[{"embeddable":true,"href":"https:\/\/test-oldwebsite.igcat.org\/fr\/wp-json\/wp\/v2\/comments?post=28142"}],"version-history":[{"count":0,"href":"https:\/\/test-oldwebsite.igcat.org\/fr\/wp-json\/wp\/v2\/pages\/28142\/revisions"}],"up":[{"embeddable":true,"href":"https:\/\/test-oldwebsite.igcat.org\/fr\/wp-json\/wp\/v2\/pages\/28087"}],"wp:attachment":[{"href":"https:\/\/test-oldwebsite.igcat.org\/fr\/wp-json\/wp\/v2\/media?parent=28142"}],"curies":[{"name":"wp","href":"https:\/\/api.w.org\/{rel}","templated":true}]}}