{"id":28143,"date":"2018-10-26T14:14:00","date_gmt":"2018-10-26T12:14:00","guid":{"rendered":"https:\/\/test-oldwebsite.igcat.org\/eurega-interreg-europe\/"},"modified":"2024-04-18T19:29:27","modified_gmt":"2024-04-18T17:29:27","slug":"eurega-interreg-europe","status":"publish","type":"page","link":"https:\/\/test-oldwebsite.igcat.org\/fr\/projets\/eurega-interreg-europe\/","title":{"rendered":"EUREGA &#8211; Interreg Europe"},"content":{"rendered":"<h3><a href=\"https:\/\/www.interregeurope.eu\/eurega\/\" target=\"_blank\" rel=\"noopener noreferrer\"><img loading=\"lazy\" decoding=\"async\" class=\"aligncenter wp-image-17157\" src=\"https:\/\/test-oldwebsite.igcat.org\/wp-content\/uploads\/2018\/10\/EUREGA-EU-870x216.png\" alt=\"\" width=\"700\" height=\"174\" srcset=\"https:\/\/test-oldwebsite.igcat.org\/wp-content\/uploads\/2018\/10\/EUREGA-EU-870x216.png 870w, https:\/\/test-oldwebsite.igcat.org\/wp-content\/uploads\/2018\/10\/EUREGA-EU-300x75.png 300w, https:\/\/test-oldwebsite.igcat.org\/wp-content\/uploads\/2018\/10\/EUREGA-EU-1024x255.png 1024w, https:\/\/test-oldwebsite.igcat.org\/wp-content\/uploads\/2018\/10\/EUREGA-EU-600x149.png 600w, https:\/\/test-oldwebsite.igcat.org\/wp-content\/uploads\/2018\/10\/EUREGA-EU-390x97.png 390w, https:\/\/test-oldwebsite.igcat.org\/wp-content\/uploads\/2018\/10\/EUREGA-EU-1170x291.png 1170w, https:\/\/test-oldwebsite.igcat.org\/wp-content\/uploads\/2018\/10\/EUREGA-EU-370x92.png 370w, https:\/\/test-oldwebsite.igcat.org\/wp-content\/uploads\/2018\/10\/EUREGA-EU.png 1416w\" sizes=\"auto, (max-width: 700px) 100vw, 700px\" \/><\/a><\/h3>\n<p>&nbsp;<\/p>\n<h2 style=\"text-align: center;\"><strong>Les R\u00e9gions europ\u00e9ennes de la gastronomie renforcent leur r\u00e9silience et cr\u00e9ent de la croissance \u00e9conomique<\/strong><\/h2>\n<p><img loading=\"lazy\" decoding=\"async\" class=\"aligncenter wp-image-17202 size-full\" src=\"https:\/\/test-oldwebsite.igcat.org\/wp-content\/uploads\/2018\/10\/Eurega-web-stripe.png\" alt=\"\" width=\"1852\" height=\"177\" srcset=\"https:\/\/test-oldwebsite.igcat.org\/wp-content\/uploads\/2018\/10\/Eurega-web-stripe.png 1852w, https:\/\/test-oldwebsite.igcat.org\/wp-content\/uploads\/2018\/10\/Eurega-web-stripe-300x29.png 300w, https:\/\/test-oldwebsite.igcat.org\/wp-content\/uploads\/2018\/10\/Eurega-web-stripe-1024x98.png 1024w, https:\/\/test-oldwebsite.igcat.org\/wp-content\/uploads\/2018\/10\/Eurega-web-stripe-600x57.png 600w, https:\/\/test-oldwebsite.igcat.org\/wp-content\/uploads\/2018\/10\/Eurega-web-stripe-870x83.png 870w, https:\/\/test-oldwebsite.igcat.org\/wp-content\/uploads\/2018\/10\/Eurega-web-stripe-390x37.png 390w, https:\/\/test-oldwebsite.igcat.org\/wp-content\/uploads\/2018\/10\/Eurega-web-stripe-1170x112.png 1170w, https:\/\/test-oldwebsite.igcat.org\/wp-content\/uploads\/2018\/10\/Eurega-web-stripe-370x35.png 370w\" sizes=\"auto, (max-width: 1852px) 100vw, 1852px\" \/><\/p>\n<p class=\"p1\" style=\"text-align: justify;\"><strong>La gastronomie, le patrimoine alimentaire local et r\u00e9gional<\/strong> <strong>est un patrimoine culturel europ\u00e9en commun et, en tant que tel, un atout \u00e9conomique majeur<\/strong>. Les cha\u00eenes de valeur agroalimentaires r\u00e9gionales et la coop\u00e9ration qu\u2019elles g\u00e9n\u00e8rent entre divers secteurs, notamment l\u2019agriculture, le tourisme, l\u2019h\u00f4tellerie, l\u2019\u00e9ducation, etc., peuvent avoir un impact positif important sur le d\u00e9veloppement local. L\u2019un des moyens de mat\u00e9rialiser cette coop\u00e9ration est la tendance croissante du tourisme gastronomique \u2013 aujourd\u2019hui, pr\u00e8s de la moiti\u00e9 des voyageurs souhaitent vivre des exp\u00e9riences culinaires au cours de leurs voyages. Pourtant, les r\u00e9gions europ\u00e9ennes de la gastronomie sont confront\u00e9es \u00e0 de s\u00e9rieuses difficult\u00e9s, telles que la perte de leur sp\u00e9cificit\u00e9 gastronomique en raison de la mondialisation mena\u00e7ant avec une alimentation standardis\u00e9e et produite en masse ou la sous-estimation de la gastronomie en tant que patrimoine culturel qui doit \u00eatre prot\u00e9g\u00e9.<\/p>\n<p class=\"p1\" style=\"text-align: justify;\">Les 9 partenaires du <strong>projet EUREGA<\/strong> ont compris que la sp\u00e9cificit\u00e9 du secteur r\u00e9gional de la gastronomie et de l\u2019alimentation n\u00e9cessite un soutien public appropri\u00e9 pour se traduire dans les politiques publiques locales et r\u00e9gionales. De telles politiques (agro)alimentaires ou des plans de d\u00e9veloppement li\u00e9s \u00e0 l\u2019alimentation et \u00e0 la gastronomie sont soit inefficaces, soit inexistants.<\/p>\n<p class=\"p1\" style=\"text-align: justify;\"><strong>L\u2019objectif principal d\u2019EUREGA est de faire en sorte que l\u2019alimentation, les habitudes alimentaires et la gastronomie soient incluses et reconnues dans les strat\u00e9gies et politiques de l\u2019UE, r\u00e9gionales et nationales, \u00e0 la fois en tant qu\u2019atout culturel et \u00e9l\u00e9ment fort de l\u2019identit\u00e9 culturelle r\u00e9gionale et en tant qu\u2019outil n\u00e9cessaire pour promouvoir des produits et des services durables.<\/strong><\/p>\n<p class=\"p1\" style=\"text-align: justify;\">Cela devrait conduire \u00e0 cr\u00e9er des r\u00e9gions plus fortes et plus r\u00e9silientes en prot\u00e9geant et en stimulant la gastronomie dans le cadre de leur patrimoine culturel et en identifiant de nouvelles opportunit\u00e9s de d\u00e9veloppement \u00e9conomique. \u00c0 la suite de la collaboration des partenaires internationaux pendant quatre ans, les sept plans d\u2019action que chaque r\u00e9gion doit produire comme principal r\u00e9sultat introduira une am\u00e9lioration significative des instruments politiques cibl\u00e9s (programmes op\u00e9rationnels ou strat\u00e9gies de d\u00e9veloppement r\u00e9gional) conduisant \u00e0 la relance \u00e9conomique du secteur de l\u2019alimentation et de la gastronomie en tant que patrimoine culturel dans les r\u00e9gions concern\u00e9es.<\/p>\n<p>&nbsp;<\/p>\n<p><strong><img loading=\"lazy\" decoding=\"async\" class=\"alignleft wp-image-17184\" src=\"https:\/\/test-oldwebsite.igcat.org\/wp-content\/uploads\/2018\/10\/Map-with-Partners-300x218.png\" alt=\"\" width=\"570\" height=\"414\" srcset=\"https:\/\/test-oldwebsite.igcat.org\/wp-content\/uploads\/2018\/10\/Map-with-Partners-300x218.png 300w, https:\/\/test-oldwebsite.igcat.org\/wp-content\/uploads\/2018\/10\/Map-with-Partners-1024x744.png 1024w, https:\/\/test-oldwebsite.igcat.org\/wp-content\/uploads\/2018\/10\/Map-with-Partners-600x436.png 600w, https:\/\/test-oldwebsite.igcat.org\/wp-content\/uploads\/2018\/10\/Map-with-Partners-870x632.png 870w, https:\/\/test-oldwebsite.igcat.org\/wp-content\/uploads\/2018\/10\/Map-with-Partners-390x283.png 390w, https:\/\/test-oldwebsite.igcat.org\/wp-content\/uploads\/2018\/10\/Map-with-Partners-1170x850.png 1170w, https:\/\/test-oldwebsite.igcat.org\/wp-content\/uploads\/2018\/10\/Map-with-Partners-370x269.png 370w, https:\/\/test-oldwebsite.igcat.org\/wp-content\/uploads\/2018\/10\/Map-with-Partners.png 1218w\" sizes=\"auto, (max-width: 570px) 100vw, 570px\" \/><\/strong><\/p>\n<p><strong>Partenaire principal :<\/strong><\/p>\n<p>Commune de Bois-le-Duc<\/p>\n<p><strong>Partenaires du projet :<\/strong><\/p>\n<p>Province du Brabant-Septentrional<br \/>\nProAgria Pohjois-Savo<br \/>\nAgence catalane d\u2019exportation PRODECA<br \/>\nAssembl\u00e9e r\u00e9gionale du Nord et de l\u2019Ouest<br \/>\nAgence de d\u00e9veloppement de la r\u00e9gion de la mer \u00c9g\u00e9e du Sud &#8211; READ S.A.<br \/>\nConseil d\u00e9partemental de Sibiu<br \/>\nGouvernement du comt\u00e9 de Hajd\u00fa-Bihar<\/p>\n<p>&nbsp;<\/p>\n<p>&nbsp;<\/p>\n<p>&nbsp;<\/p>\n<p class=\"p1\">Le projet EUREGA est soutenu financi\u00e8rement par l\u2019Union europ\u00e9enne dans le cadre du programme <a href=\"https:\/\/www.interregeurope.eu\/\" target=\"_blank\" rel=\"noopener noreferrer\">Interreg Europe<\/a> , Fonds europ\u00e9en de d\u00e9veloppement r\u00e9gional.<\/p>\n<p style=\"text-align: center;\">Pour plus d\u2019informations sur le projet EUREGA, veuillez consulter <a href=\"https:\/\/www.interregeurope.eu\/eurega\/\" target=\"_blank\" rel=\"noopener noreferrer\">le site www.interregeurope.eu\/eurega<\/a><\/p>\n","protected":false},"excerpt":{"rendered":"<p>&nbsp; Les R\u00e9gions europ\u00e9ennes de la gastronomie renforcent leur r\u00e9silience et cr\u00e9ent de la croissance \u00e9conomique La gastronomie, le patrimoine alimentaire local et r\u00e9gional est un patrimoine culturel europ\u00e9en commun et, en tant que tel, un atout \u00e9conomique majeur. Les cha\u00eenes de valeur agroalimentaires r\u00e9gionales et la coop\u00e9ration qu\u2019elles g\u00e9n\u00e8rent entre divers secteurs, notamment l\u2019agriculture, [&hellip;]<\/p>\n","protected":false},"author":33,"featured_media":0,"parent":28197,"menu_order":0,"comment_status":"closed","ping_status":"closed","template":"","meta":{"_acf_changed":false,"footnotes":""},"class_list":["post-28143","page","type-page","status-publish","hentry"],"acf":[],"yoast_head":"<!-- This site is optimized with the Yoast SEO plugin v26.0 - https:\/\/yoast.com\/wordpress\/plugins\/seo\/ -->\n<title>EUREGA - Interreg Europe - IGCAT<\/title>\n<meta name=\"description\" content=\"L\u2019objectif principal d\u2019EUREGA est d\u2019inclure et de reconna\u00eetre l\u2019alimentation, les habitudes alimentaires et la gastronomie dans les strat\u00e9gies et politiques de l\u2019UE, r\u00e9gionales et nationales.\" \/>\n<meta name=\"robots\" content=\"noindex, follow, max-snippet:-1, max-image-preview:large, max-video-preview:-1\" \/>\n<meta property=\"og:locale\" content=\"fr_FR\" \/>\n<meta property=\"og:type\" content=\"article\" \/>\n<meta property=\"og:title\" content=\"EUREGA - Interreg Europe - IGCAT\" \/>\n<meta property=\"og:description\" content=\"L\u2019objectif principal d\u2019EUREGA est d\u2019inclure et de reconna\u00eetre l\u2019alimentation, les habitudes alimentaires et la gastronomie dans les strat\u00e9gies et politiques de l\u2019UE, r\u00e9gionales et nationales.\" \/>\n<meta property=\"og:url\" content=\"https:\/\/test-oldwebsite.igcat.org\/fr\/projets\/eurega-interreg-europe\/\" \/>\n<meta property=\"og:site_name\" content=\"IGCAT - International Institute of Gastronomy, Culture, Arts and Tourism\" \/>\n<meta property=\"article:publisher\" content=\"https:\/\/www.facebook.com\/IGCAT2\/\" \/>\n<meta property=\"article:modified_time\" content=\"2024-04-18T17:29:27+00:00\" \/>\n<meta property=\"og:image\" content=\"https:\/\/test-oldwebsite.igcat.org\/wp-content\/uploads\/2018\/10\/EUREGA-EU-870x216.png\" \/>\n<meta name=\"twitter:card\" content=\"summary_large_image\" \/>\n<meta name=\"twitter:site\" content=\"@IGCAT2\" \/>\n<meta name=\"twitter:label1\" content=\"Dur\u00e9e de lecture estim\u00e9e\" \/>\n\t<meta name=\"twitter:data1\" content=\"3 minutes\" \/>\n<script type=\"application\/ld+json\" class=\"yoast-schema-graph\">{\"@context\":\"https:\/\/schema.org\",\"@graph\":[{\"@type\":\"WebPage\",\"@id\":\"https:\/\/test-oldwebsite.igcat.org\/fr\/projets\/eurega-interreg-europe\/\",\"url\":\"https:\/\/test-oldwebsite.igcat.org\/fr\/projets\/eurega-interreg-europe\/\",\"name\":\"EUREGA - Interreg Europe - IGCAT\",\"isPartOf\":{\"@id\":\"https:\/\/test-oldwebsite.igcat.org\/fr\/#website\"},\"primaryImageOfPage\":{\"@id\":\"https:\/\/test-oldwebsite.igcat.org\/fr\/projets\/eurega-interreg-europe\/#primaryimage\"},\"image\":{\"@id\":\"https:\/\/test-oldwebsite.igcat.org\/fr\/projets\/eurega-interreg-europe\/#primaryimage\"},\"thumbnailUrl\":\"https:\/\/test-oldwebsite.igcat.org\/wp-content\/uploads\/2018\/10\/EUREGA-EU-870x216.png\",\"datePublished\":\"2018-10-26T12:14:00+00:00\",\"dateModified\":\"2024-04-18T17:29:27+00:00\",\"description\":\"L\u2019objectif principal d\u2019EUREGA est d\u2019inclure et de reconna\u00eetre l\u2019alimentation, les habitudes alimentaires et la gastronomie dans les strat\u00e9gies et politiques de l\u2019UE, r\u00e9gionales et nationales.\",\"breadcrumb\":{\"@id\":\"https:\/\/test-oldwebsite.igcat.org\/fr\/projets\/eurega-interreg-europe\/#breadcrumb\"},\"inLanguage\":\"fr-FR\",\"potentialAction\":[{\"@type\":\"ReadAction\",\"target\":[\"https:\/\/test-oldwebsite.igcat.org\/fr\/projets\/eurega-interreg-europe\/\"]}]},{\"@type\":\"ImageObject\",\"inLanguage\":\"fr-FR\",\"@id\":\"https:\/\/test-oldwebsite.igcat.org\/fr\/projets\/eurega-interreg-europe\/#primaryimage\",\"url\":\"https:\/\/test-oldwebsite.igcat.org\/wp-content\/uploads\/2018\/10\/EUREGA-EU-870x216.png\",\"contentUrl\":\"https:\/\/test-oldwebsite.igcat.org\/wp-content\/uploads\/2018\/10\/EUREGA-EU-870x216.png\"},{\"@type\":\"BreadcrumbList\",\"@id\":\"https:\/\/test-oldwebsite.igcat.org\/fr\/projets\/eurega-interreg-europe\/#breadcrumb\",\"itemListElement\":[{\"@type\":\"ListItem\",\"position\":1,\"name\":\"Home\",\"item\":\"https:\/\/test-oldwebsite.igcat.org\/fr\/page-daccueil\/\"},{\"@type\":\"ListItem\",\"position\":2,\"name\":\"Projets\",\"item\":\"https:\/\/test-oldwebsite.igcat.org\/fr\/projets\/\"},{\"@type\":\"ListItem\",\"position\":3,\"name\":\"EUREGA &#8211; Interreg Europe\"}]},{\"@type\":\"WebSite\",\"@id\":\"https:\/\/test-oldwebsite.igcat.org\/fr\/#website\",\"url\":\"https:\/\/test-oldwebsite.igcat.org\/fr\/\",\"name\":\"IGCAT - International Institute of Gastronomy, Culture, Arts and Tourism\",\"description\":\"International Institute of Gastronomy, Culture, Arts and Tourism\",\"publisher\":{\"@id\":\"https:\/\/test-oldwebsite.igcat.org\/fr\/#organization\"},\"potentialAction\":[{\"@type\":\"SearchAction\",\"target\":{\"@type\":\"EntryPoint\",\"urlTemplate\":\"https:\/\/test-oldwebsite.igcat.org\/fr\/?s={search_term_string}\"},\"query-input\":{\"@type\":\"PropertyValueSpecification\",\"valueRequired\":true,\"valueName\":\"search_term_string\"}}],\"inLanguage\":\"fr-FR\"},{\"@type\":\"Organization\",\"@id\":\"https:\/\/test-oldwebsite.igcat.org\/fr\/#organization\",\"name\":\"IGCAT\",\"url\":\"https:\/\/test-oldwebsite.igcat.org\/fr\/\",\"logo\":{\"@type\":\"ImageObject\",\"inLanguage\":\"fr-FR\",\"@id\":\"https:\/\/test-oldwebsite.igcat.org\/fr\/#\/schema\/logo\/image\/\",\"url\":\"https:\/\/test-oldwebsite.igcat.org\/wp-content\/uploads\/2016\/02\/main_logo.png\",\"contentUrl\":\"https:\/\/test-oldwebsite.igcat.org\/wp-content\/uploads\/2016\/02\/main_logo.png\",\"width\":620,\"height\":228,\"caption\":\"IGCAT\"},\"image\":{\"@id\":\"https:\/\/test-oldwebsite.igcat.org\/fr\/#\/schema\/logo\/image\/\"},\"sameAs\":[\"https:\/\/www.facebook.com\/IGCAT2\/\",\"https:\/\/x.com\/IGCAT2\",\"https:\/\/www.instagram.com\/igcat_org\/\",\"https:\/\/www.linkedin.com\/company\/igcat-international-institute-of-gastronomy-arts-and-tourism\/\",\"https:\/\/www.youtube.com\/channel\/UCL1xbT3vRbZh3bj-d0_0Vlg\"]}]}<\/script>\n<!-- \/ Yoast SEO plugin. -->","yoast_head_json":{"title":"EUREGA - Interreg Europe - IGCAT","description":"L\u2019objectif principal d\u2019EUREGA est d\u2019inclure et de reconna\u00eetre l\u2019alimentation, les habitudes alimentaires et la gastronomie dans les strat\u00e9gies et politiques de l\u2019UE, r\u00e9gionales et nationales.","robots":{"index":"noindex","follow":"follow","max-snippet":"max-snippet:-1","max-image-preview":"max-image-preview:large","max-video-preview":"max-video-preview:-1"},"og_locale":"fr_FR","og_type":"article","og_title":"EUREGA - Interreg Europe - IGCAT","og_description":"L\u2019objectif principal d\u2019EUREGA est d\u2019inclure et de reconna\u00eetre l\u2019alimentation, les habitudes alimentaires et la gastronomie dans les strat\u00e9gies et politiques de l\u2019UE, r\u00e9gionales et nationales.","og_url":"https:\/\/test-oldwebsite.igcat.org\/fr\/projets\/eurega-interreg-europe\/","og_site_name":"IGCAT - International Institute of Gastronomy, Culture, Arts and Tourism","article_publisher":"https:\/\/www.facebook.com\/IGCAT2\/","article_modified_time":"2024-04-18T17:29:27+00:00","og_image":[{"url":"https:\/\/test-oldwebsite.igcat.org\/wp-content\/uploads\/2018\/10\/EUREGA-EU-870x216.png","type":"","width":"","height":""}],"twitter_card":"summary_large_image","twitter_site":"@IGCAT2","twitter_misc":{"Dur\u00e9e de lecture estim\u00e9e":"3 minutes"},"schema":{"@context":"https:\/\/schema.org","@graph":[{"@type":"WebPage","@id":"https:\/\/test-oldwebsite.igcat.org\/fr\/projets\/eurega-interreg-europe\/","url":"https:\/\/test-oldwebsite.igcat.org\/fr\/projets\/eurega-interreg-europe\/","name":"EUREGA - Interreg Europe - IGCAT","isPartOf":{"@id":"https:\/\/test-oldwebsite.igcat.org\/fr\/#website"},"primaryImageOfPage":{"@id":"https:\/\/test-oldwebsite.igcat.org\/fr\/projets\/eurega-interreg-europe\/#primaryimage"},"image":{"@id":"https:\/\/test-oldwebsite.igcat.org\/fr\/projets\/eurega-interreg-europe\/#primaryimage"},"thumbnailUrl":"https:\/\/test-oldwebsite.igcat.org\/wp-content\/uploads\/2018\/10\/EUREGA-EU-870x216.png","datePublished":"2018-10-26T12:14:00+00:00","dateModified":"2024-04-18T17:29:27+00:00","description":"L\u2019objectif principal d\u2019EUREGA est d\u2019inclure et de reconna\u00eetre l\u2019alimentation, les habitudes alimentaires et la gastronomie dans les strat\u00e9gies et politiques de l\u2019UE, r\u00e9gionales et nationales.","breadcrumb":{"@id":"https:\/\/test-oldwebsite.igcat.org\/fr\/projets\/eurega-interreg-europe\/#breadcrumb"},"inLanguage":"fr-FR","potentialAction":[{"@type":"ReadAction","target":["https:\/\/test-oldwebsite.igcat.org\/fr\/projets\/eurega-interreg-europe\/"]}]},{"@type":"ImageObject","inLanguage":"fr-FR","@id":"https:\/\/test-oldwebsite.igcat.org\/fr\/projets\/eurega-interreg-europe\/#primaryimage","url":"https:\/\/test-oldwebsite.igcat.org\/wp-content\/uploads\/2018\/10\/EUREGA-EU-870x216.png","contentUrl":"https:\/\/test-oldwebsite.igcat.org\/wp-content\/uploads\/2018\/10\/EUREGA-EU-870x216.png"},{"@type":"BreadcrumbList","@id":"https:\/\/test-oldwebsite.igcat.org\/fr\/projets\/eurega-interreg-europe\/#breadcrumb","itemListElement":[{"@type":"ListItem","position":1,"name":"Home","item":"https:\/\/test-oldwebsite.igcat.org\/fr\/page-daccueil\/"},{"@type":"ListItem","position":2,"name":"Projets","item":"https:\/\/test-oldwebsite.igcat.org\/fr\/projets\/"},{"@type":"ListItem","position":3,"name":"EUREGA &#8211; Interreg Europe"}]},{"@type":"WebSite","@id":"https:\/\/test-oldwebsite.igcat.org\/fr\/#website","url":"https:\/\/test-oldwebsite.igcat.org\/fr\/","name":"IGCAT - International Institute of Gastronomy, Culture, Arts and Tourism","description":"International Institute of Gastronomy, Culture, Arts and Tourism","publisher":{"@id":"https:\/\/test-oldwebsite.igcat.org\/fr\/#organization"},"potentialAction":[{"@type":"SearchAction","target":{"@type":"EntryPoint","urlTemplate":"https:\/\/test-oldwebsite.igcat.org\/fr\/?s={search_term_string}"},"query-input":{"@type":"PropertyValueSpecification","valueRequired":true,"valueName":"search_term_string"}}],"inLanguage":"fr-FR"},{"@type":"Organization","@id":"https:\/\/test-oldwebsite.igcat.org\/fr\/#organization","name":"IGCAT","url":"https:\/\/test-oldwebsite.igcat.org\/fr\/","logo":{"@type":"ImageObject","inLanguage":"fr-FR","@id":"https:\/\/test-oldwebsite.igcat.org\/fr\/#\/schema\/logo\/image\/","url":"https:\/\/test-oldwebsite.igcat.org\/wp-content\/uploads\/2016\/02\/main_logo.png","contentUrl":"https:\/\/test-oldwebsite.igcat.org\/wp-content\/uploads\/2016\/02\/main_logo.png","width":620,"height":228,"caption":"IGCAT"},"image":{"@id":"https:\/\/test-oldwebsite.igcat.org\/fr\/#\/schema\/logo\/image\/"},"sameAs":["https:\/\/www.facebook.com\/IGCAT2\/","https:\/\/x.com\/IGCAT2","https:\/\/www.instagram.com\/igcat_org\/","https:\/\/www.linkedin.com\/company\/igcat-international-institute-of-gastronomy-arts-and-tourism\/","https:\/\/www.youtube.com\/channel\/UCL1xbT3vRbZh3bj-d0_0Vlg"]}]}},"_links":{"self":[{"href":"https:\/\/test-oldwebsite.igcat.org\/fr\/wp-json\/wp\/v2\/pages\/28143","targetHints":{"allow":["GET"]}}],"collection":[{"href":"https:\/\/test-oldwebsite.igcat.org\/fr\/wp-json\/wp\/v2\/pages"}],"about":[{"href":"https:\/\/test-oldwebsite.igcat.org\/fr\/wp-json\/wp\/v2\/types\/page"}],"author":[{"embeddable":true,"href":"https:\/\/test-oldwebsite.igcat.org\/fr\/wp-json\/wp\/v2\/users\/33"}],"replies":[{"embeddable":true,"href":"https:\/\/test-oldwebsite.igcat.org\/fr\/wp-json\/wp\/v2\/comments?post=28143"}],"version-history":[{"count":0,"href":"https:\/\/test-oldwebsite.igcat.org\/fr\/wp-json\/wp\/v2\/pages\/28143\/revisions"}],"up":[{"embeddable":true,"href":"https:\/\/test-oldwebsite.igcat.org\/fr\/wp-json\/wp\/v2\/pages\/28197"}],"wp:attachment":[{"href":"https:\/\/test-oldwebsite.igcat.org\/fr\/wp-json\/wp\/v2\/media?parent=28143"}],"curies":[{"name":"wp","href":"https:\/\/api.w.org\/{rel}","templated":true}]}}