{"id":28157,"date":"2016-12-06T07:36:01","date_gmt":"2016-12-06T06:36:01","guid":{"rendered":"https:\/\/test-oldwebsite.igcat.org\/plateforme-des-regions-du-monde-de-la-gastronomie\/"},"modified":"2024-05-21T13:20:03","modified_gmt":"2024-05-21T11:20:03","slug":"plateforme-des-regions-du-monde-de-la-gastronomie","status":"publish","type":"page","link":"https:\/\/test-oldwebsite.igcat.org\/fr\/plateforme-des-regions-du-monde-de-la-gastronomie\/","title":{"rendered":"Plateforme des R\u00e9gions du Monde de la Gastronomie"},"content":{"rendered":"<div class=\"wpb-content-wrapper\"><p>[vc_row][vc_column][vc_column_text css=&#8221;&#8221;]<img loading=\"lazy\" decoding=\"async\" class=\"aligncenter wp-image-27770 size-full\" src=\"https:\/\/test-oldwebsite.igcat.org\/wp-content\/uploads\/2021\/01\/WRG_ICON_WEB.png\" alt=\"World Region of Gastronomy\" width=\"170\" height=\"100\" \/>[\/vc_column_text][vc_empty_space]<h1 class=\"sc_title sc_title_regular sc_align_center\" style=\"margin-bottom:30px;text-align:center;\">Plateforme des R\u00e9gions Mondiales de la Gastronomie<\/h1>[\/vc_column][\/vc_row][vc_row][vc_column][vc_column_text css=&#8221;&#8221;]Le <strong>La<\/strong> <strong>Plateforme des R\u00e9gions Mondiales de la Gastronomie<\/strong> est ouverte aux r\u00e9gions qui d\u00e9clarent avoir l\u2019obligation morale d\u2019assurer une am\u00e9lioration de la qualit\u00e9 de vie. <strong>la qualit\u00e9 des aliments<\/strong> et le soutien <strong>Les cultures\/traditions locales<\/strong> et qui sont pr\u00eates \u00e0 tirer parti de la convergence croissante des secteurs de <strong>l\u2019alimentation<\/strong>, de <strong>la culture<\/strong> et du <strong>tourisme<\/strong> et des transformations passionnantes qui se produisent au niveau local et qui pourraient soutenir le <strong>d\u00e9veloppement r\u00e9gional<\/strong>.<\/p>\n<p>La <strong>Plateforme des R\u00e9gions Mondiales de la Gastronomie<\/strong> est une initiative visant \u00e0 favoriser le <strong>transfert de connaissances<\/strong> ainsi qu\u2019\u00e0 soutenir <strong>les collaborations<\/strong> qui donnent une plus grande visibilit\u00e9 aux efforts d\u00e9ploy\u00e9s dans les r\u00e9gions membres.[\/vc_column_text][\/vc_column][\/vc_row][vc_row][vc_column][vc_empty_space][\/vc_column][\/vc_row][vc_row][vc_column]<figure class=\"sc_image  sc_image_shape_square\"><img decoding=\"async\" src=\"https:\/\/test-oldwebsite.igcat.org\/wp-content\/uploads\/2020\/05\/World-Regions-of-Gastronomy_Hands-1.png\" alt=\"\" \/><\/figure>[\/vc_column][\/vc_row][vc_row][vc_column][vc_empty_space][\/vc_column][\/vc_row][vc_row][vc_column][vc_column_text]<strong>L\u2019IGCAT<\/strong> croit fermement que le d\u00e9veloppement r\u00e9gional a besoin que <strong>les institutions publiques<\/strong>, <strong>priv\u00e9es<\/strong>, <strong>du secteur tertiaire<\/strong> et <strong>du savoir<\/strong> travaillent ensemble. Par cons\u00e9quent, pour rejoindre la Plateforme, les r\u00e9gions doivent adopter le <strong>mod\u00e8le d\u2019apprentissage<\/strong> par le service de l\u2019IGCAT qui exige que la r\u00e9gion convoque d\u2019abord un groupe d\u2019acteurs r\u00e9gionaux compos\u00e9 d\u2019institutions publiques, priv\u00e9es, du secteur tertiaire et du savoir. Ce principe est repr\u00e9sent\u00e9 par les quatre griffes de la fourchette dans le logo R\u00e9gions de la Gastronomie !<\/p>\n<p>L\u2019IGCAT a \u00e9t\u00e9 cr\u00e9\u00e9 pour assurer un <strong>dialogue intersectoriel<\/strong> et, par cons\u00e9quent, les parties prenantes doivent provenir au minimum des secteurs de la culture, de la gastronomie, des arts et du tourisme \u2013 de plus en plus, nos r\u00e9gions collaborent \u00e9galement avec les secteurs de l\u2019agriculture, de la sant\u00e9, des affaires et de l\u2019\u00e9ducation.<\/p>\n<p>En organisant des r\u00e9unions r\u00e9guli\u00e8res d\u2019un large \u00e9ventail d\u2019acteurs r\u00e9gionaux, les d\u00e9fis de la r\u00e9gion peuvent \u00eatre relev\u00e9s par des actions qui soutiennent le <strong>renforcement des capacit\u00e9s<\/strong> au niveau local. Cette approche a d\u00e9j\u00e0 connu un \u00e9norme succ\u00e8s. De plus, en mettant sur pied un <strong>groupe d\u2019intervenants r\u00e9gionaux<\/strong>, la r\u00e9gion a le potentiel d\u2019attirer des <strong>financements et des parrainages<\/strong> des secteurs public et priv\u00e9, ainsi que de <strong>mobiliser les citoyens<\/strong> de fa\u00e7ons nouvelles et int\u00e9ressantes.[\/vc_column_text][\/vc_column][\/vc_row][vc_row][vc_column][vc_empty_space][\/vc_column][\/vc_row][vc_row][vc_column]<figure class=\"sc_image  sc_image_shape_square\"><img decoding=\"async\" src=\"https:\/\/test-oldwebsite.igcat.org\/wp-content\/uploads\/2020\/05\/World-Regions-of-Gastronomy_Children-1.png\" alt=\"\" \/><\/figure>[\/vc_column][\/vc_row][vc_row][vc_column][vc_empty_space][\/vc_column][\/vc_row][vc_row][vc_column][vc_column_text css=&#8221;&#8221;]Nous savons aussi par exp\u00e9rience qu\u2019il est possible d\u2019accomplir beaucoup de choses en <strong>apprenant de l\u2019exp\u00e9rience d\u2019autres r\u00e9gions<\/strong> confront\u00e9es \u00e0 des d\u00e9fis similaires. Par l\u2019interm\u00e9diaire des groupes d\u2019intervenants r\u00e9gionaux, le IGCAT est en mesure d\u2019identifier les partenaires appropri\u00e9s dans chaque r\u00e9gion pour diff\u00e9rentes initiatives de projets dans les domaines du tourisme, de l\u2019h\u00f4tellerie, de la gastronomie et de l\u2019agriculture. En \u00e9tablissant <strong>de multiples connexions<\/strong> entre les r\u00e9gions qui ont rejoint la Plateforme des R\u00e9gions Mondiales de la Gastronomie, <strong>l\u2019\u00e9change de connaissances<\/strong> est accru.[\/vc_column_text][\/vc_column][\/vc_row][vc_row][vc_column][vc_empty_space][\/vc_column][\/vc_row][vc_row][vc_column]<figure class=\"sc_image  sc_image_shape_square\"><img decoding=\"async\" src=\"https:\/\/test-oldwebsite.igcat.org\/wp-content\/uploads\/2020\/05\/World-Regions-of-Gastronomy_Dough-1.png\" alt=\"\" \/><\/figure>[\/vc_column][\/vc_row][vc_row][vc_column][vc_empty_space][\/vc_column][\/vc_row][vc_row][vc_column][vc_column_text]<\/p>\n<p>La <strong> <strong>Plateforme Mondiale des R\u00e9gions de la Gastronomie<\/strong> favorise le d\u00e9veloppement de strat\u00e9gies visant \u00e0 accro\u00eetre la <strong>visibilit\u00e9<\/strong> des r\u00e9gions tant au niveau local qu\u2019international.<\/strong><\/p>\n<p>&nbsp;<\/p>\n<h4 class=\"sc_title sc_title_regular sc_align_center\" style=\"text-align:center;\">Pour plus d\u2019informations :<\/h4>\n<p style=\"text-align: center;\"><a href=\"mailto:info@igcat.org\" target=\"_blank\" rel=\"noopener noreferrer\">info@igcat.org<\/a><\/p>\n<p>[\/vc_column_text][\/vc_column][\/vc_row]<\/p>\n<\/div>","protected":false},"excerpt":{"rendered":"<p>[vc_row][vc_column][vc_column_text css=&#8221;&#8221;][\/vc_column_text][vc_empty_space][\/vc_column][\/vc_row][vc_row][vc_column][vc_column_text css=&#8221;&#8221;]Le La Plateforme des R\u00e9gions Mondiales de la Gastronomie est ouverte aux r\u00e9gions qui d\u00e9clarent avoir l\u2019obligation morale d\u2019assurer une am\u00e9lioration de la qualit\u00e9 de vie. la qualit\u00e9 des aliments et le soutien Les cultures\/traditions locales et qui sont pr\u00eates \u00e0 tirer parti de la convergence croissante des secteurs de l\u2019alimentation, de la [&hellip;]<\/p>\n","protected":false},"author":2,"featured_media":0,"parent":0,"menu_order":0,"comment_status":"closed","ping_status":"closed","template":"","meta":{"_acf_changed":false,"footnotes":""},"class_list":["post-28157","page","type-page","status-publish","hentry"],"acf":[],"yoast_head":"<!-- This site is optimized with the Yoast SEO plugin v26.0 - https:\/\/yoast.com\/wordpress\/plugins\/seo\/ -->\n<title>Plateforme des R\u00e9gions Mondiales de la Gastronomie - IGCAT<\/title>\n<meta name=\"description\" content=\"La Plateforme des R\u00e9gions du Monde de la Gastronomie est une initiative visant \u00e0 favoriser le transfert de connaissances et \u00e0 soutenir les collaborations entre les r\u00e9gions membres.\" \/>\n<meta name=\"robots\" content=\"noindex, follow, max-snippet:-1, max-image-preview:large, max-video-preview:-1\" \/>\n<meta property=\"og:locale\" content=\"fr_FR\" \/>\n<meta property=\"og:type\" content=\"article\" \/>\n<meta property=\"og:title\" content=\"Plateforme des R\u00e9gions Mondiales de la Gastronomie - IGCAT\" \/>\n<meta property=\"og:description\" content=\"La Plateforme des R\u00e9gions du Monde de la Gastronomie est une initiative visant \u00e0 favoriser le transfert de connaissances et \u00e0 soutenir les collaborations entre les r\u00e9gions membres.\" \/>\n<meta property=\"og:url\" content=\"https:\/\/test-oldwebsite.igcat.org\/fr\/plateforme-des-regions-du-monde-de-la-gastronomie\/\" \/>\n<meta property=\"og:site_name\" content=\"IGCAT - International Institute of Gastronomy, Culture, Arts and Tourism\" \/>\n<meta property=\"article:publisher\" content=\"https:\/\/www.facebook.com\/IGCAT2\/\" \/>\n<meta property=\"article:modified_time\" content=\"2024-05-21T11:20:03+00:00\" \/>\n<meta property=\"og:image\" content=\"https:\/\/test-oldwebsite.igcat.org\/wp-content\/uploads\/2021\/01\/WRG_ICON_WEB.png\" \/>\n<meta name=\"twitter:card\" content=\"summary_large_image\" \/>\n<meta name=\"twitter:site\" content=\"@IGCAT2\" \/>\n<meta name=\"twitter:label1\" content=\"Dur\u00e9e de lecture estim\u00e9e\" \/>\n\t<meta name=\"twitter:data1\" content=\"3 minutes\" \/>\n<script type=\"application\/ld+json\" class=\"yoast-schema-graph\">{\"@context\":\"https:\/\/schema.org\",\"@graph\":[{\"@type\":\"WebPage\",\"@id\":\"https:\/\/test-oldwebsite.igcat.org\/fr\/plateforme-des-regions-du-monde-de-la-gastronomie\/\",\"url\":\"https:\/\/test-oldwebsite.igcat.org\/fr\/plateforme-des-regions-du-monde-de-la-gastronomie\/\",\"name\":\"Plateforme des R\u00e9gions Mondiales de la Gastronomie - IGCAT\",\"isPartOf\":{\"@id\":\"https:\/\/test-oldwebsite.igcat.org\/fr\/#website\"},\"primaryImageOfPage\":{\"@id\":\"https:\/\/test-oldwebsite.igcat.org\/fr\/plateforme-des-regions-du-monde-de-la-gastronomie\/#primaryimage\"},\"image\":{\"@id\":\"https:\/\/test-oldwebsite.igcat.org\/fr\/plateforme-des-regions-du-monde-de-la-gastronomie\/#primaryimage\"},\"thumbnailUrl\":\"https:\/\/test-oldwebsite.igcat.org\/wp-content\/uploads\/2021\/01\/WRG_ICON_WEB.png\",\"datePublished\":\"2016-12-06T06:36:01+00:00\",\"dateModified\":\"2024-05-21T11:20:03+00:00\",\"description\":\"La Plateforme des R\u00e9gions du Monde de la Gastronomie est une initiative visant \u00e0 favoriser le transfert de connaissances et \u00e0 soutenir les collaborations entre les r\u00e9gions membres.\",\"breadcrumb\":{\"@id\":\"https:\/\/test-oldwebsite.igcat.org\/fr\/plateforme-des-regions-du-monde-de-la-gastronomie\/#breadcrumb\"},\"inLanguage\":\"fr-FR\",\"potentialAction\":[{\"@type\":\"ReadAction\",\"target\":[\"https:\/\/test-oldwebsite.igcat.org\/fr\/plateforme-des-regions-du-monde-de-la-gastronomie\/\"]}]},{\"@type\":\"ImageObject\",\"inLanguage\":\"fr-FR\",\"@id\":\"https:\/\/test-oldwebsite.igcat.org\/fr\/plateforme-des-regions-du-monde-de-la-gastronomie\/#primaryimage\",\"url\":\"https:\/\/test-oldwebsite.igcat.org\/wp-content\/uploads\/2021\/01\/WRG_ICON_WEB.png\",\"contentUrl\":\"https:\/\/test-oldwebsite.igcat.org\/wp-content\/uploads\/2021\/01\/WRG_ICON_WEB.png\"},{\"@type\":\"BreadcrumbList\",\"@id\":\"https:\/\/test-oldwebsite.igcat.org\/fr\/plateforme-des-regions-du-monde-de-la-gastronomie\/#breadcrumb\",\"itemListElement\":[{\"@type\":\"ListItem\",\"position\":1,\"name\":\"Home\",\"item\":\"https:\/\/test-oldwebsite.igcat.org\/fr\/page-daccueil\/\"},{\"@type\":\"ListItem\",\"position\":2,\"name\":\"Plateforme des R\u00e9gions du Monde de la Gastronomie\"}]},{\"@type\":\"WebSite\",\"@id\":\"https:\/\/test-oldwebsite.igcat.org\/fr\/#website\",\"url\":\"https:\/\/test-oldwebsite.igcat.org\/fr\/\",\"name\":\"IGCAT - International Institute of Gastronomy, Culture, Arts and Tourism\",\"description\":\"International Institute of Gastronomy, Culture, Arts and Tourism\",\"publisher\":{\"@id\":\"https:\/\/test-oldwebsite.igcat.org\/fr\/#organization\"},\"potentialAction\":[{\"@type\":\"SearchAction\",\"target\":{\"@type\":\"EntryPoint\",\"urlTemplate\":\"https:\/\/test-oldwebsite.igcat.org\/fr\/?s={search_term_string}\"},\"query-input\":{\"@type\":\"PropertyValueSpecification\",\"valueRequired\":true,\"valueName\":\"search_term_string\"}}],\"inLanguage\":\"fr-FR\"},{\"@type\":\"Organization\",\"@id\":\"https:\/\/test-oldwebsite.igcat.org\/fr\/#organization\",\"name\":\"IGCAT\",\"url\":\"https:\/\/test-oldwebsite.igcat.org\/fr\/\",\"logo\":{\"@type\":\"ImageObject\",\"inLanguage\":\"fr-FR\",\"@id\":\"https:\/\/test-oldwebsite.igcat.org\/fr\/#\/schema\/logo\/image\/\",\"url\":\"https:\/\/test-oldwebsite.igcat.org\/wp-content\/uploads\/2016\/02\/main_logo.png\",\"contentUrl\":\"https:\/\/test-oldwebsite.igcat.org\/wp-content\/uploads\/2016\/02\/main_logo.png\",\"width\":620,\"height\":228,\"caption\":\"IGCAT\"},\"image\":{\"@id\":\"https:\/\/test-oldwebsite.igcat.org\/fr\/#\/schema\/logo\/image\/\"},\"sameAs\":[\"https:\/\/www.facebook.com\/IGCAT2\/\",\"https:\/\/x.com\/IGCAT2\",\"https:\/\/www.instagram.com\/igcat_org\/\",\"https:\/\/www.linkedin.com\/company\/igcat-international-institute-of-gastronomy-arts-and-tourism\/\",\"https:\/\/www.youtube.com\/channel\/UCL1xbT3vRbZh3bj-d0_0Vlg\"]}]}<\/script>\n<!-- \/ Yoast SEO plugin. -->","yoast_head_json":{"title":"Plateforme des R\u00e9gions Mondiales de la Gastronomie - IGCAT","description":"La Plateforme des R\u00e9gions du Monde de la Gastronomie est une initiative visant \u00e0 favoriser le transfert de connaissances et \u00e0 soutenir les collaborations entre les r\u00e9gions membres.","robots":{"index":"noindex","follow":"follow","max-snippet":"max-snippet:-1","max-image-preview":"max-image-preview:large","max-video-preview":"max-video-preview:-1"},"og_locale":"fr_FR","og_type":"article","og_title":"Plateforme des R\u00e9gions Mondiales de la Gastronomie - IGCAT","og_description":"La Plateforme des R\u00e9gions du Monde de la Gastronomie est une initiative visant \u00e0 favoriser le transfert de connaissances et \u00e0 soutenir les collaborations entre les r\u00e9gions membres.","og_url":"https:\/\/test-oldwebsite.igcat.org\/fr\/plateforme-des-regions-du-monde-de-la-gastronomie\/","og_site_name":"IGCAT - International Institute of Gastronomy, Culture, Arts and Tourism","article_publisher":"https:\/\/www.facebook.com\/IGCAT2\/","article_modified_time":"2024-05-21T11:20:03+00:00","og_image":[{"url":"https:\/\/test-oldwebsite.igcat.org\/wp-content\/uploads\/2021\/01\/WRG_ICON_WEB.png","type":"","width":"","height":""}],"twitter_card":"summary_large_image","twitter_site":"@IGCAT2","twitter_misc":{"Dur\u00e9e de lecture estim\u00e9e":"3 minutes"},"schema":{"@context":"https:\/\/schema.org","@graph":[{"@type":"WebPage","@id":"https:\/\/test-oldwebsite.igcat.org\/fr\/plateforme-des-regions-du-monde-de-la-gastronomie\/","url":"https:\/\/test-oldwebsite.igcat.org\/fr\/plateforme-des-regions-du-monde-de-la-gastronomie\/","name":"Plateforme des R\u00e9gions Mondiales de la Gastronomie - IGCAT","isPartOf":{"@id":"https:\/\/test-oldwebsite.igcat.org\/fr\/#website"},"primaryImageOfPage":{"@id":"https:\/\/test-oldwebsite.igcat.org\/fr\/plateforme-des-regions-du-monde-de-la-gastronomie\/#primaryimage"},"image":{"@id":"https:\/\/test-oldwebsite.igcat.org\/fr\/plateforme-des-regions-du-monde-de-la-gastronomie\/#primaryimage"},"thumbnailUrl":"https:\/\/test-oldwebsite.igcat.org\/wp-content\/uploads\/2021\/01\/WRG_ICON_WEB.png","datePublished":"2016-12-06T06:36:01+00:00","dateModified":"2024-05-21T11:20:03+00:00","description":"La Plateforme des R\u00e9gions du Monde de la Gastronomie est une initiative visant \u00e0 favoriser le transfert de connaissances et \u00e0 soutenir les collaborations entre les r\u00e9gions membres.","breadcrumb":{"@id":"https:\/\/test-oldwebsite.igcat.org\/fr\/plateforme-des-regions-du-monde-de-la-gastronomie\/#breadcrumb"},"inLanguage":"fr-FR","potentialAction":[{"@type":"ReadAction","target":["https:\/\/test-oldwebsite.igcat.org\/fr\/plateforme-des-regions-du-monde-de-la-gastronomie\/"]}]},{"@type":"ImageObject","inLanguage":"fr-FR","@id":"https:\/\/test-oldwebsite.igcat.org\/fr\/plateforme-des-regions-du-monde-de-la-gastronomie\/#primaryimage","url":"https:\/\/test-oldwebsite.igcat.org\/wp-content\/uploads\/2021\/01\/WRG_ICON_WEB.png","contentUrl":"https:\/\/test-oldwebsite.igcat.org\/wp-content\/uploads\/2021\/01\/WRG_ICON_WEB.png"},{"@type":"BreadcrumbList","@id":"https:\/\/test-oldwebsite.igcat.org\/fr\/plateforme-des-regions-du-monde-de-la-gastronomie\/#breadcrumb","itemListElement":[{"@type":"ListItem","position":1,"name":"Home","item":"https:\/\/test-oldwebsite.igcat.org\/fr\/page-daccueil\/"},{"@type":"ListItem","position":2,"name":"Plateforme des R\u00e9gions du Monde de la Gastronomie"}]},{"@type":"WebSite","@id":"https:\/\/test-oldwebsite.igcat.org\/fr\/#website","url":"https:\/\/test-oldwebsite.igcat.org\/fr\/","name":"IGCAT - International Institute of Gastronomy, Culture, Arts and Tourism","description":"International Institute of Gastronomy, Culture, Arts and Tourism","publisher":{"@id":"https:\/\/test-oldwebsite.igcat.org\/fr\/#organization"},"potentialAction":[{"@type":"SearchAction","target":{"@type":"EntryPoint","urlTemplate":"https:\/\/test-oldwebsite.igcat.org\/fr\/?s={search_term_string}"},"query-input":{"@type":"PropertyValueSpecification","valueRequired":true,"valueName":"search_term_string"}}],"inLanguage":"fr-FR"},{"@type":"Organization","@id":"https:\/\/test-oldwebsite.igcat.org\/fr\/#organization","name":"IGCAT","url":"https:\/\/test-oldwebsite.igcat.org\/fr\/","logo":{"@type":"ImageObject","inLanguage":"fr-FR","@id":"https:\/\/test-oldwebsite.igcat.org\/fr\/#\/schema\/logo\/image\/","url":"https:\/\/test-oldwebsite.igcat.org\/wp-content\/uploads\/2016\/02\/main_logo.png","contentUrl":"https:\/\/test-oldwebsite.igcat.org\/wp-content\/uploads\/2016\/02\/main_logo.png","width":620,"height":228,"caption":"IGCAT"},"image":{"@id":"https:\/\/test-oldwebsite.igcat.org\/fr\/#\/schema\/logo\/image\/"},"sameAs":["https:\/\/www.facebook.com\/IGCAT2\/","https:\/\/x.com\/IGCAT2","https:\/\/www.instagram.com\/igcat_org\/","https:\/\/www.linkedin.com\/company\/igcat-international-institute-of-gastronomy-arts-and-tourism\/","https:\/\/www.youtube.com\/channel\/UCL1xbT3vRbZh3bj-d0_0Vlg"]}]}},"_links":{"self":[{"href":"https:\/\/test-oldwebsite.igcat.org\/fr\/wp-json\/wp\/v2\/pages\/28157","targetHints":{"allow":["GET"]}}],"collection":[{"href":"https:\/\/test-oldwebsite.igcat.org\/fr\/wp-json\/wp\/v2\/pages"}],"about":[{"href":"https:\/\/test-oldwebsite.igcat.org\/fr\/wp-json\/wp\/v2\/types\/page"}],"author":[{"embeddable":true,"href":"https:\/\/test-oldwebsite.igcat.org\/fr\/wp-json\/wp\/v2\/users\/2"}],"replies":[{"embeddable":true,"href":"https:\/\/test-oldwebsite.igcat.org\/fr\/wp-json\/wp\/v2\/comments?post=28157"}],"version-history":[{"count":0,"href":"https:\/\/test-oldwebsite.igcat.org\/fr\/wp-json\/wp\/v2\/pages\/28157\/revisions"}],"wp:attachment":[{"href":"https:\/\/test-oldwebsite.igcat.org\/fr\/wp-json\/wp\/v2\/media?parent=28157"}],"curies":[{"name":"wp","href":"https:\/\/api.w.org\/{rel}","templated":true}]}}