{"id":28172,"date":"2016-05-30T16:13:47","date_gmt":"2016-05-30T14:13:47","guid":{"rendered":"https:\/\/test-oldwebsite.igcat.org\/defi-mondial-des-dons-alimentaires\/"},"modified":"2024-04-17T19:35:45","modified_gmt":"2024-04-17T17:35:45","slug":"defi-mondial-des-dons-alimentaires","status":"publish","type":"page","link":"https:\/\/test-oldwebsite.igcat.org\/fr\/defi-mondial-des-dons-alimentaires\/","title":{"rendered":"D\u00e9fi mondial des dons alimentaires"},"content":{"rendered":"<div class=\"wpb-content-wrapper\"><p>[vc_row gap=&#8221;30&#8243;][vc_column width=&#8221;3\/4&#8243;][vc_column_text]<img loading=\"lazy\" decoding=\"async\" class=\"aligncenter wp-image-17811\" src=\"https:\/\/test-oldwebsite.igcat.org\/wp-content\/uploads\/2019\/04\/Iconos-60x40cm-verde-2019-300x200.jpg\" alt=\"Cadeau alimentaire europ\u00e9en Challenge_Icon\" width=\"195\" height=\"130\">[\/vc_column_text][vc_empty_space]<h1 class=\"sc_title sc_title_regular sc_align_center\" style=\"margin-bottom:30px;text-align:center;\">World Food Gift Challenge<\/h1>[vc_video link=&#8221;https:\/\/youtu.be\/KJETOp3E3eI&#8221; align=&#8221;center&#8221;][vc_empty_space][vc_column_text]<\/p>\n<p class=\"p1\">Le <strong>World Food Gift Challenge<\/strong> est un concours visant \u00e0 r\u00e9compenser et \u00e0 donner une visibilit\u00e9 internationale \u00e0 des aliments artisanaux de haute qualit\u00e9 et \u00e0 des cadeaux d\u2019artisanat li\u00e9s \u00e0 l\u2019alimentation des <a href=\"https:\/\/test-oldwebsite.igcat.org\/fr\/projets\/prix-de-la-region-de-la-gastronomie\/\" target=\"_blank\" rel=\"noopener\">r\u00e9gions europ\u00e9ennes et mondiales de la gastronomie<\/a>.<\/p>\n<p class=\"p1\">Gr\u00e2ce au World Food Gift Challenge, les R\u00e9gions europ\u00e9ennes et mondiales de la gastronomie peuvent soutenir leurs petits et moyens producteurs locaux de produits traditionnels et mettre en lumi\u00e8re les histoires qui lient ces produits \u00e0 la r\u00e9gion, cr\u00e9ant ainsi une valeur ajout\u00e9e pour leur territoire.<\/p>\n<p class=\"p1\">Le World Food Gift Challenge permet aux producteurs locaux des r\u00e9gions europ\u00e9ennes et mondiales de la gastronomie de capitaliser sur la demande toujours croissante des visiteurs pour des produits alimentaires locaux exceptionnels et des cadeaux artisanaux li\u00e9s \u00e0 l\u2019alimentation, associ\u00e9s \u00e0 leur recherche d\u2019authenticit\u00e9 et d\u2019unicit\u00e9, et \u00e0 une attention accrue pour les produits durables.<\/p>\n<p>Du 26 au <strong>29 avril 2023, le World Food Gift Challenge 2023<\/strong> s\u2019est d\u00e9roul\u00e9 dans <a href=\"https:\/\/www.europeanregionofgastronomy.org\/platform\/south-aegean-2019\/\" target=\"_blank\" rel=\"noopener\">le sud de la mer \u00c9g\u00e9e, r\u00e9gion europ\u00e9enne de la gastronomie r\u00e9compens\u00e9e en 2019<\/a> .[\/vc_column_text][vc_empty_space height=&#8221;50px&#8221;][vc_text_separator title=&#8221;CONTACTEZ-NOUS&#8221; color=&#8221;custom&#8221; border_width=&#8221;2&#8243; el_width=&#8221;30&#8243; accent_color=&#8221;#72b22a&#8221;][vc_empty_space height=&#8221;20px&#8221;][vc_column_text]Pour plus d\u2019informations et pour l\u2019appel complet, veuillez contacter le secr\u00e9tariat du CIIGAT \u00e0 <a href=\"mailto:info@igcat.org\" target=\"_blank\" rel=\"noopener\">l\u2019adresse info@igcat.org<\/a>[\/vc_column_text][vc_empty_space][\/vc_column][vc_column width=&#8221;1\/4&#8243;][vc_column_text]<\/p>\n<p style=\"text-align: center;\"><strong>AMBASSADEUR OFFICIEL<\/strong><\/p>\n<p>[\/vc_column_text][vc_empty_space height=&#8221;15px&#8221;]<figure class=\"sc_image  sc_image_shape_square\"><img decoding=\"async\" src=\"https:\/\/test-oldwebsite.igcat.org\/wp-content\/uploads\/2022\/01\/Ana-Ros\u030c_aside.jpg\" alt=\"\" \/><\/figure>[vc_column_text css=&#8221;.vc_custom_1642418349814{padding-top: 20px !important;padding-right: 20px !important;padding-bottom: 20px !important;padding-left: 20px !important;background-color: #72b22a !important;}&#8221;]<\/p>\n<p style=\"color: white; text-align: center;\">\u00ab Je salue le World Food Gift Challenge qui met l\u2019accent sur la gastronomie d\u2019un point de vue plus large. Nous devons soutenir davantage le travail des petits producteurs. La cha\u00eene alimentaire est une et nous devons la d\u00e9fendre dans son int\u00e9grit\u00e9.<\/p>\n<p style=\"color: white; text-align: center;\">ANA RO\u0160<\/p>\n<p>[\/vc_column_text][vc_empty_space height=&#8221;20px&#8221;][vc_column_text]<\/p>\n<p style=\"text-align: center;\"><strong>\u00c9DITIONS PR\u00c9C\u00c9DENTES<\/strong><\/p>\n<p>[\/vc_column_text][vc_empty_space height=&#8221;15px&#8221;]<figure class=\"sc_image  sc_image_shape_square\"><img decoding=\"async\" src=\"https:\/\/test-oldwebsite.igcat.org\/wp-content\/uploads\/2023\/06\/World-Food-Gift-Challenge-2023_General-1.png\" alt=\"\" \/><\/figure>[vc_btn title=&#8221;D\u00c9FI MONDIAL DES CADEAUX ALIMENTAIRES 2023&#8243; style=&#8221;custom&#8221; custom_background=&#8221;#72b22a&#8221; custom_text=&#8221;#ffffff&#8221; shape=&#8221;square&#8221; size=&#8221;lg&#8221; align=&#8221;center&#8221; button_block=&#8221;true&#8221; link=&#8221;url:https%3A%2F%2Figcat.org%2Ffr%2Fcadeaux-alimentaires-du-monde-2023%2F|target:_blank|&#8221;][vc_empty_space height=&#8221;10px&#8221;]<figure class=\"sc_image  sc_image_shape_square\"><img decoding=\"async\" src=\"https:\/\/test-oldwebsite.igcat.org\/wp-content\/uploads\/2022\/05\/World-Food-Gift-Challenge-2022_General.png\" alt=\"\" \/><\/figure>[vc_btn title=&#8221;D\u00c9FI MONDIAL DES CADEAUX ALIMENTAIRES 2022&#8243; style=&#8221;custom&#8221; custom_background=&#8221;#72b22a&#8221; custom_text=&#8221;#ffffff&#8221; shape=&#8221;square&#8221; size=&#8221;lg&#8221; align=&#8221;center&#8221; button_block=&#8221;true&#8221; link=&#8221;url:https%3A%2F%2Figcat.org%2Ffr%2Fcadeaux-alimentaires-du-monde-2022%2F|target:_blank|&#8221;][vc_empty_space height=&#8221;10px&#8221;]<figure class=\"sc_image  sc_image_shape_square\"><img decoding=\"async\" src=\"https:\/\/test-oldwebsite.igcat.org\/wp-content\/uploads\/2021\/08\/EUROPEAN-FOOD-GIFT-CHALLENGE-2021-1.png\" alt=\"\" \/><\/figure>[vc_btn title=&#8221;D\u00c9FI EUROP\u00c9EN DES CADEAUX ALIMENTAIRES 2021&#8243; style=&#8221;custom&#8221; custom_background=&#8221;#72b22a&#8221; custom_text=&#8221;#ffffff&#8221; shape=&#8221;square&#8221; size=&#8221;lg&#8221; align=&#8221;center&#8221; button_block=&#8221;true&#8221; link=&#8221;url:https%3A%2F%2Figcat.org%2Ffr%2Fcadeaux-alimentaires-europeens-2021%2F|target:_blank|&#8221;][vc_empty_space height=&#8221;10px&#8221;]<figure class=\"sc_image  sc_image_shape_square\"><img decoding=\"async\" src=\"https:\/\/test-oldwebsite.igcat.org\/wp-content\/uploads\/2021\/03\/EUROPEAN-FOOD-GIFT-CHALLENGE-2021.png\" alt=\"\" \/><\/figure>[vc_btn title=&#8221;D\u00c9FI EUROP\u00c9EN DES CADEAUX ALIMENTAIRES 2020&#8243; style=&#8221;custom&#8221; custom_background=&#8221;#72b22a&#8221; custom_text=&#8221;#ffffff&#8221; shape=&#8221;square&#8221; size=&#8221;lg&#8221; align=&#8221;center&#8221; button_block=&#8221;true&#8221; link=&#8221;url:https%3A%2F%2Figcat.org%2Fworld-food-gift-challenge%2Feuropean-food-gifts-2020%2F|target:_blank|&#8221;][vc_empty_space height=&#8221;10px&#8221;][vc_column_text]<\/p>\n<p style=\"text-align: center;\"><strong>VID\u00c9OS<\/strong><\/p>\n<p>[\/vc_column_text][vc_empty_space height=&#8221;15px&#8221;][vc_video link=&#8221;https:\/\/youtu.be\/ZD1XAmOu4j0&#8243;][vc_btn title=&#8221;D\u00c9FI MONDIAL DES CADEAUX ALIMENTAIRES 2022&#8243; style=&#8221;custom&#8221; custom_background=&#8221;#72b22a&#8221; custom_text=&#8221;#ffffff&#8221; shape=&#8221;square&#8221; size=&#8221;lg&#8221; align=&#8221;center&#8221; button_block=&#8221;true&#8221; link=&#8221;url:https%3A%2F%2Fyoutu.be%2FZD1XAmOu4j0|target:_blank|&#8221;][vc_empty_space height=&#8221;10px&#8221;][vc_video link=&#8221;https:\/\/youtu.be\/IyVb0c0vGxs&#8221;][vc_btn title=&#8221;C\u00c9R\u00c9MONIE DE REMISE DES PRIX 2022 STREAMING&#8221; style=&#8221;custom&#8221; custom_background=&#8221;#72b22a&#8221; custom_text=&#8221;#ffffff&#8221; shape=&#8221;square&#8221; size=&#8221;lg&#8221; align=&#8221;center&#8221; button_block=&#8221;true&#8221; link=&#8221;url:https%3A%2F%2Fyoutu.be%2FIyVb0c0vGxs|target:_blank|&#8221;][vc_empty_space height=&#8221;10px&#8221;][vc_video link=&#8221;https:\/\/youtu.be\/eEAjDekOWR8&#8243;][vc_btn title=&#8221;D\u00c9FI EUROP\u00c9EN DES CADEAUX ALIMENTAIRES 2020&#8243; style=&#8221;custom&#8221; custom_background=&#8221;#72b22a&#8221; custom_text=&#8221;#ffffff&#8221; shape=&#8221;square&#8221; size=&#8221;lg&#8221; align=&#8221;center&#8221; button_block=&#8221;true&#8221; link=&#8221;url:https%3A%2F%2Fyoutu.be%2FeEAjDekOWR8|target:_blank|&#8221;][\/vc_column][\/vc_row]<\/p>\n<\/div>","protected":false},"excerpt":{"rendered":"<p>[vc_row gap=&#8221;30&#8243;][vc_column width=&#8221;3\/4&#8243;][vc_column_text][\/vc_column_text][vc_empty_space][vc_video link=&#8221;https:\/\/youtu.be\/KJETOp3E3eI&#8221; align=&#8221;center&#8221;][vc_empty_space][vc_column_text] Le World Food Gift Challenge est un concours visant \u00e0 r\u00e9compenser et \u00e0 donner une visibilit\u00e9 internationale \u00e0 des aliments artisanaux de haute qualit\u00e9 et \u00e0 des cadeaux d\u2019artisanat li\u00e9s \u00e0 l\u2019alimentation des r\u00e9gions europ\u00e9ennes et mondiales de la gastronomie. Gr\u00e2ce au World Food Gift Challenge, les R\u00e9gions europ\u00e9ennes et [&hellip;]<\/p>\n","protected":false},"author":2,"featured_media":0,"parent":0,"menu_order":0,"comment_status":"closed","ping_status":"closed","template":"","meta":{"_acf_changed":false,"footnotes":""},"class_list":["post-28172","page","type-page","status-publish","hentry"],"acf":[],"yoast_head":"<!-- This site is optimized with the Yoast SEO plugin v26.0 - https:\/\/yoast.com\/wordpress\/plugins\/seo\/ -->\n<title>D\u00e9fi mondial des dons alimentaires - IGCAT<\/title>\n<meta name=\"description\" content=\"Con\u00e7u par l\u2019IGCAT pour soutenir la cr\u00e9ation de cadeaux alimentaires durables au niveau r\u00e9gional qui promeuvent la diversit\u00e9 culturelle et alimentaire.\" \/>\n<meta name=\"robots\" content=\"noindex, follow, max-snippet:-1, max-image-preview:large, max-video-preview:-1\" \/>\n<meta property=\"og:locale\" content=\"fr_FR\" \/>\n<meta property=\"og:type\" content=\"article\" \/>\n<meta property=\"og:title\" content=\"D\u00e9fi mondial des dons alimentaires - IGCAT\" \/>\n<meta property=\"og:description\" content=\"Con\u00e7u par l\u2019IGCAT pour soutenir la cr\u00e9ation de cadeaux alimentaires durables au niveau r\u00e9gional qui promeuvent la diversit\u00e9 culturelle et alimentaire.\" \/>\n<meta property=\"og:url\" content=\"https:\/\/test-oldwebsite.igcat.org\/fr\/defi-mondial-des-dons-alimentaires\/\" \/>\n<meta property=\"og:site_name\" content=\"IGCAT - International Institute of Gastronomy, Culture, Arts and Tourism\" \/>\n<meta property=\"article:publisher\" content=\"https:\/\/www.facebook.com\/IGCAT2\/\" \/>\n<meta property=\"article:modified_time\" content=\"2024-04-17T17:35:45+00:00\" \/>\n<meta property=\"og:image\" content=\"https:\/\/test-oldwebsite.igcat.org\/wp-content\/uploads\/2019\/04\/Iconos-60x40cm-verde-2019-300x200.jpg\" \/>\n<meta name=\"twitter:card\" content=\"summary_large_image\" \/>\n<meta name=\"twitter:site\" content=\"@IGCAT2\" \/>\n<meta name=\"twitter:label1\" content=\"Dur\u00e9e de lecture estim\u00e9e\" \/>\n\t<meta name=\"twitter:data1\" content=\"2 minutes\" \/>\n<script type=\"application\/ld+json\" class=\"yoast-schema-graph\">{\"@context\":\"https:\/\/schema.org\",\"@graph\":[{\"@type\":\"WebPage\",\"@id\":\"https:\/\/test-oldwebsite.igcat.org\/fr\/defi-mondial-des-dons-alimentaires\/\",\"url\":\"https:\/\/test-oldwebsite.igcat.org\/fr\/defi-mondial-des-dons-alimentaires\/\",\"name\":\"D\u00e9fi mondial des dons alimentaires - IGCAT\",\"isPartOf\":{\"@id\":\"https:\/\/test-oldwebsite.igcat.org\/fr\/#website\"},\"primaryImageOfPage\":{\"@id\":\"https:\/\/test-oldwebsite.igcat.org\/fr\/defi-mondial-des-dons-alimentaires\/#primaryimage\"},\"image\":{\"@id\":\"https:\/\/test-oldwebsite.igcat.org\/fr\/defi-mondial-des-dons-alimentaires\/#primaryimage\"},\"thumbnailUrl\":\"https:\/\/test-oldwebsite.igcat.org\/wp-content\/uploads\/2019\/04\/Iconos-60x40cm-verde-2019-300x200.jpg\",\"datePublished\":\"2016-05-30T14:13:47+00:00\",\"dateModified\":\"2024-04-17T17:35:45+00:00\",\"description\":\"Con\u00e7u par l\u2019IGCAT pour soutenir la cr\u00e9ation de cadeaux alimentaires durables au niveau r\u00e9gional qui promeuvent la diversit\u00e9 culturelle et alimentaire.\",\"breadcrumb\":{\"@id\":\"https:\/\/test-oldwebsite.igcat.org\/fr\/defi-mondial-des-dons-alimentaires\/#breadcrumb\"},\"inLanguage\":\"fr-FR\",\"potentialAction\":[{\"@type\":\"ReadAction\",\"target\":[\"https:\/\/test-oldwebsite.igcat.org\/fr\/defi-mondial-des-dons-alimentaires\/\"]}]},{\"@type\":\"ImageObject\",\"inLanguage\":\"fr-FR\",\"@id\":\"https:\/\/test-oldwebsite.igcat.org\/fr\/defi-mondial-des-dons-alimentaires\/#primaryimage\",\"url\":\"https:\/\/test-oldwebsite.igcat.org\/wp-content\/uploads\/2019\/04\/Iconos-60x40cm-verde-2019-300x200.jpg\",\"contentUrl\":\"https:\/\/test-oldwebsite.igcat.org\/wp-content\/uploads\/2019\/04\/Iconos-60x40cm-verde-2019-300x200.jpg\"},{\"@type\":\"BreadcrumbList\",\"@id\":\"https:\/\/test-oldwebsite.igcat.org\/fr\/defi-mondial-des-dons-alimentaires\/#breadcrumb\",\"itemListElement\":[{\"@type\":\"ListItem\",\"position\":1,\"name\":\"Home\",\"item\":\"https:\/\/test-oldwebsite.igcat.org\/fr\/page-daccueil\/\"},{\"@type\":\"ListItem\",\"position\":2,\"name\":\"D\u00e9fi mondial des dons alimentaires\"}]},{\"@type\":\"WebSite\",\"@id\":\"https:\/\/test-oldwebsite.igcat.org\/fr\/#website\",\"url\":\"https:\/\/test-oldwebsite.igcat.org\/fr\/\",\"name\":\"IGCAT - International Institute of Gastronomy, Culture, Arts and Tourism\",\"description\":\"International Institute of Gastronomy, Culture, Arts and Tourism\",\"publisher\":{\"@id\":\"https:\/\/test-oldwebsite.igcat.org\/fr\/#organization\"},\"potentialAction\":[{\"@type\":\"SearchAction\",\"target\":{\"@type\":\"EntryPoint\",\"urlTemplate\":\"https:\/\/test-oldwebsite.igcat.org\/fr\/?s={search_term_string}\"},\"query-input\":{\"@type\":\"PropertyValueSpecification\",\"valueRequired\":true,\"valueName\":\"search_term_string\"}}],\"inLanguage\":\"fr-FR\"},{\"@type\":\"Organization\",\"@id\":\"https:\/\/test-oldwebsite.igcat.org\/fr\/#organization\",\"name\":\"IGCAT\",\"url\":\"https:\/\/test-oldwebsite.igcat.org\/fr\/\",\"logo\":{\"@type\":\"ImageObject\",\"inLanguage\":\"fr-FR\",\"@id\":\"https:\/\/test-oldwebsite.igcat.org\/fr\/#\/schema\/logo\/image\/\",\"url\":\"https:\/\/test-oldwebsite.igcat.org\/wp-content\/uploads\/2016\/02\/main_logo.png\",\"contentUrl\":\"https:\/\/test-oldwebsite.igcat.org\/wp-content\/uploads\/2016\/02\/main_logo.png\",\"width\":620,\"height\":228,\"caption\":\"IGCAT\"},\"image\":{\"@id\":\"https:\/\/test-oldwebsite.igcat.org\/fr\/#\/schema\/logo\/image\/\"},\"sameAs\":[\"https:\/\/www.facebook.com\/IGCAT2\/\",\"https:\/\/x.com\/IGCAT2\",\"https:\/\/www.instagram.com\/igcat_org\/\",\"https:\/\/www.linkedin.com\/company\/igcat-international-institute-of-gastronomy-arts-and-tourism\/\",\"https:\/\/www.youtube.com\/channel\/UCL1xbT3vRbZh3bj-d0_0Vlg\"]}]}<\/script>\n<!-- \/ Yoast SEO plugin. -->","yoast_head_json":{"title":"D\u00e9fi mondial des dons alimentaires - IGCAT","description":"Con\u00e7u par l\u2019IGCAT pour soutenir la cr\u00e9ation de cadeaux alimentaires durables au niveau r\u00e9gional qui promeuvent la diversit\u00e9 culturelle et alimentaire.","robots":{"index":"noindex","follow":"follow","max-snippet":"max-snippet:-1","max-image-preview":"max-image-preview:large","max-video-preview":"max-video-preview:-1"},"og_locale":"fr_FR","og_type":"article","og_title":"D\u00e9fi mondial des dons alimentaires - IGCAT","og_description":"Con\u00e7u par l\u2019IGCAT pour soutenir la cr\u00e9ation de cadeaux alimentaires durables au niveau r\u00e9gional qui promeuvent la diversit\u00e9 culturelle et alimentaire.","og_url":"https:\/\/test-oldwebsite.igcat.org\/fr\/defi-mondial-des-dons-alimentaires\/","og_site_name":"IGCAT - International Institute of Gastronomy, Culture, Arts and Tourism","article_publisher":"https:\/\/www.facebook.com\/IGCAT2\/","article_modified_time":"2024-04-17T17:35:45+00:00","og_image":[{"url":"https:\/\/test-oldwebsite.igcat.org\/wp-content\/uploads\/2019\/04\/Iconos-60x40cm-verde-2019-300x200.jpg","type":"","width":"","height":""}],"twitter_card":"summary_large_image","twitter_site":"@IGCAT2","twitter_misc":{"Dur\u00e9e de lecture estim\u00e9e":"2 minutes"},"schema":{"@context":"https:\/\/schema.org","@graph":[{"@type":"WebPage","@id":"https:\/\/test-oldwebsite.igcat.org\/fr\/defi-mondial-des-dons-alimentaires\/","url":"https:\/\/test-oldwebsite.igcat.org\/fr\/defi-mondial-des-dons-alimentaires\/","name":"D\u00e9fi mondial des dons alimentaires - IGCAT","isPartOf":{"@id":"https:\/\/test-oldwebsite.igcat.org\/fr\/#website"},"primaryImageOfPage":{"@id":"https:\/\/test-oldwebsite.igcat.org\/fr\/defi-mondial-des-dons-alimentaires\/#primaryimage"},"image":{"@id":"https:\/\/test-oldwebsite.igcat.org\/fr\/defi-mondial-des-dons-alimentaires\/#primaryimage"},"thumbnailUrl":"https:\/\/test-oldwebsite.igcat.org\/wp-content\/uploads\/2019\/04\/Iconos-60x40cm-verde-2019-300x200.jpg","datePublished":"2016-05-30T14:13:47+00:00","dateModified":"2024-04-17T17:35:45+00:00","description":"Con\u00e7u par l\u2019IGCAT pour soutenir la cr\u00e9ation de cadeaux alimentaires durables au niveau r\u00e9gional qui promeuvent la diversit\u00e9 culturelle et alimentaire.","breadcrumb":{"@id":"https:\/\/test-oldwebsite.igcat.org\/fr\/defi-mondial-des-dons-alimentaires\/#breadcrumb"},"inLanguage":"fr-FR","potentialAction":[{"@type":"ReadAction","target":["https:\/\/test-oldwebsite.igcat.org\/fr\/defi-mondial-des-dons-alimentaires\/"]}]},{"@type":"ImageObject","inLanguage":"fr-FR","@id":"https:\/\/test-oldwebsite.igcat.org\/fr\/defi-mondial-des-dons-alimentaires\/#primaryimage","url":"https:\/\/test-oldwebsite.igcat.org\/wp-content\/uploads\/2019\/04\/Iconos-60x40cm-verde-2019-300x200.jpg","contentUrl":"https:\/\/test-oldwebsite.igcat.org\/wp-content\/uploads\/2019\/04\/Iconos-60x40cm-verde-2019-300x200.jpg"},{"@type":"BreadcrumbList","@id":"https:\/\/test-oldwebsite.igcat.org\/fr\/defi-mondial-des-dons-alimentaires\/#breadcrumb","itemListElement":[{"@type":"ListItem","position":1,"name":"Home","item":"https:\/\/test-oldwebsite.igcat.org\/fr\/page-daccueil\/"},{"@type":"ListItem","position":2,"name":"D\u00e9fi mondial des dons alimentaires"}]},{"@type":"WebSite","@id":"https:\/\/test-oldwebsite.igcat.org\/fr\/#website","url":"https:\/\/test-oldwebsite.igcat.org\/fr\/","name":"IGCAT - International Institute of Gastronomy, Culture, Arts and Tourism","description":"International Institute of Gastronomy, Culture, Arts and Tourism","publisher":{"@id":"https:\/\/test-oldwebsite.igcat.org\/fr\/#organization"},"potentialAction":[{"@type":"SearchAction","target":{"@type":"EntryPoint","urlTemplate":"https:\/\/test-oldwebsite.igcat.org\/fr\/?s={search_term_string}"},"query-input":{"@type":"PropertyValueSpecification","valueRequired":true,"valueName":"search_term_string"}}],"inLanguage":"fr-FR"},{"@type":"Organization","@id":"https:\/\/test-oldwebsite.igcat.org\/fr\/#organization","name":"IGCAT","url":"https:\/\/test-oldwebsite.igcat.org\/fr\/","logo":{"@type":"ImageObject","inLanguage":"fr-FR","@id":"https:\/\/test-oldwebsite.igcat.org\/fr\/#\/schema\/logo\/image\/","url":"https:\/\/test-oldwebsite.igcat.org\/wp-content\/uploads\/2016\/02\/main_logo.png","contentUrl":"https:\/\/test-oldwebsite.igcat.org\/wp-content\/uploads\/2016\/02\/main_logo.png","width":620,"height":228,"caption":"IGCAT"},"image":{"@id":"https:\/\/test-oldwebsite.igcat.org\/fr\/#\/schema\/logo\/image\/"},"sameAs":["https:\/\/www.facebook.com\/IGCAT2\/","https:\/\/x.com\/IGCAT2","https:\/\/www.instagram.com\/igcat_org\/","https:\/\/www.linkedin.com\/company\/igcat-international-institute-of-gastronomy-arts-and-tourism\/","https:\/\/www.youtube.com\/channel\/UCL1xbT3vRbZh3bj-d0_0Vlg"]}]}},"_links":{"self":[{"href":"https:\/\/test-oldwebsite.igcat.org\/fr\/wp-json\/wp\/v2\/pages\/28172","targetHints":{"allow":["GET"]}}],"collection":[{"href":"https:\/\/test-oldwebsite.igcat.org\/fr\/wp-json\/wp\/v2\/pages"}],"about":[{"href":"https:\/\/test-oldwebsite.igcat.org\/fr\/wp-json\/wp\/v2\/types\/page"}],"author":[{"embeddable":true,"href":"https:\/\/test-oldwebsite.igcat.org\/fr\/wp-json\/wp\/v2\/users\/2"}],"replies":[{"embeddable":true,"href":"https:\/\/test-oldwebsite.igcat.org\/fr\/wp-json\/wp\/v2\/comments?post=28172"}],"version-history":[{"count":0,"href":"https:\/\/test-oldwebsite.igcat.org\/fr\/wp-json\/wp\/v2\/pages\/28172\/revisions"}],"wp:attachment":[{"href":"https:\/\/test-oldwebsite.igcat.org\/fr\/wp-json\/wp\/v2\/media?parent=28172"}],"curies":[{"name":"wp","href":"https:\/\/api.w.org\/{rel}","templated":true}]}}