{"id":28206,"date":"2013-08-23T11:43:57","date_gmt":"2013-08-23T09:43:57","guid":{"rendered":"https:\/\/test-oldwebsite.igcat.org\/les-meilleurs-sites-web-pour-les-voyageurs-gourmands\/"},"modified":"2025-01-15T16:24:31","modified_gmt":"2025-01-15T15:24:31","slug":"les-meilleurs-sites-web-pour-les-voyageurs-gourmands","status":"publish","type":"page","link":"https:\/\/test-oldwebsite.igcat.org\/fr\/les-meilleurs-sites-web-pour-les-voyageurs-gourmands\/","title":{"rendered":"Les meilleurs sites Web pour les voyageurs gourmands"},"content":{"rendered":"<div class=\"wpb-content-wrapper\"><p>[vc_row gap=&#8221;30&#8243;][vc_column width=&#8221;3\/4&#8243;][vc_column_text css=&#8221;&#8221;]<img loading=\"lazy\" decoding=\"async\" class=\"wp-image-31306 aligncenter\" src=\"https:\/\/test-oldwebsite.igcat.org\/wp-content\/uploads\/2025\/01\/TWFT_Dark-Teal_no-text-300x214.png\" alt=\"TWFT_Dark Teal_no texte\" width=\"275\" height=\"234\">[\/vc_column_text][vc_empty_space][vc_column_text]<\/p>\n<h2 style=\"text-align: center;\">LES MEILLEURS SITES WEB POUR LES VOYAGEURS GOURMANDS<\/h2>\n<p>[\/vc_column_text][vc_empty_space][vc_column_text]Le <strong>prix Top Websites for Foodie Travelers<\/strong> est une reconnaissance d\u00e9cern\u00e9e par l\u2019IGCAT aux meilleurs sites Web offrant des exp\u00e9riences cr\u00e9atives, culturelles et gastronomiques uniques \u00e0 travers le monde.<br \/>\n\u00c0 travers ce projet, l\u2019IGCAT esp\u00e8re encourager l\u2019exp\u00e9rimentation cr\u00e9ative, artistique et sensorielle pour construire des exp\u00e9riences alimentaires nouvelles et uniques.<br \/>\nEn publiant une liste annuelle des meilleurs sites Web pour les voyageurs gourmands des r\u00e9gions mondiales et europ\u00e9ennes de la gastronomie candidates et r\u00e9compens\u00e9es, l\u2019IGCAT : <\/p>\n<ul>\n<li>Accro\u00eetre l\u2019acc\u00e8s des visiteurs internationaux \u00e0 des exp\u00e9riences culinaires et culturelles de qualit\u00e9&nbsp;;<\/li>\n<li>Donner une visibilit\u00e9 internationale aux exp\u00e9riences culinaires et culturelles de niche&nbsp;;<\/li>\n<li>R\u00e9compenser les portails et les applications qui soutiennent les micro-entreprises et contribuent au d\u00e9veloppement territorial durable.<\/li>\n<\/ul>\n<p>Les sites Web soumis seront \u00e9valu\u00e9s par un jury international d\u2019experts de l\u2019IGCAT et les meilleurs sites Web pour les voyageurs gourmands seront promus sur le site Web et les m\u00e9dias sociaux de l\u2019IGCAT.[\/vc_column_text][vc_empty_space height=&#8221;40px&#8221;][vc_text_separator title=&#8221;APPELS OUVERTS&#8221; color=&#8221;custom&#8221; border_width=&#8221;2&#8243; el_width=&#8221;30&#8243; accent_color=&#8221;#90549e&#8221;][vc_empty_space height=&#8221;20px&#8221;][vc_column_text css=&#8221;&#8221;]Appel ouvert pour les meilleurs sites Web pour les voyageurs gourmands 2025.[\/vc_column_text][vc_empty_space height=&#8221;20px&#8221;][vc_btn title=&#8221;T\u00c9L\u00c9CHARGER L\u2019APPEL OUVERT&#8221; style=&#8221;custom&#8221; custom_background=&#8221;#90549e&#8221; custom_text=&#8221;#ffffff&#8221; css=&#8221;&#8221; link=&#8221;url:https%3A%2F%2Figcat.org%2Fwp-content%2Fuploads%2F2024%2F11%2FIGCAT_TWFT-2025_Open-Call.pdf|target:_blank|&#8221;][vc_empty_space height=&#8221;40px&#8221;][vc_text_separator title=&#8221;CONTACTEZ-NOUS&#8221; color=&#8221;custom&#8221; border_width=&#8221;2&#8243; el_width=&#8221;30&#8243; accent_color=&#8221;#90549e&#8221;][vc_empty_space height=&#8221;20px&#8221;][vc_column_text]<\/p>\n<div class=\"wpb_text_column wpb_content_element \">\n<div class=\"wpb_wrapper\">\n<p>Pour de plus amples informations, veuillez contacter le secr\u00e9tariat du IGCAT \u00e0 <a href=\"mailto:info@igcat.org\" target=\"_blank\" rel=\"noopener\">l\u2019adresse suivante info@igcat.org<\/a><\/p>\n<\/div>\n<\/div>\n<p>[\/vc_column_text][\/vc_column][vc_column width=&#8221;1\/4&#8243;][vc_column_text]<\/p>\n<p style=\"text-align: center;\"><strong>APPELS OUVERTS<\/strong><\/p>\n<p>[\/vc_column_text][vc_empty_space height=&#8221;15px&#8221;]<figure class=\"sc_image  sc_image_shape_square\"><img decoding=\"async\" src=\"https:\/\/test-oldwebsite.igcat.org\/wp-content\/uploads\/2022\/11\/Top-Websites-for-Foodie-Travelers_Open-call.png\" alt=\"\" \/><\/figure>[vc_btn title=&#8221;MEILLEURS SITES WEB POUR LES VOYAGEURS GOURMANDS 2025&#8243; style=&#8221;custom&#8221; custom_background=&#8221;#90549e&#8221; custom_text=&#8221;#ffffff&#8221; shape=&#8221;square&#8221; size=&#8221;lg&#8221; align=&#8221;center&#8221; css=&#8221;&#8221; button_block=&#8221;true&#8221; link=&#8221;url:https%3A%2F%2Figcat.org%2Fwp-content%2Fuploads%2F2024%2F11%2FIGCAT_TWFT-2025_Open-Call.pdf|target:_blank|&#8221;][vc_column_text]<\/p>\n<p style=\"text-align: center;\"><strong>\u00c9DITIONS PR\u00c9C\u00c9DENTES<\/strong><\/p>\n<p>[\/vc_column_text][vc_empty_space height=&#8221;15px&#8221;]<figure class=\"sc_image  sc_image_shape_square\"><img decoding=\"async\" src=\"https:\/\/test-oldwebsite.igcat.org\/wp-content\/uploads\/2024\/02\/Want-a-tasty-adventure-See-IGCATs-Top-10-Websites-for-Foodie-Travelers-for-2024_Small.jpg\" alt=\"\" \/><\/figure>[vc_btn title=&#8221;MEILLEURS SITES WEB POUR LES VOYAGEURS GOURMANDS 2024&#8243; style=&#8221;custom&#8221; custom_background=&#8221;#90549e&#8221; custom_text=&#8221;#ffffff&#8221; shape=&#8221;square&#8221; size=&#8221;lg&#8221; align=&#8221;center&#8221; button_block=&#8221;true&#8221; link=&#8221;url:https%3A%2F%2Figcat.org%2Ffr%2Fles-meilleurs-sites-web-pour-les-voyageurs-gourmands%2Ftop-10-des-sites-web-pour-les-voyageurs-gourmands-2024%2F|target:_blank|&#8221;][vc_empty_space height=&#8221;10px&#8221;]<figure class=\"sc_image  sc_image_shape_square\"><img decoding=\"async\" src=\"https:\/\/test-oldwebsite.igcat.org\/wp-content\/uploads\/2023\/06\/Top-10-Websites-for-Foodie-Travelers-2023-awarded-by-IGCAT_Website.jpg\" alt=\"\" \/><\/figure>[vc_btn title=&#8221;LES MEILLEURS SITES WEB POUR LES VOYAGEURS GOURMANDS 2023&#8243; style=&#8221;custom&#8221; custom_background=&#8221;#90549e&#8221; custom_text=&#8221;#ffffff&#8221; shape=&#8221;square&#8221; size=&#8221;lg&#8221; align=&#8221;center&#8221; button_block=&#8221;true&#8221; link=&#8221;url:https%3A%2F%2Figcat.org%2Fwp-content%2Fuploads%2F2023%2F12%2FIGCAT_TWFT-2024_Open-Call-1.pdf|target:_blank|&#8221;][vc_empty_space height=&#8221;10px&#8221;]<figure class=\"sc_image  sc_image_shape_square\"><img decoding=\"async\" src=\"https:\/\/test-oldwebsite.igcat.org\/wp-content\/uploads\/2022\/04\/Top-10-Websites-for-Foodie-Travelers-2022-announced.jpg\" alt=\"\" \/><\/figure>[vc_btn title=&#8221;LES MEILLEURS SITES WEB POUR LES VOYAGEURS GOURMANDS 2022&#8243; style=&#8221;custom&#8221; custom_background=&#8221;#90549e&#8221; custom_text=&#8221;#ffffff&#8221; shape=&#8221;square&#8221; size=&#8221;lg&#8221; align=&#8221;center&#8221; css=&#8221;&#8221; button_block=&#8221;true&#8221; link=&#8221;url:https%3A%2F%2Figcat.org%2Ffr%2Fles-meilleurs-sites-web-pour-les-voyageurs-gourmands%2Ftop-10-des-sites-web-pour-les-voyageurs-gourmands-2022%2F|target:_blank|&#8221;][vc_empty_space height=&#8221;10px&#8221;]<figure class=\"sc_image  sc_image_shape_square\"><img decoding=\"async\" src=\"https:\/\/test-oldwebsite.igcat.org\/wp-content\/uploads\/2022\/04\/Top-Websites-for-Foodie-Travelers_Banner.png\" alt=\"\" \/><\/figure>[vc_btn title=&#8221;C\u00c9R\u00c9MONIE DE REMISE DES PRIX 2022 STREAMING&#8221; style=&#8221;custom&#8221; custom_background=&#8221;#90549e&#8221; custom_text=&#8221;#ffffff&#8221; shape=&#8221;square&#8221; size=&#8221;lg&#8221; align=&#8221;center&#8221; button_block=&#8221;true&#8221; link=&#8221;url:https%3A%2F%2Fyoutu.be%2F_yt_W10-etY|target:_blank|&#8221;][\/vc_column][\/vc_row]<\/p>\n<\/div>","protected":false},"excerpt":{"rendered":"<p>[vc_row gap=&#8221;30&#8243;][vc_column width=&#8221;3\/4&#8243;][vc_column_text css=&#8221;&#8221;][\/vc_column_text][vc_empty_space][vc_column_text] LES MEILLEURS SITES WEB POUR LES VOYAGEURS GOURMANDS [\/vc_column_text][vc_empty_space][vc_column_text]Le prix Top Websites for Foodie Travelers est une reconnaissance d\u00e9cern\u00e9e par l\u2019IGCAT aux meilleurs sites Web offrant des exp\u00e9riences cr\u00e9atives, culturelles et gastronomiques uniques \u00e0 travers le monde. \u00c0 travers ce projet, l\u2019IGCAT esp\u00e8re encourager l\u2019exp\u00e9rimentation cr\u00e9ative, artistique et sensorielle pour construire [&hellip;]<\/p>\n","protected":false},"author":2,"featured_media":0,"parent":0,"menu_order":5,"comment_status":"closed","ping_status":"closed","template":"","meta":{"_acf_changed":false,"footnotes":""},"class_list":["post-28206","page","type-page","status-publish","hentry"],"acf":[],"yoast_head":"<!-- This site is optimized with the Yoast SEO plugin v26.0 - https:\/\/yoast.com\/wordpress\/plugins\/seo\/ -->\n<title>Les meilleurs sites Web pour les voyageurs gourmands - IGCAT<\/title>\n<meta name=\"description\" content=\"Le prix Top Websites for Foodie Travelers donne de la visibilit\u00e9 aux exp\u00e9riences cr\u00e9atives, culturelles et gastronomiques dans les r\u00e9gions de la gastronomie.\" \/>\n<meta name=\"robots\" content=\"noindex, follow, max-snippet:-1, max-image-preview:large, max-video-preview:-1\" \/>\n<meta property=\"og:locale\" content=\"fr_FR\" \/>\n<meta property=\"og:type\" content=\"article\" \/>\n<meta property=\"og:title\" content=\"Les meilleurs sites Web pour les voyageurs gourmands - IGCAT\" \/>\n<meta property=\"og:description\" content=\"Le prix Top Websites for Foodie Travelers donne de la visibilit\u00e9 aux exp\u00e9riences cr\u00e9atives, culturelles et gastronomiques dans les r\u00e9gions de la gastronomie.\" \/>\n<meta property=\"og:url\" content=\"https:\/\/test-oldwebsite.igcat.org\/fr\/les-meilleurs-sites-web-pour-les-voyageurs-gourmands\/\" \/>\n<meta property=\"og:site_name\" content=\"IGCAT - International Institute of Gastronomy, Culture, Arts and Tourism\" \/>\n<meta property=\"article:publisher\" content=\"https:\/\/www.facebook.com\/IGCAT2\/\" \/>\n<meta property=\"article:modified_time\" content=\"2025-01-15T15:24:31+00:00\" \/>\n<meta property=\"og:image\" content=\"https:\/\/test-oldwebsite.igcat.org\/wp-content\/uploads\/2025\/01\/TWFT_Dark-Teal_no-text-e1736954521559.png\" \/>\n\t<meta property=\"og:image:width\" content=\"640\" \/>\n\t<meta property=\"og:image:height\" content=\"544\" \/>\n\t<meta property=\"og:image:type\" content=\"image\/png\" \/>\n<meta name=\"twitter:card\" content=\"summary_large_image\" \/>\n<meta name=\"twitter:site\" content=\"@IGCAT2\" \/>\n<meta name=\"twitter:label1\" content=\"Dur\u00e9e de lecture estim\u00e9e\" \/>\n\t<meta name=\"twitter:data1\" content=\"2 minutes\" \/>\n<script type=\"application\/ld+json\" class=\"yoast-schema-graph\">{\"@context\":\"https:\/\/schema.org\",\"@graph\":[{\"@type\":\"WebPage\",\"@id\":\"https:\/\/test-oldwebsite.igcat.org\/fr\/les-meilleurs-sites-web-pour-les-voyageurs-gourmands\/\",\"url\":\"https:\/\/test-oldwebsite.igcat.org\/fr\/les-meilleurs-sites-web-pour-les-voyageurs-gourmands\/\",\"name\":\"Les meilleurs sites Web pour les voyageurs gourmands - IGCAT\",\"isPartOf\":{\"@id\":\"https:\/\/test-oldwebsite.igcat.org\/fr\/#website\"},\"primaryImageOfPage\":{\"@id\":\"https:\/\/test-oldwebsite.igcat.org\/fr\/les-meilleurs-sites-web-pour-les-voyageurs-gourmands\/#primaryimage\"},\"image\":{\"@id\":\"https:\/\/test-oldwebsite.igcat.org\/fr\/les-meilleurs-sites-web-pour-les-voyageurs-gourmands\/#primaryimage\"},\"thumbnailUrl\":\"https:\/\/test-oldwebsite.igcat.org\/wp-content\/uploads\/2025\/01\/TWFT_Dark-Teal_no-text-300x214.png\",\"datePublished\":\"2013-08-23T09:43:57+00:00\",\"dateModified\":\"2025-01-15T15:24:31+00:00\",\"description\":\"Le prix Top Websites for Foodie Travelers donne de la visibilit\u00e9 aux exp\u00e9riences cr\u00e9atives, culturelles et gastronomiques dans les r\u00e9gions de la gastronomie.\",\"breadcrumb\":{\"@id\":\"https:\/\/test-oldwebsite.igcat.org\/fr\/les-meilleurs-sites-web-pour-les-voyageurs-gourmands\/#breadcrumb\"},\"inLanguage\":\"fr-FR\",\"potentialAction\":[{\"@type\":\"ReadAction\",\"target\":[\"https:\/\/test-oldwebsite.igcat.org\/fr\/les-meilleurs-sites-web-pour-les-voyageurs-gourmands\/\"]}]},{\"@type\":\"ImageObject\",\"inLanguage\":\"fr-FR\",\"@id\":\"https:\/\/test-oldwebsite.igcat.org\/fr\/les-meilleurs-sites-web-pour-les-voyageurs-gourmands\/#primaryimage\",\"url\":\"https:\/\/test-oldwebsite.igcat.org\/wp-content\/uploads\/2025\/01\/TWFT_Dark-Teal_no-text-300x214.png\",\"contentUrl\":\"https:\/\/test-oldwebsite.igcat.org\/wp-content\/uploads\/2025\/01\/TWFT_Dark-Teal_no-text-300x214.png\"},{\"@type\":\"BreadcrumbList\",\"@id\":\"https:\/\/test-oldwebsite.igcat.org\/fr\/les-meilleurs-sites-web-pour-les-voyageurs-gourmands\/#breadcrumb\",\"itemListElement\":[{\"@type\":\"ListItem\",\"position\":1,\"name\":\"Home\",\"item\":\"https:\/\/test-oldwebsite.igcat.org\/fr\/page-daccueil\/\"},{\"@type\":\"ListItem\",\"position\":2,\"name\":\"Les meilleurs sites Web pour les voyageurs gourmands\"}]},{\"@type\":\"WebSite\",\"@id\":\"https:\/\/test-oldwebsite.igcat.org\/fr\/#website\",\"url\":\"https:\/\/test-oldwebsite.igcat.org\/fr\/\",\"name\":\"IGCAT - International Institute of Gastronomy, Culture, Arts and Tourism\",\"description\":\"International Institute of Gastronomy, Culture, Arts and Tourism\",\"publisher\":{\"@id\":\"https:\/\/test-oldwebsite.igcat.org\/fr\/#organization\"},\"potentialAction\":[{\"@type\":\"SearchAction\",\"target\":{\"@type\":\"EntryPoint\",\"urlTemplate\":\"https:\/\/test-oldwebsite.igcat.org\/fr\/?s={search_term_string}\"},\"query-input\":{\"@type\":\"PropertyValueSpecification\",\"valueRequired\":true,\"valueName\":\"search_term_string\"}}],\"inLanguage\":\"fr-FR\"},{\"@type\":\"Organization\",\"@id\":\"https:\/\/test-oldwebsite.igcat.org\/fr\/#organization\",\"name\":\"IGCAT\",\"url\":\"https:\/\/test-oldwebsite.igcat.org\/fr\/\",\"logo\":{\"@type\":\"ImageObject\",\"inLanguage\":\"fr-FR\",\"@id\":\"https:\/\/test-oldwebsite.igcat.org\/fr\/#\/schema\/logo\/image\/\",\"url\":\"https:\/\/test-oldwebsite.igcat.org\/wp-content\/uploads\/2016\/02\/main_logo.png\",\"contentUrl\":\"https:\/\/test-oldwebsite.igcat.org\/wp-content\/uploads\/2016\/02\/main_logo.png\",\"width\":620,\"height\":228,\"caption\":\"IGCAT\"},\"image\":{\"@id\":\"https:\/\/test-oldwebsite.igcat.org\/fr\/#\/schema\/logo\/image\/\"},\"sameAs\":[\"https:\/\/www.facebook.com\/IGCAT2\/\",\"https:\/\/x.com\/IGCAT2\",\"https:\/\/www.instagram.com\/igcat_org\/\",\"https:\/\/www.linkedin.com\/company\/igcat-international-institute-of-gastronomy-arts-and-tourism\/\",\"https:\/\/www.youtube.com\/channel\/UCL1xbT3vRbZh3bj-d0_0Vlg\"]}]}<\/script>\n<!-- \/ Yoast SEO plugin. -->","yoast_head_json":{"title":"Les meilleurs sites Web pour les voyageurs gourmands - IGCAT","description":"Le prix Top Websites for Foodie Travelers donne de la visibilit\u00e9 aux exp\u00e9riences cr\u00e9atives, culturelles et gastronomiques dans les r\u00e9gions de la gastronomie.","robots":{"index":"noindex","follow":"follow","max-snippet":"max-snippet:-1","max-image-preview":"max-image-preview:large","max-video-preview":"max-video-preview:-1"},"og_locale":"fr_FR","og_type":"article","og_title":"Les meilleurs sites Web pour les voyageurs gourmands - IGCAT","og_description":"Le prix Top Websites for Foodie Travelers donne de la visibilit\u00e9 aux exp\u00e9riences cr\u00e9atives, culturelles et gastronomiques dans les r\u00e9gions de la gastronomie.","og_url":"https:\/\/test-oldwebsite.igcat.org\/fr\/les-meilleurs-sites-web-pour-les-voyageurs-gourmands\/","og_site_name":"IGCAT - International Institute of Gastronomy, Culture, Arts and Tourism","article_publisher":"https:\/\/www.facebook.com\/IGCAT2\/","article_modified_time":"2025-01-15T15:24:31+00:00","og_image":[{"width":640,"height":544,"url":"https:\/\/test-oldwebsite.igcat.org\/wp-content\/uploads\/2025\/01\/TWFT_Dark-Teal_no-text-e1736954521559.png","type":"image\/png"}],"twitter_card":"summary_large_image","twitter_site":"@IGCAT2","twitter_misc":{"Dur\u00e9e de lecture estim\u00e9e":"2 minutes"},"schema":{"@context":"https:\/\/schema.org","@graph":[{"@type":"WebPage","@id":"https:\/\/test-oldwebsite.igcat.org\/fr\/les-meilleurs-sites-web-pour-les-voyageurs-gourmands\/","url":"https:\/\/test-oldwebsite.igcat.org\/fr\/les-meilleurs-sites-web-pour-les-voyageurs-gourmands\/","name":"Les meilleurs sites Web pour les voyageurs gourmands - IGCAT","isPartOf":{"@id":"https:\/\/test-oldwebsite.igcat.org\/fr\/#website"},"primaryImageOfPage":{"@id":"https:\/\/test-oldwebsite.igcat.org\/fr\/les-meilleurs-sites-web-pour-les-voyageurs-gourmands\/#primaryimage"},"image":{"@id":"https:\/\/test-oldwebsite.igcat.org\/fr\/les-meilleurs-sites-web-pour-les-voyageurs-gourmands\/#primaryimage"},"thumbnailUrl":"https:\/\/test-oldwebsite.igcat.org\/wp-content\/uploads\/2025\/01\/TWFT_Dark-Teal_no-text-300x214.png","datePublished":"2013-08-23T09:43:57+00:00","dateModified":"2025-01-15T15:24:31+00:00","description":"Le prix Top Websites for Foodie Travelers donne de la visibilit\u00e9 aux exp\u00e9riences cr\u00e9atives, culturelles et gastronomiques dans les r\u00e9gions de la gastronomie.","breadcrumb":{"@id":"https:\/\/test-oldwebsite.igcat.org\/fr\/les-meilleurs-sites-web-pour-les-voyageurs-gourmands\/#breadcrumb"},"inLanguage":"fr-FR","potentialAction":[{"@type":"ReadAction","target":["https:\/\/test-oldwebsite.igcat.org\/fr\/les-meilleurs-sites-web-pour-les-voyageurs-gourmands\/"]}]},{"@type":"ImageObject","inLanguage":"fr-FR","@id":"https:\/\/test-oldwebsite.igcat.org\/fr\/les-meilleurs-sites-web-pour-les-voyageurs-gourmands\/#primaryimage","url":"https:\/\/test-oldwebsite.igcat.org\/wp-content\/uploads\/2025\/01\/TWFT_Dark-Teal_no-text-300x214.png","contentUrl":"https:\/\/test-oldwebsite.igcat.org\/wp-content\/uploads\/2025\/01\/TWFT_Dark-Teal_no-text-300x214.png"},{"@type":"BreadcrumbList","@id":"https:\/\/test-oldwebsite.igcat.org\/fr\/les-meilleurs-sites-web-pour-les-voyageurs-gourmands\/#breadcrumb","itemListElement":[{"@type":"ListItem","position":1,"name":"Home","item":"https:\/\/test-oldwebsite.igcat.org\/fr\/page-daccueil\/"},{"@type":"ListItem","position":2,"name":"Les meilleurs sites Web pour les voyageurs gourmands"}]},{"@type":"WebSite","@id":"https:\/\/test-oldwebsite.igcat.org\/fr\/#website","url":"https:\/\/test-oldwebsite.igcat.org\/fr\/","name":"IGCAT - International Institute of Gastronomy, Culture, Arts and Tourism","description":"International Institute of Gastronomy, Culture, Arts and Tourism","publisher":{"@id":"https:\/\/test-oldwebsite.igcat.org\/fr\/#organization"},"potentialAction":[{"@type":"SearchAction","target":{"@type":"EntryPoint","urlTemplate":"https:\/\/test-oldwebsite.igcat.org\/fr\/?s={search_term_string}"},"query-input":{"@type":"PropertyValueSpecification","valueRequired":true,"valueName":"search_term_string"}}],"inLanguage":"fr-FR"},{"@type":"Organization","@id":"https:\/\/test-oldwebsite.igcat.org\/fr\/#organization","name":"IGCAT","url":"https:\/\/test-oldwebsite.igcat.org\/fr\/","logo":{"@type":"ImageObject","inLanguage":"fr-FR","@id":"https:\/\/test-oldwebsite.igcat.org\/fr\/#\/schema\/logo\/image\/","url":"https:\/\/test-oldwebsite.igcat.org\/wp-content\/uploads\/2016\/02\/main_logo.png","contentUrl":"https:\/\/test-oldwebsite.igcat.org\/wp-content\/uploads\/2016\/02\/main_logo.png","width":620,"height":228,"caption":"IGCAT"},"image":{"@id":"https:\/\/test-oldwebsite.igcat.org\/fr\/#\/schema\/logo\/image\/"},"sameAs":["https:\/\/www.facebook.com\/IGCAT2\/","https:\/\/x.com\/IGCAT2","https:\/\/www.instagram.com\/igcat_org\/","https:\/\/www.linkedin.com\/company\/igcat-international-institute-of-gastronomy-arts-and-tourism\/","https:\/\/www.youtube.com\/channel\/UCL1xbT3vRbZh3bj-d0_0Vlg"]}]}},"_links":{"self":[{"href":"https:\/\/test-oldwebsite.igcat.org\/fr\/wp-json\/wp\/v2\/pages\/28206","targetHints":{"allow":["GET"]}}],"collection":[{"href":"https:\/\/test-oldwebsite.igcat.org\/fr\/wp-json\/wp\/v2\/pages"}],"about":[{"href":"https:\/\/test-oldwebsite.igcat.org\/fr\/wp-json\/wp\/v2\/types\/page"}],"author":[{"embeddable":true,"href":"https:\/\/test-oldwebsite.igcat.org\/fr\/wp-json\/wp\/v2\/users\/2"}],"replies":[{"embeddable":true,"href":"https:\/\/test-oldwebsite.igcat.org\/fr\/wp-json\/wp\/v2\/comments?post=28206"}],"version-history":[{"count":0,"href":"https:\/\/test-oldwebsite.igcat.org\/fr\/wp-json\/wp\/v2\/pages\/28206\/revisions"}],"wp:attachment":[{"href":"https:\/\/test-oldwebsite.igcat.org\/fr\/wp-json\/wp\/v2\/media?parent=28206"}],"curies":[{"name":"wp","href":"https:\/\/api.w.org\/{rel}","templated":true}]}}