{"id":28230,"date":"2017-01-13T12:39:04","date_gmt":"2017-01-13T11:39:04","guid":{"rendered":"https:\/\/test-oldwebsite.igcat.org\/prix-europeen-du-jeune-chef\/"},"modified":"2024-04-17T19:52:03","modified_gmt":"2024-04-17T17:52:03","slug":"prix-europeen-du-jeune-chef","status":"publish","type":"page","link":"https:\/\/test-oldwebsite.igcat.org\/fr\/prix-europeen-du-jeune-chef\/","title":{"rendered":"Prix European Young Chef"},"content":{"rendered":"<div class=\"wpb-content-wrapper\"><p>[vc_row gap=&#8221;30&#8243;][vc_column width=&#8221;3\/4&#8243;][vc_column_text]<\/p>\n<div class=\"title-image centered\"><img loading=\"lazy\" decoding=\"async\" class=\"icon-title aligncenter\" src=\"https:\/\/test-oldwebsite.igcat.org\/wp-content\/uploads\/2016\/09\/EYCA.png\" alt=\"Prix Europ\u00e9en du Jeune Chef 2016\" width=\"170\" height=\"170\" \/><\/div>\n<p>[\/vc_column_text]<h1 class=\"sc_title sc_title_regular sc_align_center\" style=\"margin-bottom:30px;text-align:center;\">European Young Chef Award<\/h1>[vc_column_text]Le <strong> <strong>Prix Europ\u00e9en du Jeune Chef <\/strong>est organis\u00e9 et promu par l\u2019Institut International de la Gastronomie, de la Culture, de l\u2019Art et du Tourisme (IGCAT) en collaboration avec les instituts <a href=\"https:\/\/www.europeanregionofgastronomy.org\/\" target=\"_blank\" rel=\"noopener\">d\u2019arts culinaires des R\u00e9gions europ\u00e9ennes de la Gastronomie<\/a>.<\/strong><\/p>\n<p>Il s\u2019agit d\u2019une comp\u00e9tition entre les finalistes de concours r\u00e9gionaux de toute l\u2019Europe, jug\u00e9s par des chefs \u00e9toil\u00e9s et des experts internationaux.[\/vc_column_text][vc_empty_space][vc_video link=&#8221;https:\/\/youtu.be\/mLcFwIl2Zhg?si=C2g7kn99qsKF7zz3&#8243;][vc_empty_space height=&#8221;40px&#8221;][vc_text_separator title=&#8221;PRINCIPES&#8221; color=&#8221;custom&#8221; border_width=&#8221;2&#8243; el_width=&#8221;30&#8243; accent_color=&#8221;#41a3dc&#8221;][vc_empty_space height=&#8221;20px&#8221;][vc_column_text]Les objectifs du prix sont les suivants :<\/p>\n<p><strong>Promouvoir les innovations sur la cuisine traditionnelle<\/strong><br \/>\nLes cultures alimentaires locales sont une source importante d\u2019innovation. Les traditions d\u00e9velopp\u00e9es au fil des si\u00e8cles constituent l\u2019ADN vital des cultures alimentaires et de la gastronomie r\u00e9gionale, ainsi que les connaissances locales, constituent donc une source potentielle importante de produits et d\u2019exp\u00e9riences innovants.<\/p>\n<p><strong>Mettre en avant les cultures alimentaires durables<\/strong><br \/>\nDes syst\u00e8mes alimentaires locaux, r\u00e9gionaux et mondiaux durables sont importants pour notre avenir \u00e0 tous. Le Young Chef Award vise donc \u00e0 stimuler le d\u00e9bat sur les pratiques, la production et la consommation durables en mati\u00e8re d\u2019alimentation et de gastronomie.<\/p>\n<p><strong>Cr\u00e9er de futurs ambassadeurs des produits alimentaires locaux<\/strong><br \/>\nLes produits alimentaires locaux sont souvent uniques au territoire d\u2019o\u00f9 ils proviennent. De m\u00eame, la culture r\u00e9gionale cr\u00e9e une distinction qui souligne la valeur ajout\u00e9e des produits locaux. En donnant de la visibilit\u00e9 aux chefs \u00e9mergents qui soutiennent les produits locaux, on esp\u00e8re contribuer \u00e0 une exp\u00e9rience alimentaire plus durable et de meilleure qualit\u00e9.[\/vc_column_text][vc_empty_space height=&#8221;40px&#8221;][vc_text_separator title=&#8221;PRIX EUROP\u00c9EN DU JEUNE CHEF 2023&#8243; color=&#8221;custom&#8221; border_width=&#8221;2&#8243; el_width=&#8221;50&#8243; accent_color=&#8221;#41a3dc&#8221;][vc_empty_space height=&#8221;20px&#8221;][vc_column_text]Le <strong>Prix Europ\u00e9en du Jeune Chef 2023<\/strong> s\u2019est d\u00e9roul\u00e9 du 20 au 24 novembre 2023 au Lyc\u00e9e h\u00f4telier du Touquet au Touquet, <a href=\"https:\/\/www.europeanregionofgastronomy.org\/platform\/hauts-de-france-2023\/\" target=\"_blank\" rel=\"noopener\">Hauts-de-France, R\u00e9gion Europ\u00e9enne de la Gastronomie r\u00e9compens\u00e9e 2023<\/a>.<\/p>\n<p><strong>Les candidats doivent \u00eatre s\u00e9lectionn\u00e9s et approuv\u00e9s par le groupe de parties prenantes partenaires r\u00e9gionales de la r\u00e9gion europ\u00e9enne de la gastronomie dont ils sont issus, de pr\u00e9f\u00e9rence en collaboration avec une institution qui a organis\u00e9 un concours local.<\/strong>[\/vc_column_text][vc_empty_space height=&#8221;40px&#8221;][vc_text_separator title=&#8221;CONTACTEZ-NOUS&#8221; color=&#8221;custom&#8221; border_width=&#8221;2&#8243; el_width=&#8221;30&#8243; accent_color=&#8221;#41a3dc&#8221;][vc_empty_space height=&#8221;20px&#8221;][vc_column_text]Pour en savoir plus sur le concours, rendez-vous sur le site d\u00e9di\u00e9 au <a href=\"https:\/\/www.europeanyoungchefaward.org\/\" target=\"_blank\" rel=\"noopener noreferrer\">European Young Chef Award<\/a> !<\/p>\n<p>Pour plus d\u2019informations et pour l\u2019appel complet, veuillez contacter le secr\u00e9tariat du CIIGAT \u00e0 <a href=\"mailto:info@igcat.org\" target=\"_blank\" rel=\"noopener\">l\u2019adresse info@igcat.org<\/a>[\/vc_column_text][vc_empty_space height=&#8221;40px&#8221;][vc_column_text]L\u2019European Young Chef Award 2023 a \u00e9t\u00e9 organis\u00e9 par <a href=\"http:\/\/igcat.org\/\" target=\"_blank\" rel=\"noopener noreferrer\">l\u2019IGCAT<\/a> et accueilli par<\/p>\n<p><a href=\"https:\/\/www.europeanregionofgastronomy.org\/platform\/hauts-de-france-2023\/\" target=\"_blank\" rel=\"noopener\"><img loading=\"lazy\" decoding=\"async\" class=\"alignnone wp-image-24104\" src=\"https:\/\/test-oldwebsite.igcat.org\/wp-content\/uploads\/2021\/12\/Hauts-de-France-awarded-2023_Logo-300x150.png\" alt=\"Les Hauts-de-France r\u00e9compens\u00e9s 2023_Logo\" width=\"241\" height=\"120\" srcset=\"https:\/\/test-oldwebsite.igcat.org\/wp-content\/uploads\/2021\/12\/Hauts-de-France-awarded-2023_Logo-300x150.png 300w, https:\/\/test-oldwebsite.igcat.org\/wp-content\/uploads\/2021\/12\/Hauts-de-France-awarded-2023_Logo-870x434.png 870w, https:\/\/test-oldwebsite.igcat.org\/wp-content\/uploads\/2021\/12\/Hauts-de-France-awarded-2023_Logo-390x195.png 390w, https:\/\/test-oldwebsite.igcat.org\/wp-content\/uploads\/2021\/12\/Hauts-de-France-awarded-2023_Logo-370x185.png 370w, https:\/\/test-oldwebsite.igcat.org\/wp-content\/uploads\/2021\/12\/Hauts-de-France-awarded-2023_Logo.png 946w\" sizes=\"auto, (max-width: 241px) 100vw, 241px\" \/><\/a>[\/vc_column_text][\/vc_column][vc_column width=&#8221;1\/4&#8243;][vc_column_text]<\/p>\n<p style=\"text-align: center;\"><strong>AMBASSADEUR OFFICIEL<\/strong><\/p>\n<p>[\/vc_column_text][vc_empty_space height=&#8221;15px&#8221;]<figure class=\"sc_image  sc_image_shape_square\"><img decoding=\"async\" src=\"https:\/\/test-oldwebsite.igcat.org\/wp-content\/uploads\/2017\/05\/Joan-Roca-7-e1562059051702.png\" alt=\"\" \/><\/figure>[vc_column_text css=&#8221;.vc_custom_1641817643351{padding-top: 20px !important;padding-right: 20px !important;padding-bottom: 20px !important;padding-left: 20px !important;background-color: #41a3dc !important;background-position: center !important;background-repeat: no-repeat !important;background-size: contain !important;}&#8221;]<\/p>\n<p style=\"color: white; text-align: center;\">\u00ab Je f\u00e9licite cette initiative qui met en valeur la richesse et la diversit\u00e9 de la gastronomie europ\u00e9enne, tout en valorisant les chefs pour leur r\u00f4le en faveur de l\u2019\u00e9cologie et de la durabilit\u00e9. \u00bb<\/p>\n<p style=\"color: white; text-align: center;\">JOAN ROCA<\/p>\n<p>[\/vc_column_text][vc_empty_space height=&#8221;20px&#8221;][vc_column_text]<\/p>\n<p style=\"text-align: center;\"><strong>\u00c9DITIONS PR\u00c9C\u00c9DENTES<\/strong><\/p>\n<p>[\/vc_column_text][vc_empty_space height=&#8221;15px&#8221;]<figure class=\"sc_image  sc_image_shape_square\"><img decoding=\"async\" src=\"https:\/\/test-oldwebsite.igcat.org\/wp-content\/uploads\/2022\/01\/EYCA-Sidebar_Past-Editions.jpeg\" alt=\"\" \/><\/figure>[vc_btn title=&#8221;\u00c9DITIONS PR\u00c9C\u00c9DENTES&#8221; style=&#8221;custom&#8221; custom_background=&#8221;#41a3dc&#8221; custom_text=&#8221;#ffffff&#8221; shape=&#8221;square&#8221; size=&#8221;lg&#8221; align=&#8221;center&#8221; button_block=&#8221;true&#8221; link=&#8221;url:https%3A%2F%2Figcat.org%2Ffr%2Fprix-europeen-du-jeune-chef%2Feditions-precedentes%2F|target:_blank|&#8221;][vc_empty_space height=&#8221;10px&#8221;][vc_column_text]<\/p>\n<p style=\"text-align: center;\"><strong>AMBASSADEURS R\u00c9GIONAUX<\/strong><\/p>\n<p>[\/vc_column_text][vc_empty_space height=&#8221;15px&#8221;]<figure class=\"sc_image  sc_image_shape_square\"><img decoding=\"async\" src=\"https:\/\/test-oldwebsite.igcat.org\/wp-content\/uploads\/2021\/12\/The-young-chefs-are-leaders-of-change-for-good.jpg\" alt=\"\" \/><\/figure>[vc_btn title=&#8221;LES CHEFS AMBASSADEURS R\u00c9GIONAUX DE L\u2019IGCAT&#8221; style=&#8221;custom&#8221; custom_background=&#8221;#41a3dc&#8221; custom_text=&#8221;#ffffff&#8221; shape=&#8221;square&#8221; size=&#8221;lg&#8221; align=&#8221;center&#8221; button_block=&#8221;true&#8221; link=&#8221;url:https%3A%2F%2Figcat.org%2Ffr%2Fchefs-ambassadeurs-regionaux-de-ligcat%2F|target:_blank|&#8221;][vc_empty_space height=&#8221;10px&#8221;][vc_column_text]<\/p>\n<p style=\"text-align: center;\"><strong>SITE OFFICIEL<\/strong><\/p>\n<p>[\/vc_column_text][vc_empty_space height=&#8221;15px&#8221;]<figure class=\"sc_image  sc_image_shape_square\"><img decoding=\"async\" src=\"https:\/\/test-oldwebsite.igcat.org\/wp-content\/uploads\/2022\/01\/EYCA-Sidebar_Official-Website.jpg\" alt=\"\" \/><\/figure>[vc_btn title=&#8221;VISITE&#8221; style=&#8221;custom&#8221; custom_background=&#8221;#41a3dc&#8221; custom_text=&#8221;#ffffff&#8221; shape=&#8221;square&#8221; size=&#8221;lg&#8221; align=&#8221;center&#8221; button_block=&#8221;true&#8221; link=&#8221;url:https%3A%2F%2Fwww.europeanyoungchefaward.org%2F|target:_blank|&#8221;][\/vc_column][\/vc_row]<\/p>\n<\/div>","protected":false},"excerpt":{"rendered":"<p>[vc_row gap=&#8221;30&#8243;][vc_column width=&#8221;3\/4&#8243;][vc_column_text][\/vc_column_text][vc_column_text]Le Prix Europ\u00e9en du Jeune Chef est organis\u00e9 et promu par l\u2019Institut International de la Gastronomie, de la Culture, de l\u2019Art et du Tourisme (IGCAT) en collaboration avec les instituts d\u2019arts culinaires des R\u00e9gions europ\u00e9ennes de la Gastronomie. Il s\u2019agit d\u2019une comp\u00e9tition entre les finalistes de concours r\u00e9gionaux de toute l\u2019Europe, jug\u00e9s [&hellip;]<\/p>\n","protected":false},"author":2,"featured_media":0,"parent":0,"menu_order":3,"comment_status":"closed","ping_status":"closed","template":"","meta":{"_acf_changed":false,"footnotes":""},"class_list":["post-28230","page","type-page","status-publish","hentry"],"acf":[],"yoast_head":"<!-- This site is optimized with the Yoast SEO plugin v26.0 - https:\/\/yoast.com\/wordpress\/plugins\/seo\/ -->\n<title>Prix Europ\u00e9en du Jeune Chef - IGCAT<\/title>\n<meta name=\"description\" content=\"Le Prix europ\u00e9en du jeune chef est un concours organis\u00e9 par l\u2019IGCAT pour stimuler le d\u00e9bat sur les pratiques alimentaires et gastronomiques durables.\" \/>\n<meta name=\"robots\" content=\"noindex, follow, max-snippet:-1, max-image-preview:large, max-video-preview:-1\" \/>\n<meta property=\"og:locale\" content=\"fr_FR\" \/>\n<meta property=\"og:type\" content=\"article\" \/>\n<meta property=\"og:title\" content=\"Prix Europ\u00e9en du Jeune Chef - IGCAT\" \/>\n<meta property=\"og:description\" content=\"Le Prix europ\u00e9en du jeune chef est un concours organis\u00e9 par l\u2019IGCAT pour stimuler le d\u00e9bat sur les pratiques alimentaires et gastronomiques durables.\" \/>\n<meta property=\"og:url\" content=\"https:\/\/test-oldwebsite.igcat.org\/fr\/prix-europeen-du-jeune-chef\/\" \/>\n<meta property=\"og:site_name\" content=\"IGCAT - International Institute of Gastronomy, Culture, Arts and Tourism\" \/>\n<meta property=\"article:publisher\" content=\"https:\/\/www.facebook.com\/IGCAT2\/\" \/>\n<meta property=\"article:modified_time\" content=\"2024-04-17T17:52:03+00:00\" \/>\n<meta property=\"og:image\" content=\"https:\/\/test-oldwebsite.igcat.org\/wp-content\/uploads\/2016\/09\/EYCA.png\" \/>\n<meta name=\"twitter:card\" content=\"summary_large_image\" \/>\n<meta name=\"twitter:site\" content=\"@IGCAT2\" \/>\n<meta name=\"twitter:label1\" content=\"Dur\u00e9e de lecture estim\u00e9e\" \/>\n\t<meta name=\"twitter:data1\" content=\"3 minutes\" \/>\n<script type=\"application\/ld+json\" class=\"yoast-schema-graph\">{\"@context\":\"https:\/\/schema.org\",\"@graph\":[{\"@type\":\"WebPage\",\"@id\":\"https:\/\/test-oldwebsite.igcat.org\/fr\/prix-europeen-du-jeune-chef\/\",\"url\":\"https:\/\/test-oldwebsite.igcat.org\/fr\/prix-europeen-du-jeune-chef\/\",\"name\":\"Prix Europ\u00e9en du Jeune Chef - IGCAT\",\"isPartOf\":{\"@id\":\"https:\/\/test-oldwebsite.igcat.org\/fr\/#website\"},\"primaryImageOfPage\":{\"@id\":\"https:\/\/test-oldwebsite.igcat.org\/fr\/prix-europeen-du-jeune-chef\/#primaryimage\"},\"image\":{\"@id\":\"https:\/\/test-oldwebsite.igcat.org\/fr\/prix-europeen-du-jeune-chef\/#primaryimage\"},\"thumbnailUrl\":\"https:\/\/test-oldwebsite.igcat.org\/wp-content\/uploads\/2016\/09\/EYCA.png\",\"datePublished\":\"2017-01-13T11:39:04+00:00\",\"dateModified\":\"2024-04-17T17:52:03+00:00\",\"description\":\"Le Prix europ\u00e9en du jeune chef est un concours organis\u00e9 par l\u2019IGCAT pour stimuler le d\u00e9bat sur les pratiques alimentaires et gastronomiques durables.\",\"breadcrumb\":{\"@id\":\"https:\/\/test-oldwebsite.igcat.org\/fr\/prix-europeen-du-jeune-chef\/#breadcrumb\"},\"inLanguage\":\"fr-FR\",\"potentialAction\":[{\"@type\":\"ReadAction\",\"target\":[\"https:\/\/test-oldwebsite.igcat.org\/fr\/prix-europeen-du-jeune-chef\/\"]}]},{\"@type\":\"ImageObject\",\"inLanguage\":\"fr-FR\",\"@id\":\"https:\/\/test-oldwebsite.igcat.org\/fr\/prix-europeen-du-jeune-chef\/#primaryimage\",\"url\":\"https:\/\/test-oldwebsite.igcat.org\/wp-content\/uploads\/2016\/09\/EYCA.png\",\"contentUrl\":\"https:\/\/test-oldwebsite.igcat.org\/wp-content\/uploads\/2016\/09\/EYCA.png\"},{\"@type\":\"BreadcrumbList\",\"@id\":\"https:\/\/test-oldwebsite.igcat.org\/fr\/prix-europeen-du-jeune-chef\/#breadcrumb\",\"itemListElement\":[{\"@type\":\"ListItem\",\"position\":1,\"name\":\"Home\",\"item\":\"https:\/\/test-oldwebsite.igcat.org\/fr\/page-daccueil\/\"},{\"@type\":\"ListItem\",\"position\":2,\"name\":\"Prix European Young Chef\"}]},{\"@type\":\"WebSite\",\"@id\":\"https:\/\/test-oldwebsite.igcat.org\/fr\/#website\",\"url\":\"https:\/\/test-oldwebsite.igcat.org\/fr\/\",\"name\":\"IGCAT - International Institute of Gastronomy, Culture, Arts and Tourism\",\"description\":\"International Institute of Gastronomy, Culture, Arts and Tourism\",\"publisher\":{\"@id\":\"https:\/\/test-oldwebsite.igcat.org\/fr\/#organization\"},\"potentialAction\":[{\"@type\":\"SearchAction\",\"target\":{\"@type\":\"EntryPoint\",\"urlTemplate\":\"https:\/\/test-oldwebsite.igcat.org\/fr\/?s={search_term_string}\"},\"query-input\":{\"@type\":\"PropertyValueSpecification\",\"valueRequired\":true,\"valueName\":\"search_term_string\"}}],\"inLanguage\":\"fr-FR\"},{\"@type\":\"Organization\",\"@id\":\"https:\/\/test-oldwebsite.igcat.org\/fr\/#organization\",\"name\":\"IGCAT\",\"url\":\"https:\/\/test-oldwebsite.igcat.org\/fr\/\",\"logo\":{\"@type\":\"ImageObject\",\"inLanguage\":\"fr-FR\",\"@id\":\"https:\/\/test-oldwebsite.igcat.org\/fr\/#\/schema\/logo\/image\/\",\"url\":\"https:\/\/test-oldwebsite.igcat.org\/wp-content\/uploads\/2016\/02\/main_logo.png\",\"contentUrl\":\"https:\/\/test-oldwebsite.igcat.org\/wp-content\/uploads\/2016\/02\/main_logo.png\",\"width\":620,\"height\":228,\"caption\":\"IGCAT\"},\"image\":{\"@id\":\"https:\/\/test-oldwebsite.igcat.org\/fr\/#\/schema\/logo\/image\/\"},\"sameAs\":[\"https:\/\/www.facebook.com\/IGCAT2\/\",\"https:\/\/x.com\/IGCAT2\",\"https:\/\/www.instagram.com\/igcat_org\/\",\"https:\/\/www.linkedin.com\/company\/igcat-international-institute-of-gastronomy-arts-and-tourism\/\",\"https:\/\/www.youtube.com\/channel\/UCL1xbT3vRbZh3bj-d0_0Vlg\"]}]}<\/script>\n<!-- \/ Yoast SEO plugin. -->","yoast_head_json":{"title":"Prix Europ\u00e9en du Jeune Chef - IGCAT","description":"Le Prix europ\u00e9en du jeune chef est un concours organis\u00e9 par l\u2019IGCAT pour stimuler le d\u00e9bat sur les pratiques alimentaires et gastronomiques durables.","robots":{"index":"noindex","follow":"follow","max-snippet":"max-snippet:-1","max-image-preview":"max-image-preview:large","max-video-preview":"max-video-preview:-1"},"og_locale":"fr_FR","og_type":"article","og_title":"Prix Europ\u00e9en du Jeune Chef - IGCAT","og_description":"Le Prix europ\u00e9en du jeune chef est un concours organis\u00e9 par l\u2019IGCAT pour stimuler le d\u00e9bat sur les pratiques alimentaires et gastronomiques durables.","og_url":"https:\/\/test-oldwebsite.igcat.org\/fr\/prix-europeen-du-jeune-chef\/","og_site_name":"IGCAT - International Institute of Gastronomy, Culture, Arts and Tourism","article_publisher":"https:\/\/www.facebook.com\/IGCAT2\/","article_modified_time":"2024-04-17T17:52:03+00:00","og_image":[{"url":"https:\/\/test-oldwebsite.igcat.org\/wp-content\/uploads\/2016\/09\/EYCA.png","type":"","width":"","height":""}],"twitter_card":"summary_large_image","twitter_site":"@IGCAT2","twitter_misc":{"Dur\u00e9e de lecture estim\u00e9e":"3 minutes"},"schema":{"@context":"https:\/\/schema.org","@graph":[{"@type":"WebPage","@id":"https:\/\/test-oldwebsite.igcat.org\/fr\/prix-europeen-du-jeune-chef\/","url":"https:\/\/test-oldwebsite.igcat.org\/fr\/prix-europeen-du-jeune-chef\/","name":"Prix Europ\u00e9en du Jeune Chef - IGCAT","isPartOf":{"@id":"https:\/\/test-oldwebsite.igcat.org\/fr\/#website"},"primaryImageOfPage":{"@id":"https:\/\/test-oldwebsite.igcat.org\/fr\/prix-europeen-du-jeune-chef\/#primaryimage"},"image":{"@id":"https:\/\/test-oldwebsite.igcat.org\/fr\/prix-europeen-du-jeune-chef\/#primaryimage"},"thumbnailUrl":"https:\/\/test-oldwebsite.igcat.org\/wp-content\/uploads\/2016\/09\/EYCA.png","datePublished":"2017-01-13T11:39:04+00:00","dateModified":"2024-04-17T17:52:03+00:00","description":"Le Prix europ\u00e9en du jeune chef est un concours organis\u00e9 par l\u2019IGCAT pour stimuler le d\u00e9bat sur les pratiques alimentaires et gastronomiques durables.","breadcrumb":{"@id":"https:\/\/test-oldwebsite.igcat.org\/fr\/prix-europeen-du-jeune-chef\/#breadcrumb"},"inLanguage":"fr-FR","potentialAction":[{"@type":"ReadAction","target":["https:\/\/test-oldwebsite.igcat.org\/fr\/prix-europeen-du-jeune-chef\/"]}]},{"@type":"ImageObject","inLanguage":"fr-FR","@id":"https:\/\/test-oldwebsite.igcat.org\/fr\/prix-europeen-du-jeune-chef\/#primaryimage","url":"https:\/\/test-oldwebsite.igcat.org\/wp-content\/uploads\/2016\/09\/EYCA.png","contentUrl":"https:\/\/test-oldwebsite.igcat.org\/wp-content\/uploads\/2016\/09\/EYCA.png"},{"@type":"BreadcrumbList","@id":"https:\/\/test-oldwebsite.igcat.org\/fr\/prix-europeen-du-jeune-chef\/#breadcrumb","itemListElement":[{"@type":"ListItem","position":1,"name":"Home","item":"https:\/\/test-oldwebsite.igcat.org\/fr\/page-daccueil\/"},{"@type":"ListItem","position":2,"name":"Prix European Young Chef"}]},{"@type":"WebSite","@id":"https:\/\/test-oldwebsite.igcat.org\/fr\/#website","url":"https:\/\/test-oldwebsite.igcat.org\/fr\/","name":"IGCAT - International Institute of Gastronomy, Culture, Arts and Tourism","description":"International Institute of Gastronomy, Culture, Arts and Tourism","publisher":{"@id":"https:\/\/test-oldwebsite.igcat.org\/fr\/#organization"},"potentialAction":[{"@type":"SearchAction","target":{"@type":"EntryPoint","urlTemplate":"https:\/\/test-oldwebsite.igcat.org\/fr\/?s={search_term_string}"},"query-input":{"@type":"PropertyValueSpecification","valueRequired":true,"valueName":"search_term_string"}}],"inLanguage":"fr-FR"},{"@type":"Organization","@id":"https:\/\/test-oldwebsite.igcat.org\/fr\/#organization","name":"IGCAT","url":"https:\/\/test-oldwebsite.igcat.org\/fr\/","logo":{"@type":"ImageObject","inLanguage":"fr-FR","@id":"https:\/\/test-oldwebsite.igcat.org\/fr\/#\/schema\/logo\/image\/","url":"https:\/\/test-oldwebsite.igcat.org\/wp-content\/uploads\/2016\/02\/main_logo.png","contentUrl":"https:\/\/test-oldwebsite.igcat.org\/wp-content\/uploads\/2016\/02\/main_logo.png","width":620,"height":228,"caption":"IGCAT"},"image":{"@id":"https:\/\/test-oldwebsite.igcat.org\/fr\/#\/schema\/logo\/image\/"},"sameAs":["https:\/\/www.facebook.com\/IGCAT2\/","https:\/\/x.com\/IGCAT2","https:\/\/www.instagram.com\/igcat_org\/","https:\/\/www.linkedin.com\/company\/igcat-international-institute-of-gastronomy-arts-and-tourism\/","https:\/\/www.youtube.com\/channel\/UCL1xbT3vRbZh3bj-d0_0Vlg"]}]}},"_links":{"self":[{"href":"https:\/\/test-oldwebsite.igcat.org\/fr\/wp-json\/wp\/v2\/pages\/28230","targetHints":{"allow":["GET"]}}],"collection":[{"href":"https:\/\/test-oldwebsite.igcat.org\/fr\/wp-json\/wp\/v2\/pages"}],"about":[{"href":"https:\/\/test-oldwebsite.igcat.org\/fr\/wp-json\/wp\/v2\/types\/page"}],"author":[{"embeddable":true,"href":"https:\/\/test-oldwebsite.igcat.org\/fr\/wp-json\/wp\/v2\/users\/2"}],"replies":[{"embeddable":true,"href":"https:\/\/test-oldwebsite.igcat.org\/fr\/wp-json\/wp\/v2\/comments?post=28230"}],"version-history":[{"count":0,"href":"https:\/\/test-oldwebsite.igcat.org\/fr\/wp-json\/wp\/v2\/pages\/28230\/revisions"}],"wp:attachment":[{"href":"https:\/\/test-oldwebsite.igcat.org\/fr\/wp-json\/wp\/v2\/media?parent=28230"}],"curies":[{"name":"wp","href":"https:\/\/api.w.org\/{rel}","templated":true}]}}