{"id":28238,"date":"2019-05-13T21:27:02","date_gmt":"2019-05-13T19:27:02","guid":{"rendered":"https:\/\/test-oldwebsite.igcat.org\/domaines-dintervention\/"},"modified":"2024-05-21T13:49:24","modified_gmt":"2024-05-21T11:49:24","slug":"domaines-dintervention","status":"publish","type":"page","link":"https:\/\/test-oldwebsite.igcat.org\/fr\/projets\/prix-de-la-region-de-la-gastronomie\/domaines-dintervention\/","title":{"rendered":"Domaines d\u2019intervention"},"content":{"rendered":"<div class=\"wpb-content-wrapper\"><p>[vc_row][vc_column][vc_column_text css=&#8221;&#8221;]<\/p>\n<div class=\"title-image centered\"><img loading=\"lazy\" decoding=\"async\" class=\"wp-image-27770 size-full aligncenter\" src=\"https:\/\/test-oldwebsite.igcat.org\/wp-content\/uploads\/2021\/01\/WRG_ICON_WEB.png\" alt=\"World Region of Gastronomy\" width=\"170\" height=\"100\" \/><\/div>\n<p>[\/vc_column_text][vc_empty_space]<h1 class=\"sc_title sc_title_regular sc_align_center\" style=\"margin-bottom:30px;text-align:center;\">Domaines d\u2019Intervention<\/h1>[\/vc_column][\/vc_row][vc_row gap=&#8221;35&#8243;][vc_column width=&#8221;1\/2&#8243; css=&#8221;.vc_custom_1557774114546{padding-right: 50px !important;}&#8221;][vc_column_text css=&#8221;.vc_custom_1557774360476{padding-bottom: 10px !important;}&#8221;]<\/p>\n<h3>Nourrir la plan\u00e8te<\/h3>\n<p>[\/vc_column_text]<figure class=\"sc_image  sc_image_shape_square\" style=\"width:95%;\"><img decoding=\"async\" src=\"https:\/\/test-oldwebsite.igcat.org\/wp-content\/uploads\/2019\/05\/Feeding-the-Planet.png\" alt=\"\" \/><\/figure>[vc_column_text css=&#8221;.vc_custom_1631805353852{padding-top: 10px !important;}&#8221;]\u00c0 l\u2019appui des objectifs de d\u00e9veloppement durable des Nations Unies, les R\u00e9gions mondiales de la gastronomie de l\u2019IGCAT visent \u00e0 stimuler le d\u00e9bat sur la production d\u2019une alimentation suffisante et saine pour tous. Il y a suffisamment de nourriture pour nourrir le monde si nous prot\u00e9geons la biodiversit\u00e9 de la plan\u00e8te. Les kilom\u00e8tres parcourus par les aliments, les pratiques agricoles durables, l\u2019importance des pollinisateurs et le gaspillage alimentaire ne sont que quelques-uns des domaines que nos r\u00e9gions prim\u00e9es et candidates ont abord\u00e9es. En partageant nos connaissances, en soutenant les id\u00e9es de projets et en nous donnant mutuellement acc\u00e8s \u00e0 des mod\u00e8les et \u00e0 des outils, nous contribuons \u00e0 notre s\u00e9curit\u00e9 alimentaire collective future.[\/vc_column_text][\/vc_column][vc_column width=&#8221;1\/2&#8243; css=&#8221;.vc_custom_1557774161883{padding-right: 50px !important;}&#8221;][vc_column_text css=&#8221;.vc_custom_1558729875786{padding-bottom: 10px !important;}&#8221;]<\/p>\n<h3>Innovation, cr\u00e9ativit\u00e9 et opportunit\u00e9s d\u2019emploi<\/h3>\n<p>[\/vc_column_text]<figure class=\"sc_image  sc_image_shape_square\" style=\"width:95%;\"><img decoding=\"async\" src=\"https:\/\/test-oldwebsite.igcat.org\/wp-content\/uploads\/2019\/05\/Innovation-Creativity-and-Job-Opportunities-e1558729498256.png\" alt=\"\" \/><\/figure>[vc_column_text css=&#8221;.vc_custom_1631805416232{padding-top: 10px !important;}&#8221;]La cr\u00e9ativit\u00e9 sous forme de narration et de visuels peut g\u00e9n\u00e9rer \u00e0 la fois de nouveaux produits et services. L\u2019\u00e9largissement des march\u00e9s alimentaires offre des opportunit\u00e9s uniques pour des syst\u00e8mes alimentaires r\u00e9gionaux durables. En mettant en valeur les produits locaux et en profitant de la croissance des march\u00e9s alimentaires sp\u00e9cialis\u00e9s et de niche, les producteurs r\u00e9gionaux peuvent \u00e9largir leur client\u00e8le gr\u00e2ce aux technologies num\u00e9riques. L\u2019exploitation des possibilit\u00e9s de commercialisation des produits aupr\u00e8s des touristes et des visiteurs peut augmenter les ventes \u00e0 l\u2019exportation, cr\u00e9er des liens cognitifs entre une r\u00e9gion et ses produits uniques, ainsi que susciter la fiert\u00e9 du patrimoine et des traditions alimentaires locaux. Les artistes, les paysages, l\u2019artisanat et la culture traditionnelle ou contemporaine d\u2019une r\u00e9gion sont l\u2019argument de vente distinctif d\u2019une vari\u00e9t\u00e9 de nouveaux services et exp\u00e9riences cr\u00e9atifs.[\/vc_column_text][\/vc_column][\/vc_row][vc_row gap=&#8221;35&#8243; css=&#8221;.vc_custom_1558730186736{padding-top: 40px !important;}&#8221;][vc_column width=&#8221;1\/2&#8243; css=&#8221;.vc_custom_1557775002280{padding-right: 50px !important;}&#8221;][vc_column_text css=&#8221;.vc_custom_1558729895592{padding-bottom: 10px !important;}&#8221;]<\/p>\n<h3>\u00c9duquer pour notre avenir<\/h3>\n<p>[\/vc_column_text]<figure class=\"sc_image  sc_image_shape_square\" style=\"width:95%;\"><img decoding=\"async\" src=\"https:\/\/test-oldwebsite.igcat.org\/wp-content\/uploads\/2019\/05\/Educating-for-our-future.png\" alt=\"\" \/><\/figure>[vc_column_text css=&#8221;.vc_custom_1631805516733{padding-top: 10px !important;}&#8221;]Pour assurer une bonne alimentation pour tous, il faut d\u2019abord comprendre l\u2019importance d\u2019offrir des aliments locaux et sains. Nourrir les enfants et les adultes par le biais d\u2019une \u00e9ducation culinaire et culturelle pour une production et une consommation responsables am\u00e9liore la sant\u00e9 des personnes, encourage le d\u00e9veloppement durable et inculque la fiert\u00e9 des cultures alimentaires locales. C\u2019est aussi un moyen essentiel de s\u2019assurer que la bonne nourriture peut atteindre tout le monde. Les R\u00e9gions du Monde de la Gastronomie privil\u00e9gient la collaboration avec les secteurs de l\u2019\u00e9ducation et de la connaissance. Ces collaborations sont essentielles pour la diffusion de l\u2019information sur l\u2019importance de la gastronomie r\u00e9gionale pour la sant\u00e9 et le bien-\u00eatre futurs des citoyens.[\/vc_column_text][\/vc_column][vc_column width=&#8221;1\/2&#8243; css=&#8221;.vc_custom_1557775135746{padding-right: 50px !important;}&#8221;][vc_column_text css=&#8221;.vc_custom_1558729910807{padding-bottom: 10px !important;}&#8221;]<\/p>\n<h3>Tourisme \u00e9quilibr\u00e9 et durable<\/h3>\n<p>[\/vc_column_text]<figure class=\"sc_image  sc_image_shape_square\" style=\"width:95%;\"><img decoding=\"async\" src=\"https:\/\/test-oldwebsite.igcat.org\/wp-content\/uploads\/2019\/05\/Balanced-and-Sustainable-Tourism.png\" alt=\"\" \/><\/figure>[vc_column_text css=&#8221;.vc_custom_1631805550895{padding-top: 10px !important;}&#8221;]La gastronomie r\u00e9gionale offre une grande diversit\u00e9, non seulement en termes d\u2019aliments diff\u00e9rents, mais aussi dans les nombreuses fa\u00e7ons de manger, de pr\u00e9senter et de servir ces aliments. Les traditions d\u00e9velopp\u00e9es au fil des si\u00e8cles constituent l\u2019ADN vital des cultures alimentaires et repr\u00e9sentent d\u2019importantes sources potentielles d\u2019innovation dans les secteurs des services et de l\u2019h\u00f4tellerie. La sensibilisation aux avantages de l\u2019int\u00e9gration des aliments, des recettes et des traditions locales dans l\u2019offre touristique et la collaboration avec les services d\u2019alimentation et d\u2019\u00e9v\u00e9nements culturels de la r\u00e9gion contribueront \u00e0 une plus grande durabilit\u00e9 environnementale, \u00e9conomique et culturelle. Les visiteurs sont les meilleurs ambassadeurs d\u2019une r\u00e9gion gr\u00e2ce aux m\u00e9dias sociaux et peuvent augmenter la client\u00e8le pour l\u2019exportation alimentaire. Des strat\u00e9gies intelligentes donnent \u00e0 la r\u00e9gion une visibilit\u00e9 sans pr\u00e9c\u00e9dent pour une fraction des co\u00fbts des m\u00e9thodes promotionnelles traditionnelles. Soutenir des initiatives de tourisme gastronomique de qualit\u00e9 pr\u00e9sente l\u2019avantage suppl\u00e9mentaire de garantir que les revenus du tourisme puissent atteindre les zones rurales o\u00f9 ils sont souvent grandement n\u00e9cessaires.[\/vc_column_text][\/vc_column][\/vc_row][vc_row gap=&#8221;35&#8243; css=&#8221;.vc_custom_1558730205420{padding-top: 40px !important;}&#8221;][vc_column width=&#8221;1\/2&#8243; css=&#8221;.vc_custom_1557775002280{padding-right: 50px !important;}&#8221;][vc_column_text css=&#8221;.vc_custom_1557775198054{padding-bottom: 10px !important;}&#8221;]<\/p>\n<h3>Relier les zones urbaines et rurales<\/h3>\n<p>[\/vc_column_text]<figure class=\"sc_image  sc_image_shape_square\" style=\"width:95%;\"><img decoding=\"async\" src=\"https:\/\/test-oldwebsite.igcat.org\/wp-content\/uploads\/2019\/05\/Linking-Urban-and-Rural.png\" alt=\"\" \/><\/figure>[vc_column_text css=&#8221;.vc_custom_1631805573735{padding-top: 10px !important;}&#8221;]Les R\u00e9gions du Monde de la Gastronomie s\u2019efforcent de reconnecter les environnements ruraux et urbains en amenant la campagne \u00e0 la ville et la ville \u00e0 la campagne, en encourageant une revalorisation des savoirs traditionnels et autochtones en mati\u00e8re de coutumes et de syst\u00e8mes alimentaires. Il existe un foss\u00e9 croissant entre les zones rurales et urbaines, en particulier dans les domaines de l\u2019alimentation et de la culture. Les citadins sont moins conscients de la provenance de leur nourriture et sont d\u00e9connect\u00e9s des rituels li\u00e9s \u00e0 l\u2019alimentation qui ont soutenu leurs communaut\u00e9s pendant des si\u00e8cles. Nous nous concentrons sur les initiatives qui offrent des possibilit\u00e9s de relier les environnements ruraux et urbains, de connecter les citoyens et de favoriser la coh\u00e9sion sociale.[\/vc_column_text][\/vc_column][vc_column width=&#8221;1\/2&#8243; css=&#8221;.vc_custom_1557775135746{padding-right: 50px !important;}&#8221;][vc_column_text css=&#8221;.vc_custom_1558729934243{padding-bottom: 10px !important;}&#8221;]<\/p>\n<h3>Bien-\u00eatre et mode de vie plus sain<\/h3>\n<p>[\/vc_column_text]<figure class=\"sc_image  sc_image_shape_square\" style=\"width:95%;\"><img decoding=\"async\" src=\"https:\/\/test-oldwebsite.igcat.org\/wp-content\/uploads\/2019\/05\/Well-being-and-Healthier-Living.png\" alt=\"\" \/><\/figure>[vc_column_text css=&#8221;.vc_custom_1631805599979{padding-top: 10px !important;}&#8221;]L\u2019IGCAT plaide en faveur de la promotion de modes de vie plus sains par le biais d\u2019une plus grande sensibilisation et d\u2019un plus grand engagement des citoyens \u00e0 l\u2019\u00e9gard de l\u2019agriculture naturelle, des loisirs de plein air et des traditions culinaires et culturelles. Le d\u00e9veloppement d\u2019exp\u00e9riences (visites de fermes, masterclasses culinaires, \u00e9v\u00e9nements sensoriels, cueillette, etc.) peut \u00eatre enrichissant tant pour les visiteurs que pour les citoyens locaux. Pour parvenir \u00e0 des modes de vie et \u00e0 des syst\u00e8mes alimentaires sains et durables, il faut pr\u00eater attention \u00e0 la fa\u00e7on dont les aliments et les biens sont produits, des semences et du sol \u00e0 l\u2019emballage et au transport. La transparence et la sensibilisation aux ingr\u00e9dients des produits et \u00e0 la valeur nutritionnelle des aliments locaux doivent \u00eatre revaloris\u00e9es et nous travaillons avec les producteurs locaux pour faire progresser les connaissances des consommateurs. En faisant preuve de cr\u00e9ativit\u00e9 pour mettre en valeur des aliments r\u00e9gionaux et locaux sains et sains, nous contribuons \u00e0 une approche plus holistique du bien-\u00eatre.[\/vc_column_text][\/vc_column][\/vc_row]<\/p>\n<\/div>","protected":false},"excerpt":{"rendered":"<p>[vc_row][vc_column][vc_column_text css=&#8221;&#8221;][\/vc_column_text][vc_empty_space][\/vc_column][\/vc_row][vc_row gap=&#8221;35&#8243;][vc_column width=&#8221;1\/2&#8243; css=&#8221;.vc_custom_1557774114546{padding-right: 50px !important;}&#8221;][vc_column_text css=&#8221;.vc_custom_1557774360476{padding-bottom: 10px !important;}&#8221;] Nourrir la plan\u00e8te [\/vc_column_text][vc_column_text css=&#8221;.vc_custom_1631805353852{padding-top: 10px !important;}&#8221;]\u00c0 l\u2019appui des objectifs de d\u00e9veloppement durable des Nations Unies, les R\u00e9gions mondiales de la gastronomie de l\u2019IGCAT visent \u00e0 stimuler le d\u00e9bat sur la production d\u2019une alimentation suffisante et saine pour tous. Il y a suffisamment de [&hellip;]<\/p>\n","protected":false},"author":33,"featured_media":0,"parent":28311,"menu_order":0,"comment_status":"closed","ping_status":"closed","template":"","meta":{"_acf_changed":false,"footnotes":""},"class_list":["post-28238","page","type-page","status-publish","hentry"],"acf":[],"yoast_head":"<!-- This site is optimized with the Yoast SEO plugin v26.0 - https:\/\/yoast.com\/wordpress\/plugins\/seo\/ -->\n<title>Domaines d\u2019intervention - IGCAT<\/title>\n<meta name=\"description\" content=\"Les R\u00e9gions europ\u00e9ennes et mondiales de la gastronomie d\u00e9veloppent des activit\u00e9s, des projets et des initiatives dans 6 domaines d\u2019intervention principaux.\" \/>\n<meta name=\"robots\" content=\"noindex, follow, max-snippet:-1, max-image-preview:large, max-video-preview:-1\" \/>\n<meta property=\"og:locale\" content=\"fr_FR\" \/>\n<meta property=\"og:type\" content=\"article\" \/>\n<meta property=\"og:title\" content=\"Domaines d\u2019intervention - IGCAT\" \/>\n<meta property=\"og:description\" content=\"Les R\u00e9gions europ\u00e9ennes et mondiales de la gastronomie d\u00e9veloppent des activit\u00e9s, des projets et des initiatives dans 6 domaines d\u2019intervention principaux.\" \/>\n<meta property=\"og:url\" content=\"https:\/\/test-oldwebsite.igcat.org\/fr\/projets\/prix-de-la-region-de-la-gastronomie\/domaines-dintervention\/\" \/>\n<meta property=\"og:site_name\" content=\"IGCAT - International Institute of Gastronomy, Culture, Arts and Tourism\" \/>\n<meta property=\"article:publisher\" content=\"https:\/\/www.facebook.com\/IGCAT2\/\" \/>\n<meta property=\"article:modified_time\" content=\"2024-05-21T11:49:24+00:00\" \/>\n<meta property=\"og:image\" content=\"https:\/\/test-oldwebsite.igcat.org\/wp-content\/uploads\/2021\/01\/WRG_ICON_WEB.png\" \/>\n<meta name=\"twitter:card\" content=\"summary_large_image\" \/>\n<meta name=\"twitter:site\" content=\"@IGCAT2\" \/>\n<meta name=\"twitter:label1\" content=\"Dur\u00e9e de lecture estim\u00e9e\" \/>\n\t<meta name=\"twitter:data1\" content=\"6 minutes\" \/>\n<script type=\"application\/ld+json\" class=\"yoast-schema-graph\">{\"@context\":\"https:\/\/schema.org\",\"@graph\":[{\"@type\":\"WebPage\",\"@id\":\"https:\/\/test-oldwebsite.igcat.org\/fr\/projets\/prix-de-la-region-de-la-gastronomie\/domaines-dintervention\/\",\"url\":\"https:\/\/test-oldwebsite.igcat.org\/fr\/projets\/prix-de-la-region-de-la-gastronomie\/domaines-dintervention\/\",\"name\":\"Domaines d\u2019intervention - IGCAT\",\"isPartOf\":{\"@id\":\"https:\/\/test-oldwebsite.igcat.org\/fr\/#website\"},\"primaryImageOfPage\":{\"@id\":\"https:\/\/test-oldwebsite.igcat.org\/fr\/projets\/prix-de-la-region-de-la-gastronomie\/domaines-dintervention\/#primaryimage\"},\"image\":{\"@id\":\"https:\/\/test-oldwebsite.igcat.org\/fr\/projets\/prix-de-la-region-de-la-gastronomie\/domaines-dintervention\/#primaryimage\"},\"thumbnailUrl\":\"https:\/\/test-oldwebsite.igcat.org\/wp-content\/uploads\/2021\/01\/WRG_ICON_WEB.png\",\"datePublished\":\"2019-05-13T19:27:02+00:00\",\"dateModified\":\"2024-05-21T11:49:24+00:00\",\"description\":\"Les R\u00e9gions europ\u00e9ennes et mondiales de la gastronomie d\u00e9veloppent des activit\u00e9s, des projets et des initiatives dans 6 domaines d\u2019intervention principaux.\",\"breadcrumb\":{\"@id\":\"https:\/\/test-oldwebsite.igcat.org\/fr\/projets\/prix-de-la-region-de-la-gastronomie\/domaines-dintervention\/#breadcrumb\"},\"inLanguage\":\"fr-FR\",\"potentialAction\":[{\"@type\":\"ReadAction\",\"target\":[\"https:\/\/test-oldwebsite.igcat.org\/fr\/projets\/prix-de-la-region-de-la-gastronomie\/domaines-dintervention\/\"]}]},{\"@type\":\"ImageObject\",\"inLanguage\":\"fr-FR\",\"@id\":\"https:\/\/test-oldwebsite.igcat.org\/fr\/projets\/prix-de-la-region-de-la-gastronomie\/domaines-dintervention\/#primaryimage\",\"url\":\"https:\/\/test-oldwebsite.igcat.org\/wp-content\/uploads\/2021\/01\/WRG_ICON_WEB.png\",\"contentUrl\":\"https:\/\/test-oldwebsite.igcat.org\/wp-content\/uploads\/2021\/01\/WRG_ICON_WEB.png\"},{\"@type\":\"BreadcrumbList\",\"@id\":\"https:\/\/test-oldwebsite.igcat.org\/fr\/projets\/prix-de-la-region-de-la-gastronomie\/domaines-dintervention\/#breadcrumb\",\"itemListElement\":[{\"@type\":\"ListItem\",\"position\":1,\"name\":\"Home\",\"item\":\"https:\/\/test-oldwebsite.igcat.org\/fr\/page-daccueil\/\"},{\"@type\":\"ListItem\",\"position\":2,\"name\":\"Projets\",\"item\":\"https:\/\/test-oldwebsite.igcat.org\/fr\/projets\/\"},{\"@type\":\"ListItem\",\"position\":3,\"name\":\"Prix de la R\u00e9gion de la Gastronomie\",\"item\":\"https:\/\/test-oldwebsite.igcat.org\/fr\/projets\/prix-de-la-region-de-la-gastronomie\/\"},{\"@type\":\"ListItem\",\"position\":4,\"name\":\"Domaines d\u2019intervention\"}]},{\"@type\":\"WebSite\",\"@id\":\"https:\/\/test-oldwebsite.igcat.org\/fr\/#website\",\"url\":\"https:\/\/test-oldwebsite.igcat.org\/fr\/\",\"name\":\"IGCAT - International Institute of Gastronomy, Culture, Arts and Tourism\",\"description\":\"International Institute of Gastronomy, Culture, Arts and Tourism\",\"publisher\":{\"@id\":\"https:\/\/test-oldwebsite.igcat.org\/fr\/#organization\"},\"potentialAction\":[{\"@type\":\"SearchAction\",\"target\":{\"@type\":\"EntryPoint\",\"urlTemplate\":\"https:\/\/test-oldwebsite.igcat.org\/fr\/?s={search_term_string}\"},\"query-input\":{\"@type\":\"PropertyValueSpecification\",\"valueRequired\":true,\"valueName\":\"search_term_string\"}}],\"inLanguage\":\"fr-FR\"},{\"@type\":\"Organization\",\"@id\":\"https:\/\/test-oldwebsite.igcat.org\/fr\/#organization\",\"name\":\"IGCAT\",\"url\":\"https:\/\/test-oldwebsite.igcat.org\/fr\/\",\"logo\":{\"@type\":\"ImageObject\",\"inLanguage\":\"fr-FR\",\"@id\":\"https:\/\/test-oldwebsite.igcat.org\/fr\/#\/schema\/logo\/image\/\",\"url\":\"https:\/\/test-oldwebsite.igcat.org\/wp-content\/uploads\/2016\/02\/main_logo.png\",\"contentUrl\":\"https:\/\/test-oldwebsite.igcat.org\/wp-content\/uploads\/2016\/02\/main_logo.png\",\"width\":620,\"height\":228,\"caption\":\"IGCAT\"},\"image\":{\"@id\":\"https:\/\/test-oldwebsite.igcat.org\/fr\/#\/schema\/logo\/image\/\"},\"sameAs\":[\"https:\/\/www.facebook.com\/IGCAT2\/\",\"https:\/\/x.com\/IGCAT2\",\"https:\/\/www.instagram.com\/igcat_org\/\",\"https:\/\/www.linkedin.com\/company\/igcat-international-institute-of-gastronomy-arts-and-tourism\/\",\"https:\/\/www.youtube.com\/channel\/UCL1xbT3vRbZh3bj-d0_0Vlg\"]}]}<\/script>\n<!-- \/ Yoast SEO plugin. -->","yoast_head_json":{"title":"Domaines d\u2019intervention - IGCAT","description":"Les R\u00e9gions europ\u00e9ennes et mondiales de la gastronomie d\u00e9veloppent des activit\u00e9s, des projets et des initiatives dans 6 domaines d\u2019intervention principaux.","robots":{"index":"noindex","follow":"follow","max-snippet":"max-snippet:-1","max-image-preview":"max-image-preview:large","max-video-preview":"max-video-preview:-1"},"og_locale":"fr_FR","og_type":"article","og_title":"Domaines d\u2019intervention - IGCAT","og_description":"Les R\u00e9gions europ\u00e9ennes et mondiales de la gastronomie d\u00e9veloppent des activit\u00e9s, des projets et des initiatives dans 6 domaines d\u2019intervention principaux.","og_url":"https:\/\/test-oldwebsite.igcat.org\/fr\/projets\/prix-de-la-region-de-la-gastronomie\/domaines-dintervention\/","og_site_name":"IGCAT - International Institute of Gastronomy, Culture, Arts and Tourism","article_publisher":"https:\/\/www.facebook.com\/IGCAT2\/","article_modified_time":"2024-05-21T11:49:24+00:00","og_image":[{"url":"https:\/\/test-oldwebsite.igcat.org\/wp-content\/uploads\/2021\/01\/WRG_ICON_WEB.png","type":"","width":"","height":""}],"twitter_card":"summary_large_image","twitter_site":"@IGCAT2","twitter_misc":{"Dur\u00e9e de lecture estim\u00e9e":"6 minutes"},"schema":{"@context":"https:\/\/schema.org","@graph":[{"@type":"WebPage","@id":"https:\/\/test-oldwebsite.igcat.org\/fr\/projets\/prix-de-la-region-de-la-gastronomie\/domaines-dintervention\/","url":"https:\/\/test-oldwebsite.igcat.org\/fr\/projets\/prix-de-la-region-de-la-gastronomie\/domaines-dintervention\/","name":"Domaines d\u2019intervention - IGCAT","isPartOf":{"@id":"https:\/\/test-oldwebsite.igcat.org\/fr\/#website"},"primaryImageOfPage":{"@id":"https:\/\/test-oldwebsite.igcat.org\/fr\/projets\/prix-de-la-region-de-la-gastronomie\/domaines-dintervention\/#primaryimage"},"image":{"@id":"https:\/\/test-oldwebsite.igcat.org\/fr\/projets\/prix-de-la-region-de-la-gastronomie\/domaines-dintervention\/#primaryimage"},"thumbnailUrl":"https:\/\/test-oldwebsite.igcat.org\/wp-content\/uploads\/2021\/01\/WRG_ICON_WEB.png","datePublished":"2019-05-13T19:27:02+00:00","dateModified":"2024-05-21T11:49:24+00:00","description":"Les R\u00e9gions europ\u00e9ennes et mondiales de la gastronomie d\u00e9veloppent des activit\u00e9s, des projets et des initiatives dans 6 domaines d\u2019intervention principaux.","breadcrumb":{"@id":"https:\/\/test-oldwebsite.igcat.org\/fr\/projets\/prix-de-la-region-de-la-gastronomie\/domaines-dintervention\/#breadcrumb"},"inLanguage":"fr-FR","potentialAction":[{"@type":"ReadAction","target":["https:\/\/test-oldwebsite.igcat.org\/fr\/projets\/prix-de-la-region-de-la-gastronomie\/domaines-dintervention\/"]}]},{"@type":"ImageObject","inLanguage":"fr-FR","@id":"https:\/\/test-oldwebsite.igcat.org\/fr\/projets\/prix-de-la-region-de-la-gastronomie\/domaines-dintervention\/#primaryimage","url":"https:\/\/test-oldwebsite.igcat.org\/wp-content\/uploads\/2021\/01\/WRG_ICON_WEB.png","contentUrl":"https:\/\/test-oldwebsite.igcat.org\/wp-content\/uploads\/2021\/01\/WRG_ICON_WEB.png"},{"@type":"BreadcrumbList","@id":"https:\/\/test-oldwebsite.igcat.org\/fr\/projets\/prix-de-la-region-de-la-gastronomie\/domaines-dintervention\/#breadcrumb","itemListElement":[{"@type":"ListItem","position":1,"name":"Home","item":"https:\/\/test-oldwebsite.igcat.org\/fr\/page-daccueil\/"},{"@type":"ListItem","position":2,"name":"Projets","item":"https:\/\/test-oldwebsite.igcat.org\/fr\/projets\/"},{"@type":"ListItem","position":3,"name":"Prix de la R\u00e9gion de la Gastronomie","item":"https:\/\/test-oldwebsite.igcat.org\/fr\/projets\/prix-de-la-region-de-la-gastronomie\/"},{"@type":"ListItem","position":4,"name":"Domaines d\u2019intervention"}]},{"@type":"WebSite","@id":"https:\/\/test-oldwebsite.igcat.org\/fr\/#website","url":"https:\/\/test-oldwebsite.igcat.org\/fr\/","name":"IGCAT - International Institute of Gastronomy, Culture, Arts and Tourism","description":"International Institute of Gastronomy, Culture, Arts and Tourism","publisher":{"@id":"https:\/\/test-oldwebsite.igcat.org\/fr\/#organization"},"potentialAction":[{"@type":"SearchAction","target":{"@type":"EntryPoint","urlTemplate":"https:\/\/test-oldwebsite.igcat.org\/fr\/?s={search_term_string}"},"query-input":{"@type":"PropertyValueSpecification","valueRequired":true,"valueName":"search_term_string"}}],"inLanguage":"fr-FR"},{"@type":"Organization","@id":"https:\/\/test-oldwebsite.igcat.org\/fr\/#organization","name":"IGCAT","url":"https:\/\/test-oldwebsite.igcat.org\/fr\/","logo":{"@type":"ImageObject","inLanguage":"fr-FR","@id":"https:\/\/test-oldwebsite.igcat.org\/fr\/#\/schema\/logo\/image\/","url":"https:\/\/test-oldwebsite.igcat.org\/wp-content\/uploads\/2016\/02\/main_logo.png","contentUrl":"https:\/\/test-oldwebsite.igcat.org\/wp-content\/uploads\/2016\/02\/main_logo.png","width":620,"height":228,"caption":"IGCAT"},"image":{"@id":"https:\/\/test-oldwebsite.igcat.org\/fr\/#\/schema\/logo\/image\/"},"sameAs":["https:\/\/www.facebook.com\/IGCAT2\/","https:\/\/x.com\/IGCAT2","https:\/\/www.instagram.com\/igcat_org\/","https:\/\/www.linkedin.com\/company\/igcat-international-institute-of-gastronomy-arts-and-tourism\/","https:\/\/www.youtube.com\/channel\/UCL1xbT3vRbZh3bj-d0_0Vlg"]}]}},"_links":{"self":[{"href":"https:\/\/test-oldwebsite.igcat.org\/fr\/wp-json\/wp\/v2\/pages\/28238","targetHints":{"allow":["GET"]}}],"collection":[{"href":"https:\/\/test-oldwebsite.igcat.org\/fr\/wp-json\/wp\/v2\/pages"}],"about":[{"href":"https:\/\/test-oldwebsite.igcat.org\/fr\/wp-json\/wp\/v2\/types\/page"}],"author":[{"embeddable":true,"href":"https:\/\/test-oldwebsite.igcat.org\/fr\/wp-json\/wp\/v2\/users\/33"}],"replies":[{"embeddable":true,"href":"https:\/\/test-oldwebsite.igcat.org\/fr\/wp-json\/wp\/v2\/comments?post=28238"}],"version-history":[{"count":0,"href":"https:\/\/test-oldwebsite.igcat.org\/fr\/wp-json\/wp\/v2\/pages\/28238\/revisions"}],"up":[{"embeddable":true,"href":"https:\/\/test-oldwebsite.igcat.org\/fr\/wp-json\/wp\/v2\/pages\/28311"}],"wp:attachment":[{"href":"https:\/\/test-oldwebsite.igcat.org\/fr\/wp-json\/wp\/v2\/media?parent=28238"}],"curies":[{"name":"wp","href":"https:\/\/api.w.org\/{rel}","templated":true}]}}