{"id":28277,"date":"2019-09-11T12:45:54","date_gmt":"2019-09-11T10:45:54","guid":{"rendered":"https:\/\/test-oldwebsite.igcat.org\/evenements-passes\/"},"modified":"2024-04-18T19:31:22","modified_gmt":"2024-04-18T17:31:22","slug":"evenements-passes","status":"publish","type":"page","link":"https:\/\/test-oldwebsite.igcat.org\/fr\/epreuves\/evenements-passes\/","title":{"rendered":"Ev\u00e9nements pass\u00e9s"},"content":{"rendered":"<div class=\"wpb-content-wrapper\"><p>[vc_row][vc_column][vc_column_text]<\/p>\n<h2 style=\"text-align: center;\">\u00c9V\u00c9NEMENTS PASS\u00c9S<\/h2>\n<p>[\/vc_column_text][vc_empty_space][\/vc_column][\/vc_row][vc_row equal_height=&#8221;yes&#8221; content_placement=&#8221;top&#8221;][vc_column width=&#8221;1\/3&#8243;]<figure class=\"sc_image  sc_image_shape_square\" style=\"width:100%;\"><img decoding=\"async\" src=\"https:\/\/test-oldwebsite.igcat.org\/wp-content\/uploads\/2022\/10\/Engaging-young-minds-for-a-sustainable-future.jpg\" alt=\"\" \/><\/figure>[\/vc_column][vc_column width=&#8221;2\/3&#8243;][vc_column_text]<\/p>\n<h2 style=\"text-align: left;\">MOBILISER LES JEUNES ESPRITS<\/h2>\n<h3>Mobiliser les jeunes talents pour construire un avenir plus durable<\/h3>\n<p>Webinaire<\/p>\n<p class=\"p1\" style=\"text-align: left;\"><strong>9e r\u00e9union annuelle des experts du CIGBT<\/strong><br \/>\n<strong>1er \u00e9v\u00e9nement multiplicateur du projet Erasmus+ NEMOS<\/strong><\/p>\n<p style=\"text-align: left;\">20 octobre 2022<\/p>\n<p>[\/vc_column_text][\/vc_column][\/vc_row][vc_row][vc_column][vc_empty_space][\/vc_column][\/vc_row][vc_row][vc_column][vc_column_text]L\u2019IGCAT estime que permettre aux jeunes de contribuer \u00e0 diff\u00e9rents domaines d\u2019action est un atout pour la durabilit\u00e9 et la croissance inclusive.<\/p>\n<p>Le webinaire <strong>Engaging Young Minds<\/strong> a mis en lumi\u00e8re les bonnes pratiques et les projets pionniers impliquant les jeunes dans les r\u00e9gions mondiales et europ\u00e9ennes de la gastronomie r\u00e9compens\u00e9es. Celles-ci ont \u00e9t\u00e9 combin\u00e9es avec les connaissances et l\u2019exp\u00e9rience du projet Erasmus+ <strong>NEMOS \u2013 Un nouveau mod\u00e8le \u00e9ducatif pour l\u2019acquisition de comp\u00e9tences en mati\u00e8re de durabilit\u00e9 par le biais de l\u2019apprentissage par le service<\/strong>.<\/p>\n<p>Des points de vue intersectoriels ont \u00e9t\u00e9 invit\u00e9s par des experts ainsi que par des jeunes des r\u00e9gions mondiales et europ\u00e9ennes de la gastronomie et au-del\u00e0, sur la mani\u00e8re d\u2019engager et d\u2019activer les jeunes talents dans la qu\u00eate d\u2019un avenir plus durable.[\/vc_column_text][vc_empty_space][\/vc_column][\/vc_row][vc_row][vc_column][vc_btn title=&#8221;T\u00c9L\u00c9CHARGER LE PROGRAMME&#8221; color=&#8221;orange&#8221; link=&#8221;url:https%3A%2F%2Figcat.org%2Fwp-content%2Fuploads%2F2022%2F10%2F2022_IGCAT_ENGAGING-YOUNG-MINDS-2.pdf|target:_blank|&#8221;][\/vc_column][\/vc_row][vc_row][vc_column][vc_column_text]<\/p>\n<p style=\"text-align: left;\">Organis\u00e9 par :<\/p>\n<p>[\/vc_column_text][vc_empty_space]<figure class=\"sc_image  sc_image_shape_square\" style=\"width:50%;\"><img decoding=\"async\" src=\"https:\/\/test-oldwebsite.igcat.org\/wp-content\/uploads\/2022\/10\/Website-footer_Logos-1.png\" alt=\"\" \/><\/figure>[\/vc_column][\/vc_row][vc_row][vc_column][vc_empty_space][\/vc_column][\/vc_row][vc_row][vc_column width=&#8221;1\/3&#8243;][\/vc_column][vc_column width=&#8221;1\/3&#8243;]<div class=\"sc_line sc_line_style_solid\" style=\"border-top-style:solid;border-top-color:#dd9933;\"><\/div>[\/vc_column][vc_column width=&#8221;1\/3&#8243;][\/vc_column][\/vc_row][vc_row][vc_column][vc_empty_space][\/vc_column][\/vc_row][vc_row equal_height=&#8221;yes&#8221; content_placement=&#8221;top&#8221;][vc_column width=&#8221;1\/3&#8243;]<figure class=\"sc_image  sc_image_shape_square\" style=\"width:100%;\"><img decoding=\"async\" src=\"https:\/\/test-oldwebsite.igcat.org\/wp-content\/uploads\/2021\/05\/Webinar_600x450_1.jpg\" alt=\"\" \/><\/figure>[\/vc_column][vc_column width=&#8221;2\/3&#8243;][vc_column_text]<\/p>\n<h2 style=\"text-align: left;\">DU PRINTEMPS \u00c0 LA REPRISE<\/h2>\n<h3 style=\"text-align: left;\">R\u00e9silience, relance et am\u00e9lioration de l\u2019excellence dans le tourisme<\/h3>\n<p>Webinaire<\/p>\n<p class=\"p1\" style=\"text-align: left;\"><strong>22\u00e8me Plateforme Europ\u00e9enne de la R\u00e9gion de la Gastronomie<\/strong><br \/>\n<strong>8\u00e8me R\u00e9union Annuelle des Experts du CIGAT<\/strong><\/p>\n<p style=\"text-align: left;\">18-19 mai 2021 | Slov\u00e9nie<\/p>\n<p>[\/vc_column_text][\/vc_column][\/vc_row][vc_row][vc_column][vc_empty_space][\/vc_column][\/vc_row][vc_row][vc_column][vc_column_text]<\/p>\n<p class=\"p1\" style=\"text-align: left;\">Des experts du CICAT et des parties prenantes de divers secteurs de l\u2019alimentation, de la culture, du bien-\u00eatre, de la nature et d\u2019autres secteurs ont examin\u00e9 de mani\u00e8re holistique le th\u00e8me <strong>Du printemps \u00e0 la reprise : r\u00e9silience, relance et am\u00e9lioration de l\u2019excellence dans le tourisme<\/strong>. Les secteurs du voyage, du tourisme, de l\u2019h\u00f4tellerie et de la culture ont \u00e9t\u00e9 les plus touch\u00e9s \u00e9conomiquement par la pand\u00e9mie de Covid-19. Notre objectif \u00e9tait donc de d\u00e9couvrir comment nous pouvons tirer parti de la crise pour reconstruire plus fort et mieux. Ce webinaire en deux parties a \u00e9t\u00e9 con\u00e7u pour recueillir autant d\u2019exemples que possible d\u2019id\u00e9es de bonnes pratiques et pour donner l\u2019occasion de poser des questions aux personnes qui mettent en \u0153uvre des programmes de relance dans toute l\u2019Europe.<\/p>\n<p>[\/vc_column_text][vc_empty_space][\/vc_column][\/vc_row][vc_row][vc_column][vc_btn title=&#8221;T\u00c9L\u00c9CHARGER LE PROGRAMME&#8221; color=&#8221;orange&#8221; link=&#8221;url:https%3A%2F%2Figcat.org%2Fwp-content%2Fuploads%2F2021%2F05%2F2021_IGCAT_SPRING-TO-RECOVERY_hosted-by-Slovenia-4.pdf|target:_blank|&#8221;][\/vc_column][\/vc_row][vc_row][vc_column][vc_column_text]<\/p>\n<p style=\"text-align: left;\">Organis\u00e9 par :<\/p>\n<p>[\/vc_column_text][vc_empty_space]<figure class=\"sc_image  sc_image_shape_square\" style=\"width:50%;\"><img decoding=\"async\" src=\"https:\/\/test-oldwebsite.igcat.org\/wp-content\/uploads\/2021\/04\/Logos-1.png\" alt=\"\" \/><\/figure>[\/vc_column][\/vc_row][vc_row disable_element=&#8221;yes&#8221;][vc_column][vc_empty_space][\/vc_column][\/vc_row][vc_row disable_element=&#8221;yes&#8221;][vc_column width=&#8221;1\/3&#8243;][\/vc_column][vc_column width=&#8221;1\/3&#8243;]<div class=\"sc_line sc_line_style_solid\" style=\"border-top-style:solid;border-top-color:#dd9933;\"><\/div>[\/vc_column][vc_column width=&#8221;1\/3&#8243;][\/vc_column][\/vc_row][vc_row disable_element=&#8221;yes&#8221;][vc_column][vc_empty_space][\/vc_column][\/vc_row][vc_row disable_element=&#8221;yes&#8221;][vc_column width=&#8221;1\/3&#8243;][vc_column_text]<img loading=\"lazy\" decoding=\"async\" class=\"aligncenter wp-image-11602 size-medium\" src=\"https:\/\/test-oldwebsite.igcat.org\/wp-content\/uploads\/2013\/06\/European_Region_Gastronomy_Main_Logo_600x224-300x112.png\" alt=\"\" width=\"300\" height=\"112\" srcset=\"https:\/\/test-oldwebsite.igcat.org\/wp-content\/uploads\/2013\/06\/European_Region_Gastronomy_Main_Logo_600x224-300x112.png 300w, https:\/\/test-oldwebsite.igcat.org\/wp-content\/uploads\/2013\/06\/European_Region_Gastronomy_Main_Logo_600x224-256x96.png 256w, https:\/\/test-oldwebsite.igcat.org\/wp-content\/uploads\/2013\/06\/European_Region_Gastronomy_Main_Logo_600x224-500x187.png 500w, https:\/\/test-oldwebsite.igcat.org\/wp-content\/uploads\/2013\/06\/European_Region_Gastronomy_Main_Logo_600x224.png 600w, https:\/\/test-oldwebsite.igcat.org\/wp-content\/uploads\/2013\/06\/European_Region_Gastronomy_Main_Logo_600x224-390x146.png 390w, https:\/\/test-oldwebsite.igcat.org\/wp-content\/uploads\/2013\/06\/European_Region_Gastronomy_Main_Logo_600x224-370x138.png 370w\" sizes=\"auto, (max-width: 300px) 100vw, 300px\" \/>[\/vc_column_text][\/vc_column][vc_column width=&#8221;2\/3&#8243;][vc_column_text]<\/p>\n<h2 style=\"text-align: left;\">UN AVENIR PLUS VERT ET PLUS SAIN<\/h2>\n<h3 style=\"text-align: left;\">R\u00e9gions europ\u00e9ennes de la gastronomie<\/h3>\n<p>[\/vc_column_text][vc_empty_space height=&#8221;15px&#8221;][vc_column_text]<\/p>\n<p style=\"text-align: left;\"><strong>Semaine europ\u00e9enne des r\u00e9gions et des villes 2019<\/strong><br \/>\n\u00c9v\u00e9nement parall\u00e8le<\/p>\n<p>[\/vc_column_text][vc_empty_space height=&#8221;15px&#8221;][vc_column_text]<\/p>\n<p style=\"text-align: left;\">9 octobre 2019 | Claridge, Chauss\u00e9e de Louvain 24B, 1210 Saint-Josse | Bruxelles<\/p>\n<p>[\/vc_column_text][vc_empty_space][vc_btn title=&#8221;T\u00c9L\u00c9CHARGER LE PROGRAMME&#8221; style=&#8221;custom&#8221; custom_background=&#8221;#225378&#8243; custom_text=&#8221;#ffffff&#8221; align=&#8221;left&#8221; link=&#8221;url:https%3A%2F%2Figcat.org%2Fwp-content%2Fuploads%2F2019%2F09%2FIGCAT-Brussels-Agenda-1.pdf|target:%20_blank|&#8221;][\/vc_column][\/vc_row]<\/p>\n<\/div>","protected":false},"excerpt":{"rendered":"<p>[vc_row][vc_column][vc_column_text] \u00c9V\u00c9NEMENTS PASS\u00c9S [\/vc_column_text][vc_empty_space][\/vc_column][\/vc_row][vc_row equal_height=&#8221;yes&#8221; content_placement=&#8221;top&#8221;][vc_column width=&#8221;1\/3&#8243;][\/vc_column][vc_column width=&#8221;2\/3&#8243;][vc_column_text] MOBILISER LES JEUNES ESPRITS Mobiliser les jeunes talents pour construire un avenir plus durable Webinaire 9e r\u00e9union annuelle des experts du CIGBT 1er \u00e9v\u00e9nement multiplicateur du projet Erasmus+ NEMOS 20 octobre 2022 [\/vc_column_text][\/vc_column][\/vc_row][vc_row][vc_column][vc_empty_space][\/vc_column][\/vc_row][vc_row][vc_column][vc_column_text]L\u2019IGCAT estime que permettre aux jeunes de contribuer \u00e0 diff\u00e9rents domaines d\u2019action est un atout [&hellip;]<\/p>\n","protected":false},"author":34,"featured_media":0,"parent":28352,"menu_order":1,"comment_status":"closed","ping_status":"closed","template":"","meta":{"_acf_changed":false,"footnotes":""},"class_list":["post-28277","page","type-page","status-publish","hentry"],"acf":[],"yoast_head":"<!-- This site is optimized with the Yoast SEO plugin v26.0 - https:\/\/yoast.com\/wordpress\/plugins\/seo\/ -->\n<title>Ev\u00e9nements pass\u00e9s - IGCAT<\/title>\n<meta name=\"description\" content=\"L\u2019IGCAT organise des \u00e9v\u00e9nements internationaux en collaboration avec la Plateforme europ\u00e9enne de la R\u00e9gion de la Gastronomie afin d\u2019am\u00e9liorer la visibilit\u00e9 de ses principes et de ses programmes\" \/>\n<meta name=\"robots\" content=\"noindex, follow, max-snippet:-1, max-image-preview:large, max-video-preview:-1\" \/>\n<meta property=\"og:locale\" content=\"fr_FR\" \/>\n<meta property=\"og:type\" content=\"article\" \/>\n<meta property=\"og:title\" content=\"Ev\u00e9nements pass\u00e9s - IGCAT\" \/>\n<meta property=\"og:description\" content=\"L\u2019IGCAT organise des \u00e9v\u00e9nements internationaux en collaboration avec la Plateforme europ\u00e9enne de la R\u00e9gion de la Gastronomie afin d\u2019am\u00e9liorer la visibilit\u00e9 de ses principes et de ses programmes\" \/>\n<meta property=\"og:url\" content=\"https:\/\/test-oldwebsite.igcat.org\/fr\/epreuves\/evenements-passes\/\" \/>\n<meta property=\"og:site_name\" content=\"IGCAT - International Institute of Gastronomy, Culture, Arts and Tourism\" \/>\n<meta property=\"article:publisher\" content=\"https:\/\/www.facebook.com\/IGCAT2\/\" \/>\n<meta property=\"article:modified_time\" content=\"2024-04-18T17:31:22+00:00\" \/>\n<meta property=\"og:image\" content=\"https:\/\/test-oldwebsite.igcat.org\/wp-content\/uploads\/2013\/06\/European_Region_Gastronomy_Main_Logo_600x224-300x112.png\" \/>\n<meta name=\"twitter:card\" content=\"summary_large_image\" \/>\n<meta name=\"twitter:site\" content=\"@IGCAT2\" \/>\n<meta name=\"twitter:label1\" content=\"Dur\u00e9e de lecture estim\u00e9e\" \/>\n\t<meta name=\"twitter:data1\" content=\"3 minutes\" \/>\n<script type=\"application\/ld+json\" class=\"yoast-schema-graph\">{\"@context\":\"https:\/\/schema.org\",\"@graph\":[{\"@type\":\"WebPage\",\"@id\":\"https:\/\/test-oldwebsite.igcat.org\/fr\/epreuves\/evenements-passes\/\",\"url\":\"https:\/\/test-oldwebsite.igcat.org\/fr\/epreuves\/evenements-passes\/\",\"name\":\"Ev\u00e9nements pass\u00e9s - IGCAT\",\"isPartOf\":{\"@id\":\"https:\/\/test-oldwebsite.igcat.org\/fr\/#website\"},\"primaryImageOfPage\":{\"@id\":\"https:\/\/test-oldwebsite.igcat.org\/fr\/epreuves\/evenements-passes\/#primaryimage\"},\"image\":{\"@id\":\"https:\/\/test-oldwebsite.igcat.org\/fr\/epreuves\/evenements-passes\/#primaryimage\"},\"thumbnailUrl\":\"https:\/\/test-oldwebsite.igcat.org\/wp-content\/uploads\/2013\/06\/European_Region_Gastronomy_Main_Logo_600x224-300x112.png\",\"datePublished\":\"2019-09-11T10:45:54+00:00\",\"dateModified\":\"2024-04-18T17:31:22+00:00\",\"description\":\"L\u2019IGCAT organise des \u00e9v\u00e9nements internationaux en collaboration avec la Plateforme europ\u00e9enne de la R\u00e9gion de la Gastronomie afin d\u2019am\u00e9liorer la visibilit\u00e9 de ses principes et de ses programmes\",\"breadcrumb\":{\"@id\":\"https:\/\/test-oldwebsite.igcat.org\/fr\/epreuves\/evenements-passes\/#breadcrumb\"},\"inLanguage\":\"fr-FR\",\"potentialAction\":[{\"@type\":\"ReadAction\",\"target\":[\"https:\/\/test-oldwebsite.igcat.org\/fr\/epreuves\/evenements-passes\/\"]}]},{\"@type\":\"ImageObject\",\"inLanguage\":\"fr-FR\",\"@id\":\"https:\/\/test-oldwebsite.igcat.org\/fr\/epreuves\/evenements-passes\/#primaryimage\",\"url\":\"https:\/\/test-oldwebsite.igcat.org\/wp-content\/uploads\/2013\/06\/European_Region_Gastronomy_Main_Logo_600x224-300x112.png\",\"contentUrl\":\"https:\/\/test-oldwebsite.igcat.org\/wp-content\/uploads\/2013\/06\/European_Region_Gastronomy_Main_Logo_600x224-300x112.png\"},{\"@type\":\"BreadcrumbList\",\"@id\":\"https:\/\/test-oldwebsite.igcat.org\/fr\/epreuves\/evenements-passes\/#breadcrumb\",\"itemListElement\":[{\"@type\":\"ListItem\",\"position\":1,\"name\":\"Home\",\"item\":\"https:\/\/test-oldwebsite.igcat.org\/fr\/page-daccueil\/\"},{\"@type\":\"ListItem\",\"position\":2,\"name\":\"\u00c9preuves\",\"item\":\"https:\/\/test-oldwebsite.igcat.org\/fr\/epreuves\/\"},{\"@type\":\"ListItem\",\"position\":3,\"name\":\"Ev\u00e9nements pass\u00e9s\"}]},{\"@type\":\"WebSite\",\"@id\":\"https:\/\/test-oldwebsite.igcat.org\/fr\/#website\",\"url\":\"https:\/\/test-oldwebsite.igcat.org\/fr\/\",\"name\":\"IGCAT - International Institute of Gastronomy, Culture, Arts and Tourism\",\"description\":\"International Institute of Gastronomy, Culture, Arts and Tourism\",\"publisher\":{\"@id\":\"https:\/\/test-oldwebsite.igcat.org\/fr\/#organization\"},\"potentialAction\":[{\"@type\":\"SearchAction\",\"target\":{\"@type\":\"EntryPoint\",\"urlTemplate\":\"https:\/\/test-oldwebsite.igcat.org\/fr\/?s={search_term_string}\"},\"query-input\":{\"@type\":\"PropertyValueSpecification\",\"valueRequired\":true,\"valueName\":\"search_term_string\"}}],\"inLanguage\":\"fr-FR\"},{\"@type\":\"Organization\",\"@id\":\"https:\/\/test-oldwebsite.igcat.org\/fr\/#organization\",\"name\":\"IGCAT\",\"url\":\"https:\/\/test-oldwebsite.igcat.org\/fr\/\",\"logo\":{\"@type\":\"ImageObject\",\"inLanguage\":\"fr-FR\",\"@id\":\"https:\/\/test-oldwebsite.igcat.org\/fr\/#\/schema\/logo\/image\/\",\"url\":\"https:\/\/test-oldwebsite.igcat.org\/wp-content\/uploads\/2016\/02\/main_logo.png\",\"contentUrl\":\"https:\/\/test-oldwebsite.igcat.org\/wp-content\/uploads\/2016\/02\/main_logo.png\",\"width\":620,\"height\":228,\"caption\":\"IGCAT\"},\"image\":{\"@id\":\"https:\/\/test-oldwebsite.igcat.org\/fr\/#\/schema\/logo\/image\/\"},\"sameAs\":[\"https:\/\/www.facebook.com\/IGCAT2\/\",\"https:\/\/x.com\/IGCAT2\",\"https:\/\/www.instagram.com\/igcat_org\/\",\"https:\/\/www.linkedin.com\/company\/igcat-international-institute-of-gastronomy-arts-and-tourism\/\",\"https:\/\/www.youtube.com\/channel\/UCL1xbT3vRbZh3bj-d0_0Vlg\"]}]}<\/script>\n<!-- \/ Yoast SEO plugin. -->","yoast_head_json":{"title":"Ev\u00e9nements pass\u00e9s - IGCAT","description":"L\u2019IGCAT organise des \u00e9v\u00e9nements internationaux en collaboration avec la Plateforme europ\u00e9enne de la R\u00e9gion de la Gastronomie afin d\u2019am\u00e9liorer la visibilit\u00e9 de ses principes et de ses programmes","robots":{"index":"noindex","follow":"follow","max-snippet":"max-snippet:-1","max-image-preview":"max-image-preview:large","max-video-preview":"max-video-preview:-1"},"og_locale":"fr_FR","og_type":"article","og_title":"Ev\u00e9nements pass\u00e9s - IGCAT","og_description":"L\u2019IGCAT organise des \u00e9v\u00e9nements internationaux en collaboration avec la Plateforme europ\u00e9enne de la R\u00e9gion de la Gastronomie afin d\u2019am\u00e9liorer la visibilit\u00e9 de ses principes et de ses programmes","og_url":"https:\/\/test-oldwebsite.igcat.org\/fr\/epreuves\/evenements-passes\/","og_site_name":"IGCAT - International Institute of Gastronomy, Culture, Arts and Tourism","article_publisher":"https:\/\/www.facebook.com\/IGCAT2\/","article_modified_time":"2024-04-18T17:31:22+00:00","og_image":[{"url":"https:\/\/test-oldwebsite.igcat.org\/wp-content\/uploads\/2013\/06\/European_Region_Gastronomy_Main_Logo_600x224-300x112.png","type":"","width":"","height":""}],"twitter_card":"summary_large_image","twitter_site":"@IGCAT2","twitter_misc":{"Dur\u00e9e de lecture estim\u00e9e":"3 minutes"},"schema":{"@context":"https:\/\/schema.org","@graph":[{"@type":"WebPage","@id":"https:\/\/test-oldwebsite.igcat.org\/fr\/epreuves\/evenements-passes\/","url":"https:\/\/test-oldwebsite.igcat.org\/fr\/epreuves\/evenements-passes\/","name":"Ev\u00e9nements pass\u00e9s - IGCAT","isPartOf":{"@id":"https:\/\/test-oldwebsite.igcat.org\/fr\/#website"},"primaryImageOfPage":{"@id":"https:\/\/test-oldwebsite.igcat.org\/fr\/epreuves\/evenements-passes\/#primaryimage"},"image":{"@id":"https:\/\/test-oldwebsite.igcat.org\/fr\/epreuves\/evenements-passes\/#primaryimage"},"thumbnailUrl":"https:\/\/test-oldwebsite.igcat.org\/wp-content\/uploads\/2013\/06\/European_Region_Gastronomy_Main_Logo_600x224-300x112.png","datePublished":"2019-09-11T10:45:54+00:00","dateModified":"2024-04-18T17:31:22+00:00","description":"L\u2019IGCAT organise des \u00e9v\u00e9nements internationaux en collaboration avec la Plateforme europ\u00e9enne de la R\u00e9gion de la Gastronomie afin d\u2019am\u00e9liorer la visibilit\u00e9 de ses principes et de ses programmes","breadcrumb":{"@id":"https:\/\/test-oldwebsite.igcat.org\/fr\/epreuves\/evenements-passes\/#breadcrumb"},"inLanguage":"fr-FR","potentialAction":[{"@type":"ReadAction","target":["https:\/\/test-oldwebsite.igcat.org\/fr\/epreuves\/evenements-passes\/"]}]},{"@type":"ImageObject","inLanguage":"fr-FR","@id":"https:\/\/test-oldwebsite.igcat.org\/fr\/epreuves\/evenements-passes\/#primaryimage","url":"https:\/\/test-oldwebsite.igcat.org\/wp-content\/uploads\/2013\/06\/European_Region_Gastronomy_Main_Logo_600x224-300x112.png","contentUrl":"https:\/\/test-oldwebsite.igcat.org\/wp-content\/uploads\/2013\/06\/European_Region_Gastronomy_Main_Logo_600x224-300x112.png"},{"@type":"BreadcrumbList","@id":"https:\/\/test-oldwebsite.igcat.org\/fr\/epreuves\/evenements-passes\/#breadcrumb","itemListElement":[{"@type":"ListItem","position":1,"name":"Home","item":"https:\/\/test-oldwebsite.igcat.org\/fr\/page-daccueil\/"},{"@type":"ListItem","position":2,"name":"\u00c9preuves","item":"https:\/\/test-oldwebsite.igcat.org\/fr\/epreuves\/"},{"@type":"ListItem","position":3,"name":"Ev\u00e9nements pass\u00e9s"}]},{"@type":"WebSite","@id":"https:\/\/test-oldwebsite.igcat.org\/fr\/#website","url":"https:\/\/test-oldwebsite.igcat.org\/fr\/","name":"IGCAT - International Institute of Gastronomy, Culture, Arts and Tourism","description":"International Institute of Gastronomy, Culture, Arts and Tourism","publisher":{"@id":"https:\/\/test-oldwebsite.igcat.org\/fr\/#organization"},"potentialAction":[{"@type":"SearchAction","target":{"@type":"EntryPoint","urlTemplate":"https:\/\/test-oldwebsite.igcat.org\/fr\/?s={search_term_string}"},"query-input":{"@type":"PropertyValueSpecification","valueRequired":true,"valueName":"search_term_string"}}],"inLanguage":"fr-FR"},{"@type":"Organization","@id":"https:\/\/test-oldwebsite.igcat.org\/fr\/#organization","name":"IGCAT","url":"https:\/\/test-oldwebsite.igcat.org\/fr\/","logo":{"@type":"ImageObject","inLanguage":"fr-FR","@id":"https:\/\/test-oldwebsite.igcat.org\/fr\/#\/schema\/logo\/image\/","url":"https:\/\/test-oldwebsite.igcat.org\/wp-content\/uploads\/2016\/02\/main_logo.png","contentUrl":"https:\/\/test-oldwebsite.igcat.org\/wp-content\/uploads\/2016\/02\/main_logo.png","width":620,"height":228,"caption":"IGCAT"},"image":{"@id":"https:\/\/test-oldwebsite.igcat.org\/fr\/#\/schema\/logo\/image\/"},"sameAs":["https:\/\/www.facebook.com\/IGCAT2\/","https:\/\/x.com\/IGCAT2","https:\/\/www.instagram.com\/igcat_org\/","https:\/\/www.linkedin.com\/company\/igcat-international-institute-of-gastronomy-arts-and-tourism\/","https:\/\/www.youtube.com\/channel\/UCL1xbT3vRbZh3bj-d0_0Vlg"]}]}},"_links":{"self":[{"href":"https:\/\/test-oldwebsite.igcat.org\/fr\/wp-json\/wp\/v2\/pages\/28277","targetHints":{"allow":["GET"]}}],"collection":[{"href":"https:\/\/test-oldwebsite.igcat.org\/fr\/wp-json\/wp\/v2\/pages"}],"about":[{"href":"https:\/\/test-oldwebsite.igcat.org\/fr\/wp-json\/wp\/v2\/types\/page"}],"author":[{"embeddable":true,"href":"https:\/\/test-oldwebsite.igcat.org\/fr\/wp-json\/wp\/v2\/users\/34"}],"replies":[{"embeddable":true,"href":"https:\/\/test-oldwebsite.igcat.org\/fr\/wp-json\/wp\/v2\/comments?post=28277"}],"version-history":[{"count":0,"href":"https:\/\/test-oldwebsite.igcat.org\/fr\/wp-json\/wp\/v2\/pages\/28277\/revisions"}],"up":[{"embeddable":true,"href":"https:\/\/test-oldwebsite.igcat.org\/fr\/wp-json\/wp\/v2\/pages\/28352"}],"wp:attachment":[{"href":"https:\/\/test-oldwebsite.igcat.org\/fr\/wp-json\/wp\/v2\/media?parent=28277"}],"curies":[{"name":"wp","href":"https:\/\/api.w.org\/{rel}","templated":true}]}}