{"id":28311,"date":"2017-01-29T11:24:00","date_gmt":"2017-01-29T10:24:00","guid":{"rendered":"https:\/\/test-oldwebsite.igcat.org\/projets\/prix-de-la-region-de-la-gastronomie\/"},"modified":"2024-08-20T14:22:11","modified_gmt":"2024-08-20T12:22:11","slug":"prix-de-la-region-de-la-gastronomie","status":"publish","type":"page","link":"https:\/\/test-oldwebsite.igcat.org\/fr\/projets\/prix-de-la-region-de-la-gastronomie\/","title":{"rendered":"Prix de la R\u00e9gion de la Gastronomie"},"content":{"rendered":"<div class=\"wpb-content-wrapper\"><p>[vc_row][vc_column][vc_column_text css=&#8221;&#8221;]<img loading=\"lazy\" decoding=\"async\" class=\"wp-image-22794 size-full aligncenter\" src=\"https:\/\/test-oldwebsite.igcat.org\/wp-content\/uploads\/2021\/01\/WRG_ICON_WEB.png\" alt=\"R\u00e9gion Mondiale de la Gastronomie\" width=\"170\" height=\"100\" \/>[\/vc_column_text][vc_empty_space]<h1 class=\"sc_title sc_title_regular sc_align_center\" style=\"margin-bottom:30px;text-align:center;\">Region of Gastronomy Award<\/h1>[vc_column_text css=&#8221;&#8221;]<\/p>\n<p style=\"text-align: center;\"><iframe loading=\"lazy\" title=\"YouTube video player\" src=\"https:\/\/www.youtube.com\/embed\/lGnOIqO5xjs?si=NAb3anAmBPXZSu40\" width=\"560\" height=\"315\" frameborder=\"0\" allowfullscreen=\"allowfullscreen\"><\/iframe><\/p>\n<p style=\"text-align: right;\"><em><blockquote class=\"sc_quote sc_quote_style_light\"><p>Le <strong>Prix de la R\u00e9gion de la Gastronomie<\/strong> vise \u00e0 contribuer \u00e0 une meilleure qualit\u00e9 de vie en sensibilisant \u00e0 l\u2019importance de l\u2019unicit\u00e9 culturelle et alimentaire, en stimulant la cr\u00e9ativit\u00e9 et l\u2019innovation gastronomique, en \u00e9duquant pour une meilleure nutrition, en am\u00e9liorant les normes du tourisme durable, en mettant en valeur les cultures alimentaires distinctives et en renfor\u00e7ant le bien-\u00eatre des communaut\u00e9s. <\/p><\/blockquote><\/em><\/p>\n<p>&nbsp;<\/p>\n<p><a href=\"https:\/\/test-oldwebsite.igcat.org\/fr\/experts\/reseau-mondial-dexperts\/\">Les experts IGCAT<\/a> a d\u00e9velopp\u00e9 le <strong><a href=\"https:\/\/test-oldwebsite.igcat.org\/wp-content\/uploads\/2024\/08\/World_Region_of_Gastronomy_Brochure_FR_2024.pdf\" target=\"_blank\" rel=\"noopener noreferrer\">La R\u00e9gion de la Gastronomie<\/a><\/strong> r\u00e9compense la convergence croissante des secteurs de <strong>l\u2019alimentation<\/strong>, de <strong>la culture<\/strong> et du <strong>tourisme<\/strong> et les d\u00e9veloppements passionnants qui se produisent au niveau local et qui pourraient soutenir le <strong>d\u00e9veloppement r\u00e9gional<\/strong>. L\u2019id\u00e9e du prix a ensuite \u00e9t\u00e9 d\u00e9velopp\u00e9e par l\u2019IGCAT pendant plusieurs ann\u00e9es en collaboration avec 9 r\u00e9gions europ\u00e9ennes afin d\u2019identifier les domaines d\u2019intervention qui pourraient r\u00e9pondre aux besoins des r\u00e9gions. En 2019, des experts de l\u2019IGCAT du monde entier se sont r\u00e9unis pour discuter des changements \u00e0 apporter aux <a href=\"https:\/\/test-oldwebsite.igcat.org\/world-regions-of-gastronomy-platform\/focus-areas\/\" target=\"_blank\" rel=\"noopener noreferrer\">domaines d\u2019intervention<\/a> afin de d\u00e9cerner le prix dans le monde entier. En 2020, l\u2019IGCAT a officiellement ouvert le Prix aux r\u00e9gions du monde.[\/vc_column_text][\/vc_column][\/vc_row][vc_row][vc_column][vc_empty_space][\/vc_column][\/vc_row][vc_row][vc_column][vc_gallery type=&#8221;flexslider_slide&#8221; interval=&#8221;5&#8243; images=&#8221;28256,28254,28247,28250,28259,28252&#8243; img_size=&#8221;large&#8221; onclick=&#8221;&#8221;][\/vc_column][\/vc_row][vc_row][vc_column][vc_column_text]Lors de la conception du Prix pour stimuler<br \/>\n<strong>l\u2019innovation gastronomique<\/strong> et <strong>le tourisme durable<\/strong>, les r\u00e9gions ont identifi\u00e9 la n\u00e9cessit\u00e9 de garantir des <strong>avantages \u00e0 plus long terme<\/strong> , <a href=\"https:\/\/test-oldwebsite.igcat.org\/fr\/plateforme-des-regions-du-monde-de-la-gastronomie\/\" target=\"_blank\" rel=\"noopener noreferrer\">c\u2019est pourquoi la plateforme de la r\u00e9gion de la gastronomie<\/a> a \u00e9t\u00e9 cr\u00e9\u00e9e pour soutenir et soutenir <strong>l\u2019\u00e9change de connaissances<\/strong> entre les r\u00e9gions participantes.<\/p>\n<p style=\"text-align: right;\"><em><blockquote class=\"sc_quote sc_quote_style_light\"><p>B<\/em><em>L\u2019identification pour le prix encourage les parties prenantes de tous les secteurs \u00e0 se r\u00e9unir et \u00e0 trouver des solutions communes aux d\u00e9fis du d\u00e9veloppement r\u00e9gional.<\/p><\/blockquote><\/em><\/p>\n<p>L\u2019IGCAT introduit dans le<strong> Prix de la R\u00e9gion de la Gastronomie<\/strong> Le concept d\u2019un <strong>Approche interdisciplinaire<\/strong> (gastronomie, culture, arts et tourisme &#8211; et de plus en plus agriculture, \u00e9ducation et sant\u00e9). Afin de rejoindre la plate-forme et de postuler pour le prix, les r\u00e9gions doivent s\u2019adapter au <strong>mod\u00e8le d\u2019apprentissage<\/strong> par le service de l\u2019IGCAT (en cr\u00e9ant un groupe r\u00e9gional de parties prenantes des institutions publiques, priv\u00e9es, du secteur tertiaire et du savoir) et, par le biais de r\u00e9unions r\u00e9guli\u00e8res, identifier les d\u00e9fis de la r\u00e9gion et proposer des actions pour soutenir le <strong>renforcement des capacit\u00e9s<\/strong> au niveau local. Cette approche a d\u00e9j\u00e0 connu un \u00e9norme succ\u00e8s. L\u2019IGCAT encourage les candidatures pour le <strong>Prix de la R\u00e9gion de la Gastronomie<\/strong> de tous les continents.[\/vc_column_text][\/vc_column][\/vc_row][vc_row][vc_column][vc_empty_space][\/vc_column][\/vc_row][vc_row content_placement=&#8221;middle&#8221;][vc_column]<figure class=\"sc_image  sc_image_shape_square\" style=\"margin-left:180px !important;width:300px;\"><a href=\"https:\/\/www.europeanregionofgastronomy.org\/\"><img decoding=\"async\" src=\"https:\/\/test-oldwebsite.igcat.org\/wp-content\/uploads\/2013\/06\/European_Region_Gastronomy_Main_Logo_600x224.png\" alt=\"\" \/><\/a><\/figure>[\/vc_column][\/vc_row][vc_row][vc_column][vc_empty_space height=&#8221;60px&#8221;][\/vc_column][\/vc_row][vc_row][vc_column][vc_column_text]<h4 class=\"sc_title sc_title_regular sc_align_center\" style=\"text-align:center;\">Plus d\u2019informations<\/h4>[\/vc_column_text][\/vc_column][\/vc_row][vc_row][vc_column][vc_btn title=&#8221;AUTONOMISER LES COMMUNAUT\u00c9S &#8211; Brochure sur la r\u00e9gion de la gastronomie&#8221; color=&#8221;warning&#8221; align=&#8221;center&#8221; css=&#8221;&#8221; link=&#8221;url:https%3A%2F%2Figcat.org%2Fwp-content%2Fuploads%2F2024%2F08%2FWorld_Region_of_Gastronomy_Brochure_FR_2024.pdf|target:_blank&#8221;][\/vc_column][\/vc_row]<\/p>\n<\/div>","protected":false},"excerpt":{"rendered":"<p>[vc_row][vc_column][vc_column_text css=&#8221;&#8221;][\/vc_column_text][vc_empty_space][vc_column_text css=&#8221;&#8221;] &nbsp; Les experts IGCAT a d\u00e9velopp\u00e9 le La R\u00e9gion de la Gastronomie r\u00e9compense la convergence croissante des secteurs de l\u2019alimentation, de la culture et du tourisme et les d\u00e9veloppements passionnants qui se produisent au niveau local et qui pourraient soutenir le d\u00e9veloppement r\u00e9gional. L\u2019id\u00e9e du prix a ensuite \u00e9t\u00e9 d\u00e9velopp\u00e9e par l\u2019IGCAT [&hellip;]<\/p>\n","protected":false},"author":2,"featured_media":0,"parent":28197,"menu_order":0,"comment_status":"closed","ping_status":"closed","template":"","meta":{"_acf_changed":false,"footnotes":""},"class_list":["post-28311","page","type-page","status-publish","hentry"],"acf":[],"yoast_head":"<!-- This site is optimized with the Yoast SEO plugin v26.0 - https:\/\/yoast.com\/wordpress\/plugins\/seo\/ -->\n<title>Prix de la R\u00e9gion de la Gastronomie - IGCAT<\/title>\n<meta name=\"description\" content=\"Le Prix de la R\u00e9gion de la Gastronomie reconna\u00eet la convergence croissante de l\u2019alimentation, de la culture et du tourisme et les d\u00e9veloppements passionnants qui se produisent au niveau local.\" \/>\n<meta name=\"robots\" content=\"noindex, follow, max-snippet:-1, max-image-preview:large, max-video-preview:-1\" \/>\n<meta property=\"og:locale\" content=\"fr_FR\" \/>\n<meta property=\"og:type\" content=\"article\" \/>\n<meta property=\"og:title\" content=\"Prix de la R\u00e9gion de la Gastronomie - IGCAT\" \/>\n<meta property=\"og:description\" content=\"Le Prix de la R\u00e9gion de la Gastronomie reconna\u00eet la convergence croissante de l\u2019alimentation, de la culture et du tourisme et les d\u00e9veloppements passionnants qui se produisent au niveau local.\" \/>\n<meta property=\"og:url\" content=\"https:\/\/test-oldwebsite.igcat.org\/fr\/projets\/prix-de-la-region-de-la-gastronomie\/\" \/>\n<meta property=\"og:site_name\" content=\"IGCAT - International Institute of Gastronomy, Culture, Arts and Tourism\" \/>\n<meta property=\"article:publisher\" content=\"https:\/\/www.facebook.com\/IGCAT2\/\" \/>\n<meta property=\"article:modified_time\" content=\"2024-08-20T12:22:11+00:00\" \/>\n<meta property=\"og:image\" content=\"https:\/\/test-oldwebsite.igcat.org\/wp-content\/uploads\/2021\/01\/WRG_ICON_WEB.png\" \/>\n<meta name=\"twitter:card\" content=\"summary_large_image\" \/>\n<meta name=\"twitter:site\" content=\"@IGCAT2\" \/>\n<meta name=\"twitter:label1\" content=\"Dur\u00e9e de lecture estim\u00e9e\" \/>\n\t<meta name=\"twitter:data1\" content=\"4 minutes\" \/>\n<script type=\"application\/ld+json\" class=\"yoast-schema-graph\">{\"@context\":\"https:\/\/schema.org\",\"@graph\":[{\"@type\":\"WebPage\",\"@id\":\"https:\/\/test-oldwebsite.igcat.org\/fr\/projets\/prix-de-la-region-de-la-gastronomie\/\",\"url\":\"https:\/\/test-oldwebsite.igcat.org\/fr\/projets\/prix-de-la-region-de-la-gastronomie\/\",\"name\":\"Prix de la R\u00e9gion de la Gastronomie - IGCAT\",\"isPartOf\":{\"@id\":\"https:\/\/test-oldwebsite.igcat.org\/fr\/#website\"},\"primaryImageOfPage\":{\"@id\":\"https:\/\/test-oldwebsite.igcat.org\/fr\/projets\/prix-de-la-region-de-la-gastronomie\/#primaryimage\"},\"image\":{\"@id\":\"https:\/\/test-oldwebsite.igcat.org\/fr\/projets\/prix-de-la-region-de-la-gastronomie\/#primaryimage\"},\"thumbnailUrl\":\"https:\/\/test-oldwebsite.igcat.org\/wp-content\/uploads\/2021\/01\/WRG_ICON_WEB.png\",\"datePublished\":\"2017-01-29T10:24:00+00:00\",\"dateModified\":\"2024-08-20T12:22:11+00:00\",\"description\":\"Le Prix de la R\u00e9gion de la Gastronomie reconna\u00eet la convergence croissante de l\u2019alimentation, de la culture et du tourisme et les d\u00e9veloppements passionnants qui se produisent au niveau local.\",\"breadcrumb\":{\"@id\":\"https:\/\/test-oldwebsite.igcat.org\/fr\/projets\/prix-de-la-region-de-la-gastronomie\/#breadcrumb\"},\"inLanguage\":\"fr-FR\",\"potentialAction\":[{\"@type\":\"ReadAction\",\"target\":[\"https:\/\/test-oldwebsite.igcat.org\/fr\/projets\/prix-de-la-region-de-la-gastronomie\/\"]}]},{\"@type\":\"ImageObject\",\"inLanguage\":\"fr-FR\",\"@id\":\"https:\/\/test-oldwebsite.igcat.org\/fr\/projets\/prix-de-la-region-de-la-gastronomie\/#primaryimage\",\"url\":\"https:\/\/test-oldwebsite.igcat.org\/wp-content\/uploads\/2021\/01\/WRG_ICON_WEB.png\",\"contentUrl\":\"https:\/\/test-oldwebsite.igcat.org\/wp-content\/uploads\/2021\/01\/WRG_ICON_WEB.png\"},{\"@type\":\"BreadcrumbList\",\"@id\":\"https:\/\/test-oldwebsite.igcat.org\/fr\/projets\/prix-de-la-region-de-la-gastronomie\/#breadcrumb\",\"itemListElement\":[{\"@type\":\"ListItem\",\"position\":1,\"name\":\"Home\",\"item\":\"https:\/\/test-oldwebsite.igcat.org\/fr\/page-daccueil\/\"},{\"@type\":\"ListItem\",\"position\":2,\"name\":\"Projets\",\"item\":\"https:\/\/test-oldwebsite.igcat.org\/fr\/projets\/\"},{\"@type\":\"ListItem\",\"position\":3,\"name\":\"Prix de la R\u00e9gion de la Gastronomie\"}]},{\"@type\":\"WebSite\",\"@id\":\"https:\/\/test-oldwebsite.igcat.org\/fr\/#website\",\"url\":\"https:\/\/test-oldwebsite.igcat.org\/fr\/\",\"name\":\"IGCAT - International Institute of Gastronomy, Culture, Arts and Tourism\",\"description\":\"International Institute of Gastronomy, Culture, Arts and Tourism\",\"publisher\":{\"@id\":\"https:\/\/test-oldwebsite.igcat.org\/fr\/#organization\"},\"potentialAction\":[{\"@type\":\"SearchAction\",\"target\":{\"@type\":\"EntryPoint\",\"urlTemplate\":\"https:\/\/test-oldwebsite.igcat.org\/fr\/?s={search_term_string}\"},\"query-input\":{\"@type\":\"PropertyValueSpecification\",\"valueRequired\":true,\"valueName\":\"search_term_string\"}}],\"inLanguage\":\"fr-FR\"},{\"@type\":\"Organization\",\"@id\":\"https:\/\/test-oldwebsite.igcat.org\/fr\/#organization\",\"name\":\"IGCAT\",\"url\":\"https:\/\/test-oldwebsite.igcat.org\/fr\/\",\"logo\":{\"@type\":\"ImageObject\",\"inLanguage\":\"fr-FR\",\"@id\":\"https:\/\/test-oldwebsite.igcat.org\/fr\/#\/schema\/logo\/image\/\",\"url\":\"https:\/\/test-oldwebsite.igcat.org\/wp-content\/uploads\/2016\/02\/main_logo.png\",\"contentUrl\":\"https:\/\/test-oldwebsite.igcat.org\/wp-content\/uploads\/2016\/02\/main_logo.png\",\"width\":620,\"height\":228,\"caption\":\"IGCAT\"},\"image\":{\"@id\":\"https:\/\/test-oldwebsite.igcat.org\/fr\/#\/schema\/logo\/image\/\"},\"sameAs\":[\"https:\/\/www.facebook.com\/IGCAT2\/\",\"https:\/\/x.com\/IGCAT2\",\"https:\/\/www.instagram.com\/igcat_org\/\",\"https:\/\/www.linkedin.com\/company\/igcat-international-institute-of-gastronomy-arts-and-tourism\/\",\"https:\/\/www.youtube.com\/channel\/UCL1xbT3vRbZh3bj-d0_0Vlg\"]}]}<\/script>\n<!-- \/ Yoast SEO plugin. -->","yoast_head_json":{"title":"Prix de la R\u00e9gion de la Gastronomie - IGCAT","description":"Le Prix de la R\u00e9gion de la Gastronomie reconna\u00eet la convergence croissante de l\u2019alimentation, de la culture et du tourisme et les d\u00e9veloppements passionnants qui se produisent au niveau local.","robots":{"index":"noindex","follow":"follow","max-snippet":"max-snippet:-1","max-image-preview":"max-image-preview:large","max-video-preview":"max-video-preview:-1"},"og_locale":"fr_FR","og_type":"article","og_title":"Prix de la R\u00e9gion de la Gastronomie - IGCAT","og_description":"Le Prix de la R\u00e9gion de la Gastronomie reconna\u00eet la convergence croissante de l\u2019alimentation, de la culture et du tourisme et les d\u00e9veloppements passionnants qui se produisent au niveau local.","og_url":"https:\/\/test-oldwebsite.igcat.org\/fr\/projets\/prix-de-la-region-de-la-gastronomie\/","og_site_name":"IGCAT - International Institute of Gastronomy, Culture, Arts and Tourism","article_publisher":"https:\/\/www.facebook.com\/IGCAT2\/","article_modified_time":"2024-08-20T12:22:11+00:00","og_image":[{"url":"https:\/\/test-oldwebsite.igcat.org\/wp-content\/uploads\/2021\/01\/WRG_ICON_WEB.png","type":"","width":"","height":""}],"twitter_card":"summary_large_image","twitter_site":"@IGCAT2","twitter_misc":{"Dur\u00e9e de lecture estim\u00e9e":"4 minutes"},"schema":{"@context":"https:\/\/schema.org","@graph":[{"@type":"WebPage","@id":"https:\/\/test-oldwebsite.igcat.org\/fr\/projets\/prix-de-la-region-de-la-gastronomie\/","url":"https:\/\/test-oldwebsite.igcat.org\/fr\/projets\/prix-de-la-region-de-la-gastronomie\/","name":"Prix de la R\u00e9gion de la Gastronomie - IGCAT","isPartOf":{"@id":"https:\/\/test-oldwebsite.igcat.org\/fr\/#website"},"primaryImageOfPage":{"@id":"https:\/\/test-oldwebsite.igcat.org\/fr\/projets\/prix-de-la-region-de-la-gastronomie\/#primaryimage"},"image":{"@id":"https:\/\/test-oldwebsite.igcat.org\/fr\/projets\/prix-de-la-region-de-la-gastronomie\/#primaryimage"},"thumbnailUrl":"https:\/\/test-oldwebsite.igcat.org\/wp-content\/uploads\/2021\/01\/WRG_ICON_WEB.png","datePublished":"2017-01-29T10:24:00+00:00","dateModified":"2024-08-20T12:22:11+00:00","description":"Le Prix de la R\u00e9gion de la Gastronomie reconna\u00eet la convergence croissante de l\u2019alimentation, de la culture et du tourisme et les d\u00e9veloppements passionnants qui se produisent au niveau local.","breadcrumb":{"@id":"https:\/\/test-oldwebsite.igcat.org\/fr\/projets\/prix-de-la-region-de-la-gastronomie\/#breadcrumb"},"inLanguage":"fr-FR","potentialAction":[{"@type":"ReadAction","target":["https:\/\/test-oldwebsite.igcat.org\/fr\/projets\/prix-de-la-region-de-la-gastronomie\/"]}]},{"@type":"ImageObject","inLanguage":"fr-FR","@id":"https:\/\/test-oldwebsite.igcat.org\/fr\/projets\/prix-de-la-region-de-la-gastronomie\/#primaryimage","url":"https:\/\/test-oldwebsite.igcat.org\/wp-content\/uploads\/2021\/01\/WRG_ICON_WEB.png","contentUrl":"https:\/\/test-oldwebsite.igcat.org\/wp-content\/uploads\/2021\/01\/WRG_ICON_WEB.png"},{"@type":"BreadcrumbList","@id":"https:\/\/test-oldwebsite.igcat.org\/fr\/projets\/prix-de-la-region-de-la-gastronomie\/#breadcrumb","itemListElement":[{"@type":"ListItem","position":1,"name":"Home","item":"https:\/\/test-oldwebsite.igcat.org\/fr\/page-daccueil\/"},{"@type":"ListItem","position":2,"name":"Projets","item":"https:\/\/test-oldwebsite.igcat.org\/fr\/projets\/"},{"@type":"ListItem","position":3,"name":"Prix de la R\u00e9gion de la Gastronomie"}]},{"@type":"WebSite","@id":"https:\/\/test-oldwebsite.igcat.org\/fr\/#website","url":"https:\/\/test-oldwebsite.igcat.org\/fr\/","name":"IGCAT - International Institute of Gastronomy, Culture, Arts and Tourism","description":"International Institute of Gastronomy, Culture, Arts and Tourism","publisher":{"@id":"https:\/\/test-oldwebsite.igcat.org\/fr\/#organization"},"potentialAction":[{"@type":"SearchAction","target":{"@type":"EntryPoint","urlTemplate":"https:\/\/test-oldwebsite.igcat.org\/fr\/?s={search_term_string}"},"query-input":{"@type":"PropertyValueSpecification","valueRequired":true,"valueName":"search_term_string"}}],"inLanguage":"fr-FR"},{"@type":"Organization","@id":"https:\/\/test-oldwebsite.igcat.org\/fr\/#organization","name":"IGCAT","url":"https:\/\/test-oldwebsite.igcat.org\/fr\/","logo":{"@type":"ImageObject","inLanguage":"fr-FR","@id":"https:\/\/test-oldwebsite.igcat.org\/fr\/#\/schema\/logo\/image\/","url":"https:\/\/test-oldwebsite.igcat.org\/wp-content\/uploads\/2016\/02\/main_logo.png","contentUrl":"https:\/\/test-oldwebsite.igcat.org\/wp-content\/uploads\/2016\/02\/main_logo.png","width":620,"height":228,"caption":"IGCAT"},"image":{"@id":"https:\/\/test-oldwebsite.igcat.org\/fr\/#\/schema\/logo\/image\/"},"sameAs":["https:\/\/www.facebook.com\/IGCAT2\/","https:\/\/x.com\/IGCAT2","https:\/\/www.instagram.com\/igcat_org\/","https:\/\/www.linkedin.com\/company\/igcat-international-institute-of-gastronomy-arts-and-tourism\/","https:\/\/www.youtube.com\/channel\/UCL1xbT3vRbZh3bj-d0_0Vlg"]}]}},"_links":{"self":[{"href":"https:\/\/test-oldwebsite.igcat.org\/fr\/wp-json\/wp\/v2\/pages\/28311","targetHints":{"allow":["GET"]}}],"collection":[{"href":"https:\/\/test-oldwebsite.igcat.org\/fr\/wp-json\/wp\/v2\/pages"}],"about":[{"href":"https:\/\/test-oldwebsite.igcat.org\/fr\/wp-json\/wp\/v2\/types\/page"}],"author":[{"embeddable":true,"href":"https:\/\/test-oldwebsite.igcat.org\/fr\/wp-json\/wp\/v2\/users\/2"}],"replies":[{"embeddable":true,"href":"https:\/\/test-oldwebsite.igcat.org\/fr\/wp-json\/wp\/v2\/comments?post=28311"}],"version-history":[{"count":0,"href":"https:\/\/test-oldwebsite.igcat.org\/fr\/wp-json\/wp\/v2\/pages\/28311\/revisions"}],"up":[{"embeddable":true,"href":"https:\/\/test-oldwebsite.igcat.org\/fr\/wp-json\/wp\/v2\/pages\/28197"}],"wp:attachment":[{"href":"https:\/\/test-oldwebsite.igcat.org\/fr\/wp-json\/wp\/v2\/media?parent=28311"}],"curies":[{"name":"wp","href":"https:\/\/api.w.org\/{rel}","templated":true}]}}