{"id":28314,"date":"2018-07-09T12:47:59","date_gmt":"2018-07-09T10:47:59","guid":{"rendered":"https:\/\/test-oldwebsite.igcat.org\/a-propos-de-ligcat\/politique-de-confidentialite\/"},"modified":"2024-04-18T20:06:51","modified_gmt":"2024-04-18T18:06:51","slug":"politique-de-confidentialite","status":"publish","type":"page","link":"https:\/\/test-oldwebsite.igcat.org\/fr\/a-propos-de-ligcat\/politique-de-confidentialite\/","title":{"rendered":"Politique de confidentialit\u00e9"},"content":{"rendered":"<h1 style=\"text-align: justify;\">Politique de confidentialit\u00e9<\/h1>\n<p>&nbsp;<\/p>\n<p style=\"text-align: justify;\">Cette Privacy Police rel\u00e8ve du <a href=\"https:\/\/www.eugdpr.org\/\" target=\"_blank\" rel=\"noopener noreferrer\">R\u00e8glement g\u00e9n\u00e9ral sur la protection des donn\u00e9es<\/a> (RGPD).<\/p>\n<p style=\"text-align: justify;\">Cette politique de confidentialit\u00e9 s\u2019applique aux informations que nous (IGCAT) recueillons sur les personnes qui interagissent avec notre organisation. Elle explique quelles informations personnelles nous recueillons et comment nous les utilisons.<\/p>\n<p style=\"text-align: justify;\">Si vous avez des commentaires ou des questions concernant cet avis, n\u2019h\u00e9sitez pas \u00e0 nous contacter via ce <a href=\"https:\/\/test-oldwebsite.igcat.org\/contact\/location\/\" target=\"_blank\" rel=\"noopener noreferrer\">formulaire de contact<\/a> sur notre site Web ou par e-mail \u00e0 <a href=\"mailto:info@igcat.org\" target=\"_blank\" rel=\"noopener noreferrer\">info@igcat.org<\/a>.<\/p>\n<p>&nbsp;<\/p>\n<h3 style=\"text-align: justify;\">1. Qui sommes-nous ?<\/h3>\n<p style=\"text-align: justify;\">L\u2019IGCAT est un institut \u00e0 but non lucratif bas\u00e9 en Espagne depuis 2012.<\/p>\n<p>&nbsp;<\/p>\n<h3 style=\"text-align: justify;\">2. Donn\u00e9es personnelles que nous collectons<\/h3>\n<p style=\"text-align: justify;\">Le tableau suivant explique les types de donn\u00e9es que nous collectons et la base juridique, en vertu de la l\u00e9gislation en vigueur sur la protection des donn\u00e9es, sur la base de laquelle ces donn\u00e9es sont trait\u00e9es.<\/p>\n<table style=\"height: 66px; width: 825px; border: 1px solid #000000;\" border=\"1px solid rgb(0, 0, 0)\" cellpadding=\"10\">\n<tbody>\n<tr style=\"height: 24px;\">\n<td style=\"border: 1px solid #000000; width: 133px;\"><strong>But<\/strong><\/td>\n<td style=\"border: 1px solid #000000; width: 113px;\"><strong>Donn\u00e9es<\/strong><\/td>\n<td style=\"border: 1px solid #000000; width: 579px;\"><strong>Base juridique<\/strong><\/td>\n<\/tr>\n<tr style=\"height: 72px;\">\n<td style=\"border: 1px solid #000000; width: 133px;\">S\u2019informer sur l\u2019IGCAT et son travail<\/td>\n<td style=\"border: 1px solid #000000; width: 113px;\">Nom, e-mail, message<\/td>\n<td style=\"border: 1px solid #000000; width: 579px; text-align: justify;\"><strong>Int\u00e9r\u00eats l\u00e9gitimes<\/strong> &#8211; il est n\u00e9cessaire que nous lisions et stockions votre message afin que nous puissions vous r\u00e9pondre de la mani\u00e8re dont vous vous y attendez. Nous ne partagerons pas vos informations avec des tiers sans votre accord expr\u00e8s. Nous l\u2019utiliserons pour vous contacter au sujet de domaines d\u2019int\u00e9r\u00eat commun.<\/td>\n<\/tr>\n<tr style=\"height: 96px;\">\n<td style=\"border: 1px solid #000000; width: 133px;\">S\u2019inscrire \u00e0 la newsletter de l\u2019IGCAT<\/td>\n<td style=\"border: 1px solid #000000; width: 113px;\">E-mails, ouvertures, clics, opt-ins, opt-outs<\/td>\n<td style=\"border: 1px solid #000000; text-align: justify; width: 579px;\"><strong>Consentement<\/strong> &#8211; en vous inscrivant \u00e0 l\u2019IGCAT, vous avez donn\u00e9 votre consentement actif pour que nous vous envoyions notre bulletin d\u2019information trimestriel. Nous demandons le consentement pendant le processus d\u2019inscription au moyen d\u2019un texte de consentement qui fournit un lien vers notre page de politique de confidentialit\u00e9. Nous ne partagerons pas vos informations avec des tiers sans votre accord expr\u00e8s. Nous pouvons l\u2019utiliser pour vous contacter au sujet de domaines d\u2019int\u00e9r\u00eat commun.<\/td>\n<\/tr>\n<tr style=\"height: 35.5px;\">\n<td style=\"border: 1px solid #000000; width: 133px;\">Fonctionnalit\u00e9 du site Web<\/td>\n<td style=\"border: 1px solid #000000; width: 113px;\">Activit\u00e9 sur le site Web collect\u00e9e par le biais de cookies<\/td>\n<td style=\"border: 1px solid #000000; text-align: justify; width: 579px;\"><strong>Int\u00e9r\u00eats l\u00e9gitimes<\/strong> &#8211; il est n\u00e9cessaire pour nous de stocker une petite quantit\u00e9 d\u2019informations, g\u00e9n\u00e9ralement par le biais de cookies, pour fournir les fonctionnalit\u00e9s que vous attendez, telles que la m\u00e9morisation du contenu de votre commande avant que vous n\u2019ayez enti\u00e8rement termin\u00e9 le processus.<\/td>\n<\/tr>\n<tr style=\"height: 35.5px;\">\n<td style=\"border: 1px solid #000000; width: 133px;\">Collaborer avec l\u2019IGCAT et \u00e0 ses travaux<\/td>\n<td style=\"border: 1px solid #000000; width: 113px;\">Nom, pr\u00e9nom, organisation professionnelle, e-mail<\/td>\n<td style=\"border: 1px solid #000000; text-align: justify; width: 579px;\"><strong>Consentement<\/strong> &#8211; vous avez donn\u00e9 votre consentement actif en nous contactant par e-mail ou en nous donnant votre carte de visite ou en signant notre protocole d\u2019accord en tant qu\u2019expert de l\u2019IGCAT ou en tant que repr\u00e9sentant d\u2019une r\u00e9gion activement impliqu\u00e9e dans les projets et programmes de l\u2019IGCAT. Vos informations seront stock\u00e9es pour vous contacter au sujet de projets et de programmes d\u2019int\u00e9r\u00eat commun. Votre nom, votre titre et les d\u00e9tails de votre \u00e9tablissement seront partag\u00e9s avec nos partenaires. Nous ne partagerons pas vos informations avec des tiers sans votre accord expr\u00e8s.<\/td>\n<\/tr>\n<\/tbody>\n<\/table>\n<p>&nbsp;<\/p>\n<h3 style=\"text-align: justify;\">3. Comment utilisons-nous vos donn\u00e9es ?<\/h3>\n<p style=\"text-align: justify;\">Nous n\u2019utiliserons vos donn\u00e9es que d\u2019une mani\u00e8re appropri\u00e9e compte tenu de la base sur laquelle ces donn\u00e9es ont \u00e9t\u00e9 collect\u00e9es, comme indiqu\u00e9 dans le tableau en haut de la pr\u00e9sente politique.<\/p>\n<p style=\"text-align: justify;\">Nous pouvons utiliser vos informations personnelles pour :<\/p>\n<ul style=\"text-align: justify;\">\n<li>R\u00e9pondre aux demandes de renseignements que vous nous envoyez;<\/li>\n<li>Vous envoyer des mises \u00e0 jour sur les activit\u00e9s et le bulletin d\u2019information de l\u2019IGCAT par e-mail concernant notre travail qui, selon nous, pourraient vous int\u00e9resser;<\/li>\n<li>Enregistrer des donn\u00e9es comportementales, telles que les ouvertures, les clics, les inscriptions et les d\u00e9sinscriptions li\u00e9es \u00e0 la Newsletter de l\u2019IGCAT.<\/li>\n<\/ul>\n<p>&nbsp;<\/p>\n<h3 style=\"text-align: justify;\">4. Qui a acc\u00e8s \u00e0 nos donn\u00e9es ?<\/h3>\n<p>Vos donn\u00e9es personnelles chez IGCAT ne sont ni partag\u00e9es ni vendues \u00e0 des tiers en dehors de nos activit\u00e9s directes. Le CIGAT ne partage des informations qu\u2019avec des partenaires de projet l\u00e9gitimes dans un esprit de r\u00e9seautage international et de gestion de projet.<\/p>\n<p>Le personnel et les sous-traitants d\u2019IGCAT ont acc\u00e8s aux donn\u00e9es des utilisateurs dans le but de fournir des services (r\u00e9pondre aux demandes de renseignements sur IGCAT\u00a0; envoyer la newsletter d\u2019IGCAT).<\/p>\n<p>Seules les coordonn\u00e9es officielles sont stock\u00e9es en permanence sur les ordinateurs du personnel. Les sous-traitants de l\u2019IGCAT signent un accord selon lequel ils n\u2019utiliseront pas les donn\u00e9es collect\u00e9es pour d\u2019autres activit\u00e9s et qu\u2019ils supprimeront \/ renverront les informations \u00e0 la fin de leur mission avec IGCAT.<\/p>\n<p>&nbsp;<\/p>\n<h3 style=\"text-align: justify;\">5. Combien de temps conservons-nous vos donn\u00e9es ?<\/h3>\n<p style=\"text-align: justify;\">Nous prenons au s\u00e9rieux les principes de minimisation et de suppression des donn\u00e9es et avons mis en place des politiques internes pour nous assurer que nous ne demandons que la quantit\u00e9 minimale de donn\u00e9es aux fins associ\u00e9es et que nous supprimons ces donn\u00e9es rapidement lorsque l\u2019utilisateur en fait la demande.<\/p>\n<p style=\"text-align: justify;\">IGCAT conservera les donn\u00e9es collect\u00e9es pendant une dur\u00e9e ind\u00e9termin\u00e9e ou jusqu\u2019\u00e0 ce que l\u2019utilisateur nous demande d\u2019anonymiser et\/ou de supprimer ses donn\u00e9es.<\/p>\n<p>&nbsp;<\/p>\n<h3 style=\"text-align: justify;\">6. Droits dont vous disposez sur vos donn\u00e9es<\/h3>\n<p style=\"text-align: justify;\">Vous disposez d\u2019une s\u00e9rie de droits sur vos donn\u00e9es, notamment les suivants :<\/p>\n<ul style=\"text-align: justify;\">\n<li>Lorsque le traitement des donn\u00e9es est bas\u00e9 sur le consentement, vous pouvez r\u00e9voquer ce consentement \u00e0 tout moment en \u00e9crivant \u00e0 IGCAT.<\/li>\n<li>Pour supprimer vos donn\u00e9es de l\u2019abonnement \u00e0 la Newsletter, il vous suffit de cliquer sur le lien \u00ab <strong>se d\u00e9sabonner<\/strong> \u00bb au bas de l\u2019un des num\u00e9ros de la Newsletter de l\u2019IGCAT.<\/li>\n<li>Vous avez le droit de demander la rectification et\/ou la suppression de vos informations.<\/li>\n<li>Vous avez le droit d\u2019acc\u00e9der \u00e0 vos informations.<\/li>\n<li>Vous avez le droit de d\u00e9poser une plainte aupr\u00e8s du commissaire \u00e0 l\u2019information si vous estimez que vos droits ont \u00e9t\u00e9 viol\u00e9s.<\/li>\n<\/ul>\n<p style=\"text-align: justify;\">Si vous souhaitez acc\u00e9der aux droits \u00e9num\u00e9r\u00e9s ci-dessus, ou \u00e0 tout autre droit l\u00e9gal dont vous disposez sur vos donn\u00e9es en vertu de la l\u00e9gislation en vigueur, veuillez nous contacter via ce <a href=\"https:\/\/test-oldwebsite.igcat.org\/contact\/location\/\" target=\"_blank\" rel=\"noopener noreferrer\">formulaire de contact<\/a> sur notre site Web ou par e-mail \u00e0 <a href=\"mailto:info@igcat.org\" target=\"_blank\" rel=\"noopener noreferrer\">l\u2019adresse info@igcat.org<\/a>.<\/p>\n<p style=\"text-align: justify;\">Veuillez noter que l\u2019utilisation de certains de ces droits, tels que le droit \u00e0 la suppression de vos donn\u00e9es, nous emp\u00eachera de continuer \u00e0 vous fournir nos services. Cependant, dans la mesure du possible, nous essaierons toujours de vous permettre d\u2019acc\u00e9der au maximum \u00e0 vos droits tout en continuant \u00e0 vous fournir autant de services que possible.<\/p>\n<p>&nbsp;<\/p>\n<h3 style=\"text-align: justify;\">7. Cookies et suivi de l\u2019utilisation<\/h3>\n<p style=\"text-align: justify;\">Un cookie est un petit fichier de lettres et de chiffres qui est t\u00e9l\u00e9charg\u00e9 sur votre ordinateur lorsque vous visitez un site Web. Les cookies sont utilis\u00e9s par de nombreux sites Web et peuvent faire un certain nombre de choses, par exemple se souvenir de vos pr\u00e9f\u00e9rences, enregistrer ce que vous avez mis dans votre panier et compter le nombre de personnes qui consultent un site Web.<\/p>\n<p style=\"text-align: justify;\">Lorsque des cookies sont utilis\u00e9s pour collecter des donn\u00e9es personnelles, nous \u00e9num\u00e9rons ces finalit\u00e9s dans la <strong>section 2<\/strong> ci-dessus, ainsi que d\u2019autres donn\u00e9es personnelles que nous collectons. Cependant, nous utilisons \u00e9galement des cookies qui ne collectent pas d\u2019informations personnelles, mais qui nous aident \u00e0 collecter des informations anonymes sur la fa\u00e7on dont les gens utilisent notre site Web. Pour ce faire, nous utilisons Google Analytics. Google Analytics g\u00e9n\u00e8re des statistiques et d\u2019autres informations sur l\u2019utilisation du site Web au moyen de cookies, qui sont stock\u00e9s sur les ordinateurs des utilisateurs. Les informations collect\u00e9es par Google Analytics sur l\u2019utilisation de notre site Web ne sont pas personnellement identifiables. Les donn\u00e9es sont collect\u00e9es de mani\u00e8re anonyme, stock\u00e9es par Google et utilis\u00e9es par nous pour cr\u00e9er des rapports sur l\u2019utilisation du site Web. La politique de confidentialit\u00e9 de Google est disponible \u00e0 <u><br \/>\n<a href=\"http:\/\/www.google.com\/privacypolicy.html\" target=\"_blank\" rel=\"noopener noreferrer\">l\u2019adresse http:\/\/www.google.com\/privacypolicy.html<\/a><\/u>.<\/p>\n<p>&nbsp;<\/p>\n<h3 style=\"text-align: justify;\">8. Modifications<\/h3>\n<p style=\"text-align: justify;\">Nous pouvons modifier cette politique de confidentialit\u00e9 de temps \u00e0 autre et publierons la version la plus r\u00e9cente sur notre site Web.<\/p>\n","protected":false},"excerpt":{"rendered":"<p>Politique de confidentialit\u00e9 &nbsp; Cette Privacy Police rel\u00e8ve du R\u00e8glement g\u00e9n\u00e9ral sur la protection des donn\u00e9es (RGPD). Cette politique de confidentialit\u00e9 s\u2019applique aux informations que nous (IGCAT) recueillons sur les personnes qui interagissent avec notre organisation. Elle explique quelles informations personnelles nous recueillons et comment nous les utilisons. Si vous avez des commentaires ou des [&hellip;]<\/p>\n","protected":false},"author":33,"featured_media":0,"parent":28087,"menu_order":0,"comment_status":"closed","ping_status":"closed","template":"","meta":{"_acf_changed":false,"footnotes":""},"class_list":["post-28314","page","type-page","status-publish","hentry"],"acf":[],"yoast_head":"<!-- This site is optimized with the Yoast SEO plugin v26.0 - https:\/\/yoast.com\/wordpress\/plugins\/seo\/ -->\n<title>Politique de confidentialit\u00e9 - IGCAT - International Institute of Gastronomy, Culture, Arts and Tourism<\/title>\n<meta name=\"robots\" content=\"noindex, follow, max-snippet:-1, max-image-preview:large, max-video-preview:-1\" \/>\n<meta property=\"og:locale\" content=\"fr_FR\" \/>\n<meta property=\"og:type\" content=\"article\" \/>\n<meta property=\"og:title\" content=\"Politique de confidentialit\u00e9 - IGCAT - International Institute of Gastronomy, Culture, Arts and Tourism\" \/>\n<meta property=\"og:description\" content=\"Politique de confidentialit\u00e9 &nbsp; Cette Privacy Police rel\u00e8ve du R\u00e8glement g\u00e9n\u00e9ral sur la protection des donn\u00e9es (RGPD). Cette politique de confidentialit\u00e9 s\u2019applique aux informations que nous (IGCAT) recueillons sur les personnes qui interagissent avec notre organisation. Elle explique quelles informations personnelles nous recueillons et comment nous les utilisons. Si vous avez des commentaires ou des [&hellip;]\" \/>\n<meta property=\"og:url\" content=\"https:\/\/test-oldwebsite.igcat.org\/fr\/a-propos-de-ligcat\/politique-de-confidentialite\/\" \/>\n<meta property=\"og:site_name\" content=\"IGCAT - International Institute of Gastronomy, Culture, Arts and Tourism\" \/>\n<meta property=\"article:publisher\" content=\"https:\/\/www.facebook.com\/IGCAT2\/\" \/>\n<meta property=\"article:modified_time\" content=\"2024-04-18T18:06:51+00:00\" \/>\n<meta name=\"twitter:card\" content=\"summary_large_image\" \/>\n<meta name=\"twitter:site\" content=\"@IGCAT2\" \/>\n<meta name=\"twitter:label1\" content=\"Dur\u00e9e de lecture estim\u00e9e\" \/>\n\t<meta name=\"twitter:data1\" content=\"6 minutes\" \/>\n<script type=\"application\/ld+json\" class=\"yoast-schema-graph\">{\"@context\":\"https:\/\/schema.org\",\"@graph\":[{\"@type\":\"WebPage\",\"@id\":\"https:\/\/test-oldwebsite.igcat.org\/fr\/a-propos-de-ligcat\/politique-de-confidentialite\/\",\"url\":\"https:\/\/test-oldwebsite.igcat.org\/fr\/a-propos-de-ligcat\/politique-de-confidentialite\/\",\"name\":\"Politique de confidentialit\u00e9 - IGCAT - International Institute of Gastronomy, Culture, Arts and Tourism\",\"isPartOf\":{\"@id\":\"https:\/\/test-oldwebsite.igcat.org\/fr\/#website\"},\"datePublished\":\"2018-07-09T10:47:59+00:00\",\"dateModified\":\"2024-04-18T18:06:51+00:00\",\"breadcrumb\":{\"@id\":\"https:\/\/test-oldwebsite.igcat.org\/fr\/a-propos-de-ligcat\/politique-de-confidentialite\/#breadcrumb\"},\"inLanguage\":\"fr-FR\",\"potentialAction\":[{\"@type\":\"ReadAction\",\"target\":[\"https:\/\/test-oldwebsite.igcat.org\/fr\/a-propos-de-ligcat\/politique-de-confidentialite\/\"]}]},{\"@type\":\"BreadcrumbList\",\"@id\":\"https:\/\/test-oldwebsite.igcat.org\/fr\/a-propos-de-ligcat\/politique-de-confidentialite\/#breadcrumb\",\"itemListElement\":[{\"@type\":\"ListItem\",\"position\":1,\"name\":\"Home\",\"item\":\"https:\/\/test-oldwebsite.igcat.org\/fr\/page-daccueil\/\"},{\"@type\":\"ListItem\",\"position\":2,\"name\":\"\u00c0 propos de l\u2019IGCAT\",\"item\":\"https:\/\/test-oldwebsite.igcat.org\/fr\/a-propos-de-ligcat\/\"},{\"@type\":\"ListItem\",\"position\":3,\"name\":\"Politique de confidentialit\u00e9\"}]},{\"@type\":\"WebSite\",\"@id\":\"https:\/\/test-oldwebsite.igcat.org\/fr\/#website\",\"url\":\"https:\/\/test-oldwebsite.igcat.org\/fr\/\",\"name\":\"IGCAT - International Institute of Gastronomy, Culture, Arts and Tourism\",\"description\":\"International Institute of Gastronomy, Culture, Arts and Tourism\",\"publisher\":{\"@id\":\"https:\/\/test-oldwebsite.igcat.org\/fr\/#organization\"},\"potentialAction\":[{\"@type\":\"SearchAction\",\"target\":{\"@type\":\"EntryPoint\",\"urlTemplate\":\"https:\/\/test-oldwebsite.igcat.org\/fr\/?s={search_term_string}\"},\"query-input\":{\"@type\":\"PropertyValueSpecification\",\"valueRequired\":true,\"valueName\":\"search_term_string\"}}],\"inLanguage\":\"fr-FR\"},{\"@type\":\"Organization\",\"@id\":\"https:\/\/test-oldwebsite.igcat.org\/fr\/#organization\",\"name\":\"IGCAT\",\"url\":\"https:\/\/test-oldwebsite.igcat.org\/fr\/\",\"logo\":{\"@type\":\"ImageObject\",\"inLanguage\":\"fr-FR\",\"@id\":\"https:\/\/test-oldwebsite.igcat.org\/fr\/#\/schema\/logo\/image\/\",\"url\":\"https:\/\/test-oldwebsite.igcat.org\/wp-content\/uploads\/2016\/02\/main_logo.png\",\"contentUrl\":\"https:\/\/test-oldwebsite.igcat.org\/wp-content\/uploads\/2016\/02\/main_logo.png\",\"width\":620,\"height\":228,\"caption\":\"IGCAT\"},\"image\":{\"@id\":\"https:\/\/test-oldwebsite.igcat.org\/fr\/#\/schema\/logo\/image\/\"},\"sameAs\":[\"https:\/\/www.facebook.com\/IGCAT2\/\",\"https:\/\/x.com\/IGCAT2\",\"https:\/\/www.instagram.com\/igcat_org\/\",\"https:\/\/www.linkedin.com\/company\/igcat-international-institute-of-gastronomy-arts-and-tourism\/\",\"https:\/\/www.youtube.com\/channel\/UCL1xbT3vRbZh3bj-d0_0Vlg\"]}]}<\/script>\n<!-- \/ Yoast SEO plugin. -->","yoast_head_json":{"title":"Politique de confidentialit\u00e9 - IGCAT - International Institute of Gastronomy, Culture, Arts and Tourism","robots":{"index":"noindex","follow":"follow","max-snippet":"max-snippet:-1","max-image-preview":"max-image-preview:large","max-video-preview":"max-video-preview:-1"},"og_locale":"fr_FR","og_type":"article","og_title":"Politique de confidentialit\u00e9 - IGCAT - International Institute of Gastronomy, Culture, Arts and Tourism","og_description":"Politique de confidentialit\u00e9 &nbsp; Cette Privacy Police rel\u00e8ve du R\u00e8glement g\u00e9n\u00e9ral sur la protection des donn\u00e9es (RGPD). Cette politique de confidentialit\u00e9 s\u2019applique aux informations que nous (IGCAT) recueillons sur les personnes qui interagissent avec notre organisation. Elle explique quelles informations personnelles nous recueillons et comment nous les utilisons. Si vous avez des commentaires ou des [&hellip;]","og_url":"https:\/\/test-oldwebsite.igcat.org\/fr\/a-propos-de-ligcat\/politique-de-confidentialite\/","og_site_name":"IGCAT - International Institute of Gastronomy, Culture, Arts and Tourism","article_publisher":"https:\/\/www.facebook.com\/IGCAT2\/","article_modified_time":"2024-04-18T18:06:51+00:00","twitter_card":"summary_large_image","twitter_site":"@IGCAT2","twitter_misc":{"Dur\u00e9e de lecture estim\u00e9e":"6 minutes"},"schema":{"@context":"https:\/\/schema.org","@graph":[{"@type":"WebPage","@id":"https:\/\/test-oldwebsite.igcat.org\/fr\/a-propos-de-ligcat\/politique-de-confidentialite\/","url":"https:\/\/test-oldwebsite.igcat.org\/fr\/a-propos-de-ligcat\/politique-de-confidentialite\/","name":"Politique de confidentialit\u00e9 - IGCAT - International Institute of Gastronomy, Culture, Arts and Tourism","isPartOf":{"@id":"https:\/\/test-oldwebsite.igcat.org\/fr\/#website"},"datePublished":"2018-07-09T10:47:59+00:00","dateModified":"2024-04-18T18:06:51+00:00","breadcrumb":{"@id":"https:\/\/test-oldwebsite.igcat.org\/fr\/a-propos-de-ligcat\/politique-de-confidentialite\/#breadcrumb"},"inLanguage":"fr-FR","potentialAction":[{"@type":"ReadAction","target":["https:\/\/test-oldwebsite.igcat.org\/fr\/a-propos-de-ligcat\/politique-de-confidentialite\/"]}]},{"@type":"BreadcrumbList","@id":"https:\/\/test-oldwebsite.igcat.org\/fr\/a-propos-de-ligcat\/politique-de-confidentialite\/#breadcrumb","itemListElement":[{"@type":"ListItem","position":1,"name":"Home","item":"https:\/\/test-oldwebsite.igcat.org\/fr\/page-daccueil\/"},{"@type":"ListItem","position":2,"name":"\u00c0 propos de l\u2019IGCAT","item":"https:\/\/test-oldwebsite.igcat.org\/fr\/a-propos-de-ligcat\/"},{"@type":"ListItem","position":3,"name":"Politique de confidentialit\u00e9"}]},{"@type":"WebSite","@id":"https:\/\/test-oldwebsite.igcat.org\/fr\/#website","url":"https:\/\/test-oldwebsite.igcat.org\/fr\/","name":"IGCAT - International Institute of Gastronomy, Culture, Arts and Tourism","description":"International Institute of Gastronomy, Culture, Arts and Tourism","publisher":{"@id":"https:\/\/test-oldwebsite.igcat.org\/fr\/#organization"},"potentialAction":[{"@type":"SearchAction","target":{"@type":"EntryPoint","urlTemplate":"https:\/\/test-oldwebsite.igcat.org\/fr\/?s={search_term_string}"},"query-input":{"@type":"PropertyValueSpecification","valueRequired":true,"valueName":"search_term_string"}}],"inLanguage":"fr-FR"},{"@type":"Organization","@id":"https:\/\/test-oldwebsite.igcat.org\/fr\/#organization","name":"IGCAT","url":"https:\/\/test-oldwebsite.igcat.org\/fr\/","logo":{"@type":"ImageObject","inLanguage":"fr-FR","@id":"https:\/\/test-oldwebsite.igcat.org\/fr\/#\/schema\/logo\/image\/","url":"https:\/\/test-oldwebsite.igcat.org\/wp-content\/uploads\/2016\/02\/main_logo.png","contentUrl":"https:\/\/test-oldwebsite.igcat.org\/wp-content\/uploads\/2016\/02\/main_logo.png","width":620,"height":228,"caption":"IGCAT"},"image":{"@id":"https:\/\/test-oldwebsite.igcat.org\/fr\/#\/schema\/logo\/image\/"},"sameAs":["https:\/\/www.facebook.com\/IGCAT2\/","https:\/\/x.com\/IGCAT2","https:\/\/www.instagram.com\/igcat_org\/","https:\/\/www.linkedin.com\/company\/igcat-international-institute-of-gastronomy-arts-and-tourism\/","https:\/\/www.youtube.com\/channel\/UCL1xbT3vRbZh3bj-d0_0Vlg"]}]}},"_links":{"self":[{"href":"https:\/\/test-oldwebsite.igcat.org\/fr\/wp-json\/wp\/v2\/pages\/28314","targetHints":{"allow":["GET"]}}],"collection":[{"href":"https:\/\/test-oldwebsite.igcat.org\/fr\/wp-json\/wp\/v2\/pages"}],"about":[{"href":"https:\/\/test-oldwebsite.igcat.org\/fr\/wp-json\/wp\/v2\/types\/page"}],"author":[{"embeddable":true,"href":"https:\/\/test-oldwebsite.igcat.org\/fr\/wp-json\/wp\/v2\/users\/33"}],"replies":[{"embeddable":true,"href":"https:\/\/test-oldwebsite.igcat.org\/fr\/wp-json\/wp\/v2\/comments?post=28314"}],"version-history":[{"count":0,"href":"https:\/\/test-oldwebsite.igcat.org\/fr\/wp-json\/wp\/v2\/pages\/28314\/revisions"}],"up":[{"embeddable":true,"href":"https:\/\/test-oldwebsite.igcat.org\/fr\/wp-json\/wp\/v2\/pages\/28087"}],"wp:attachment":[{"href":"https:\/\/test-oldwebsite.igcat.org\/fr\/wp-json\/wp\/v2\/media?parent=28314"}],"curies":[{"name":"wp","href":"https:\/\/api.w.org\/{rel}","templated":true}]}}