{"id":28341,"date":"2016-01-13T14:42:12","date_gmt":"2016-01-13T13:42:12","guid":{"rendered":"https:\/\/test-oldwebsite.igcat.org\/experts\/reseau-mondial-dexperts\/"},"modified":"2024-04-18T19:35:07","modified_gmt":"2024-04-18T17:35:07","slug":"reseau-mondial-dexperts","status":"publish","type":"page","link":"https:\/\/test-oldwebsite.igcat.org\/fr\/experts\/reseau-mondial-dexperts\/","title":{"rendered":"R\u00e9seau mondial d\u2019experts"},"content":{"rendered":"<div class=\"wpb-content-wrapper\"><p>[vc_row][vc_column][vc_column_text]<img loading=\"lazy\" decoding=\"async\" class=\"aligncenter wp-image-12757\" src=\"https:\/\/test-oldwebsite.igcat.org\/wp-content\/uploads\/2016\/09\/EN.png\" alt=\"Experts mondiaux Network_Icon\" width=\"130\" height=\"130\" srcset=\"https:\/\/test-oldwebsite.igcat.org\/wp-content\/uploads\/2016\/09\/EN.png 170w, https:\/\/test-oldwebsite.igcat.org\/wp-content\/uploads\/2016\/09\/EN-75x75.png 75w\" sizes=\"auto, (max-width: 130px) 100vw, 130px\" \/>[\/vc_column_text]<h1 class=\"sc_title sc_title_regular sc_align_center\" style=\"margin-bottom:20px;text-align:center;\">R\u00e9seau mondial d\u2019Experts<\/h1>[vc_column_text]<\/p>\n<blockquote><p><strong>Les experts de l\u2019IGCAT<\/strong> estiment que la <strong>diversit\u00e9 alimentaire et culturelle<\/strong> est une source importante de fiert\u00e9 et d\u2019opportunit\u00e9s entrepreneuriales pour accro\u00eetre la production locale et autonomiser les communaut\u00e9s locales.<\/p>\n<p>&nbsp;<\/p>\n<p>Les experts du <strong>l&#8217;IGAT<\/strong> unissent leurs forces pour insuffler la fiert\u00e9 locale en cr\u00e9ant des alliances entre les communaut\u00e9s locales et entre les secteurs afin de stimuler la pens\u00e9e entrepreneuriale, la cr\u00e9ativit\u00e9 et l\u2019innovation bas\u00e9es sur les traditions et le patrimoine mat\u00e9riel et immat\u00e9riel, des \u00e9l\u00e9ments qui sont des ressources importantes pour <strong>autonomiser et pr\u00e9server l\u2019expression culturelle<\/strong> dans les communaut\u00e9s locales.<\/p>\n<p>&nbsp;<\/p>\n<p>Ce faisant,<strong> l\u2019IGCAT<\/strong> sensibilise \u00e9galement aux questions relatives aux syst\u00e8mes alimentaires durables et stimule une consommation plus responsable pour l\u2019avenir.<\/p><\/blockquote>\n<p>[\/vc_column_text][vc_empty_space height=&#8221;80px&#8221;][\/vc_column][\/vc_row][vc_row][vc_column][vc_basic_grid post_type=&#8221;team&#8221; max_items=&#8221;999&#8243; order=&#8221;ASC&#8221; item=&#8221;21560&#8243; grid_id=&#8221;vc_gid:1713461677167-63532c89-3b27-7&#8243; taxonomies=&#8221;507&#8243;][\/vc_column][\/vc_row]<\/p>\n<\/div>","protected":false},"excerpt":{"rendered":"<p>[vc_row][vc_column][vc_column_text][\/vc_column_text][vc_column_text] Les experts de l\u2019IGCAT estiment que la diversit\u00e9 alimentaire et culturelle est une source importante de fiert\u00e9 et d\u2019opportunit\u00e9s entrepreneuriales pour accro\u00eetre la production locale et autonomiser les communaut\u00e9s locales. &nbsp; Les experts du l&#8217;IGAT unissent leurs forces pour insuffler la fiert\u00e9 locale en cr\u00e9ant des alliances entre les communaut\u00e9s locales et entre les [&hellip;]<\/p>\n","protected":false},"author":2,"featured_media":0,"parent":28121,"menu_order":0,"comment_status":"closed","ping_status":"closed","template":"","meta":{"_acf_changed":false,"footnotes":""},"class_list":["post-28341","page","type-page","status-publish","hentry"],"acf":[],"yoast_head":"<!-- This site is optimized with the Yoast SEO plugin v26.0 - https:\/\/yoast.com\/wordpress\/plugins\/seo\/ -->\n<title>R\u00e9seau mondial d\u2019experts - IGCAT<\/title>\n<meta name=\"description\" content=\"Les experts mondiaux de l\u2019IGCAT estiment que la diversit\u00e9 alimentaire et culturelle est une source importante de fiert\u00e9 et d\u2019opportunit\u00e9s entrepreneuriales pour accro\u00eetre la production locale et autonomiser les communaut\u00e9s locales\" \/>\n<meta name=\"robots\" content=\"noindex, follow, max-snippet:-1, max-image-preview:large, max-video-preview:-1\" \/>\n<meta property=\"og:locale\" content=\"fr_FR\" \/>\n<meta property=\"og:type\" content=\"article\" \/>\n<meta property=\"og:title\" content=\"R\u00e9seau mondial d\u2019experts - IGCAT\" \/>\n<meta property=\"og:description\" content=\"Les experts mondiaux de l\u2019IGCAT estiment que la diversit\u00e9 alimentaire et culturelle est une source importante de fiert\u00e9 et d\u2019opportunit\u00e9s entrepreneuriales pour accro\u00eetre la production locale et autonomiser les communaut\u00e9s locales\" \/>\n<meta property=\"og:url\" content=\"https:\/\/test-oldwebsite.igcat.org\/fr\/experts\/reseau-mondial-dexperts\/\" \/>\n<meta property=\"og:site_name\" content=\"IGCAT - International Institute of Gastronomy, Culture, Arts and Tourism\" \/>\n<meta property=\"article:publisher\" content=\"https:\/\/www.facebook.com\/IGCAT2\/\" \/>\n<meta property=\"article:modified_time\" content=\"2024-04-18T17:35:07+00:00\" \/>\n<meta property=\"og:image\" content=\"https:\/\/test-oldwebsite.igcat.org\/wp-content\/uploads\/2016\/09\/EN.png\" \/>\n<meta name=\"twitter:card\" content=\"summary_large_image\" \/>\n<meta name=\"twitter:site\" content=\"@IGCAT2\" \/>\n<meta name=\"twitter:label1\" content=\"Dur\u00e9e de lecture estim\u00e9e\" \/>\n\t<meta name=\"twitter:data1\" content=\"1 minute\" \/>\n<script type=\"application\/ld+json\" class=\"yoast-schema-graph\">{\"@context\":\"https:\/\/schema.org\",\"@graph\":[{\"@type\":\"WebPage\",\"@id\":\"https:\/\/test-oldwebsite.igcat.org\/fr\/experts\/reseau-mondial-dexperts\/\",\"url\":\"https:\/\/test-oldwebsite.igcat.org\/fr\/experts\/reseau-mondial-dexperts\/\",\"name\":\"R\u00e9seau mondial d\u2019experts - IGCAT\",\"isPartOf\":{\"@id\":\"https:\/\/test-oldwebsite.igcat.org\/fr\/#website\"},\"primaryImageOfPage\":{\"@id\":\"https:\/\/test-oldwebsite.igcat.org\/fr\/experts\/reseau-mondial-dexperts\/#primaryimage\"},\"image\":{\"@id\":\"https:\/\/test-oldwebsite.igcat.org\/fr\/experts\/reseau-mondial-dexperts\/#primaryimage\"},\"thumbnailUrl\":\"https:\/\/test-oldwebsite.igcat.org\/wp-content\/uploads\/2016\/09\/EN.png\",\"datePublished\":\"2016-01-13T13:42:12+00:00\",\"dateModified\":\"2024-04-18T17:35:07+00:00\",\"description\":\"Les experts mondiaux de l\u2019IGCAT estiment que la diversit\u00e9 alimentaire et culturelle est une source importante de fiert\u00e9 et d\u2019opportunit\u00e9s entrepreneuriales pour accro\u00eetre la production locale et autonomiser les communaut\u00e9s locales\",\"breadcrumb\":{\"@id\":\"https:\/\/test-oldwebsite.igcat.org\/fr\/experts\/reseau-mondial-dexperts\/#breadcrumb\"},\"inLanguage\":\"fr-FR\",\"potentialAction\":[{\"@type\":\"ReadAction\",\"target\":[\"https:\/\/test-oldwebsite.igcat.org\/fr\/experts\/reseau-mondial-dexperts\/\"]}]},{\"@type\":\"ImageObject\",\"inLanguage\":\"fr-FR\",\"@id\":\"https:\/\/test-oldwebsite.igcat.org\/fr\/experts\/reseau-mondial-dexperts\/#primaryimage\",\"url\":\"https:\/\/test-oldwebsite.igcat.org\/wp-content\/uploads\/2016\/09\/EN.png\",\"contentUrl\":\"https:\/\/test-oldwebsite.igcat.org\/wp-content\/uploads\/2016\/09\/EN.png\"},{\"@type\":\"BreadcrumbList\",\"@id\":\"https:\/\/test-oldwebsite.igcat.org\/fr\/experts\/reseau-mondial-dexperts\/#breadcrumb\",\"itemListElement\":[{\"@type\":\"ListItem\",\"position\":1,\"name\":\"Home\",\"item\":\"https:\/\/test-oldwebsite.igcat.org\/fr\/page-daccueil\/\"},{\"@type\":\"ListItem\",\"position\":2,\"name\":\"Experts\",\"item\":\"https:\/\/test-oldwebsite.igcat.org\/fr\/experts\/\"},{\"@type\":\"ListItem\",\"position\":3,\"name\":\"R\u00e9seau mondial d\u2019experts\"}]},{\"@type\":\"WebSite\",\"@id\":\"https:\/\/test-oldwebsite.igcat.org\/fr\/#website\",\"url\":\"https:\/\/test-oldwebsite.igcat.org\/fr\/\",\"name\":\"IGCAT - International Institute of Gastronomy, Culture, Arts and Tourism\",\"description\":\"International Institute of Gastronomy, Culture, Arts and Tourism\",\"publisher\":{\"@id\":\"https:\/\/test-oldwebsite.igcat.org\/fr\/#organization\"},\"potentialAction\":[{\"@type\":\"SearchAction\",\"target\":{\"@type\":\"EntryPoint\",\"urlTemplate\":\"https:\/\/test-oldwebsite.igcat.org\/fr\/?s={search_term_string}\"},\"query-input\":{\"@type\":\"PropertyValueSpecification\",\"valueRequired\":true,\"valueName\":\"search_term_string\"}}],\"inLanguage\":\"fr-FR\"},{\"@type\":\"Organization\",\"@id\":\"https:\/\/test-oldwebsite.igcat.org\/fr\/#organization\",\"name\":\"IGCAT\",\"url\":\"https:\/\/test-oldwebsite.igcat.org\/fr\/\",\"logo\":{\"@type\":\"ImageObject\",\"inLanguage\":\"fr-FR\",\"@id\":\"https:\/\/test-oldwebsite.igcat.org\/fr\/#\/schema\/logo\/image\/\",\"url\":\"https:\/\/test-oldwebsite.igcat.org\/wp-content\/uploads\/2016\/02\/main_logo.png\",\"contentUrl\":\"https:\/\/test-oldwebsite.igcat.org\/wp-content\/uploads\/2016\/02\/main_logo.png\",\"width\":620,\"height\":228,\"caption\":\"IGCAT\"},\"image\":{\"@id\":\"https:\/\/test-oldwebsite.igcat.org\/fr\/#\/schema\/logo\/image\/\"},\"sameAs\":[\"https:\/\/www.facebook.com\/IGCAT2\/\",\"https:\/\/x.com\/IGCAT2\",\"https:\/\/www.instagram.com\/igcat_org\/\",\"https:\/\/www.linkedin.com\/company\/igcat-international-institute-of-gastronomy-arts-and-tourism\/\",\"https:\/\/www.youtube.com\/channel\/UCL1xbT3vRbZh3bj-d0_0Vlg\"]}]}<\/script>\n<!-- \/ Yoast SEO plugin. -->","yoast_head_json":{"title":"R\u00e9seau mondial d\u2019experts - IGCAT","description":"Les experts mondiaux de l\u2019IGCAT estiment que la diversit\u00e9 alimentaire et culturelle est une source importante de fiert\u00e9 et d\u2019opportunit\u00e9s entrepreneuriales pour accro\u00eetre la production locale et autonomiser les communaut\u00e9s locales","robots":{"index":"noindex","follow":"follow","max-snippet":"max-snippet:-1","max-image-preview":"max-image-preview:large","max-video-preview":"max-video-preview:-1"},"og_locale":"fr_FR","og_type":"article","og_title":"R\u00e9seau mondial d\u2019experts - IGCAT","og_description":"Les experts mondiaux de l\u2019IGCAT estiment que la diversit\u00e9 alimentaire et culturelle est une source importante de fiert\u00e9 et d\u2019opportunit\u00e9s entrepreneuriales pour accro\u00eetre la production locale et autonomiser les communaut\u00e9s locales","og_url":"https:\/\/test-oldwebsite.igcat.org\/fr\/experts\/reseau-mondial-dexperts\/","og_site_name":"IGCAT - International Institute of Gastronomy, Culture, Arts and Tourism","article_publisher":"https:\/\/www.facebook.com\/IGCAT2\/","article_modified_time":"2024-04-18T17:35:07+00:00","og_image":[{"url":"https:\/\/test-oldwebsite.igcat.org\/wp-content\/uploads\/2016\/09\/EN.png","type":"","width":"","height":""}],"twitter_card":"summary_large_image","twitter_site":"@IGCAT2","twitter_misc":{"Dur\u00e9e de lecture estim\u00e9e":"1 minute"},"schema":{"@context":"https:\/\/schema.org","@graph":[{"@type":"WebPage","@id":"https:\/\/test-oldwebsite.igcat.org\/fr\/experts\/reseau-mondial-dexperts\/","url":"https:\/\/test-oldwebsite.igcat.org\/fr\/experts\/reseau-mondial-dexperts\/","name":"R\u00e9seau mondial d\u2019experts - IGCAT","isPartOf":{"@id":"https:\/\/test-oldwebsite.igcat.org\/fr\/#website"},"primaryImageOfPage":{"@id":"https:\/\/test-oldwebsite.igcat.org\/fr\/experts\/reseau-mondial-dexperts\/#primaryimage"},"image":{"@id":"https:\/\/test-oldwebsite.igcat.org\/fr\/experts\/reseau-mondial-dexperts\/#primaryimage"},"thumbnailUrl":"https:\/\/test-oldwebsite.igcat.org\/wp-content\/uploads\/2016\/09\/EN.png","datePublished":"2016-01-13T13:42:12+00:00","dateModified":"2024-04-18T17:35:07+00:00","description":"Les experts mondiaux de l\u2019IGCAT estiment que la diversit\u00e9 alimentaire et culturelle est une source importante de fiert\u00e9 et d\u2019opportunit\u00e9s entrepreneuriales pour accro\u00eetre la production locale et autonomiser les communaut\u00e9s locales","breadcrumb":{"@id":"https:\/\/test-oldwebsite.igcat.org\/fr\/experts\/reseau-mondial-dexperts\/#breadcrumb"},"inLanguage":"fr-FR","potentialAction":[{"@type":"ReadAction","target":["https:\/\/test-oldwebsite.igcat.org\/fr\/experts\/reseau-mondial-dexperts\/"]}]},{"@type":"ImageObject","inLanguage":"fr-FR","@id":"https:\/\/test-oldwebsite.igcat.org\/fr\/experts\/reseau-mondial-dexperts\/#primaryimage","url":"https:\/\/test-oldwebsite.igcat.org\/wp-content\/uploads\/2016\/09\/EN.png","contentUrl":"https:\/\/test-oldwebsite.igcat.org\/wp-content\/uploads\/2016\/09\/EN.png"},{"@type":"BreadcrumbList","@id":"https:\/\/test-oldwebsite.igcat.org\/fr\/experts\/reseau-mondial-dexperts\/#breadcrumb","itemListElement":[{"@type":"ListItem","position":1,"name":"Home","item":"https:\/\/test-oldwebsite.igcat.org\/fr\/page-daccueil\/"},{"@type":"ListItem","position":2,"name":"Experts","item":"https:\/\/test-oldwebsite.igcat.org\/fr\/experts\/"},{"@type":"ListItem","position":3,"name":"R\u00e9seau mondial d\u2019experts"}]},{"@type":"WebSite","@id":"https:\/\/test-oldwebsite.igcat.org\/fr\/#website","url":"https:\/\/test-oldwebsite.igcat.org\/fr\/","name":"IGCAT - International Institute of Gastronomy, Culture, Arts and Tourism","description":"International Institute of Gastronomy, Culture, Arts and Tourism","publisher":{"@id":"https:\/\/test-oldwebsite.igcat.org\/fr\/#organization"},"potentialAction":[{"@type":"SearchAction","target":{"@type":"EntryPoint","urlTemplate":"https:\/\/test-oldwebsite.igcat.org\/fr\/?s={search_term_string}"},"query-input":{"@type":"PropertyValueSpecification","valueRequired":true,"valueName":"search_term_string"}}],"inLanguage":"fr-FR"},{"@type":"Organization","@id":"https:\/\/test-oldwebsite.igcat.org\/fr\/#organization","name":"IGCAT","url":"https:\/\/test-oldwebsite.igcat.org\/fr\/","logo":{"@type":"ImageObject","inLanguage":"fr-FR","@id":"https:\/\/test-oldwebsite.igcat.org\/fr\/#\/schema\/logo\/image\/","url":"https:\/\/test-oldwebsite.igcat.org\/wp-content\/uploads\/2016\/02\/main_logo.png","contentUrl":"https:\/\/test-oldwebsite.igcat.org\/wp-content\/uploads\/2016\/02\/main_logo.png","width":620,"height":228,"caption":"IGCAT"},"image":{"@id":"https:\/\/test-oldwebsite.igcat.org\/fr\/#\/schema\/logo\/image\/"},"sameAs":["https:\/\/www.facebook.com\/IGCAT2\/","https:\/\/x.com\/IGCAT2","https:\/\/www.instagram.com\/igcat_org\/","https:\/\/www.linkedin.com\/company\/igcat-international-institute-of-gastronomy-arts-and-tourism\/","https:\/\/www.youtube.com\/channel\/UCL1xbT3vRbZh3bj-d0_0Vlg"]}]}},"_links":{"self":[{"href":"https:\/\/test-oldwebsite.igcat.org\/fr\/wp-json\/wp\/v2\/pages\/28341","targetHints":{"allow":["GET"]}}],"collection":[{"href":"https:\/\/test-oldwebsite.igcat.org\/fr\/wp-json\/wp\/v2\/pages"}],"about":[{"href":"https:\/\/test-oldwebsite.igcat.org\/fr\/wp-json\/wp\/v2\/types\/page"}],"author":[{"embeddable":true,"href":"https:\/\/test-oldwebsite.igcat.org\/fr\/wp-json\/wp\/v2\/users\/2"}],"replies":[{"embeddable":true,"href":"https:\/\/test-oldwebsite.igcat.org\/fr\/wp-json\/wp\/v2\/comments?post=28341"}],"version-history":[{"count":0,"href":"https:\/\/test-oldwebsite.igcat.org\/fr\/wp-json\/wp\/v2\/pages\/28341\/revisions"}],"up":[{"embeddable":true,"href":"https:\/\/test-oldwebsite.igcat.org\/fr\/wp-json\/wp\/v2\/pages\/28121"}],"wp:attachment":[{"href":"https:\/\/test-oldwebsite.igcat.org\/fr\/wp-json\/wp\/v2\/media?parent=28341"}],"curies":[{"name":"wp","href":"https:\/\/api.w.org\/{rel}","templated":true}]}}