{"id":28355,"date":"2019-10-08T14:32:27","date_gmt":"2019-10-08T12:32:27","guid":{"rendered":"https:\/\/test-oldwebsite.igcat.org\/fonds-pour-les-arts-et-la-gastronomie-locale\/"},"modified":"2019-10-08T14:32:27","modified_gmt":"2019-10-08T12:32:27","slug":"fonds-pour-les-arts-et-la-gastronomie-locale","status":"publish","type":"page","link":"https:\/\/test-oldwebsite.igcat.org\/fr\/fonds-pour-les-arts-et-la-gastronomie-locale\/","title":{"rendered":"Fonds pour les arts et la gastronomie locale"},"content":{"rendered":"<h3 style=\"text-align: center;\"><strong>FLAG <\/strong><strong>(<\/strong><strong>Fonds pour les Arts et la Gastronomie Locale)<\/strong><\/h3>\n<p>L\u2019IGCAT est une organisation \u00e0 but non lucratif et notre travail est rendu possible principalement gr\u00e2ce \u00e0 la Plateforme des R\u00e9gions du Monde de la Gastronomie et aux contributions volontaires de notre r\u00e9seau d\u2019experts de l\u2019IGCAT (aujourd\u2019hui 80 \u00e0 travers le monde). Nous croyons tous fermement que nous devons soutenir la diversit\u00e9 culturelle et alimentaire afin d\u2019autonomiser les communaut\u00e9s et d\u2019assurer un avenir durable \u00e0 la plan\u00e8te.<\/p>\n<p>Cependant, nous avons rencontr\u00e9 des r\u00e9gions qui aimeraient travailler \u00e0 pleine capacit\u00e9, mais qui n\u2019ont pas les ressources n\u00e9cessaires pour s\u2019engager pleinement dans notre communaut\u00e9. C\u2019est pourquoi le conseil d\u2019administration de l\u2019IGCAT a r\u00e9cemment lanc\u00e9 ce fonds pour les r\u00e9gions \u00e9conomiquement moins d\u00e9velopp\u00e9es du monde.<\/p>\n<p>Nous pensons que les id\u00e9es durables sont si vitales pour sauver notre plan\u00e8te que nous voulons faire tout notre possible pour mettre notre travail \u00e0 la disposition des r\u00e9gions qui peuvent en b\u00e9n\u00e9ficier, \u00e0 la fois en ligne mais aussi en accordant des subventions pour les ressources et la mobilit\u00e9 l\u00e0 o\u00f9 c\u2019est n\u00e9cessaire.<\/p>\n<p>Si vous appr\u00e9ciez notre travail et que vous souhaitez soutenir nos efforts, veuillez faire un don afin que nous puissions aider \u00e0 autonomiser davantage de communaut\u00e9s.<\/p>\n<p>Si vous souhaitez faire un don de don, veuillez \u00e9crire \u00e0 : <a href=\"mailto:info@igcat.org\">info@igcat.org<\/a><\/p>\n","protected":false},"excerpt":{"rendered":"<p>FLAG (Fonds pour les Arts et la Gastronomie Locale) L\u2019IGCAT est une organisation \u00e0 but non lucratif et notre travail est rendu possible principalement gr\u00e2ce \u00e0 la Plateforme des R\u00e9gions du Monde de la Gastronomie et aux contributions volontaires de notre r\u00e9seau d\u2019experts de l\u2019IGCAT (aujourd\u2019hui 80 \u00e0 travers le monde). Nous croyons tous fermement [&hellip;]<\/p>\n","protected":false},"author":2,"featured_media":0,"parent":0,"menu_order":0,"comment_status":"closed","ping_status":"closed","template":"","meta":{"_acf_changed":false,"footnotes":""},"class_list":["post-28355","page","type-page","status-publish","hentry"],"acf":[],"yoast_head":"<!-- This site is optimized with the Yoast SEO plugin v26.0 - https:\/\/yoast.com\/wordpress\/plugins\/seo\/ -->\n<title>Fonds pour les arts et la gastronomie locale - IGCAT<\/title>\n<meta name=\"description\" content=\"Le Fonds pour les arts et la gastronomie locaux (FLAG) de l\u2019IGCAT vise \u00e0 autonomiser les communaut\u00e9s dans les r\u00e9gions \u00e9conomiquement moins d\u00e9velopp\u00e9es du monde.\" \/>\n<meta name=\"robots\" content=\"noindex, follow, max-snippet:-1, max-image-preview:large, max-video-preview:-1\" \/>\n<meta property=\"og:locale\" content=\"fr_FR\" \/>\n<meta property=\"og:type\" content=\"article\" \/>\n<meta property=\"og:title\" content=\"Fonds pour les arts et la gastronomie locale - IGCAT\" \/>\n<meta property=\"og:description\" content=\"Le Fonds pour les arts et la gastronomie locaux (FLAG) de l\u2019IGCAT vise \u00e0 autonomiser les communaut\u00e9s dans les r\u00e9gions \u00e9conomiquement moins d\u00e9velopp\u00e9es du monde.\" \/>\n<meta property=\"og:url\" content=\"https:\/\/test-oldwebsite.igcat.org\/fr\/fonds-pour-les-arts-et-la-gastronomie-locale\/\" \/>\n<meta property=\"og:site_name\" content=\"IGCAT - International Institute of Gastronomy, Culture, Arts and Tourism\" \/>\n<meta property=\"article:publisher\" content=\"https:\/\/www.facebook.com\/IGCAT2\/\" \/>\n<meta name=\"twitter:card\" content=\"summary_large_image\" \/>\n<meta name=\"twitter:site\" content=\"@IGCAT2\" \/>\n<meta name=\"twitter:label1\" content=\"Dur\u00e9e de lecture estim\u00e9e\" \/>\n\t<meta name=\"twitter:data1\" content=\"1 minute\" \/>\n<script type=\"application\/ld+json\" class=\"yoast-schema-graph\">{\"@context\":\"https:\/\/schema.org\",\"@graph\":[{\"@type\":\"WebPage\",\"@id\":\"https:\/\/test-oldwebsite.igcat.org\/fr\/fonds-pour-les-arts-et-la-gastronomie-locale\/\",\"url\":\"https:\/\/test-oldwebsite.igcat.org\/fr\/fonds-pour-les-arts-et-la-gastronomie-locale\/\",\"name\":\"Fonds pour les arts et la gastronomie locale - IGCAT\",\"isPartOf\":{\"@id\":\"https:\/\/test-oldwebsite.igcat.org\/fr\/#website\"},\"datePublished\":\"2019-10-08T12:32:27+00:00\",\"description\":\"Le Fonds pour les arts et la gastronomie locaux (FLAG) de l\u2019IGCAT vise \u00e0 autonomiser les communaut\u00e9s dans les r\u00e9gions \u00e9conomiquement moins d\u00e9velopp\u00e9es du monde.\",\"breadcrumb\":{\"@id\":\"https:\/\/test-oldwebsite.igcat.org\/fr\/fonds-pour-les-arts-et-la-gastronomie-locale\/#breadcrumb\"},\"inLanguage\":\"fr-FR\",\"potentialAction\":[{\"@type\":\"ReadAction\",\"target\":[\"https:\/\/test-oldwebsite.igcat.org\/fr\/fonds-pour-les-arts-et-la-gastronomie-locale\/\"]}]},{\"@type\":\"BreadcrumbList\",\"@id\":\"https:\/\/test-oldwebsite.igcat.org\/fr\/fonds-pour-les-arts-et-la-gastronomie-locale\/#breadcrumb\",\"itemListElement\":[{\"@type\":\"ListItem\",\"position\":1,\"name\":\"Home\",\"item\":\"https:\/\/test-oldwebsite.igcat.org\/fr\/page-daccueil\/\"},{\"@type\":\"ListItem\",\"position\":2,\"name\":\"Fonds pour les arts et la gastronomie locale\"}]},{\"@type\":\"WebSite\",\"@id\":\"https:\/\/test-oldwebsite.igcat.org\/fr\/#website\",\"url\":\"https:\/\/test-oldwebsite.igcat.org\/fr\/\",\"name\":\"IGCAT - International Institute of Gastronomy, Culture, Arts and Tourism\",\"description\":\"International Institute of Gastronomy, Culture, Arts and Tourism\",\"publisher\":{\"@id\":\"https:\/\/test-oldwebsite.igcat.org\/fr\/#organization\"},\"potentialAction\":[{\"@type\":\"SearchAction\",\"target\":{\"@type\":\"EntryPoint\",\"urlTemplate\":\"https:\/\/test-oldwebsite.igcat.org\/fr\/?s={search_term_string}\"},\"query-input\":{\"@type\":\"PropertyValueSpecification\",\"valueRequired\":true,\"valueName\":\"search_term_string\"}}],\"inLanguage\":\"fr-FR\"},{\"@type\":\"Organization\",\"@id\":\"https:\/\/test-oldwebsite.igcat.org\/fr\/#organization\",\"name\":\"IGCAT\",\"url\":\"https:\/\/test-oldwebsite.igcat.org\/fr\/\",\"logo\":{\"@type\":\"ImageObject\",\"inLanguage\":\"fr-FR\",\"@id\":\"https:\/\/test-oldwebsite.igcat.org\/fr\/#\/schema\/logo\/image\/\",\"url\":\"https:\/\/test-oldwebsite.igcat.org\/wp-content\/uploads\/2016\/02\/main_logo.png\",\"contentUrl\":\"https:\/\/test-oldwebsite.igcat.org\/wp-content\/uploads\/2016\/02\/main_logo.png\",\"width\":620,\"height\":228,\"caption\":\"IGCAT\"},\"image\":{\"@id\":\"https:\/\/test-oldwebsite.igcat.org\/fr\/#\/schema\/logo\/image\/\"},\"sameAs\":[\"https:\/\/www.facebook.com\/IGCAT2\/\",\"https:\/\/x.com\/IGCAT2\",\"https:\/\/www.instagram.com\/igcat_org\/\",\"https:\/\/www.linkedin.com\/company\/igcat-international-institute-of-gastronomy-arts-and-tourism\/\",\"https:\/\/www.youtube.com\/channel\/UCL1xbT3vRbZh3bj-d0_0Vlg\"]}]}<\/script>\n<!-- \/ Yoast SEO plugin. -->","yoast_head_json":{"title":"Fonds pour les arts et la gastronomie locale - IGCAT","description":"Le Fonds pour les arts et la gastronomie locaux (FLAG) de l\u2019IGCAT vise \u00e0 autonomiser les communaut\u00e9s dans les r\u00e9gions \u00e9conomiquement moins d\u00e9velopp\u00e9es du monde.","robots":{"index":"noindex","follow":"follow","max-snippet":"max-snippet:-1","max-image-preview":"max-image-preview:large","max-video-preview":"max-video-preview:-1"},"og_locale":"fr_FR","og_type":"article","og_title":"Fonds pour les arts et la gastronomie locale - IGCAT","og_description":"Le Fonds pour les arts et la gastronomie locaux (FLAG) de l\u2019IGCAT vise \u00e0 autonomiser les communaut\u00e9s dans les r\u00e9gions \u00e9conomiquement moins d\u00e9velopp\u00e9es du monde.","og_url":"https:\/\/test-oldwebsite.igcat.org\/fr\/fonds-pour-les-arts-et-la-gastronomie-locale\/","og_site_name":"IGCAT - International Institute of Gastronomy, Culture, Arts and Tourism","article_publisher":"https:\/\/www.facebook.com\/IGCAT2\/","twitter_card":"summary_large_image","twitter_site":"@IGCAT2","twitter_misc":{"Dur\u00e9e de lecture estim\u00e9e":"1 minute"},"schema":{"@context":"https:\/\/schema.org","@graph":[{"@type":"WebPage","@id":"https:\/\/test-oldwebsite.igcat.org\/fr\/fonds-pour-les-arts-et-la-gastronomie-locale\/","url":"https:\/\/test-oldwebsite.igcat.org\/fr\/fonds-pour-les-arts-et-la-gastronomie-locale\/","name":"Fonds pour les arts et la gastronomie locale - IGCAT","isPartOf":{"@id":"https:\/\/test-oldwebsite.igcat.org\/fr\/#website"},"datePublished":"2019-10-08T12:32:27+00:00","description":"Le Fonds pour les arts et la gastronomie locaux (FLAG) de l\u2019IGCAT vise \u00e0 autonomiser les communaut\u00e9s dans les r\u00e9gions \u00e9conomiquement moins d\u00e9velopp\u00e9es du monde.","breadcrumb":{"@id":"https:\/\/test-oldwebsite.igcat.org\/fr\/fonds-pour-les-arts-et-la-gastronomie-locale\/#breadcrumb"},"inLanguage":"fr-FR","potentialAction":[{"@type":"ReadAction","target":["https:\/\/test-oldwebsite.igcat.org\/fr\/fonds-pour-les-arts-et-la-gastronomie-locale\/"]}]},{"@type":"BreadcrumbList","@id":"https:\/\/test-oldwebsite.igcat.org\/fr\/fonds-pour-les-arts-et-la-gastronomie-locale\/#breadcrumb","itemListElement":[{"@type":"ListItem","position":1,"name":"Home","item":"https:\/\/test-oldwebsite.igcat.org\/fr\/page-daccueil\/"},{"@type":"ListItem","position":2,"name":"Fonds pour les arts et la gastronomie locale"}]},{"@type":"WebSite","@id":"https:\/\/test-oldwebsite.igcat.org\/fr\/#website","url":"https:\/\/test-oldwebsite.igcat.org\/fr\/","name":"IGCAT - International Institute of Gastronomy, Culture, Arts and Tourism","description":"International Institute of Gastronomy, Culture, Arts and Tourism","publisher":{"@id":"https:\/\/test-oldwebsite.igcat.org\/fr\/#organization"},"potentialAction":[{"@type":"SearchAction","target":{"@type":"EntryPoint","urlTemplate":"https:\/\/test-oldwebsite.igcat.org\/fr\/?s={search_term_string}"},"query-input":{"@type":"PropertyValueSpecification","valueRequired":true,"valueName":"search_term_string"}}],"inLanguage":"fr-FR"},{"@type":"Organization","@id":"https:\/\/test-oldwebsite.igcat.org\/fr\/#organization","name":"IGCAT","url":"https:\/\/test-oldwebsite.igcat.org\/fr\/","logo":{"@type":"ImageObject","inLanguage":"fr-FR","@id":"https:\/\/test-oldwebsite.igcat.org\/fr\/#\/schema\/logo\/image\/","url":"https:\/\/test-oldwebsite.igcat.org\/wp-content\/uploads\/2016\/02\/main_logo.png","contentUrl":"https:\/\/test-oldwebsite.igcat.org\/wp-content\/uploads\/2016\/02\/main_logo.png","width":620,"height":228,"caption":"IGCAT"},"image":{"@id":"https:\/\/test-oldwebsite.igcat.org\/fr\/#\/schema\/logo\/image\/"},"sameAs":["https:\/\/www.facebook.com\/IGCAT2\/","https:\/\/x.com\/IGCAT2","https:\/\/www.instagram.com\/igcat_org\/","https:\/\/www.linkedin.com\/company\/igcat-international-institute-of-gastronomy-arts-and-tourism\/","https:\/\/www.youtube.com\/channel\/UCL1xbT3vRbZh3bj-d0_0Vlg"]}]}},"_links":{"self":[{"href":"https:\/\/test-oldwebsite.igcat.org\/fr\/wp-json\/wp\/v2\/pages\/28355","targetHints":{"allow":["GET"]}}],"collection":[{"href":"https:\/\/test-oldwebsite.igcat.org\/fr\/wp-json\/wp\/v2\/pages"}],"about":[{"href":"https:\/\/test-oldwebsite.igcat.org\/fr\/wp-json\/wp\/v2\/types\/page"}],"author":[{"embeddable":true,"href":"https:\/\/test-oldwebsite.igcat.org\/fr\/wp-json\/wp\/v2\/users\/2"}],"replies":[{"embeddable":true,"href":"https:\/\/test-oldwebsite.igcat.org\/fr\/wp-json\/wp\/v2\/comments?post=28355"}],"version-history":[{"count":0,"href":"https:\/\/test-oldwebsite.igcat.org\/fr\/wp-json\/wp\/v2\/pages\/28355\/revisions"}],"wp:attachment":[{"href":"https:\/\/test-oldwebsite.igcat.org\/fr\/wp-json\/wp\/v2\/media?parent=28355"}],"curies":[{"name":"wp","href":"https:\/\/api.w.org\/{rel}","templated":true}]}}