{"id":28393,"date":"2019-10-31T18:02:41","date_gmt":"2019-10-31T17:02:41","guid":{"rendered":"https:\/\/test-oldwebsite.igcat.org\/projets\/foodbiz-erasmus\/"},"modified":"2024-04-18T19:30:35","modified_gmt":"2024-04-18T17:30:35","slug":"foodbiz-erasmus","status":"publish","type":"page","link":"https:\/\/test-oldwebsite.igcat.org\/fr\/projets\/foodbiz-erasmus\/","title":{"rendered":"FOODBIZ &#8211; Erasmus+"},"content":{"rendered":"<p><a href=\"http:\/\/foodbiz.info\/en\/\" target=\"_blank\" rel=\"noopener noreferrer\"><img loading=\"lazy\" decoding=\"async\" class=\"aligncenter wp-image-19609\" src=\"https:\/\/test-oldwebsite.igcat.org\/wp-content\/uploads\/2019\/10\/Foodbiz_Erasmus-300x33.png\" alt=\"Foodbiz_Erasmus+\" width=\"1566\" height=\"174\" srcset=\"https:\/\/test-oldwebsite.igcat.org\/wp-content\/uploads\/2019\/10\/Foodbiz_Erasmus-300x33.png 300w, https:\/\/test-oldwebsite.igcat.org\/wp-content\/uploads\/2019\/10\/Foodbiz_Erasmus-1024x114.png 1024w, https:\/\/test-oldwebsite.igcat.org\/wp-content\/uploads\/2019\/10\/Foodbiz_Erasmus-600x67.png 600w, https:\/\/test-oldwebsite.igcat.org\/wp-content\/uploads\/2019\/10\/Foodbiz_Erasmus-870x97.png 870w, https:\/\/test-oldwebsite.igcat.org\/wp-content\/uploads\/2019\/10\/Foodbiz_Erasmus-390x43.png 390w, https:\/\/test-oldwebsite.igcat.org\/wp-content\/uploads\/2019\/10\/Foodbiz_Erasmus-1170x130.png 1170w, https:\/\/test-oldwebsite.igcat.org\/wp-content\/uploads\/2019\/10\/Foodbiz_Erasmus-370x41.png 370w, https:\/\/test-oldwebsite.igcat.org\/wp-content\/uploads\/2019\/10\/Foodbiz_Erasmus-1320x147.png 1320w, https:\/\/test-oldwebsite.igcat.org\/wp-content\/uploads\/2019\/10\/Foodbiz_Erasmus.png 1593w\" sizes=\"auto, (max-width: 1566px) 100vw, 1566px\" \/><\/a><\/p>\n<h2 style=\"text-align: center;\"><strong>Apprentissage universitaire et commercial pour de nouveaux parcours d\u2019employabilit\u00e9 dans l\u2019alimentation et la gastronomie<\/strong><\/h2>\n<p>&nbsp;<\/p>\n<p class=\"p1\" style=\"text-align: justify;\"><strong>FOODBIZ vise \u00e0 promouvoir l\u2019acquisition d\u2019aptitudes et de comp\u00e9tences pertinentes li\u00e9es \u00e0 l\u2019employabilit\u00e9 chez les \u00e9tudiants de l\u2019enseignement sup\u00e9rieur \u00e0 travers leur participation active aux activit\u00e9s d\u2019apprentissage communautaire, leur permettant de :<\/strong><\/p>\n<ul>\n<li class=\"p1\" style=\"text-align: justify;\">apprendre en contexte\u00a0;<\/li>\n<li class=\"p1\" style=\"text-align: justify;\">\u00e9tablir des liens avec les entreprises et autres acteurs du territoire auquel appartient l\u2019universit\u00e9 ;<\/li>\n<li class=\"p1\" style=\"text-align: justify;\">comprendre les forces et les possibilit\u00e9s \u00e9conomiques du territoire en lien avec l\u2019agroalimentaire et le tourisme alimentaire\u00a0;<\/li>\n<li class=\"p1\" style=\"text-align: justify;\">r\u00e9fl\u00e9chir \u00e0 leurs propres comp\u00e9tences, motivations et ambitions\u00a0;<\/li>\n<li class=\"p1\" style=\"text-align: justify;\">contribuer au d\u00e9veloppement communautaire et \u00e0 la cr\u00e9ation d\u2019emplois.<\/li>\n<\/ul>\n<p class=\"p1\" style=\"text-align: justify;\"><strong>FOODBIZ<\/strong> soutient l\u2019innovation et la cr\u00e9ativit\u00e9 des \u00e9tudiants et de tous les acteurs impliqu\u00e9s par le biais d\u2019un <strong>partenariat r\u00e9gional<\/strong> : le projet vise \u00e0 favoriser la <strong>co-cr\u00e9ation<\/strong> de connaissances entre les \u00e9tudiants, les acteurs \u00e9conomiques, les chercheurs\/universit\u00e9s, les autres acteurs concern\u00e9s et les d\u00e9cideurs politiques pour le d\u00e9veloppement local dans le domaine de l\u2019agroalimentaire et du tourisme alimentaire.<\/p>\n<p class=\"p1\" style=\"text-align: justify;\">Les \u00e9tudiants de l\u2019enseignement sup\u00e9rieur pourraient \u00eatre des <strong>acteurs cl\u00e9s de l\u2019innovation<\/strong> et <strong>des m\u00e9diateurs cl\u00e9s<\/strong> entre la recherche, les entreprises et le d\u00e9veloppement local : ils repr\u00e9sentent la main-d\u2019\u0153uvre \u00e9duqu\u00e9e de demain, et pour \u00eatre employables et contribuer activement \u00e0 l\u2019\u00e9conomie, ils doivent acqu\u00e9rir des comp\u00e9tences pertinentes pour le march\u00e9 du travail. Cependant, en plus de ce que les universit\u00e9s ont l\u2019habitude de faire (cours sur les soft skills, soutien au d\u00e9veloppement de carri\u00e8re et \u00e0 l\u2019orientation professionnelle, cours d\u2019entrepreneuriat, etc.), elles doivent d\u2019abord : <strong>comprendre et conna\u00eetre leurs propres contextes et communaut\u00e9s\u00a0;<\/strong>, \u00e9tablir des liens avec les acteurs du monde des affaires, les d\u00e9cideurs politiques et d\u2019autres parties prenantes, et cr\u00e9er des synergies avec eux depuis les ann\u00e9es d\u2019\u00e9tude.<\/p>\n<p class=\"p1\" style=\"text-align: justify;\">Le projet vise \u00e0 mettre en \u0153uvre une action o\u00f9 les \u00e9tudiants sont actifs dans la communaut\u00e9 \u00e0 laquelle ils appartiennent pendant les ann\u00e9es d\u2019\u00e9tudes, <strong>en apportant \u00e0 l\u2019universit\u00e9 les connaissances de la communaut\u00e9 et vice-versa<\/strong>, et en co-cr\u00e9ant avec d\u2019autres acteurs, en tant que pairs, de nouvelles connaissances et de l\u2019innovation. L\u2019\u00e9l\u00e9ment cl\u00e9 du projet est donc le concept de <strong>co-cr\u00e9ation<\/strong>, qui a lieu lorsque tous les sujets impliqu\u00e9s \u00e9tablissent un dialogue, une compr\u00e9hension r\u00e9ciproque et des objectifs communs.<\/p>\n<p><strong>Partenaire principal :<\/strong><\/p>\n<p class=\"p1\" style=\"text-align: justify;\"><strong><a href=\"https:\/\/www.unimc.it\/en?set_language=en\" target=\"_blank\" rel=\"noopener noreferrer\"><img loading=\"lazy\" decoding=\"async\" class=\"alignnone wp-image-19623\" src=\"https:\/\/test-oldwebsite.igcat.org\/wp-content\/uploads\/2019\/10\/Universita%CC%80-di-Macerata-300x114.png\" alt=\"\" width=\"131\" height=\"50\" \/><\/a><\/strong><\/p>\n<p><strong>Partenaires du projet :<\/strong><\/p>\n<p><a href=\"https:\/\/www.gu.se\/english\" target=\"_blank\" rel=\"noopener noreferrer\"><img loading=\"lazy\" decoding=\"async\" class=\"alignnone wp-image-19627\" src=\"https:\/\/test-oldwebsite.igcat.org\/wp-content\/uploads\/2019\/10\/University-of-Gothenburg_School-of-Business-Economics-and-Law-300x110.png\" alt=\"Universit\u00e9 de Gothenburg_School d\u2019\u00e9conomie et de droit des affaires\" width=\"136\" height=\"50\" srcset=\"https:\/\/test-oldwebsite.igcat.org\/wp-content\/uploads\/2019\/10\/University-of-Gothenburg_School-of-Business-Economics-and-Law-300x110.png 300w, https:\/\/test-oldwebsite.igcat.org\/wp-content\/uploads\/2019\/10\/University-of-Gothenburg_School-of-Business-Economics-and-Law-390x143.png 390w, https:\/\/test-oldwebsite.igcat.org\/wp-content\/uploads\/2019\/10\/University-of-Gothenburg_School-of-Business-Economics-and-Law-370x136.png 370w, https:\/\/test-oldwebsite.igcat.org\/wp-content\/uploads\/2019\/10\/University-of-Gothenburg_School-of-Business-Economics-and-Law.png 431w\" sizes=\"auto, (max-width: 136px) 100vw, 136px\" \/><\/a> <a href=\"http:\/\/ue.poznan.pl\/en\/\" target=\"_blank\" rel=\"noopener noreferrer\"><img loading=\"lazy\" decoding=\"async\" class=\"alignnone wp-image-19625\" src=\"https:\/\/test-oldwebsite.igcat.org\/wp-content\/uploads\/2019\/10\/Poznan-University-of-Economics-and-Business-300x92.png\" alt=\"Universit\u00e9 d\u2019\u00e9conomie et de commerce de Poznan\" width=\"163\" height=\"50\" srcset=\"https:\/\/test-oldwebsite.igcat.org\/wp-content\/uploads\/2019\/10\/Poznan-University-of-Economics-and-Business-300x92.png 300w, https:\/\/test-oldwebsite.igcat.org\/wp-content\/uploads\/2019\/10\/Poznan-University-of-Economics-and-Business-390x120.png 390w, https:\/\/test-oldwebsite.igcat.org\/wp-content\/uploads\/2019\/10\/Poznan-University-of-Economics-and-Business-370x114.png 370w, https:\/\/test-oldwebsite.igcat.org\/wp-content\/uploads\/2019\/10\/Poznan-University-of-Economics-and-Business.png 514w\" sizes=\"auto, (max-width: 163px) 100vw, 163px\" \/><\/a> <a href=\"https:\/\/thm.fthm.hr\/\" target=\"_blank\" rel=\"noopener noreferrer\"><img loading=\"lazy\" decoding=\"async\" class=\"alignnone wp-image-19629\" src=\"https:\/\/test-oldwebsite.igcat.org\/wp-content\/uploads\/2019\/10\/University-of-Rijeka_Faculty-of-Tourism-and-Hospitality-Management-300x91.png\" alt=\"Universit\u00e9 de Rijeka_Faculty de gestion du tourisme et de l\u2019h\u00f4tellerie\" width=\"165\" height=\"50\" srcset=\"https:\/\/test-oldwebsite.igcat.org\/wp-content\/uploads\/2019\/10\/University-of-Rijeka_Faculty-of-Tourism-and-Hospitality-Management-300x91.png 300w, https:\/\/test-oldwebsite.igcat.org\/wp-content\/uploads\/2019\/10\/University-of-Rijeka_Faculty-of-Tourism-and-Hospitality-Management-390x119.png 390w, https:\/\/test-oldwebsite.igcat.org\/wp-content\/uploads\/2019\/10\/University-of-Rijeka_Faculty-of-Tourism-and-Hospitality-Management-370x112.png 370w, https:\/\/test-oldwebsite.igcat.org\/wp-content\/uploads\/2019\/10\/University-of-Rijeka_Faculty-of-Tourism-and-Hospitality-Management.png 520w\" sizes=\"auto, (max-width: 165px) 100vw, 165px\" \/><\/a> <strong><a href=\"https:\/\/test-oldwebsite.igcat.org\/fr\/\" target=\"_blank\" rel=\"noopener noreferrer\"><img loading=\"lazy\" decoding=\"async\" class=\"alignnone wp-image-19631\" src=\"https:\/\/test-oldwebsite.igcat.org\/wp-content\/uploads\/2019\/10\/IGCAT-300x101.png\" alt=\"L\u2019IGCAT\" width=\"149\" height=\"50\" srcset=\"https:\/\/test-oldwebsite.igcat.org\/wp-content\/uploads\/2019\/10\/IGCAT-300x101.png 300w, https:\/\/test-oldwebsite.igcat.org\/wp-content\/uploads\/2019\/10\/IGCAT-390x131.png 390w, https:\/\/test-oldwebsite.igcat.org\/wp-content\/uploads\/2019\/10\/IGCAT-370x124.png 370w, https:\/\/test-oldwebsite.igcat.org\/wp-content\/uploads\/2019\/10\/IGCAT.png 470w\" sizes=\"auto, (max-width: 149px) 100vw, 149px\" \/><\/a> <a href=\"http:\/\/www.culturaltourism-network.eu\/\" target=\"_blank\" rel=\"noopener noreferrer\"><img loading=\"lazy\" decoding=\"async\" class=\"alignnone wp-image-19633\" src=\"https:\/\/test-oldwebsite.igcat.org\/wp-content\/uploads\/2019\/10\/European-Cultural-Tourism-Network.png\" alt=\"R\u00e9seau Europ\u00e9en du Tourisme Culturel\" width=\"60\" height=\"87\" \/><\/a> <a href=\"http:\/\/www.laboratoriodietamediterranea.it\/it\" target=\"_blank\" rel=\"noopener noreferrer\"><img loading=\"lazy\" decoding=\"async\" class=\"alignnone wp-image-19635\" src=\"https:\/\/test-oldwebsite.igcat.org\/wp-content\/uploads\/2019\/10\/Laboratorio-Piceno-della-Dieta-Mediterranea.png\" alt=\"Laboratorio Piceno della Dieta Mediterranea\" width=\"70\" height=\"70\" srcset=\"https:\/\/test-oldwebsite.igcat.org\/wp-content\/uploads\/2019\/10\/Laboratorio-Piceno-della-Dieta-Mediterranea.png 204w, https:\/\/test-oldwebsite.igcat.org\/wp-content\/uploads\/2019\/10\/Laboratorio-Piceno-della-Dieta-Mediterranea-75x75.png 75w\" sizes=\"auto, (max-width: 70px) 100vw, 70px\" \/><\/a> <a href=\"https:\/\/svinesundskommitten.com\/\" target=\"_blank\" rel=\"noopener noreferrer\"><img loading=\"lazy\" decoding=\"async\" class=\"alignnone wp-image-19637\" src=\"https:\/\/test-oldwebsite.igcat.org\/wp-content\/uploads\/2019\/10\/Svinesundskommitten-300x110.png\" alt=\"Svinesundskommitten\" width=\"136\" height=\"50\" srcset=\"https:\/\/test-oldwebsite.igcat.org\/wp-content\/uploads\/2019\/10\/Svinesundskommitten-300x110.png 300w, https:\/\/test-oldwebsite.igcat.org\/wp-content\/uploads\/2019\/10\/Svinesundskommitten-390x144.png 390w, https:\/\/test-oldwebsite.igcat.org\/wp-content\/uploads\/2019\/10\/Svinesundskommitten-370x136.png 370w, https:\/\/test-oldwebsite.igcat.org\/wp-content\/uploads\/2019\/10\/Svinesundskommitten.png 429w\" sizes=\"auto, (max-width: 136px) 100vw, 136px\" \/><\/a><\/strong><\/p>\n<p class=\"p1\" style=\"text-align: justify;\"><strong>Le projet FOODBIZ<\/strong> est cofinanc\u00e9 par le <strong>programme Erasmus+<\/strong> de l\u2019Union <a href=\"https:\/\/ec.europa.eu\/\" target=\"_blank\" rel=\"noopener noreferrer\">europ\u00e9enne<\/a> dans le cadre de l\u2019action <em>Partenariats strat\u00e9giques pour l\u2019enseignement sup\u00e9rieur<\/em> .<\/p>\n<p style=\"text-align: center;\">Pour plus d\u2019informations sur le projet FOODBIZ, rendez-vous sur <a href=\"http:\/\/foodbiz.info\/en\/\" target=\"_blank\" rel=\"noopener noreferrer\">www.foodbiz.info<\/a><\/p>\n","protected":false},"excerpt":{"rendered":"<p>Apprentissage universitaire et commercial pour de nouveaux parcours d\u2019employabilit\u00e9 dans l\u2019alimentation et la gastronomie &nbsp; FOODBIZ vise \u00e0 promouvoir l\u2019acquisition d\u2019aptitudes et de comp\u00e9tences pertinentes li\u00e9es \u00e0 l\u2019employabilit\u00e9 chez les \u00e9tudiants de l\u2019enseignement sup\u00e9rieur \u00e0 travers leur participation active aux activit\u00e9s d\u2019apprentissage communautaire, leur permettant de : apprendre en contexte\u00a0; \u00e9tablir des liens avec les [&hellip;]<\/p>\n","protected":false},"author":33,"featured_media":0,"parent":28197,"menu_order":0,"comment_status":"closed","ping_status":"closed","template":"","meta":{"_acf_changed":false,"footnotes":""},"class_list":["post-28393","page","type-page","status-publish","hentry"],"acf":[],"yoast_head":"<!-- This site is optimized with the Yoast SEO plugin v26.0 - https:\/\/yoast.com\/wordpress\/plugins\/seo\/ -->\n<title>FOODBIZ - Erasmus+ - IGCAT<\/title>\n<meta name=\"description\" content=\"FOODBIZ est un projet financ\u00e9 par Erasmus+ qui vise \u00e0 am\u00e9liorer l\u2019employabilit\u00e9 des \u00e9tudiants de l\u2019enseignement sup\u00e9rieur par le biais d\u2019activit\u00e9s d\u2019apprentissage communautaire et de co-cr\u00e9ation.\" \/>\n<meta name=\"robots\" content=\"noindex, follow, max-snippet:-1, max-image-preview:large, max-video-preview:-1\" \/>\n<meta property=\"og:locale\" content=\"fr_FR\" \/>\n<meta property=\"og:type\" content=\"article\" \/>\n<meta property=\"og:title\" content=\"FOODBIZ - Erasmus+ - IGCAT\" \/>\n<meta property=\"og:description\" content=\"FOODBIZ est un projet financ\u00e9 par Erasmus+ qui vise \u00e0 am\u00e9liorer l\u2019employabilit\u00e9 des \u00e9tudiants de l\u2019enseignement sup\u00e9rieur par le biais d\u2019activit\u00e9s d\u2019apprentissage communautaire et de co-cr\u00e9ation.\" \/>\n<meta property=\"og:url\" content=\"https:\/\/test-oldwebsite.igcat.org\/fr\/projets\/foodbiz-erasmus\/\" \/>\n<meta property=\"og:site_name\" content=\"IGCAT - International Institute of Gastronomy, Culture, Arts and Tourism\" \/>\n<meta property=\"article:publisher\" content=\"https:\/\/www.facebook.com\/IGCAT2\/\" \/>\n<meta property=\"article:modified_time\" content=\"2024-04-18T17:30:35+00:00\" \/>\n<meta property=\"og:image\" content=\"https:\/\/test-oldwebsite.igcat.org\/wp-content\/uploads\/2019\/10\/Foodbiz_Erasmus-300x33.png\" \/>\n<meta name=\"twitter:card\" content=\"summary_large_image\" \/>\n<meta name=\"twitter:site\" content=\"@IGCAT2\" \/>\n<meta name=\"twitter:label1\" content=\"Dur\u00e9e de lecture estim\u00e9e\" \/>\n\t<meta name=\"twitter:data1\" content=\"4 minutes\" \/>\n<script type=\"application\/ld+json\" class=\"yoast-schema-graph\">{\"@context\":\"https:\/\/schema.org\",\"@graph\":[{\"@type\":\"WebPage\",\"@id\":\"https:\/\/test-oldwebsite.igcat.org\/fr\/projets\/foodbiz-erasmus\/\",\"url\":\"https:\/\/test-oldwebsite.igcat.org\/fr\/projets\/foodbiz-erasmus\/\",\"name\":\"FOODBIZ - Erasmus+ - IGCAT\",\"isPartOf\":{\"@id\":\"https:\/\/test-oldwebsite.igcat.org\/fr\/#website\"},\"primaryImageOfPage\":{\"@id\":\"https:\/\/test-oldwebsite.igcat.org\/fr\/projets\/foodbiz-erasmus\/#primaryimage\"},\"image\":{\"@id\":\"https:\/\/test-oldwebsite.igcat.org\/fr\/projets\/foodbiz-erasmus\/#primaryimage\"},\"thumbnailUrl\":\"https:\/\/test-oldwebsite.igcat.org\/wp-content\/uploads\/2019\/10\/Foodbiz_Erasmus-300x33.png\",\"datePublished\":\"2019-10-31T17:02:41+00:00\",\"dateModified\":\"2024-04-18T17:30:35+00:00\",\"description\":\"FOODBIZ est un projet financ\u00e9 par Erasmus+ qui vise \u00e0 am\u00e9liorer l\u2019employabilit\u00e9 des \u00e9tudiants de l\u2019enseignement sup\u00e9rieur par le biais d\u2019activit\u00e9s d\u2019apprentissage communautaire et de co-cr\u00e9ation.\",\"breadcrumb\":{\"@id\":\"https:\/\/test-oldwebsite.igcat.org\/fr\/projets\/foodbiz-erasmus\/#breadcrumb\"},\"inLanguage\":\"fr-FR\",\"potentialAction\":[{\"@type\":\"ReadAction\",\"target\":[\"https:\/\/test-oldwebsite.igcat.org\/fr\/projets\/foodbiz-erasmus\/\"]}]},{\"@type\":\"ImageObject\",\"inLanguage\":\"fr-FR\",\"@id\":\"https:\/\/test-oldwebsite.igcat.org\/fr\/projets\/foodbiz-erasmus\/#primaryimage\",\"url\":\"https:\/\/test-oldwebsite.igcat.org\/wp-content\/uploads\/2019\/10\/Foodbiz_Erasmus-300x33.png\",\"contentUrl\":\"https:\/\/test-oldwebsite.igcat.org\/wp-content\/uploads\/2019\/10\/Foodbiz_Erasmus-300x33.png\"},{\"@type\":\"BreadcrumbList\",\"@id\":\"https:\/\/test-oldwebsite.igcat.org\/fr\/projets\/foodbiz-erasmus\/#breadcrumb\",\"itemListElement\":[{\"@type\":\"ListItem\",\"position\":1,\"name\":\"Home\",\"item\":\"https:\/\/test-oldwebsite.igcat.org\/fr\/page-daccueil\/\"},{\"@type\":\"ListItem\",\"position\":2,\"name\":\"Projets\",\"item\":\"https:\/\/test-oldwebsite.igcat.org\/fr\/projets\/\"},{\"@type\":\"ListItem\",\"position\":3,\"name\":\"FOODBIZ &#8211; Erasmus+\"}]},{\"@type\":\"WebSite\",\"@id\":\"https:\/\/test-oldwebsite.igcat.org\/fr\/#website\",\"url\":\"https:\/\/test-oldwebsite.igcat.org\/fr\/\",\"name\":\"IGCAT - International Institute of Gastronomy, Culture, Arts and Tourism\",\"description\":\"International Institute of Gastronomy, Culture, Arts and Tourism\",\"publisher\":{\"@id\":\"https:\/\/test-oldwebsite.igcat.org\/fr\/#organization\"},\"potentialAction\":[{\"@type\":\"SearchAction\",\"target\":{\"@type\":\"EntryPoint\",\"urlTemplate\":\"https:\/\/test-oldwebsite.igcat.org\/fr\/?s={search_term_string}\"},\"query-input\":{\"@type\":\"PropertyValueSpecification\",\"valueRequired\":true,\"valueName\":\"search_term_string\"}}],\"inLanguage\":\"fr-FR\"},{\"@type\":\"Organization\",\"@id\":\"https:\/\/test-oldwebsite.igcat.org\/fr\/#organization\",\"name\":\"IGCAT\",\"url\":\"https:\/\/test-oldwebsite.igcat.org\/fr\/\",\"logo\":{\"@type\":\"ImageObject\",\"inLanguage\":\"fr-FR\",\"@id\":\"https:\/\/test-oldwebsite.igcat.org\/fr\/#\/schema\/logo\/image\/\",\"url\":\"https:\/\/test-oldwebsite.igcat.org\/wp-content\/uploads\/2016\/02\/main_logo.png\",\"contentUrl\":\"https:\/\/test-oldwebsite.igcat.org\/wp-content\/uploads\/2016\/02\/main_logo.png\",\"width\":620,\"height\":228,\"caption\":\"IGCAT\"},\"image\":{\"@id\":\"https:\/\/test-oldwebsite.igcat.org\/fr\/#\/schema\/logo\/image\/\"},\"sameAs\":[\"https:\/\/www.facebook.com\/IGCAT2\/\",\"https:\/\/x.com\/IGCAT2\",\"https:\/\/www.instagram.com\/igcat_org\/\",\"https:\/\/www.linkedin.com\/company\/igcat-international-institute-of-gastronomy-arts-and-tourism\/\",\"https:\/\/www.youtube.com\/channel\/UCL1xbT3vRbZh3bj-d0_0Vlg\"]}]}<\/script>\n<!-- \/ Yoast SEO plugin. -->","yoast_head_json":{"title":"FOODBIZ - Erasmus+ - IGCAT","description":"FOODBIZ est un projet financ\u00e9 par Erasmus+ qui vise \u00e0 am\u00e9liorer l\u2019employabilit\u00e9 des \u00e9tudiants de l\u2019enseignement sup\u00e9rieur par le biais d\u2019activit\u00e9s d\u2019apprentissage communautaire et de co-cr\u00e9ation.","robots":{"index":"noindex","follow":"follow","max-snippet":"max-snippet:-1","max-image-preview":"max-image-preview:large","max-video-preview":"max-video-preview:-1"},"og_locale":"fr_FR","og_type":"article","og_title":"FOODBIZ - Erasmus+ - IGCAT","og_description":"FOODBIZ est un projet financ\u00e9 par Erasmus+ qui vise \u00e0 am\u00e9liorer l\u2019employabilit\u00e9 des \u00e9tudiants de l\u2019enseignement sup\u00e9rieur par le biais d\u2019activit\u00e9s d\u2019apprentissage communautaire et de co-cr\u00e9ation.","og_url":"https:\/\/test-oldwebsite.igcat.org\/fr\/projets\/foodbiz-erasmus\/","og_site_name":"IGCAT - International Institute of Gastronomy, Culture, Arts and Tourism","article_publisher":"https:\/\/www.facebook.com\/IGCAT2\/","article_modified_time":"2024-04-18T17:30:35+00:00","og_image":[{"url":"https:\/\/test-oldwebsite.igcat.org\/wp-content\/uploads\/2019\/10\/Foodbiz_Erasmus-300x33.png","type":"","width":"","height":""}],"twitter_card":"summary_large_image","twitter_site":"@IGCAT2","twitter_misc":{"Dur\u00e9e de lecture estim\u00e9e":"4 minutes"},"schema":{"@context":"https:\/\/schema.org","@graph":[{"@type":"WebPage","@id":"https:\/\/test-oldwebsite.igcat.org\/fr\/projets\/foodbiz-erasmus\/","url":"https:\/\/test-oldwebsite.igcat.org\/fr\/projets\/foodbiz-erasmus\/","name":"FOODBIZ - Erasmus+ - IGCAT","isPartOf":{"@id":"https:\/\/test-oldwebsite.igcat.org\/fr\/#website"},"primaryImageOfPage":{"@id":"https:\/\/test-oldwebsite.igcat.org\/fr\/projets\/foodbiz-erasmus\/#primaryimage"},"image":{"@id":"https:\/\/test-oldwebsite.igcat.org\/fr\/projets\/foodbiz-erasmus\/#primaryimage"},"thumbnailUrl":"https:\/\/test-oldwebsite.igcat.org\/wp-content\/uploads\/2019\/10\/Foodbiz_Erasmus-300x33.png","datePublished":"2019-10-31T17:02:41+00:00","dateModified":"2024-04-18T17:30:35+00:00","description":"FOODBIZ est un projet financ\u00e9 par Erasmus+ qui vise \u00e0 am\u00e9liorer l\u2019employabilit\u00e9 des \u00e9tudiants de l\u2019enseignement sup\u00e9rieur par le biais d\u2019activit\u00e9s d\u2019apprentissage communautaire et de co-cr\u00e9ation.","breadcrumb":{"@id":"https:\/\/test-oldwebsite.igcat.org\/fr\/projets\/foodbiz-erasmus\/#breadcrumb"},"inLanguage":"fr-FR","potentialAction":[{"@type":"ReadAction","target":["https:\/\/test-oldwebsite.igcat.org\/fr\/projets\/foodbiz-erasmus\/"]}]},{"@type":"ImageObject","inLanguage":"fr-FR","@id":"https:\/\/test-oldwebsite.igcat.org\/fr\/projets\/foodbiz-erasmus\/#primaryimage","url":"https:\/\/test-oldwebsite.igcat.org\/wp-content\/uploads\/2019\/10\/Foodbiz_Erasmus-300x33.png","contentUrl":"https:\/\/test-oldwebsite.igcat.org\/wp-content\/uploads\/2019\/10\/Foodbiz_Erasmus-300x33.png"},{"@type":"BreadcrumbList","@id":"https:\/\/test-oldwebsite.igcat.org\/fr\/projets\/foodbiz-erasmus\/#breadcrumb","itemListElement":[{"@type":"ListItem","position":1,"name":"Home","item":"https:\/\/test-oldwebsite.igcat.org\/fr\/page-daccueil\/"},{"@type":"ListItem","position":2,"name":"Projets","item":"https:\/\/test-oldwebsite.igcat.org\/fr\/projets\/"},{"@type":"ListItem","position":3,"name":"FOODBIZ &#8211; Erasmus+"}]},{"@type":"WebSite","@id":"https:\/\/test-oldwebsite.igcat.org\/fr\/#website","url":"https:\/\/test-oldwebsite.igcat.org\/fr\/","name":"IGCAT - International Institute of Gastronomy, Culture, Arts and Tourism","description":"International Institute of Gastronomy, Culture, Arts and Tourism","publisher":{"@id":"https:\/\/test-oldwebsite.igcat.org\/fr\/#organization"},"potentialAction":[{"@type":"SearchAction","target":{"@type":"EntryPoint","urlTemplate":"https:\/\/test-oldwebsite.igcat.org\/fr\/?s={search_term_string}"},"query-input":{"@type":"PropertyValueSpecification","valueRequired":true,"valueName":"search_term_string"}}],"inLanguage":"fr-FR"},{"@type":"Organization","@id":"https:\/\/test-oldwebsite.igcat.org\/fr\/#organization","name":"IGCAT","url":"https:\/\/test-oldwebsite.igcat.org\/fr\/","logo":{"@type":"ImageObject","inLanguage":"fr-FR","@id":"https:\/\/test-oldwebsite.igcat.org\/fr\/#\/schema\/logo\/image\/","url":"https:\/\/test-oldwebsite.igcat.org\/wp-content\/uploads\/2016\/02\/main_logo.png","contentUrl":"https:\/\/test-oldwebsite.igcat.org\/wp-content\/uploads\/2016\/02\/main_logo.png","width":620,"height":228,"caption":"IGCAT"},"image":{"@id":"https:\/\/test-oldwebsite.igcat.org\/fr\/#\/schema\/logo\/image\/"},"sameAs":["https:\/\/www.facebook.com\/IGCAT2\/","https:\/\/x.com\/IGCAT2","https:\/\/www.instagram.com\/igcat_org\/","https:\/\/www.linkedin.com\/company\/igcat-international-institute-of-gastronomy-arts-and-tourism\/","https:\/\/www.youtube.com\/channel\/UCL1xbT3vRbZh3bj-d0_0Vlg"]}]}},"_links":{"self":[{"href":"https:\/\/test-oldwebsite.igcat.org\/fr\/wp-json\/wp\/v2\/pages\/28393","targetHints":{"allow":["GET"]}}],"collection":[{"href":"https:\/\/test-oldwebsite.igcat.org\/fr\/wp-json\/wp\/v2\/pages"}],"about":[{"href":"https:\/\/test-oldwebsite.igcat.org\/fr\/wp-json\/wp\/v2\/types\/page"}],"author":[{"embeddable":true,"href":"https:\/\/test-oldwebsite.igcat.org\/fr\/wp-json\/wp\/v2\/users\/33"}],"replies":[{"embeddable":true,"href":"https:\/\/test-oldwebsite.igcat.org\/fr\/wp-json\/wp\/v2\/comments?post=28393"}],"version-history":[{"count":0,"href":"https:\/\/test-oldwebsite.igcat.org\/fr\/wp-json\/wp\/v2\/pages\/28393\/revisions"}],"up":[{"embeddable":true,"href":"https:\/\/test-oldwebsite.igcat.org\/fr\/wp-json\/wp\/v2\/pages\/28197"}],"wp:attachment":[{"href":"https:\/\/test-oldwebsite.igcat.org\/fr\/wp-json\/wp\/v2\/media?parent=28393"}],"curies":[{"name":"wp","href":"https:\/\/api.w.org\/{rel}","templated":true}]}}