{"id":28452,"date":"2020-02-11T19:20:35","date_gmt":"2020-02-11T18:20:35","guid":{"rendered":"https:\/\/test-oldwebsite.igcat.org\/adhesion\/"},"modified":"2024-08-19T16:44:28","modified_gmt":"2024-08-19T14:44:28","slug":"adhesion","status":"publish","type":"page","link":"https:\/\/test-oldwebsite.igcat.org\/fr\/adhesion\/","title":{"rendered":"Adh\u00e9sion"},"content":{"rendered":"<div class=\"wpb-content-wrapper\"><p>[vc_row][vc_column][vc_column_text]<\/p>\n<h2 style=\"text-align: center;\">Adh\u00e9sion<\/h2>\n<p>[\/vc_column_text][\/vc_column][\/vc_row][vc_row][vc_column][vc_empty_space][\/vc_column][\/vc_row][vc_row][vc_column][vc_column_text]Consid\u00e9rant la grande vari\u00e9t\u00e9 d\u2019acteurs dans chaque r\u00e9gion qui s\u2019int\u00e9ressent \u00e0 l\u2019alimentation et \u00e0 la diversit\u00e9 culturelle (h\u00f4tellerie, tourisme, \u00e9ducation, culture, patrimoine, environnement, sant\u00e9) ainsi que ; pr\u00e9occupations et aspirations des parents, des consommateurs, des agriculteurs et des entreprises, l\u2019IGCAT consid\u00e8re qu\u2019il est essentiel d\u2019avoir une repr\u00e9sentation \u00e9quilibr\u00e9e de toutes les parties prenantes.<\/p>\n<p>Dans le but d\u2019assurer la repr\u00e9sentation de tous les acteurs des secteurs de l\u2019alimentation, de la culture et du tourisme, les membres de l\u2019IGCAT comprennent des experts individuels, des autorit\u00e9s r\u00e9gionales ou locales, des organismes intergouvernementaux\/internationaux, des organisations du secteur tertiaire, des associations d\u2019entreprises priv\u00e9es, des organisations de la soci\u00e9t\u00e9 civile ainsi que des institutions de recherche et universitaires.<\/p>\n<p><strong>L&#8217;adh\u00e9sion est structur\u00e9e comme suit :<\/strong>[\/vc_column_text][\/vc_column][\/vc_row][vc_row][vc_column][vc_empty_space][\/vc_column][\/vc_row][vc_row][vc_column]<div class=\"sc_toggles sc_toggles_style_1\" style=\"margin-left:30px;\"><div class=\"sc_toggles_item odd first\"><h5 class=\"sc_toggles_title\"><span class=\"sc_toggles_icon sc_toggles_icon_closed icon-plus\"><\/span><span class=\"sc_toggles_icon sc_toggles_icon_opened icon-minus\"><\/span>MEMBRES INDIVIDUELS EXPERTS<\/h5><div class=\"sc_toggles_content\">[vc_column_text]Experts individuels s\u00e9lectionn\u00e9s par l&#8217;IGCAT pour leurs connaissances et leur exp\u00e9rience (\u00e0 la livraison et \u00e0 l&#8217;approbation d&#8217;un programme d&#8217;\u00e9tudes et \u00e0 la signature d&#8217;un accord de collaboration avec un expert). Consultez nos <a href=\"https:\/\/test-oldwebsite.igcat.org\/wp-content\/uploads\/2020\/02\/2017_Criteria-and-principles_IGCAT-Expert.pdf\" target=\"_blank\" rel=\"noopener\">crit\u00e8res pour les experts<\/a>.[\/vc_column_text]<\/div><\/div><div class=\"sc_toggles_item even\"><h5 class=\"sc_toggles_title\"><span class=\"sc_toggles_icon sc_toggles_icon_closed icon-plus\"><\/span><span class=\"sc_toggles_icon sc_toggles_icon_opened icon-minus\"><\/span>INSTITUTIONS PUBLIQUES R\u00c9GIONALES OU LOCALES<\/h5><div class=\"sc_toggles_content\">[vc_column_text]R\u00e9gions candidates ou r\u00e9compens\u00e9es de la Gastronomie. Consultez notre <a href=\"https:\/\/test-oldwebsite.igcat.org\/wp-content\/uploads\/2022\/03\/World_Region_of_Gastronomy_EN_2022_v3.pdf\" target=\"_blank\" rel=\"noopener\">brochure d&#8217;information<\/a> sur la fa\u00e7on de postuler.[\/vc_column_text]<\/div><\/div><div id=\"sc_toogles_item_Tue Feb 11 2020 18:13:49 GMT+0100 (Central European Standard Time)_1\" class=\"sc_toggles_item odd\"><h5 class=\"sc_toggles_title\"><span class=\"sc_toggles_icon sc_toggles_icon_closed icon-plus\"><\/span><span class=\"sc_toggles_icon sc_toggles_icon_opened icon-minus\"><\/span>ORGANISMES INTERGOUVERNEMENTAUX \/ INTERNATIONAUX<\/h5><div class=\"sc_toggles_content\">[vc_column_text]Frais de 500\u20ac par an (\u00e0 la signature d&#8217;un protocole d&#8217;accord).[\/vc_column_text]<\/div><\/div><div id=\"sc_toogles_item_Tue Feb 11 2020 18:15:38 GMT+0100 (Central European Standard Time)_3\" class=\"sc_toggles_item even\"><h5 class=\"sc_toggles_title\"><span class=\"sc_toggles_icon sc_toggles_icon_closed icon-plus\"><\/span><span class=\"sc_toggles_icon sc_toggles_icon_opened icon-minus\"><\/span>ORGANISATIONS DU TROISI\u00c8ME SECTEUR<\/h5><div class=\"sc_toggles_content\">[vc_column_text]Frais de 100\u20ac par an pour les festivals et les organisations de la soci\u00e9t\u00e9 civile (\u00e0 la signature d&#8217;un protocole d&#8217;accord).[\/vc_column_text]<\/div><\/div><div id=\"sc_toogles_item_Tue Feb 11 2020 18:17:19 GMT+0100 (Central European Standard Time)_5\" class=\"sc_toggles_item odd\"><h5 class=\"sc_toggles_title\"><span class=\"sc_toggles_icon sc_toggles_icon_closed icon-plus\"><\/span><span class=\"sc_toggles_icon sc_toggles_icon_opened icon-minus\"><\/span>VILLES INDIVIDUELLES<\/h5><div class=\"sc_toggles_content\">[vc_column_text]Frais de 1.000\u20ac par an (\u00e0 la signature d&#8217;un protocole d&#8217;accord).[\/vc_column_text]<\/div><\/div><div id=\"sc_toogles_item_Tue Feb 11 2020 18:18:01 GMT+0100 (Central European Standard Time)_6\" class=\"sc_toggles_item even\"><h5 class=\"sc_toggles_title\"><span class=\"sc_toggles_icon sc_toggles_icon_closed icon-plus\"><\/span><span class=\"sc_toggles_icon sc_toggles_icon_opened icon-minus\"><\/span>UNIVERSIT\u00c9S, RECHERCHE, CENTRES D'INNOVATION ET\/OU INSTITUTIONS DE CONNAISSANCE<\/h5><div class=\"sc_toggles_content\">[vc_column_text]<strong>Repr\u00e9sentant des int\u00e9r\u00eats non commerciaux ou n&#8217;ayant aucun membre corporatif.<\/strong><br \/>\nFrais de 500\u20ac par an (\u00e0 la signature d&#8217;un protocole d&#8217;accord).[\/vc_column_text]<\/div><\/div><\/div>[\/vc_column][\/vc_row][vc_row][vc_column][vc_empty_space][\/vc_column][\/vc_row][vc_row][vc_column][vc_column_text]Si vous souhaitez envoyer une demande d&#8217;adh\u00e9sion, veuillez \u00e9crire \u00e0: <a href=\"mailto:info@igcat.org\" target=\"_blank\" rel=\"noopener noreferrer\">info@igcat.org<\/a>[\/vc_column_text][\/vc_column][\/vc_row]<\/p>\n<\/div>","protected":false},"excerpt":{"rendered":"<p>[vc_row][vc_column][vc_column_text] Adh\u00e9sion [\/vc_column_text][\/vc_column][\/vc_row][vc_row][vc_column][vc_empty_space][\/vc_column][\/vc_row][vc_row][vc_column][vc_column_text]Consid\u00e9rant la grande vari\u00e9t\u00e9 d\u2019acteurs dans chaque r\u00e9gion qui s\u2019int\u00e9ressent \u00e0 l\u2019alimentation et \u00e0 la diversit\u00e9 culturelle (h\u00f4tellerie, tourisme, \u00e9ducation, culture, patrimoine, environnement, sant\u00e9) ainsi que ; pr\u00e9occupations et aspirations des parents, des consommateurs, des agriculteurs et des entreprises, l\u2019IGCAT consid\u00e8re qu\u2019il est essentiel d\u2019avoir une repr\u00e9sentation \u00e9quilibr\u00e9e de toutes les parties prenantes. [&hellip;]<\/p>\n","protected":false},"author":33,"featured_media":0,"parent":0,"menu_order":0,"comment_status":"closed","ping_status":"closed","template":"","meta":{"_acf_changed":false,"footnotes":""},"class_list":["post-28452","page","type-page","status-publish","hentry"],"acf":[],"yoast_head":"<!-- This site is optimized with the Yoast SEO plugin v26.0 - https:\/\/yoast.com\/wordpress\/plugins\/seo\/ -->\n<title>Adh\u00e9sion - IGCAT<\/title>\n<meta name=\"description\" content=\"Les membres du CIGAT comprennent des experts individuels, des autorit\u00e9s r\u00e9gionales\/locales, des organismes intergouvernementaux, des organisations du secteur tertiaire et des institutions du savoir.\" \/>\n<meta name=\"robots\" content=\"noindex, follow, max-snippet:-1, max-image-preview:large, max-video-preview:-1\" \/>\n<meta property=\"og:locale\" content=\"fr_FR\" \/>\n<meta property=\"og:type\" content=\"article\" \/>\n<meta property=\"og:title\" content=\"Adh\u00e9sion - IGCAT\" \/>\n<meta property=\"og:description\" content=\"Les membres du CIGAT comprennent des experts individuels, des autorit\u00e9s r\u00e9gionales\/locales, des organismes intergouvernementaux, des organisations du secteur tertiaire et des institutions du savoir.\" \/>\n<meta property=\"og:url\" content=\"https:\/\/test-oldwebsite.igcat.org\/fr\/adhesion\/\" \/>\n<meta property=\"og:site_name\" content=\"IGCAT - International Institute of Gastronomy, Culture, Arts and Tourism\" \/>\n<meta property=\"article:publisher\" content=\"https:\/\/www.facebook.com\/IGCAT2\/\" \/>\n<meta property=\"article:modified_time\" content=\"2024-08-19T14:44:28+00:00\" \/>\n<meta name=\"twitter:card\" content=\"summary_large_image\" \/>\n<meta name=\"twitter:site\" content=\"@IGCAT2\" \/>\n<meta name=\"twitter:label1\" content=\"Dur\u00e9e de lecture estim\u00e9e\" \/>\n\t<meta name=\"twitter:data1\" content=\"2 minutes\" \/>\n<script type=\"application\/ld+json\" class=\"yoast-schema-graph\">{\"@context\":\"https:\/\/schema.org\",\"@graph\":[{\"@type\":\"WebPage\",\"@id\":\"https:\/\/test-oldwebsite.igcat.org\/fr\/adhesion\/\",\"url\":\"https:\/\/test-oldwebsite.igcat.org\/fr\/adhesion\/\",\"name\":\"Adh\u00e9sion - IGCAT\",\"isPartOf\":{\"@id\":\"https:\/\/test-oldwebsite.igcat.org\/fr\/#website\"},\"datePublished\":\"2020-02-11T18:20:35+00:00\",\"dateModified\":\"2024-08-19T14:44:28+00:00\",\"description\":\"Les membres du CIGAT comprennent des experts individuels, des autorit\u00e9s r\u00e9gionales\/locales, des organismes intergouvernementaux, des organisations du secteur tertiaire et des institutions du savoir.\",\"breadcrumb\":{\"@id\":\"https:\/\/test-oldwebsite.igcat.org\/fr\/adhesion\/#breadcrumb\"},\"inLanguage\":\"fr-FR\",\"potentialAction\":[{\"@type\":\"ReadAction\",\"target\":[\"https:\/\/test-oldwebsite.igcat.org\/fr\/adhesion\/\"]}]},{\"@type\":\"BreadcrumbList\",\"@id\":\"https:\/\/test-oldwebsite.igcat.org\/fr\/adhesion\/#breadcrumb\",\"itemListElement\":[{\"@type\":\"ListItem\",\"position\":1,\"name\":\"Home\",\"item\":\"https:\/\/test-oldwebsite.igcat.org\/fr\/page-daccueil\/\"},{\"@type\":\"ListItem\",\"position\":2,\"name\":\"Adh\u00e9sion\"}]},{\"@type\":\"WebSite\",\"@id\":\"https:\/\/test-oldwebsite.igcat.org\/fr\/#website\",\"url\":\"https:\/\/test-oldwebsite.igcat.org\/fr\/\",\"name\":\"IGCAT - International Institute of Gastronomy, Culture, Arts and Tourism\",\"description\":\"International Institute of Gastronomy, Culture, Arts and Tourism\",\"publisher\":{\"@id\":\"https:\/\/test-oldwebsite.igcat.org\/fr\/#organization\"},\"potentialAction\":[{\"@type\":\"SearchAction\",\"target\":{\"@type\":\"EntryPoint\",\"urlTemplate\":\"https:\/\/test-oldwebsite.igcat.org\/fr\/?s={search_term_string}\"},\"query-input\":{\"@type\":\"PropertyValueSpecification\",\"valueRequired\":true,\"valueName\":\"search_term_string\"}}],\"inLanguage\":\"fr-FR\"},{\"@type\":\"Organization\",\"@id\":\"https:\/\/test-oldwebsite.igcat.org\/fr\/#organization\",\"name\":\"IGCAT\",\"url\":\"https:\/\/test-oldwebsite.igcat.org\/fr\/\",\"logo\":{\"@type\":\"ImageObject\",\"inLanguage\":\"fr-FR\",\"@id\":\"https:\/\/test-oldwebsite.igcat.org\/fr\/#\/schema\/logo\/image\/\",\"url\":\"https:\/\/test-oldwebsite.igcat.org\/wp-content\/uploads\/2016\/02\/main_logo.png\",\"contentUrl\":\"https:\/\/test-oldwebsite.igcat.org\/wp-content\/uploads\/2016\/02\/main_logo.png\",\"width\":620,\"height\":228,\"caption\":\"IGCAT\"},\"image\":{\"@id\":\"https:\/\/test-oldwebsite.igcat.org\/fr\/#\/schema\/logo\/image\/\"},\"sameAs\":[\"https:\/\/www.facebook.com\/IGCAT2\/\",\"https:\/\/x.com\/IGCAT2\",\"https:\/\/www.instagram.com\/igcat_org\/\",\"https:\/\/www.linkedin.com\/company\/igcat-international-institute-of-gastronomy-arts-and-tourism\/\",\"https:\/\/www.youtube.com\/channel\/UCL1xbT3vRbZh3bj-d0_0Vlg\"]}]}<\/script>\n<!-- \/ Yoast SEO plugin. -->","yoast_head_json":{"title":"Adh\u00e9sion - IGCAT","description":"Les membres du CIGAT comprennent des experts individuels, des autorit\u00e9s r\u00e9gionales\/locales, des organismes intergouvernementaux, des organisations du secteur tertiaire et des institutions du savoir.","robots":{"index":"noindex","follow":"follow","max-snippet":"max-snippet:-1","max-image-preview":"max-image-preview:large","max-video-preview":"max-video-preview:-1"},"og_locale":"fr_FR","og_type":"article","og_title":"Adh\u00e9sion - IGCAT","og_description":"Les membres du CIGAT comprennent des experts individuels, des autorit\u00e9s r\u00e9gionales\/locales, des organismes intergouvernementaux, des organisations du secteur tertiaire et des institutions du savoir.","og_url":"https:\/\/test-oldwebsite.igcat.org\/fr\/adhesion\/","og_site_name":"IGCAT - International Institute of Gastronomy, Culture, Arts and Tourism","article_publisher":"https:\/\/www.facebook.com\/IGCAT2\/","article_modified_time":"2024-08-19T14:44:28+00:00","twitter_card":"summary_large_image","twitter_site":"@IGCAT2","twitter_misc":{"Dur\u00e9e de lecture estim\u00e9e":"2 minutes"},"schema":{"@context":"https:\/\/schema.org","@graph":[{"@type":"WebPage","@id":"https:\/\/test-oldwebsite.igcat.org\/fr\/adhesion\/","url":"https:\/\/test-oldwebsite.igcat.org\/fr\/adhesion\/","name":"Adh\u00e9sion - IGCAT","isPartOf":{"@id":"https:\/\/test-oldwebsite.igcat.org\/fr\/#website"},"datePublished":"2020-02-11T18:20:35+00:00","dateModified":"2024-08-19T14:44:28+00:00","description":"Les membres du CIGAT comprennent des experts individuels, des autorit\u00e9s r\u00e9gionales\/locales, des organismes intergouvernementaux, des organisations du secteur tertiaire et des institutions du savoir.","breadcrumb":{"@id":"https:\/\/test-oldwebsite.igcat.org\/fr\/adhesion\/#breadcrumb"},"inLanguage":"fr-FR","potentialAction":[{"@type":"ReadAction","target":["https:\/\/test-oldwebsite.igcat.org\/fr\/adhesion\/"]}]},{"@type":"BreadcrumbList","@id":"https:\/\/test-oldwebsite.igcat.org\/fr\/adhesion\/#breadcrumb","itemListElement":[{"@type":"ListItem","position":1,"name":"Home","item":"https:\/\/test-oldwebsite.igcat.org\/fr\/page-daccueil\/"},{"@type":"ListItem","position":2,"name":"Adh\u00e9sion"}]},{"@type":"WebSite","@id":"https:\/\/test-oldwebsite.igcat.org\/fr\/#website","url":"https:\/\/test-oldwebsite.igcat.org\/fr\/","name":"IGCAT - International Institute of Gastronomy, Culture, Arts and Tourism","description":"International Institute of Gastronomy, Culture, Arts and Tourism","publisher":{"@id":"https:\/\/test-oldwebsite.igcat.org\/fr\/#organization"},"potentialAction":[{"@type":"SearchAction","target":{"@type":"EntryPoint","urlTemplate":"https:\/\/test-oldwebsite.igcat.org\/fr\/?s={search_term_string}"},"query-input":{"@type":"PropertyValueSpecification","valueRequired":true,"valueName":"search_term_string"}}],"inLanguage":"fr-FR"},{"@type":"Organization","@id":"https:\/\/test-oldwebsite.igcat.org\/fr\/#organization","name":"IGCAT","url":"https:\/\/test-oldwebsite.igcat.org\/fr\/","logo":{"@type":"ImageObject","inLanguage":"fr-FR","@id":"https:\/\/test-oldwebsite.igcat.org\/fr\/#\/schema\/logo\/image\/","url":"https:\/\/test-oldwebsite.igcat.org\/wp-content\/uploads\/2016\/02\/main_logo.png","contentUrl":"https:\/\/test-oldwebsite.igcat.org\/wp-content\/uploads\/2016\/02\/main_logo.png","width":620,"height":228,"caption":"IGCAT"},"image":{"@id":"https:\/\/test-oldwebsite.igcat.org\/fr\/#\/schema\/logo\/image\/"},"sameAs":["https:\/\/www.facebook.com\/IGCAT2\/","https:\/\/x.com\/IGCAT2","https:\/\/www.instagram.com\/igcat_org\/","https:\/\/www.linkedin.com\/company\/igcat-international-institute-of-gastronomy-arts-and-tourism\/","https:\/\/www.youtube.com\/channel\/UCL1xbT3vRbZh3bj-d0_0Vlg"]}]}},"_links":{"self":[{"href":"https:\/\/test-oldwebsite.igcat.org\/fr\/wp-json\/wp\/v2\/pages\/28452","targetHints":{"allow":["GET"]}}],"collection":[{"href":"https:\/\/test-oldwebsite.igcat.org\/fr\/wp-json\/wp\/v2\/pages"}],"about":[{"href":"https:\/\/test-oldwebsite.igcat.org\/fr\/wp-json\/wp\/v2\/types\/page"}],"author":[{"embeddable":true,"href":"https:\/\/test-oldwebsite.igcat.org\/fr\/wp-json\/wp\/v2\/users\/33"}],"replies":[{"embeddable":true,"href":"https:\/\/test-oldwebsite.igcat.org\/fr\/wp-json\/wp\/v2\/comments?post=28452"}],"version-history":[{"count":0,"href":"https:\/\/test-oldwebsite.igcat.org\/fr\/wp-json\/wp\/v2\/pages\/28452\/revisions"}],"wp:attachment":[{"href":"https:\/\/test-oldwebsite.igcat.org\/fr\/wp-json\/wp\/v2\/media?parent=28452"}],"curies":[{"name":"wp","href":"https:\/\/api.w.org\/{rel}","templated":true}]}}